{"id":12382,"date":"2025-03-07T11:52:06","date_gmt":"2025-03-07T11:52:06","guid":{"rendered":"https:\/\/stc.lv\/?page_id=12382"},"modified":"2025-03-07T11:55:01","modified_gmt":"2025-03-07T11:55:01","slug":"privacy-policy-and-use-of-cookies","status":"publish","type":"page","link":"https:\/\/stc.lv\/en\/privacy-policy-and-use-of-cookies\/","title":{"rendered":"Privacy Policy and Use of Cookies"},"content":{"rendered":"<div data-elementor-type=\"wp-page\" data-elementor-id=\"12382\" class=\"elementor elementor-12382\" data-elementor-post-type=\"page\">\n\t\t\t\t<div class=\"elementor-element elementor-element-9ba340a e-flex e-con-boxed e-con e-parent\" data-id=\"9ba340a\" data-element_type=\"container\">\n\t\t\t\t\t<div class=\"e-con-inner\">\n\t\t\t\t<div class=\"elementor-element elementor-element-5a27d18 elementor-widget elementor-widget-text-editor\" data-id=\"5a27d18\" data-element_type=\"widget\" data-widget_type=\"text-editor.default\">\n\t\t\t\t<div class=\"elementor-widget-container\">\n\t\t\t\t\t\t\t\t\t<p data-pm-slice=\"1 1 []\"><strong>Privacy Policy and Use of Cookies<\/strong><\/p><p><strong>1. General information<\/strong><\/p><p>1.1. The following sites <a>www.stc.lv<\/a> (hereinafter referred to as the \"Site\") Terms of Use and Privacy Policy (hereinafter referred to as the \"Terms\") are binding on all persons who use the Site, whether or not such person is a registered user of the Site (hereinafter referred to as the \"User\").<\/p><p>1.2 The Website shall be maintained and administered by <strong>SIA \"Certification and Testing Centre\"<\/strong>, registration number: <strong>40003025542<\/strong>, registered office: <strong>D\u0101rza iela 12, Priekuli, Priekuli parish, Cesis district, LV-4126, Latvia<\/strong> (\"STC\").<\/p><p>1.3 The Website is designed to inform customers about the services and products offered by STC and to ensure effective communication between the User and STC.<\/p><p>1.4 Before using the Site, the User is obliged to read these Terms. By using the Site, the User confirms that he\/she has read and agrees to the Terms.<\/p><p>1.5 All intellectual property rights in the Site are owned by STC and are protected by the laws and regulations of the Republic of Latvia. The use of the Site content without STC's permission is prohibited.<\/p><p>1.6 STC shall have the right to amend the Rules at any time. Amendments shall take effect upon posting on the Site.<\/p><p><strong>2. Privacy Policy<\/strong><\/p><p>2.1 STC undertakes to protect Users' personal data in accordance with the General Data Protection Regulation (GDPR) and Latvian laws and regulations.<\/p><p>2.2 STC processes only the personal data necessary for the operation of the Site and for the provision of services to Users.<\/p><p>2.3 Users' personal data shall not be transferred to third parties, unless there is a lawful basis or the User's consent.<\/p><p><strong>3. Use of cookies<\/strong><\/p><p>3.1 The Site uses cookies to ensure the functionality of the Site and to improve the User experience.<\/p><p>3.2 Cookies may include:<\/p><ul data-spread=\"false\"><li><p><strong>Mandatory cookies<\/strong> - necessary for the operation of the Site.<\/p><\/li><li><p><strong>Analytical cookies<\/strong> - used for the collection of statistics (Google Analytics, etc.)<\/p><\/li><li><p><strong>Advertising cookies<\/strong> - used to personalise ads<\/p><\/li><\/ul><p>3.3 The User can control and delete cookies in his browser.<\/p><p><strong>4. Protection of personal data<\/strong><\/p><p>4.1 STC uses appropriate security measures to protect Users' personal data against unauthorised access.<\/p><p>4.2 The User has the right to request the rectification or erasure of his\/her personal data by contacting STC.<\/p><p><strong>5. Contacts<\/strong><\/p><p>If you have any questions about our privacy policy or our use of cookies, please contact us:<\/p><p><strong>SIA \"Certification and Testing Centre\"<\/strong><br \/>D\u0101rza iela 12, Priekuli, Priekuli parish, Cesis district, LV-4126, Latvia<br \/>E-mail: <a>info@stc.lv<\/a><br \/>Phone +371 641 300 13<\/p><p>\u00a0<\/p>\t\t\t\t\t\t\t\t<\/div>\n\t\t\t\t<\/div>\n\t\t\t\t\t<\/div>\n\t\t\t\t<\/div>\n\t\t\t\t<\/div>","protected":false},"excerpt":{"rendered":"<p>Privacy Policy and Use of Cookies 1. General Information 1.1 These Terms of Use and Privacy Policy (the \"Terms\") for www.stc.lv (the \"Site\") apply to all persons who use the Site, whether or not that person is a registered user of the Site (the \"User\"). 1.2 The Site is maintained and administered by [...]<\/p>","protected":false},"author":2,"featured_media":0,"parent":0,"menu_order":0,"comment_status":"closed","ping_status":"closed","template":"","meta":{"footnotes":""},"class_list":["post-12382","page","type-page","status-publish","hentry"],"yoast_head":"<!-- This site is optimized with the Yoast SEO plugin v26.3 - https:\/\/yoast.com\/wordpress\/plugins\/seo\/ -->\n<title>Priv\u0101tuma politika un S\u012bkdat\u0146u izmanto\u0161ana - STC<\/title>\n<meta name=\"robots\" content=\"index, follow, max-snippet:-1, max-image-preview:large, max-video-preview:-1\" \/>\n<link rel=\"canonical\" href=\"https:\/\/stc.lv\/en\/privacy-policy-and-use-of-cookies\/\" \/>\n<meta property=\"og:locale\" content=\"en_GB\" \/>\n<meta property=\"og:type\" content=\"article\" \/>\n<meta property=\"og:title\" content=\"Priv\u0101tuma politika un S\u012bkdat\u0146u izmanto\u0161ana - STC\" \/>\n<meta property=\"og:description\" content=\"Priv\u0101tuma politika un S\u012bkdat\u0146u izmanto\u0161ana 1. Visp\u0101r\u0113j\u0101 inform\u0101cija 1.1. \u0160ie vietnes www.stc.lv (turpm\u0101k tekst\u0101 &#8211; Vietne) lieto\u0161anas noteikumi un Priv\u0101tuma aizsardz\u012bbas noteikumi (turpm\u0101k tekst\u0101 &#8211; Noteikumi) ir saisto\u0161i vis\u0101m person\u0101m, kuras lieto Vietni, neatkar\u012bgi no t\u0101, vai attiec\u012bg\u0101 persona ir Vietnes re\u0123istr\u0113ts lietot\u0101js vai nav (turpm\u0101k tekst\u0101 &#8211; Lietot\u0101js). 1.2. Vietni uztur un administr\u0113 SIA [&hellip;]\" \/>\n<meta property=\"og:url\" content=\"https:\/\/stc.lv\/en\/privacy-policy-and-use-of-cookies\/\" \/>\n<meta property=\"og:site_name\" content=\"STC\" \/>\n<meta property=\"article:publisher\" content=\"https:\/\/www.facebook.com\/profile.php?id=61560801215590\" \/>\n<meta property=\"article:modified_time\" content=\"2025-03-07T11:55:01+00:00\" \/>\n<meta name=\"twitter:card\" content=\"summary_large_image\" \/>\n<meta name=\"twitter:label1\" content=\"Estimated reading time\" \/>\n\t<meta name=\"twitter:data1\" content=\"2 minutes\" \/>\n<script type=\"application\/ld+json\" class=\"yoast-schema-graph\">{\"@context\":\"https:\/\/schema.org\",\"@graph\":[{\"@type\":\"WebPage\",\"@id\":\"https:\/\/stc.lv\/privatuma-politika-un-sikdatnu-izmantosana\/\",\"url\":\"https:\/\/stc.lv\/privatuma-politika-un-sikdatnu-izmantosana\/\",\"name\":\"Priv\u0101tuma politika un S\u012bkdat\u0146u izmanto\u0161ana - STC\",\"isPartOf\":{\"@id\":\"https:\/\/stc.lv\/#website\"},\"datePublished\":\"2025-03-07T11:52:06+00:00\",\"dateModified\":\"2025-03-07T11:55:01+00:00\",\"breadcrumb\":{\"@id\":\"https:\/\/stc.lv\/privatuma-politika-un-sikdatnu-izmantosana\/#breadcrumb\"},\"inLanguage\":\"en-GB\",\"potentialAction\":[{\"@type\":\"ReadAction\",\"target\":[\"https:\/\/stc.lv\/privatuma-politika-un-sikdatnu-izmantosana\/\"]}]},{\"@type\":\"BreadcrumbList\",\"@id\":\"https:\/\/stc.lv\/privatuma-politika-un-sikdatnu-izmantosana\/#breadcrumb\",\"itemListElement\":[{\"@type\":\"ListItem\",\"position\":1,\"name\":\"Home\",\"item\":\"https:\/\/stc.lv\/\"},{\"@type\":\"ListItem\",\"position\":2,\"name\":\"Priv\u0101tuma politika un S\u012bkdat\u0146u izmanto\u0161ana\"}]},{\"@type\":\"WebSite\",\"@id\":\"https:\/\/stc.lv\/#website\",\"url\":\"https:\/\/stc.lv\/\",\"name\":\"STC\",\"description\":\"Biolo\u0123isk\u0101 sertifik\u0101cija\",\"publisher\":{\"@id\":\"https:\/\/stc.lv\/#organization\"},\"alternateName\":\"Sertifik\u0101cijas un test\u0113\u0161anas centrs\",\"potentialAction\":[{\"@type\":\"SearchAction\",\"target\":{\"@type\":\"EntryPoint\",\"urlTemplate\":\"https:\/\/stc.lv\/?s={search_term_string}\"},\"query-input\":{\"@type\":\"PropertyValueSpecification\",\"valueRequired\":true,\"valueName\":\"search_term_string\"}}],\"inLanguage\":\"en-GB\"},{\"@type\":\"Organization\",\"@id\":\"https:\/\/stc.lv\/#organization\",\"name\":\"SIA \u201cSertifik\u0101cijas un test\u0113\u0161anas centrs\u201d\",\"alternateName\":\"STC\",\"url\":\"https:\/\/stc.lv\/\",\"logo\":{\"@type\":\"ImageObject\",\"inLanguage\":\"en-GB\",\"@id\":\"https:\/\/stc.lv\/#\/schema\/logo\/image\/\",\"url\":\"https:\/\/stc.lv\/wp-content\/uploads\/2020\/02\/STC-113-1.png\",\"contentUrl\":\"https:\/\/stc.lv\/wp-content\/uploads\/2020\/02\/STC-113-1.png\",\"width\":1950,\"height\":794,\"caption\":\"SIA \u201cSertifik\u0101cijas un test\u0113\u0161anas centrs\u201d\"},\"image\":{\"@id\":\"https:\/\/stc.lv\/#\/schema\/logo\/image\/\"},\"sameAs\":[\"https:\/\/www.facebook.com\/profile.php?id=61560801215590\",\"https:\/\/www.instagram.com\/sertifikacija_stc\/\"]}]}<\/script>\n<!-- \/ Yoast SEO plugin. -->","yoast_head_json":{"title":"Privacy Policy and Use of Cookies - STC","robots":{"index":"index","follow":"follow","max-snippet":"max-snippet:-1","max-image-preview":"max-image-preview:large","max-video-preview":"max-video-preview:-1"},"canonical":"https:\/\/stc.lv\/en\/privacy-policy-and-use-of-cookies\/","og_locale":"en_GB","og_type":"article","og_title":"Priv\u0101tuma politika un S\u012bkdat\u0146u izmanto\u0161ana - STC","og_description":"Priv\u0101tuma politika un S\u012bkdat\u0146u izmanto\u0161ana 1. Visp\u0101r\u0113j\u0101 inform\u0101cija 1.1. \u0160ie vietnes www.stc.lv (turpm\u0101k tekst\u0101 &#8211; Vietne) lieto\u0161anas noteikumi un Priv\u0101tuma aizsardz\u012bbas noteikumi (turpm\u0101k tekst\u0101 &#8211; Noteikumi) ir saisto\u0161i vis\u0101m person\u0101m, kuras lieto Vietni, neatkar\u012bgi no t\u0101, vai attiec\u012bg\u0101 persona ir Vietnes re\u0123istr\u0113ts lietot\u0101js vai nav (turpm\u0101k tekst\u0101 &#8211; Lietot\u0101js). 1.2. Vietni uztur un administr\u0113 SIA [&hellip;]","og_url":"https:\/\/stc.lv\/en\/privacy-policy-and-use-of-cookies\/","og_site_name":"STC","article_publisher":"https:\/\/www.facebook.com\/profile.php?id=61560801215590","article_modified_time":"2025-03-07T11:55:01+00:00","twitter_card":"summary_large_image","twitter_misc":{"Estimated reading time":"2 minutes"},"schema":{"@context":"https:\/\/schema.org","@graph":[{"@type":"WebPage","@id":"https:\/\/stc.lv\/privatuma-politika-un-sikdatnu-izmantosana\/","url":"https:\/\/stc.lv\/privatuma-politika-un-sikdatnu-izmantosana\/","name":"Privacy Policy and Use of Cookies - STC","isPartOf":{"@id":"https:\/\/stc.lv\/#website"},"datePublished":"2025-03-07T11:52:06+00:00","dateModified":"2025-03-07T11:55:01+00:00","breadcrumb":{"@id":"https:\/\/stc.lv\/privatuma-politika-un-sikdatnu-izmantosana\/#breadcrumb"},"inLanguage":"en-GB","potentialAction":[{"@type":"ReadAction","target":["https:\/\/stc.lv\/privatuma-politika-un-sikdatnu-izmantosana\/"]}]},{"@type":"BreadcrumbList","@id":"https:\/\/stc.lv\/privatuma-politika-un-sikdatnu-izmantosana\/#breadcrumb","itemListElement":[{"@type":"ListItem","position":1,"name":"Home","item":"https:\/\/stc.lv\/"},{"@type":"ListItem","position":2,"name":"Priv\u0101tuma politika un S\u012bkdat\u0146u izmanto\u0161ana"}]},{"@type":"WebSite","@id":"https:\/\/stc.lv\/#website","url":"https:\/\/stc.lv\/","name":"STC","description":"Organic certification","publisher":{"@id":"https:\/\/stc.lv\/#organization"},"alternateName":"Sertifik\u0101cijas un test\u0113\u0161anas centrs","potentialAction":[{"@type":"SearchAction","target":{"@type":"EntryPoint","urlTemplate":"https:\/\/stc.lv\/?s={search_term_string}"},"query-input":{"@type":"PropertyValueSpecification","valueRequired":true,"valueName":"search_term_string"}}],"inLanguage":"en-GB"},{"@type":"Organization","@id":"https:\/\/stc.lv\/#organization","name":"SIA \"Certification and Testing Centre\"","alternateName":"STC","url":"https:\/\/stc.lv\/","logo":{"@type":"ImageObject","inLanguage":"en-GB","@id":"https:\/\/stc.lv\/#\/schema\/logo\/image\/","url":"https:\/\/stc.lv\/wp-content\/uploads\/2020\/02\/STC-113-1.png","contentUrl":"https:\/\/stc.lv\/wp-content\/uploads\/2020\/02\/STC-113-1.png","width":1950,"height":794,"caption":"SIA \u201cSertifik\u0101cijas un test\u0113\u0161anas centrs\u201d"},"image":{"@id":"https:\/\/stc.lv\/#\/schema\/logo\/image\/"},"sameAs":["https:\/\/www.facebook.com\/profile.php?id=61560801215590","https:\/\/www.instagram.com\/sertifikacija_stc\/"]}]}},"rttpg_featured_image_url":null,"rttpg_author":{"display_name":"Igors Rusakovs","author_link":"https:\/\/stc.lv\/en\/author\/infowebdigital-lv\/"},"rttpg_comment":0,"rttpg_category":null,"rttpg_excerpt":"Priv\u0101tuma politika un S\u012bkdat\u0146u izmanto\u0161ana 1. Visp\u0101r\u0113j\u0101 inform\u0101cija 1.1. \u0160ie vietnes www.stc.lv (turpm\u0101k tekst\u0101 &#8211; Vietne) lieto\u0161anas noteikumi un Priv\u0101tuma aizsardz\u012bbas noteikumi (turpm\u0101k tekst\u0101 &#8211; Noteikumi) ir saisto\u0161i vis\u0101m person\u0101m, kuras lieto Vietni, neatkar\u012bgi no t\u0101, vai attiec\u012bg\u0101 persona ir Vietnes re\u0123istr\u0113ts lietot\u0101js vai nav (turpm\u0101k tekst\u0101 &#8211; Lietot\u0101js). 1.2. Vietni uztur un administr\u0113 SIA&hellip;","_links":{"self":[{"href":"https:\/\/stc.lv\/en\/wp-json\/wp\/v2\/pages\/12382","targetHints":{"allow":["GET"]}}],"collection":[{"href":"https:\/\/stc.lv\/en\/wp-json\/wp\/v2\/pages"}],"about":[{"href":"https:\/\/stc.lv\/en\/wp-json\/wp\/v2\/types\/page"}],"author":[{"embeddable":true,"href":"https:\/\/stc.lv\/en\/wp-json\/wp\/v2\/users\/2"}],"replies":[{"embeddable":true,"href":"https:\/\/stc.lv\/en\/wp-json\/wp\/v2\/comments?post=12382"}],"version-history":[{"count":7,"href":"https:\/\/stc.lv\/en\/wp-json\/wp\/v2\/pages\/12382\/revisions"}],"predecessor-version":[{"id":12391,"href":"https:\/\/stc.lv\/en\/wp-json\/wp\/v2\/pages\/12382\/revisions\/12391"}],"wp:attachment":[{"href":"https:\/\/stc.lv\/en\/wp-json\/wp\/v2\/media?parent=12382"}],"curies":[{"name":"wp","href":"https:\/\/api.w.org\/{rel}","templated":true}]}}