{"id":12526,"date":"2025-04-01T07:46:14","date_gmt":"2025-04-01T07:46:14","guid":{"rendered":"https:\/\/stc.lv\/?page_id=12526"},"modified":"2026-04-08T13:34:55","modified_gmt":"2026-04-08T13:34:55","slug":"hosts-dalas-parzinis","status":"publish","type":"page","link":"https:\/\/stc.lv\/en\/hosts-dalas-parzinis\/","title":{"rendered":"Housekeeping Manager"},"content":{"rendered":"<div data-elementor-type=\"wp-page\" data-elementor-id=\"12526\" class=\"elementor elementor-12526\" data-elementor-post-type=\"page\">\n\t\t\t\t\t\t<section class=\"elementor-section elementor-top-section elementor-element elementor-element-b87c17e elementor-section-height-min-height elementor-section-boxed elementor-section-height-default elementor-section-items-middle\" data-id=\"b87c17e\" data-element_type=\"section\" data-e-type=\"section\" data-settings=\"{&quot;background_background&quot;:&quot;classic&quot;}\">\n\t\t\t\t\t\t\t<div class=\"elementor-background-overlay\"><\/div>\n\t\t\t\t\t\t\t<div class=\"elementor-container elementor-column-gap-default\">\n\t\t\t\t\t<div class=\"elementor-column elementor-col-100 elementor-top-column elementor-element elementor-element-f51deeb\" data-id=\"f51deeb\" data-element_type=\"column\" data-e-type=\"column\">\n\t\t\t<div class=\"elementor-widget-wrap elementor-element-populated\">\n\t\t\t\t\t\t<section class=\"elementor-section elementor-inner-section elementor-element elementor-element-d60d133 elementor-section-boxed elementor-section-height-default elementor-section-height-default\" data-id=\"d60d133\" data-element_type=\"section\" data-e-type=\"section\">\n\t\t\t\t\t\t<div class=\"elementor-container elementor-column-gap-default\">\n\t\t\t\t\t<div class=\"elementor-column elementor-col-100 elementor-inner-column elementor-element elementor-element-fa7757b\" data-id=\"fa7757b\" data-element_type=\"column\" data-e-type=\"column\">\n\t\t\t<div class=\"elementor-widget-wrap elementor-element-populated\">\n\t\t\t\t\t\t<div class=\"elementor-element elementor-element-5269aef elementor-widget elementor-widget-heading\" data-id=\"5269aef\" data-element_type=\"widget\" data-e-type=\"widget\" data-widget_type=\"heading.default\">\n\t\t\t\t<div class=\"elementor-widget-container\">\n\t\t\t\t\t<h1 class=\"elementor-heading-title elementor-size-default\">Housekeeping Manager<\/h1>\t\t\t\t<\/div>\n\t\t\t\t<\/div>\n\t\t\t\t<div class=\"elementor-element elementor-element-b36b8a3 elementor-widget-divider--view-line elementor-widget elementor-widget-divider\" data-id=\"b36b8a3\" data-element_type=\"widget\" data-e-type=\"widget\" data-widget_type=\"divider.default\">\n\t\t\t\t<div class=\"elementor-widget-container\">\n\t\t\t\t\t\t\t<div class=\"elementor-divider\">\n\t\t\t<span class=\"elementor-divider-separator\">\n\t\t\t\t\t\t<\/span>\n\t\t<\/div>\n\t\t\t\t\t\t<\/div>\n\t\t\t\t<\/div>\n\t\t\t\t\t<\/div>\n\t\t<\/div>\n\t\t\t\t\t<\/div>\n\t\t<\/section>\n\t\t\t\t\t<\/div>\n\t\t<\/div>\n\t\t\t\t\t<\/div>\n\t\t<\/section>\n\t\t\t\t<section class=\"elementor-section elementor-top-section elementor-element elementor-element-777b42dd elementor-section-boxed elementor-section-height-default elementor-section-height-default\" data-id=\"777b42dd\" data-element_type=\"section\" data-e-type=\"section\">\n\t\t\t\t\t\t<div class=\"elementor-container elementor-column-gap-default\">\n\t\t\t\t\t<div class=\"elementor-column elementor-col-100 elementor-top-column elementor-element elementor-element-6591dc40\" data-id=\"6591dc40\" data-element_type=\"column\" data-e-type=\"column\">\n\t\t\t<div class=\"elementor-widget-wrap elementor-element-populated\">\n\t\t\t\t\t\t<div class=\"elementor-element elementor-element-1bdb86bc elementor-widget elementor-widget-text-editor\" data-id=\"1bdb86bc\" data-element_type=\"widget\" data-e-type=\"widget\" data-widget_type=\"text-editor.default\">\n\t\t\t\t<div class=\"elementor-widget-container\">\n\t\t\t\t\t\t\t\t\t<p>Call for applications <strong>Housekeeping Manager&nbsp;<\/strong><\/p>\n<p><strong>Responsibilities<\/strong>:<\/p>\n<ul>\n<li>Organise, manage and provide economic and technical supplies in accordance with the needs of the company, taking into account occupational safety and fire safety requirements;<\/li>\n<li>Veikt telpu kurin\u0101\u0161anu apkures sezonas laik\u0101;<\/li>\n<li style=\"text-align: justify;\">Veikt apkures katla un apkures sist\u0113mas uzraudz\u012bbu, iev\u0113rojot apkures katla darba re\u017e\u012bmu atbilsto\u0161i katla uzst\u0101d\u012btajai instrukcijai.<\/li>\n<li>Sekot apkures iek\u0101rtu tehniskajam st\u0101voklim un dro\u0161ai ekspluat\u0101cijai;&nbsp;<\/li>\n<li>Carry out simple repairs on company premises;<\/li>\n<li>Carry out other work of a similar nature as directed in writing or orally by the Head of the establishment.<\/li>\n<\/ul>\n<p><strong>Requirements<\/strong>:<\/p>\n<ul>\n<li>Communication and collaboration skills;<\/li>\n<li>Ability to organise work independently;<\/li>\n<li>High sense of responsibility and punctuality;<\/li>\n<li>Good knowledge of the national language;<\/li>\n<li>Driving licence.<\/li>\n<\/ul>\n<p><strong>Advantages for applicants:<\/strong><\/p>\n<ul>\n<li>Management experience;<\/li>\n<li>Tractor licence.<\/li>\n<\/ul>\n<p><strong>We offer<\/strong>:<\/p>\n<ul>\n<li>Employment is for an indefinite period;<\/li>\n<li>M\u0113ne\u0161algu pirms nodok\u013cu nomaksas&nbsp;780 EUR;<\/li>\n<\/ul>\n<p>Send your application letter and CV to <a href=\"mailto:info@stc.lv\">info@stc.lv<\/a>;<\/p>\n<p><\/p>\n<p>Phone for information - 64130013<\/p>\t\t\t\t\t\t\t\t<\/div>\n\t\t\t\t<\/div>\n\t\t\t\t\t<\/div>\n\t\t<\/div>\n\t\t\t\t\t<\/div>\n\t\t<\/section>\n\t\t\t\t<section class=\"elementor-section elementor-top-section elementor-element elementor-element-757e3af elementor-section-boxed elementor-section-height-default elementor-section-height-default\" data-id=\"757e3af\" data-element_type=\"section\" data-e-type=\"section\">\n\t\t\t\t\t\t\t<div class=\"elementor-background-overlay\"><\/div>\n\t\t\t\t\t\t\t<div class=\"elementor-container elementor-column-gap-default\">\n\t\t\t\t\t<div class=\"elementor-column elementor-col-50 elementor-top-column elementor-element elementor-element-8b25547\" data-id=\"8b25547\" data-element_type=\"column\" data-e-type=\"column\">\n\t\t\t<div class=\"elementor-widget-wrap elementor-element-populated\">\n\t\t\t\t\t\t<div class=\"elementor-element elementor-element-2dec69a elementor-widget elementor-widget-heading\" data-id=\"2dec69a\" data-element_type=\"widget\" data-e-type=\"widget\" data-widget_type=\"heading.default\">\n\t\t\t\t<div class=\"elementor-widget-container\">\n\t\t\t\t\t<h2 class=\"elementor-heading-title elementor-size-default\">Apply now<\/h2>\t\t\t\t<\/div>\n\t\t\t\t<\/div>\n\t\t\t\t<div class=\"elementor-element elementor-element-39da533 elementor-widget-divider--view-line elementor-widget elementor-widget-divider\" data-id=\"39da533\" data-element_type=\"widget\" data-e-type=\"widget\" data-widget_type=\"divider.default\">\n\t\t\t\t<div class=\"elementor-widget-container\">\n\t\t\t\t\t\t\t<div class=\"elementor-divider\">\n\t\t\t<span class=\"elementor-divider-separator\">\n\t\t\t\t\t\t<\/span>\n\t\t<\/div>\n\t\t\t\t\t\t<\/div>\n\t\t\t\t<\/div>\n\t\t\t\t\t<\/div>\n\t\t<\/div>\n\t\t\t\t<div class=\"elementor-column elementor-col-50 elementor-top-column elementor-element elementor-element-336c5c4\" data-id=\"336c5c4\" data-element_type=\"column\" data-e-type=\"column\">\n\t\t\t<div class=\"elementor-widget-wrap elementor-element-populated\">\n\t\t\t\t\t\t<div class=\"elementor-element elementor-element-97f8d93 elementor-align-right elementor-tablet-align-left elementor-widget elementor-widget-button\" data-id=\"97f8d93\" data-element_type=\"widget\" data-e-type=\"widget\" data-widget_type=\"button.default\">\n\t\t\t\t<div class=\"elementor-widget-container\">\n\t\t\t\t\t\t\t\t\t<div class=\"elementor-button-wrapper\">\n\t\t\t\t\t<a class=\"elementor-button elementor-button-link elementor-size-sm\" href=\"#elementor-action%3Aaction%3Dpopup%3Aopen%26settings%3DeyJpZCI6IjEwNjc2IiwidG9nZ2xlIjpmYWxzZX0%3D\">\n\t\t\t\t\t\t<span class=\"elementor-button-content-wrapper\">\n\t\t\t\t\t\t\t\t\t<span class=\"elementor-button-text\">Apply for a vacancy<\/span>\n\t\t\t\t\t<\/span>\n\t\t\t\t\t<\/a>\n\t\t\t\t<\/div>\n\t\t\t\t\t\t\t\t<\/div>\n\t\t\t\t<\/div>\n\t\t\t\t\t<\/div>\n\t\t<\/div>\n\t\t\t\t\t<\/div>\n\t\t<\/section>\n\t\t\t\t<\/div>","protected":false},"excerpt":{"rendered":"<p>Saimniec\u012bbas da\u013cas p\u0101rzinis Aicin\u0101m pieteikties saimniec\u012bbas da\u013cas p\u0101rzini&nbsp; Pien\u0101kumi: Organiz\u0113t, nodro\u0161in\u0101t saimniecisko un tehnisko apg\u0101di atbilsto\u0161i uz\u0146\u0113muma vajadz\u012bb\u0101m, iev\u0113rojot darba aizsardz\u012bbas un ugunsdro\u0161\u012bbas pras\u012bbas; Veikt telpu kurin\u0101\u0161anu apkures sezonas laik\u0101; Veikt apkures katla un apkures sist\u0113mas uzraudz\u012bbu, iev\u0113rojot apkures katla darba re\u017e\u012bmu atbilsto\u0161i katla uzst\u0101d\u012btajai instrukcijai. Sekot apkures iek\u0101rtu tehniskajam st\u0101voklim un dro\u0161ai ekspluat\u0101cijai;&nbsp; Veikt [&hellip;]<\/p>\n","protected":false},"author":4,"featured_media":0,"parent":0,"menu_order":0,"comment_status":"closed","ping_status":"closed","template":"","meta":{"footnotes":""},"class_list":["post-12526","page","type-page","status-publish","hentry"],"yoast_head":"<!-- This site is optimized with the Yoast SEO plugin v27.4 - https:\/\/yoast.com\/product\/yoast-seo-wordpress\/ -->\n<title>Saimniec\u012bbas da\u013cas p\u0101rzinis - STC<\/title>\n<meta name=\"robots\" content=\"index, follow, max-snippet:-1, max-image-preview:large, max-video-preview:-1\" \/>\n<link rel=\"canonical\" href=\"https:\/\/stc.lv\/en\/hosts-dalas-parzinis\/\" \/>\n<meta property=\"og:locale\" content=\"en_GB\" \/>\n<meta property=\"og:type\" content=\"article\" \/>\n<meta property=\"og:title\" content=\"Saimniec\u012bbas da\u013cas p\u0101rzinis - STC\" \/>\n<meta property=\"og:description\" content=\"Saimniec\u012bbas da\u013cas p\u0101rzinis Aicin\u0101m pieteikties saimniec\u012bbas da\u013cas p\u0101rzini&nbsp; Pien\u0101kumi: Organiz\u0113t, nodro\u0161in\u0101t saimniecisko un tehnisko apg\u0101di atbilsto\u0161i uz\u0146\u0113muma vajadz\u012bb\u0101m, iev\u0113rojot darba aizsardz\u012bbas un ugunsdro\u0161\u012bbas pras\u012bbas; Veikt telpu kurin\u0101\u0161anu apkures sezonas laik\u0101; Veikt apkures katla un apkures sist\u0113mas uzraudz\u012bbu, iev\u0113rojot apkures katla darba re\u017e\u012bmu atbilsto\u0161i katla uzst\u0101d\u012btajai instrukcijai. Sekot apkures iek\u0101rtu tehniskajam st\u0101voklim un dro\u0161ai ekspluat\u0101cijai;&nbsp; Veikt [&hellip;]\" \/>\n<meta property=\"og:url\" content=\"https:\/\/stc.lv\/en\/hosts-dalas-parzinis\/\" \/>\n<meta property=\"og:site_name\" content=\"STC\" \/>\n<meta property=\"article:publisher\" content=\"https:\/\/www.facebook.com\/profile.php?id=61560801215590\" \/>\n<meta property=\"article:modified_time\" content=\"2026-04-08T13:34:55+00:00\" \/>\n<meta name=\"twitter:card\" content=\"summary_large_image\" \/>\n<meta name=\"twitter:label1\" content=\"Estimated reading time\" \/>\n\t<meta name=\"twitter:data1\" content=\"1 minute\" \/>\n<script type=\"application\/ld+json\" class=\"yoast-schema-graph\">{\"@context\":\"https:\\\/\\\/schema.org\",\"@graph\":[{\"@type\":\"WebPage\",\"@id\":\"https:\\\/\\\/stc.lv\\\/saimniecibas-dalas-parzinis\\\/\",\"url\":\"https:\\\/\\\/stc.lv\\\/saimniecibas-dalas-parzinis\\\/\",\"name\":\"Saimniec\u012bbas da\u013cas p\u0101rzinis - STC\",\"isPartOf\":{\"@id\":\"https:\\\/\\\/stc.lv\\\/#website\"},\"datePublished\":\"2025-04-01T07:46:14+00:00\",\"dateModified\":\"2026-04-08T13:34:55+00:00\",\"breadcrumb\":{\"@id\":\"https:\\\/\\\/stc.lv\\\/saimniecibas-dalas-parzinis\\\/#breadcrumb\"},\"inLanguage\":\"en-GB\",\"potentialAction\":[{\"@type\":\"ReadAction\",\"target\":[\"https:\\\/\\\/stc.lv\\\/saimniecibas-dalas-parzinis\\\/\"]}]},{\"@type\":\"BreadcrumbList\",\"@id\":\"https:\\\/\\\/stc.lv\\\/saimniecibas-dalas-parzinis\\\/#breadcrumb\",\"itemListElement\":[{\"@type\":\"ListItem\",\"position\":1,\"name\":\"Home\",\"item\":\"https:\\\/\\\/stc.lv\\\/\"},{\"@type\":\"ListItem\",\"position\":2,\"name\":\"Saimniec\u012bbas da\u013cas p\u0101rzinis\"}]},{\"@type\":\"WebSite\",\"@id\":\"https:\\\/\\\/stc.lv\\\/#website\",\"url\":\"https:\\\/\\\/stc.lv\\\/\",\"name\":\"STC\",\"description\":\"Biolo\u0123isk\u0101 sertifik\u0101cija\",\"publisher\":{\"@id\":\"https:\\\/\\\/stc.lv\\\/#organization\"},\"alternateName\":\"Sertifik\u0101cijas un test\u0113\u0161anas centrs\",\"potentialAction\":[{\"@type\":\"SearchAction\",\"target\":{\"@type\":\"EntryPoint\",\"urlTemplate\":\"https:\\\/\\\/stc.lv\\\/?s={search_term_string}\"},\"query-input\":{\"@type\":\"PropertyValueSpecification\",\"valueRequired\":true,\"valueName\":\"search_term_string\"}}],\"inLanguage\":\"en-GB\"},{\"@type\":\"Organization\",\"@id\":\"https:\\\/\\\/stc.lv\\\/#organization\",\"name\":\"SIA \u201cSertifik\u0101cijas un test\u0113\u0161anas centrs\u201d\",\"alternateName\":\"STC\",\"url\":\"https:\\\/\\\/stc.lv\\\/\",\"logo\":{\"@type\":\"ImageObject\",\"inLanguage\":\"en-GB\",\"@id\":\"https:\\\/\\\/stc.lv\\\/#\\\/schema\\\/logo\\\/image\\\/\",\"url\":\"https:\\\/\\\/stc.lv\\\/wp-content\\\/uploads\\\/2020\\\/02\\\/STC-113-1.png\",\"contentUrl\":\"https:\\\/\\\/stc.lv\\\/wp-content\\\/uploads\\\/2020\\\/02\\\/STC-113-1.png\",\"width\":1950,\"height\":794,\"caption\":\"SIA \u201cSertifik\u0101cijas un test\u0113\u0161anas centrs\u201d\"},\"image\":{\"@id\":\"https:\\\/\\\/stc.lv\\\/#\\\/schema\\\/logo\\\/image\\\/\"},\"sameAs\":[\"https:\\\/\\\/www.facebook.com\\\/profile.php?id=61560801215590\",\"https:\\\/\\\/www.instagram.com\\\/sertifikacija_stc\\\/\"]}]}<\/script>\n<!-- \/ Yoast SEO plugin. -->","yoast_head_json":{"title":"Housekeeping Manager - STC","robots":{"index":"index","follow":"follow","max-snippet":"max-snippet:-1","max-image-preview":"max-image-preview:large","max-video-preview":"max-video-preview:-1"},"canonical":"https:\/\/stc.lv\/en\/hosts-dalas-parzinis\/","og_locale":"en_GB","og_type":"article","og_title":"Saimniec\u012bbas da\u013cas p\u0101rzinis - STC","og_description":"Saimniec\u012bbas da\u013cas p\u0101rzinis Aicin\u0101m pieteikties saimniec\u012bbas da\u013cas p\u0101rzini&nbsp; Pien\u0101kumi: Organiz\u0113t, nodro\u0161in\u0101t saimniecisko un tehnisko apg\u0101di atbilsto\u0161i uz\u0146\u0113muma vajadz\u012bb\u0101m, iev\u0113rojot darba aizsardz\u012bbas un ugunsdro\u0161\u012bbas pras\u012bbas; Veikt telpu kurin\u0101\u0161anu apkures sezonas laik\u0101; Veikt apkures katla un apkures sist\u0113mas uzraudz\u012bbu, iev\u0113rojot apkures katla darba re\u017e\u012bmu atbilsto\u0161i katla uzst\u0101d\u012btajai instrukcijai. Sekot apkures iek\u0101rtu tehniskajam st\u0101voklim un dro\u0161ai ekspluat\u0101cijai;&nbsp; Veikt [&hellip;]","og_url":"https:\/\/stc.lv\/en\/hosts-dalas-parzinis\/","og_site_name":"STC","article_publisher":"https:\/\/www.facebook.com\/profile.php?id=61560801215590","article_modified_time":"2026-04-08T13:34:55+00:00","twitter_card":"summary_large_image","twitter_misc":{"Estimated reading time":"1 minute"},"schema":{"@context":"https:\/\/schema.org","@graph":[{"@type":"WebPage","@id":"https:\/\/stc.lv\/saimniecibas-dalas-parzinis\/","url":"https:\/\/stc.lv\/saimniecibas-dalas-parzinis\/","name":"Housekeeping Manager - STC","isPartOf":{"@id":"https:\/\/stc.lv\/#website"},"datePublished":"2025-04-01T07:46:14+00:00","dateModified":"2026-04-08T13:34:55+00:00","breadcrumb":{"@id":"https:\/\/stc.lv\/saimniecibas-dalas-parzinis\/#breadcrumb"},"inLanguage":"en-GB","potentialAction":[{"@type":"ReadAction","target":["https:\/\/stc.lv\/saimniecibas-dalas-parzinis\/"]}]},{"@type":"BreadcrumbList","@id":"https:\/\/stc.lv\/saimniecibas-dalas-parzinis\/#breadcrumb","itemListElement":[{"@type":"ListItem","position":1,"name":"Home","item":"https:\/\/stc.lv\/"},{"@type":"ListItem","position":2,"name":"Saimniec\u012bbas da\u013cas p\u0101rzinis"}]},{"@type":"WebSite","@id":"https:\/\/stc.lv\/#website","url":"https:\/\/stc.lv\/","name":"STC","description":"Organic certification","publisher":{"@id":"https:\/\/stc.lv\/#organization"},"alternateName":"Sertifik\u0101cijas un test\u0113\u0161anas centrs","potentialAction":[{"@type":"SearchAction","target":{"@type":"EntryPoint","urlTemplate":"https:\/\/stc.lv\/?s={search_term_string}"},"query-input":{"@type":"PropertyValueSpecification","valueRequired":true,"valueName":"search_term_string"}}],"inLanguage":"en-GB"},{"@type":"Organization","@id":"https:\/\/stc.lv\/#organization","name":"SIA \"Certification and Testing Centre\"","alternateName":"STC","url":"https:\/\/stc.lv\/","logo":{"@type":"ImageObject","inLanguage":"en-GB","@id":"https:\/\/stc.lv\/#\/schema\/logo\/image\/","url":"https:\/\/stc.lv\/wp-content\/uploads\/2020\/02\/STC-113-1.png","contentUrl":"https:\/\/stc.lv\/wp-content\/uploads\/2020\/02\/STC-113-1.png","width":1950,"height":794,"caption":"SIA \u201cSertifik\u0101cijas un test\u0113\u0161anas centrs\u201d"},"image":{"@id":"https:\/\/stc.lv\/#\/schema\/logo\/image\/"},"sameAs":["https:\/\/www.facebook.com\/profile.php?id=61560801215590","https:\/\/www.instagram.com\/sertifikacija_stc\/"]}]}},"rttpg_featured_image_url":null,"rttpg_author":{"display_name":"Stc","author_link":"https:\/\/stc.lv\/en\/author\/stc\/"},"rttpg_comment":0,"rttpg_category":null,"rttpg_excerpt":"Saimniec\u012bbas da\u013cas p\u0101rzinis Aicin\u0101m pieteikties saimniec\u012bbas da\u013cas p\u0101rzini&nbsp; Pien\u0101kumi: Organiz\u0113t, nodro\u0161in\u0101t saimniecisko un tehnisko apg\u0101di atbilsto\u0161i uz\u0146\u0113muma vajadz\u012bb\u0101m, iev\u0113rojot darba aizsardz\u012bbas un ugunsdro\u0161\u012bbas pras\u012bbas; Veikt telpu kurin\u0101\u0161anu apkures sezonas laik\u0101; Veikt apkures katla un apkures sist\u0113mas uzraudz\u012bbu, iev\u0113rojot apkures katla darba re\u017e\u012bmu atbilsto\u0161i katla uzst\u0101d\u012btajai instrukcijai. Sekot apkures iek\u0101rtu tehniskajam st\u0101voklim un dro\u0161ai ekspluat\u0101cijai;&nbsp; Veikt&hellip;","_links":{"self":[{"href":"https:\/\/stc.lv\/en\/wp-json\/wp\/v2\/pages\/12526","targetHints":{"allow":["GET"]}}],"collection":[{"href":"https:\/\/stc.lv\/en\/wp-json\/wp\/v2\/pages"}],"about":[{"href":"https:\/\/stc.lv\/en\/wp-json\/wp\/v2\/types\/page"}],"author":[{"embeddable":true,"href":"https:\/\/stc.lv\/en\/wp-json\/wp\/v2\/users\/4"}],"replies":[{"embeddable":true,"href":"https:\/\/stc.lv\/en\/wp-json\/wp\/v2\/comments?post=12526"}],"version-history":[{"count":17,"href":"https:\/\/stc.lv\/en\/wp-json\/wp\/v2\/pages\/12526\/revisions"}],"predecessor-version":[{"id":14633,"href":"https:\/\/stc.lv\/en\/wp-json\/wp\/v2\/pages\/12526\/revisions\/14633"}],"wp:attachment":[{"href":"https:\/\/stc.lv\/en\/wp-json\/wp\/v2\/media?parent=12526"}],"curies":[{"name":"wp","href":"https:\/\/api.w.org\/{rel}","templated":true}]}}