{"id":12541,"date":"2025-04-01T08:55:58","date_gmt":"2025-04-01T08:55:58","guid":{"rendered":"https:\/\/stc.lv\/?page_id=12541"},"modified":"2025-04-01T08:56:24","modified_gmt":"2025-04-01T08:56:24","slug":"aggregated-by","status":"publish","type":"page","link":"https:\/\/stc.lv\/en\/aggregated-by\/","title":{"rendered":"Compiler"},"content":{"rendered":"<div data-elementor-type=\"wp-page\" data-elementor-id=\"12541\" class=\"elementor elementor-12541\" data-elementor-post-type=\"page\">\n\t\t\t\t\t\t<section class=\"elementor-section elementor-top-section elementor-element elementor-element-b87c17e elementor-section-height-min-height elementor-section-boxed elementor-section-height-default elementor-section-items-middle\" data-id=\"b87c17e\" data-element_type=\"section\" data-e-type=\"section\" data-settings=\"{&quot;background_background&quot;:&quot;classic&quot;}\">\n\t\t\t\t\t\t\t<div class=\"elementor-background-overlay\"><\/div>\n\t\t\t\t\t\t\t<div class=\"elementor-container elementor-column-gap-default\">\n\t\t\t\t\t<div class=\"elementor-column elementor-col-100 elementor-top-column elementor-element elementor-element-f51deeb\" data-id=\"f51deeb\" data-element_type=\"column\" data-e-type=\"column\">\n\t\t\t<div class=\"elementor-widget-wrap elementor-element-populated\">\n\t\t\t\t\t\t<section class=\"elementor-section elementor-inner-section elementor-element elementor-element-d60d133 elementor-section-boxed elementor-section-height-default elementor-section-height-default\" data-id=\"d60d133\" data-element_type=\"section\" data-e-type=\"section\">\n\t\t\t\t\t\t<div class=\"elementor-container elementor-column-gap-default\">\n\t\t\t\t\t<div class=\"elementor-column elementor-col-100 elementor-inner-column elementor-element elementor-element-fa7757b\" data-id=\"fa7757b\" data-element_type=\"column\" data-e-type=\"column\">\n\t\t\t<div class=\"elementor-widget-wrap elementor-element-populated\">\n\t\t\t\t\t\t<div class=\"elementor-element elementor-element-5269aef elementor-widget elementor-widget-heading\" data-id=\"5269aef\" data-element_type=\"widget\" data-e-type=\"widget\" data-widget_type=\"heading.default\">\n\t\t\t\t<div class=\"elementor-widget-container\">\n\t\t\t\t\t<h1 class=\"elementor-heading-title elementor-size-default\">Compiler<\/h1>\t\t\t\t<\/div>\n\t\t\t\t<\/div>\n\t\t\t\t<div class=\"elementor-element elementor-element-b36b8a3 elementor-widget-divider--view-line elementor-widget elementor-widget-divider\" data-id=\"b36b8a3\" data-element_type=\"widget\" data-e-type=\"widget\" data-widget_type=\"divider.default\">\n\t\t\t\t<div class=\"elementor-widget-container\">\n\t\t\t\t\t\t\t<div class=\"elementor-divider\">\n\t\t\t<span class=\"elementor-divider-separator\">\n\t\t\t\t\t\t<\/span>\n\t\t<\/div>\n\t\t\t\t\t\t<\/div>\n\t\t\t\t<\/div>\n\t\t\t\t\t<\/div>\n\t\t<\/div>\n\t\t\t\t\t<\/div>\n\t\t<\/section>\n\t\t\t\t\t<\/div>\n\t\t<\/div>\n\t\t\t\t\t<\/div>\n\t\t<\/section>\n\t\t\t\t<section class=\"elementor-section elementor-top-section elementor-element elementor-element-777b42dd elementor-section-boxed elementor-section-height-default elementor-section-height-default\" data-id=\"777b42dd\" data-element_type=\"section\" data-e-type=\"section\">\n\t\t\t\t\t\t<div class=\"elementor-container elementor-column-gap-default\">\n\t\t\t\t\t<div class=\"elementor-column elementor-col-100 elementor-top-column elementor-element elementor-element-6591dc40\" data-id=\"6591dc40\" data-element_type=\"column\" data-e-type=\"column\">\n\t\t\t<div class=\"elementor-widget-wrap elementor-element-populated\">\n\t\t\t\t\t\t<div class=\"elementor-element elementor-element-1bdb86bc elementor-widget elementor-widget-text-editor\" data-id=\"1bdb86bc\" data-element_type=\"widget\" data-e-type=\"widget\" data-widget_type=\"text-editor.default\">\n\t\t\t\t<div class=\"elementor-widget-container\">\n\t\t\t\t\t\t\t\t\t<p>Call for applications <strong>aggregators<\/strong><\/p><p><strong>Responsibilities<\/strong>:<\/p><ul><li>daily cleaning of the building's administrative offices<\/li><li>cleaning before and after events<\/li><li>cleaning of sanitary facilities in accordance with sanitary and technical requirements;<\/li><li>other duties in accordance with the job description.<\/li><\/ul><p><strong>\u00a0<\/strong><\/p><p><strong>Requirements<\/strong>:<\/p><ul><li>A sense of responsibility and a desire to do a good job;<\/li><li>Positive and honest attitude towards work and colleagues;<\/li><li>Ability to organise work independently, use the necessary equipment.<\/li><\/ul><p>\u00a0<\/p><p><strong>Advantages for applicants:<\/strong><\/p><ul><li>experience as a cleaner;<\/li><li>the ability to deliver quality work<\/li><\/ul><p><strong>\u00a0<\/strong><\/p><p><strong>We offer<\/strong>:<\/p><ul><li>good working conditions<\/li><li>part-time (up to 2 h in the evenings)<\/li><li>Pre-tax monthly salary \u20ac430;<\/li><li>social guarantees<\/li><\/ul><p>\u00a0<\/p><p>Send your application letter and CV to <a href=\"mailto:info@stc.lv\">info@stc.lv<\/a>;<\/p><p>Vacancy valid until 31.05.2025.<\/p><p>Phone for information - 64130013<\/p>\t\t\t\t\t\t\t\t<\/div>\n\t\t\t\t<\/div>\n\t\t\t\t\t<\/div>\n\t\t<\/div>\n\t\t\t\t\t<\/div>\n\t\t<\/section>\n\t\t\t\t<section class=\"elementor-section elementor-top-section elementor-element elementor-element-757e3af elementor-section-boxed elementor-section-height-default elementor-section-height-default\" data-id=\"757e3af\" data-element_type=\"section\" data-e-type=\"section\">\n\t\t\t\t\t\t\t<div class=\"elementor-background-overlay\"><\/div>\n\t\t\t\t\t\t\t<div class=\"elementor-container elementor-column-gap-default\">\n\t\t\t\t\t<div class=\"elementor-column elementor-col-50 elementor-top-column elementor-element elementor-element-8b25547\" data-id=\"8b25547\" data-element_type=\"column\" data-e-type=\"column\">\n\t\t\t<div class=\"elementor-widget-wrap elementor-element-populated\">\n\t\t\t\t\t\t<div class=\"elementor-element elementor-element-2dec69a elementor-widget elementor-widget-heading\" data-id=\"2dec69a\" data-element_type=\"widget\" data-e-type=\"widget\" data-widget_type=\"heading.default\">\n\t\t\t\t<div class=\"elementor-widget-container\">\n\t\t\t\t\t<h2 class=\"elementor-heading-title elementor-size-default\">Apply now<\/h2>\t\t\t\t<\/div>\n\t\t\t\t<\/div>\n\t\t\t\t<div class=\"elementor-element elementor-element-39da533 elementor-widget-divider--view-line elementor-widget elementor-widget-divider\" data-id=\"39da533\" data-element_type=\"widget\" data-e-type=\"widget\" data-widget_type=\"divider.default\">\n\t\t\t\t<div class=\"elementor-widget-container\">\n\t\t\t\t\t\t\t<div class=\"elementor-divider\">\n\t\t\t<span class=\"elementor-divider-separator\">\n\t\t\t\t\t\t<\/span>\n\t\t<\/div>\n\t\t\t\t\t\t<\/div>\n\t\t\t\t<\/div>\n\t\t\t\t\t<\/div>\n\t\t<\/div>\n\t\t\t\t<div class=\"elementor-column elementor-col-50 elementor-top-column elementor-element elementor-element-336c5c4\" data-id=\"336c5c4\" data-element_type=\"column\" data-e-type=\"column\">\n\t\t\t<div class=\"elementor-widget-wrap elementor-element-populated\">\n\t\t\t\t\t\t<div class=\"elementor-element elementor-element-97f8d93 elementor-align-right elementor-tablet-align-left elementor-widget elementor-widget-button\" data-id=\"97f8d93\" data-element_type=\"widget\" data-e-type=\"widget\" data-widget_type=\"button.default\">\n\t\t\t\t<div class=\"elementor-widget-container\">\n\t\t\t\t\t\t\t\t\t<div class=\"elementor-button-wrapper\">\n\t\t\t\t\t<a class=\"elementor-button elementor-button-link elementor-size-sm\" href=\"#elementor-action%3Aaction%3Dpopup%3Aopen%26settings%3DeyJpZCI6IjEwNjc2IiwidG9nZ2xlIjpmYWxzZX0%3D\">\n\t\t\t\t\t\t<span class=\"elementor-button-content-wrapper\">\n\t\t\t\t\t\t\t\t\t<span class=\"elementor-button-text\">Apply for a vacancy<\/span>\n\t\t\t\t\t<\/span>\n\t\t\t\t\t<\/a>\n\t\t\t\t<\/div>\n\t\t\t\t\t\t\t\t<\/div>\n\t\t\t\t<\/div>\n\t\t\t\t\t<\/div>\n\t\t<\/div>\n\t\t\t\t\t<\/div>\n\t\t<\/section>\n\t\t\t\t<\/div>","protected":false},"excerpt":{"rendered":"<p>Apkop\u0113ja Aicin\u0101m pieteikties apkop\u0113ju Pien\u0101kumi: \u0113kas administrat\u012bvo telpu ikdienas uzkop\u0161ana; telpu uzkop\u0161ana pirms un p\u0113c pas\u0101kumu norises; sanit\u0101ro mezglu uzkop\u0161ana saska\u0146\u0101 ar sanit\u0101ri tehniskaj\u0101m pras\u012bb\u0101m; citi pien\u0101kumi saska\u0146\u0101 ar amata aprakstu. \u00a0 Pras\u012bbas: Atbild\u012bbas saj\u016btu un v\u0113lmi veikt darbu kvalitat\u012bvi; Pozit\u012bva un god\u012bga attieksme pret darbu un kol\u0113\u0123iem; Sp\u0113ja patst\u0101v\u012bgi organiz\u0113t savu darbu, prasme lietot [&hellip;]<\/p>\n","protected":false},"author":4,"featured_media":0,"parent":0,"menu_order":0,"comment_status":"closed","ping_status":"closed","template":"","meta":{"footnotes":""},"class_list":["post-12541","page","type-page","status-publish","hentry"],"yoast_head":"<!-- This site is optimized with the Yoast SEO plugin v27.4 - https:\/\/yoast.com\/product\/yoast-seo-wordpress\/ -->\n<title>Apkop\u0113ja - STC<\/title>\n<meta name=\"robots\" content=\"index, follow, max-snippet:-1, max-image-preview:large, max-video-preview:-1\" \/>\n<link rel=\"canonical\" href=\"https:\/\/stc.lv\/en\/aggregated-by\/\" \/>\n<meta property=\"og:locale\" content=\"en_GB\" \/>\n<meta property=\"og:type\" content=\"article\" \/>\n<meta property=\"og:title\" content=\"Apkop\u0113ja - STC\" \/>\n<meta property=\"og:description\" content=\"Apkop\u0113ja Aicin\u0101m pieteikties apkop\u0113ju Pien\u0101kumi: \u0113kas administrat\u012bvo telpu ikdienas uzkop\u0161ana; telpu uzkop\u0161ana pirms un p\u0113c pas\u0101kumu norises; sanit\u0101ro mezglu uzkop\u0161ana saska\u0146\u0101 ar sanit\u0101ri tehniskaj\u0101m pras\u012bb\u0101m; citi pien\u0101kumi saska\u0146\u0101 ar amata aprakstu. \u00a0 Pras\u012bbas: Atbild\u012bbas saj\u016btu un v\u0113lmi veikt darbu kvalitat\u012bvi; Pozit\u012bva un god\u012bga attieksme pret darbu un kol\u0113\u0123iem; Sp\u0113ja patst\u0101v\u012bgi organiz\u0113t savu darbu, prasme lietot [&hellip;]\" \/>\n<meta property=\"og:url\" content=\"https:\/\/stc.lv\/en\/aggregated-by\/\" \/>\n<meta property=\"og:site_name\" content=\"STC\" \/>\n<meta property=\"article:publisher\" content=\"https:\/\/www.facebook.com\/profile.php?id=61560801215590\" \/>\n<meta property=\"article:modified_time\" content=\"2025-04-01T08:56:24+00:00\" \/>\n<meta name=\"twitter:card\" content=\"summary_large_image\" \/>\n<meta name=\"twitter:label1\" content=\"Estimated reading time\" \/>\n\t<meta name=\"twitter:data1\" content=\"1 minute\" \/>\n<script type=\"application\/ld+json\" class=\"yoast-schema-graph\">{\"@context\":\"https:\\\/\\\/schema.org\",\"@graph\":[{\"@type\":\"WebPage\",\"@id\":\"https:\\\/\\\/stc.lv\\\/apkopeja\\\/\",\"url\":\"https:\\\/\\\/stc.lv\\\/apkopeja\\\/\",\"name\":\"Apkop\u0113ja - STC\",\"isPartOf\":{\"@id\":\"https:\\\/\\\/stc.lv\\\/#website\"},\"datePublished\":\"2025-04-01T08:55:58+00:00\",\"dateModified\":\"2025-04-01T08:56:24+00:00\",\"breadcrumb\":{\"@id\":\"https:\\\/\\\/stc.lv\\\/apkopeja\\\/#breadcrumb\"},\"inLanguage\":\"en-GB\",\"potentialAction\":[{\"@type\":\"ReadAction\",\"target\":[\"https:\\\/\\\/stc.lv\\\/apkopeja\\\/\"]}]},{\"@type\":\"BreadcrumbList\",\"@id\":\"https:\\\/\\\/stc.lv\\\/apkopeja\\\/#breadcrumb\",\"itemListElement\":[{\"@type\":\"ListItem\",\"position\":1,\"name\":\"Home\",\"item\":\"https:\\\/\\\/stc.lv\\\/\"},{\"@type\":\"ListItem\",\"position\":2,\"name\":\"Apkop\u0113ja\"}]},{\"@type\":\"WebSite\",\"@id\":\"https:\\\/\\\/stc.lv\\\/#website\",\"url\":\"https:\\\/\\\/stc.lv\\\/\",\"name\":\"STC\",\"description\":\"Biolo\u0123isk\u0101 sertifik\u0101cija\",\"publisher\":{\"@id\":\"https:\\\/\\\/stc.lv\\\/#organization\"},\"alternateName\":\"Sertifik\u0101cijas un test\u0113\u0161anas centrs\",\"potentialAction\":[{\"@type\":\"SearchAction\",\"target\":{\"@type\":\"EntryPoint\",\"urlTemplate\":\"https:\\\/\\\/stc.lv\\\/?s={search_term_string}\"},\"query-input\":{\"@type\":\"PropertyValueSpecification\",\"valueRequired\":true,\"valueName\":\"search_term_string\"}}],\"inLanguage\":\"en-GB\"},{\"@type\":\"Organization\",\"@id\":\"https:\\\/\\\/stc.lv\\\/#organization\",\"name\":\"SIA \u201cSertifik\u0101cijas un test\u0113\u0161anas centrs\u201d\",\"alternateName\":\"STC\",\"url\":\"https:\\\/\\\/stc.lv\\\/\",\"logo\":{\"@type\":\"ImageObject\",\"inLanguage\":\"en-GB\",\"@id\":\"https:\\\/\\\/stc.lv\\\/#\\\/schema\\\/logo\\\/image\\\/\",\"url\":\"https:\\\/\\\/stc.lv\\\/wp-content\\\/uploads\\\/2020\\\/02\\\/STC-113-1.png\",\"contentUrl\":\"https:\\\/\\\/stc.lv\\\/wp-content\\\/uploads\\\/2020\\\/02\\\/STC-113-1.png\",\"width\":1950,\"height\":794,\"caption\":\"SIA \u201cSertifik\u0101cijas un test\u0113\u0161anas centrs\u201d\"},\"image\":{\"@id\":\"https:\\\/\\\/stc.lv\\\/#\\\/schema\\\/logo\\\/image\\\/\"},\"sameAs\":[\"https:\\\/\\\/www.facebook.com\\\/profile.php?id=61560801215590\",\"https:\\\/\\\/www.instagram.com\\\/sertifikacija_stc\\\/\"]}]}<\/script>\n<!-- \/ Yoast SEO plugin. -->","yoast_head_json":{"title":"Housekeeper - STC","robots":{"index":"index","follow":"follow","max-snippet":"max-snippet:-1","max-image-preview":"max-image-preview:large","max-video-preview":"max-video-preview:-1"},"canonical":"https:\/\/stc.lv\/en\/aggregated-by\/","og_locale":"en_GB","og_type":"article","og_title":"Apkop\u0113ja - STC","og_description":"Apkop\u0113ja Aicin\u0101m pieteikties apkop\u0113ju Pien\u0101kumi: \u0113kas administrat\u012bvo telpu ikdienas uzkop\u0161ana; telpu uzkop\u0161ana pirms un p\u0113c pas\u0101kumu norises; sanit\u0101ro mezglu uzkop\u0161ana saska\u0146\u0101 ar sanit\u0101ri tehniskaj\u0101m pras\u012bb\u0101m; citi pien\u0101kumi saska\u0146\u0101 ar amata aprakstu. \u00a0 Pras\u012bbas: Atbild\u012bbas saj\u016btu un v\u0113lmi veikt darbu kvalitat\u012bvi; Pozit\u012bva un god\u012bga attieksme pret darbu un kol\u0113\u0123iem; Sp\u0113ja patst\u0101v\u012bgi organiz\u0113t savu darbu, prasme lietot [&hellip;]","og_url":"https:\/\/stc.lv\/en\/aggregated-by\/","og_site_name":"STC","article_publisher":"https:\/\/www.facebook.com\/profile.php?id=61560801215590","article_modified_time":"2025-04-01T08:56:24+00:00","twitter_card":"summary_large_image","twitter_misc":{"Estimated reading time":"1 minute"},"schema":{"@context":"https:\/\/schema.org","@graph":[{"@type":"WebPage","@id":"https:\/\/stc.lv\/apkopeja\/","url":"https:\/\/stc.lv\/apkopeja\/","name":"Housekeeper - STC","isPartOf":{"@id":"https:\/\/stc.lv\/#website"},"datePublished":"2025-04-01T08:55:58+00:00","dateModified":"2025-04-01T08:56:24+00:00","breadcrumb":{"@id":"https:\/\/stc.lv\/apkopeja\/#breadcrumb"},"inLanguage":"en-GB","potentialAction":[{"@type":"ReadAction","target":["https:\/\/stc.lv\/apkopeja\/"]}]},{"@type":"BreadcrumbList","@id":"https:\/\/stc.lv\/apkopeja\/#breadcrumb","itemListElement":[{"@type":"ListItem","position":1,"name":"Home","item":"https:\/\/stc.lv\/"},{"@type":"ListItem","position":2,"name":"Apkop\u0113ja"}]},{"@type":"WebSite","@id":"https:\/\/stc.lv\/#website","url":"https:\/\/stc.lv\/","name":"STC","description":"Organic certification","publisher":{"@id":"https:\/\/stc.lv\/#organization"},"alternateName":"Sertifik\u0101cijas un test\u0113\u0161anas centrs","potentialAction":[{"@type":"SearchAction","target":{"@type":"EntryPoint","urlTemplate":"https:\/\/stc.lv\/?s={search_term_string}"},"query-input":{"@type":"PropertyValueSpecification","valueRequired":true,"valueName":"search_term_string"}}],"inLanguage":"en-GB"},{"@type":"Organization","@id":"https:\/\/stc.lv\/#organization","name":"SIA \"Certification and Testing Centre\"","alternateName":"STC","url":"https:\/\/stc.lv\/","logo":{"@type":"ImageObject","inLanguage":"en-GB","@id":"https:\/\/stc.lv\/#\/schema\/logo\/image\/","url":"https:\/\/stc.lv\/wp-content\/uploads\/2020\/02\/STC-113-1.png","contentUrl":"https:\/\/stc.lv\/wp-content\/uploads\/2020\/02\/STC-113-1.png","width":1950,"height":794,"caption":"SIA \u201cSertifik\u0101cijas un test\u0113\u0161anas centrs\u201d"},"image":{"@id":"https:\/\/stc.lv\/#\/schema\/logo\/image\/"},"sameAs":["https:\/\/www.facebook.com\/profile.php?id=61560801215590","https:\/\/www.instagram.com\/sertifikacija_stc\/"]}]}},"rttpg_featured_image_url":null,"rttpg_author":{"display_name":"Stc","author_link":"https:\/\/stc.lv\/en\/author\/stc\/"},"rttpg_comment":0,"rttpg_category":null,"rttpg_excerpt":"Apkop\u0113ja Aicin\u0101m pieteikties apkop\u0113ju Pien\u0101kumi: \u0113kas administrat\u012bvo telpu ikdienas uzkop\u0161ana; telpu uzkop\u0161ana pirms un p\u0113c pas\u0101kumu norises; sanit\u0101ro mezglu uzkop\u0161ana saska\u0146\u0101 ar sanit\u0101ri tehniskaj\u0101m pras\u012bb\u0101m; citi pien\u0101kumi saska\u0146\u0101 ar amata aprakstu. \u00a0 Pras\u012bbas: Atbild\u012bbas saj\u016btu un v\u0113lmi veikt darbu kvalitat\u012bvi; Pozit\u012bva un god\u012bga attieksme pret darbu un kol\u0113\u0123iem; Sp\u0113ja patst\u0101v\u012bgi organiz\u0113t savu darbu, prasme lietot&hellip;","_links":{"self":[{"href":"https:\/\/stc.lv\/en\/wp-json\/wp\/v2\/pages\/12541","targetHints":{"allow":["GET"]}}],"collection":[{"href":"https:\/\/stc.lv\/en\/wp-json\/wp\/v2\/pages"}],"about":[{"href":"https:\/\/stc.lv\/en\/wp-json\/wp\/v2\/types\/page"}],"author":[{"embeddable":true,"href":"https:\/\/stc.lv\/en\/wp-json\/wp\/v2\/users\/4"}],"replies":[{"embeddable":true,"href":"https:\/\/stc.lv\/en\/wp-json\/wp\/v2\/comments?post=12541"}],"version-history":[{"count":11,"href":"https:\/\/stc.lv\/en\/wp-json\/wp\/v2\/pages\/12541\/revisions"}],"predecessor-version":[{"id":12553,"href":"https:\/\/stc.lv\/en\/wp-json\/wp\/v2\/pages\/12541\/revisions\/12553"}],"wp:attachment":[{"href":"https:\/\/stc.lv\/en\/wp-json\/wp\/v2\/media?parent=12541"}],"curies":[{"name":"wp","href":"https:\/\/api.w.org\/{rel}","templated":true}]}}