{"id":14825,"date":"2026-04-30T12:46:05","date_gmt":"2026-04-30T12:46:05","guid":{"rendered":"https:\/\/stc.lv\/?page_id=14825"},"modified":"2026-04-30T12:57:00","modified_gmt":"2026-04-30T12:57:00","slug":"stc-darbinieka-identifikacija","status":"publish","type":"page","link":"https:\/\/stc.lv\/en\/stc-darbinieka-identifikacija\/","title":{"rendered":"STC darbinieka identifik\u0101cija"},"content":{"rendered":"<p>\u2705 <strong>Statuss: Akt\u012bvs <\/strong><\/p>\n\n\n\n<p>Foto<br>V\u0101rds, uzv\u0101rds<br>Amats<br>Noda\u013ca<br>Kartes der\u012bguma termi\u0146\u0161<\/p>\n\n\n\n<p><\/p>\n\n\n\n<p>\u201c\u0160\u012b inform\u0101cija apliecina, ka persona ir SIA Sertifik\u0101cijas un test\u0113\u0161anas centrs darbinieks. Ja redzat statusu \u201cNeakt\u012bvs\u201d, karte nav der\u012bga.\u201d<\/p>","protected":false},"excerpt":{"rendered":"<p>\u2705 Statuss: Akt\u012bvs FotoV\u0101rds, uzv\u0101rdsAmatsNoda\u013caKartes der\u012bguma termi\u0146\u0161 \u201c\u0160\u012b inform\u0101cija apliecina, ka persona ir SIA Sertifik\u0101cijas un test\u0113\u0161anas centrs darbinieks. Ja redzat statusu \u201cNeakt\u012bvs\u201d, karte nav der\u012bga.\u201d<\/p>","protected":false},"author":5,"featured_media":0,"parent":0,"menu_order":0,"comment_status":"closed","ping_status":"closed","template":"","meta":{"footnotes":""},"class_list":["post-14825","page","type-page","status-publish","hentry"],"yoast_head":"<!-- This site is optimized with the Yoast SEO plugin v27.4 - https:\/\/yoast.com\/product\/yoast-seo-wordpress\/ -->\n<title>STC darbinieka identifik\u0101cija - STC<\/title>\n<meta name=\"robots\" content=\"index, follow, max-snippet:-1, max-image-preview:large, max-video-preview:-1\" \/>\n<link rel=\"canonical\" href=\"https:\/\/stc.lv\/en\/stc-darbinieka-identifikacija\/\" \/>\n<meta property=\"og:locale\" content=\"en_GB\" \/>\n<meta property=\"og:type\" content=\"article\" \/>\n<meta property=\"og:title\" content=\"STC darbinieka identifik\u0101cija - STC\" \/>\n<meta property=\"og:description\" content=\"\u2705 Statuss: Akt\u012bvs FotoV\u0101rds, uzv\u0101rdsAmatsNoda\u013caKartes der\u012bguma termi\u0146\u0161 \u201c\u0160\u012b inform\u0101cija apliecina, ka persona ir SIA Sertifik\u0101cijas un test\u0113\u0161anas centrs darbinieks. Ja redzat statusu \u201cNeakt\u012bvs\u201d, karte nav der\u012bga.\u201d\" \/>\n<meta property=\"og:url\" content=\"https:\/\/stc.lv\/en\/stc-darbinieka-identifikacija\/\" \/>\n<meta property=\"og:site_name\" content=\"STC\" \/>\n<meta property=\"article:publisher\" content=\"https:\/\/www.facebook.com\/profile.php?id=61560801215590\" \/>\n<meta property=\"article:modified_time\" content=\"2026-04-30T12:57:00+00:00\" \/>\n<meta name=\"twitter:card\" content=\"summary_large_image\" \/>\n<meta name=\"twitter:label1\" content=\"Estimated reading time\" \/>\n\t<meta name=\"twitter:data1\" content=\"1 minute\" \/>\n<script type=\"application\/ld+json\" class=\"yoast-schema-graph\">{\"@context\":\"https:\\\/\\\/schema.org\",\"@graph\":[{\"@type\":\"WebPage\",\"@id\":\"https:\\\/\\\/stc.lv\\\/stc-darbinieka-identifikacija\\\/\",\"url\":\"https:\\\/\\\/stc.lv\\\/stc-darbinieka-identifikacija\\\/\",\"name\":\"STC darbinieka identifik\u0101cija - STC\",\"isPartOf\":{\"@id\":\"https:\\\/\\\/stc.lv\\\/#website\"},\"datePublished\":\"2026-04-30T12:46:05+00:00\",\"dateModified\":\"2026-04-30T12:57:00+00:00\",\"breadcrumb\":{\"@id\":\"https:\\\/\\\/stc.lv\\\/stc-darbinieka-identifikacija\\\/#breadcrumb\"},\"inLanguage\":\"en-GB\",\"potentialAction\":[{\"@type\":\"ReadAction\",\"target\":[\"https:\\\/\\\/stc.lv\\\/stc-darbinieka-identifikacija\\\/\"]}]},{\"@type\":\"BreadcrumbList\",\"@id\":\"https:\\\/\\\/stc.lv\\\/stc-darbinieka-identifikacija\\\/#breadcrumb\",\"itemListElement\":[{\"@type\":\"ListItem\",\"position\":1,\"name\":\"Home\",\"item\":\"https:\\\/\\\/stc.lv\\\/\"},{\"@type\":\"ListItem\",\"position\":2,\"name\":\"STC darbinieka identifik\u0101cija\"}]},{\"@type\":\"WebSite\",\"@id\":\"https:\\\/\\\/stc.lv\\\/#website\",\"url\":\"https:\\\/\\\/stc.lv\\\/\",\"name\":\"STC\",\"description\":\"Biolo\u0123isk\u0101 sertifik\u0101cija\",\"publisher\":{\"@id\":\"https:\\\/\\\/stc.lv\\\/#organization\"},\"alternateName\":\"Sertifik\u0101cijas un test\u0113\u0161anas centrs\",\"potentialAction\":[{\"@type\":\"SearchAction\",\"target\":{\"@type\":\"EntryPoint\",\"urlTemplate\":\"https:\\\/\\\/stc.lv\\\/?s={search_term_string}\"},\"query-input\":{\"@type\":\"PropertyValueSpecification\",\"valueRequired\":true,\"valueName\":\"search_term_string\"}}],\"inLanguage\":\"en-GB\"},{\"@type\":\"Organization\",\"@id\":\"https:\\\/\\\/stc.lv\\\/#organization\",\"name\":\"SIA \u201cSertifik\u0101cijas un test\u0113\u0161anas centrs\u201d\",\"alternateName\":\"STC\",\"url\":\"https:\\\/\\\/stc.lv\\\/\",\"logo\":{\"@type\":\"ImageObject\",\"inLanguage\":\"en-GB\",\"@id\":\"https:\\\/\\\/stc.lv\\\/#\\\/schema\\\/logo\\\/image\\\/\",\"url\":\"https:\\\/\\\/stc.lv\\\/wp-content\\\/uploads\\\/2020\\\/02\\\/STC-113-1.png\",\"contentUrl\":\"https:\\\/\\\/stc.lv\\\/wp-content\\\/uploads\\\/2020\\\/02\\\/STC-113-1.png\",\"width\":1950,\"height\":794,\"caption\":\"SIA \u201cSertifik\u0101cijas un test\u0113\u0161anas centrs\u201d\"},\"image\":{\"@id\":\"https:\\\/\\\/stc.lv\\\/#\\\/schema\\\/logo\\\/image\\\/\"},\"sameAs\":[\"https:\\\/\\\/www.facebook.com\\\/profile.php?id=61560801215590\",\"https:\\\/\\\/www.instagram.com\\\/sertifikacija_stc\\\/\"]}]}<\/script>\n<!-- \/ Yoast SEO plugin. -->","yoast_head_json":{"title":"STC darbinieka identifik\u0101cija - STC","robots":{"index":"index","follow":"follow","max-snippet":"max-snippet:-1","max-image-preview":"max-image-preview:large","max-video-preview":"max-video-preview:-1"},"canonical":"https:\/\/stc.lv\/en\/stc-darbinieka-identifikacija\/","og_locale":"en_GB","og_type":"article","og_title":"STC darbinieka identifik\u0101cija - STC","og_description":"\u2705 Statuss: Akt\u012bvs FotoV\u0101rds, uzv\u0101rdsAmatsNoda\u013caKartes der\u012bguma termi\u0146\u0161 \u201c\u0160\u012b inform\u0101cija apliecina, ka persona ir SIA Sertifik\u0101cijas un test\u0113\u0161anas centrs darbinieks. Ja redzat statusu \u201cNeakt\u012bvs\u201d, karte nav der\u012bga.\u201d","og_url":"https:\/\/stc.lv\/en\/stc-darbinieka-identifikacija\/","og_site_name":"STC","article_publisher":"https:\/\/www.facebook.com\/profile.php?id=61560801215590","article_modified_time":"2026-04-30T12:57:00+00:00","twitter_card":"summary_large_image","twitter_misc":{"Estimated reading time":"1 minute"},"schema":{"@context":"https:\/\/schema.org","@graph":[{"@type":"WebPage","@id":"https:\/\/stc.lv\/stc-darbinieka-identifikacija\/","url":"https:\/\/stc.lv\/stc-darbinieka-identifikacija\/","name":"STC darbinieka identifik\u0101cija - STC","isPartOf":{"@id":"https:\/\/stc.lv\/#website"},"datePublished":"2026-04-30T12:46:05+00:00","dateModified":"2026-04-30T12:57:00+00:00","breadcrumb":{"@id":"https:\/\/stc.lv\/stc-darbinieka-identifikacija\/#breadcrumb"},"inLanguage":"en-GB","potentialAction":[{"@type":"ReadAction","target":["https:\/\/stc.lv\/stc-darbinieka-identifikacija\/"]}]},{"@type":"BreadcrumbList","@id":"https:\/\/stc.lv\/stc-darbinieka-identifikacija\/#breadcrumb","itemListElement":[{"@type":"ListItem","position":1,"name":"Home","item":"https:\/\/stc.lv\/"},{"@type":"ListItem","position":2,"name":"STC darbinieka identifik\u0101cija"}]},{"@type":"WebSite","@id":"https:\/\/stc.lv\/#website","url":"https:\/\/stc.lv\/","name":"STC","description":"Organic certification","publisher":{"@id":"https:\/\/stc.lv\/#organization"},"alternateName":"Sertifik\u0101cijas un test\u0113\u0161anas centrs","potentialAction":[{"@type":"SearchAction","target":{"@type":"EntryPoint","urlTemplate":"https:\/\/stc.lv\/?s={search_term_string}"},"query-input":{"@type":"PropertyValueSpecification","valueRequired":true,"valueName":"search_term_string"}}],"inLanguage":"en-GB"},{"@type":"Organization","@id":"https:\/\/stc.lv\/#organization","name":"SIA \"Certification and Testing Centre\"","alternateName":"STC","url":"https:\/\/stc.lv\/","logo":{"@type":"ImageObject","inLanguage":"en-GB","@id":"https:\/\/stc.lv\/#\/schema\/logo\/image\/","url":"https:\/\/stc.lv\/wp-content\/uploads\/2020\/02\/STC-113-1.png","contentUrl":"https:\/\/stc.lv\/wp-content\/uploads\/2020\/02\/STC-113-1.png","width":1950,"height":794,"caption":"SIA \u201cSertifik\u0101cijas un test\u0113\u0161anas centrs\u201d"},"image":{"@id":"https:\/\/stc.lv\/#\/schema\/logo\/image\/"},"sameAs":["https:\/\/www.facebook.com\/profile.php?id=61560801215590","https:\/\/www.instagram.com\/sertifikacija_stc\/"]}]}},"rttpg_featured_image_url":null,"rttpg_author":{"display_name":"Larisa Kaimi\u0146a","author_link":"https:\/\/stc.lv\/en\/author\/macibucentrs\/"},"rttpg_comment":0,"rttpg_category":null,"rttpg_excerpt":"\u2705 Statuss: Akt\u012bvs FotoV\u0101rds, uzv\u0101rdsAmatsNoda\u013caKartes der\u012bguma termi\u0146\u0161 \u201c\u0160\u012b inform\u0101cija apliecina, ka persona ir SIA Sertifik\u0101cijas un test\u0113\u0161anas centrs darbinieks. Ja redzat statusu \u201cNeakt\u012bvs\u201d, karte nav der\u012bga.\u201d","_links":{"self":[{"href":"https:\/\/stc.lv\/en\/wp-json\/wp\/v2\/pages\/14825","targetHints":{"allow":["GET"]}}],"collection":[{"href":"https:\/\/stc.lv\/en\/wp-json\/wp\/v2\/pages"}],"about":[{"href":"https:\/\/stc.lv\/en\/wp-json\/wp\/v2\/types\/page"}],"author":[{"embeddable":true,"href":"https:\/\/stc.lv\/en\/wp-json\/wp\/v2\/users\/5"}],"replies":[{"embeddable":true,"href":"https:\/\/stc.lv\/en\/wp-json\/wp\/v2\/comments?post=14825"}],"version-history":[{"count":3,"href":"https:\/\/stc.lv\/en\/wp-json\/wp\/v2\/pages\/14825\/revisions"}],"predecessor-version":[{"id":14829,"href":"https:\/\/stc.lv\/en\/wp-json\/wp\/v2\/pages\/14825\/revisions\/14829"}],"wp:attachment":[{"href":"https:\/\/stc.lv\/en\/wp-json\/wp\/v2\/media?parent=14825"}],"curies":[{"name":"wp","href":"https:\/\/api.w.org\/{rel}","templated":true}]}}