{"id":2619,"date":"2021-08-20T15:08:01","date_gmt":"2021-08-20T13:08:01","guid":{"rendered":"https:\/\/stc.lv\/?page_id=2619"},"modified":"2025-01-15T06:44:53","modified_gmt":"2025-01-15T06:44:53","slug":"office-premises1","status":"publish","type":"page","link":"https:\/\/stc.lv\/en\/office-premises1\/","title":{"rendered":"Office space1"},"content":{"rendered":"<div data-elementor-type=\"wp-page\" data-elementor-id=\"2619\" class=\"elementor elementor-2619\" data-elementor-post-type=\"page\">\n\t\t\t\t\t\t<section class=\"elementor-section elementor-top-section elementor-element elementor-element-072017e elementor-section-height-min-height elementor-section-boxed elementor-section-height-default elementor-section-items-middle\" data-id=\"072017e\" data-element_type=\"section\" data-settings=\"{&quot;background_background&quot;:&quot;classic&quot;}\">\n\t\t\t\t\t\t\t<div class=\"elementor-background-overlay\"><\/div>\n\t\t\t\t\t\t\t<div class=\"elementor-container elementor-column-gap-default\">\n\t\t\t\t\t<div class=\"elementor-column elementor-col-100 elementor-top-column elementor-element elementor-element-3a8013a\" data-id=\"3a8013a\" data-element_type=\"column\">\n\t\t\t<div class=\"elementor-widget-wrap elementor-element-populated\">\n\t\t\t\t\t\t<section class=\"elementor-section elementor-inner-section elementor-element elementor-element-61a482b elementor-section-boxed elementor-section-height-default elementor-section-height-default\" data-id=\"61a482b\" data-element_type=\"section\">\n\t\t\t\t\t\t<div class=\"elementor-container elementor-column-gap-default\">\n\t\t\t\t\t<div class=\"elementor-column elementor-col-100 elementor-inner-column elementor-element elementor-element-a2ddfbf\" data-id=\"a2ddfbf\" data-element_type=\"column\">\n\t\t\t<div class=\"elementor-widget-wrap elementor-element-populated\">\n\t\t\t\t\t\t<div class=\"elementor-element elementor-element-4aab4f1 elementor-widget elementor-widget-heading\" data-id=\"4aab4f1\" data-element_type=\"widget\" data-widget_type=\"heading.default\">\n\t\t\t\t<div class=\"elementor-widget-container\">\n\t\t\t\t\t<h1 class=\"elementor-heading-title elementor-size-default\">office space<\/h1>\t\t\t\t<\/div>\n\t\t\t\t<\/div>\n\t\t\t\t<div class=\"elementor-element elementor-element-1b230be elementor-widget-divider--view-line elementor-widget elementor-widget-divider\" data-id=\"1b230be\" data-element_type=\"widget\" data-widget_type=\"divider.default\">\n\t\t\t\t<div class=\"elementor-widget-container\">\n\t\t\t\t\t\t\t<div class=\"elementor-divider\">\n\t\t\t<span class=\"elementor-divider-separator\">\n\t\t\t\t\t\t<\/span>\n\t\t<\/div>\n\t\t\t\t\t\t<\/div>\n\t\t\t\t<\/div>\n\t\t\t\t\t<\/div>\n\t\t<\/div>\n\t\t\t\t\t<\/div>\n\t\t<\/section>\n\t\t\t\t\t<\/div>\n\t\t<\/div>\n\t\t\t\t\t<\/div>\n\t\t<\/section>\n\t\t\t\t<section class=\"elementor-section elementor-top-section elementor-element elementor-element-bc0f51b elementor-section-boxed elementor-section-height-default elementor-section-height-default\" data-id=\"bc0f51b\" data-element_type=\"section\">\n\t\t\t\t\t\t<div class=\"elementor-container elementor-column-gap-default\">\n\t\t\t\t\t<div class=\"elementor-column elementor-col-100 elementor-top-column elementor-element elementor-element-8ed7429\" data-id=\"8ed7429\" data-element_type=\"column\">\n\t\t\t<div class=\"elementor-widget-wrap elementor-element-populated\">\n\t\t\t\t\t\t<section class=\"elementor-section elementor-inner-section elementor-element elementor-element-cb3421f elementor-section-boxed elementor-section-height-default elementor-section-height-default\" data-id=\"cb3421f\" data-element_type=\"section\" data-settings=\"{&quot;background_background&quot;:&quot;classic&quot;}\">\n\t\t\t\t\t\t<div class=\"elementor-container elementor-column-gap-default\">\n\t\t\t\t\t<div class=\"elementor-column elementor-col-100 elementor-inner-column elementor-element elementor-element-4b00ea1\" data-id=\"4b00ea1\" data-element_type=\"column\" data-settings=\"{&quot;background_background&quot;:&quot;classic&quot;}\">\n\t\t\t<div class=\"elementor-widget-wrap elementor-element-populated\">\n\t\t\t\t\t\t<div class=\"elementor-element elementor-element-15d26f2 elementor-widget elementor-widget-heading\" data-id=\"15d26f2\" data-element_type=\"widget\" data-widget_type=\"heading.default\">\n\t\t\t\t<div class=\"elementor-widget-container\">\n\t\t\t\t\t<h2 class=\"elementor-heading-title elementor-size-default\">Premises in 12 D\u0101rza Street<\/h2>\t\t\t\t<\/div>\n\t\t\t\t<\/div>\n\t\t\t\t<div class=\"elementor-element elementor-element-9402e7f elementor-widget elementor-widget-text-editor\" data-id=\"9402e7f\" data-element_type=\"widget\" data-widget_type=\"text-editor.default\">\n\t\t\t\t<div class=\"elementor-widget-container\">\n\t\t\t\t\t\t\t\t\t<p>Price - EUR 70 \u20ac\/month. - EUR 140 \u20ac\/month + VAT.<\/p><p>Area: 15 m\u00b2 - 30 m\u00b2\u00a0<\/p><p>Electricity and heating by meter reading.<\/p><p>C\u0113sis and Prieku\u013ci are connected by a high-quality and illuminated cycle path. Accommodation in hostel \"Prieku\u013ci\" on the 4th floor.<\/p><p>Excellent catering in the \"Stop\" diner in the basement. Can be booked for coffee breaks, banquets, business lunches.\u00a0<\/p><p>See pictures of the rooms and description of the ad <strong><a href=\"https:\/\/www.ss.lv\/msg\/lv\/real-estate\/offices\/cesis-and-reg\/priekulu-pag\/U3oAG09kRFk=.html?1654689144\" target=\"_blank\" rel=\"noopener\">HERE<\/a><\/strong><\/p>\t\t\t\t\t\t\t\t<\/div>\n\t\t\t\t<\/div>\n\t\t\t\t\t<\/div>\n\t\t<\/div>\n\t\t\t\t\t<\/div>\n\t\t<\/section>\n\t\t\t\t\t<\/div>\n\t\t<\/div>\n\t\t\t\t\t<\/div>\n\t\t<\/section>\n\t\t\t\t<section class=\"elementor-section elementor-top-section elementor-element elementor-element-fadc1ca elementor-section-boxed elementor-section-height-default elementor-section-height-default\" data-id=\"fadc1ca\" data-element_type=\"section\">\n\t\t\t\t\t\t\t<div class=\"elementor-background-overlay\"><\/div>\n\t\t\t\t\t\t\t<div class=\"elementor-container elementor-column-gap-default\">\n\t\t\t\t\t<div class=\"elementor-column elementor-col-50 elementor-top-column elementor-element elementor-element-1043c2c\" data-id=\"1043c2c\" data-element_type=\"column\">\n\t\t\t<div class=\"elementor-widget-wrap elementor-element-populated\">\n\t\t\t\t\t\t<div class=\"elementor-element elementor-element-1ae197e elementor-widget elementor-widget-heading\" data-id=\"1ae197e\" data-element_type=\"widget\" data-widget_type=\"heading.default\">\n\t\t\t\t<div class=\"elementor-widget-container\">\n\t\t\t\t\t<h2 class=\"elementor-heading-title elementor-size-default\">Need office space?<\/h2>\t\t\t\t<\/div>\n\t\t\t\t<\/div>\n\t\t\t\t<div class=\"elementor-element elementor-element-54ac38b elementor-widget-divider--view-line elementor-widget elementor-widget-divider\" data-id=\"54ac38b\" data-element_type=\"widget\" data-widget_type=\"divider.default\">\n\t\t\t\t<div class=\"elementor-widget-container\">\n\t\t\t\t\t\t\t<div class=\"elementor-divider\">\n\t\t\t<span class=\"elementor-divider-separator\">\n\t\t\t\t\t\t<\/span>\n\t\t<\/div>\n\t\t\t\t\t\t<\/div>\n\t\t\t\t<\/div>\n\t\t\t\t\t<\/div>\n\t\t<\/div>\n\t\t\t\t<div class=\"elementor-column elementor-col-50 elementor-top-column elementor-element elementor-element-15bec0b\" data-id=\"15bec0b\" data-element_type=\"column\">\n\t\t\t<div class=\"elementor-widget-wrap elementor-element-populated\">\n\t\t\t\t\t\t<div class=\"elementor-element elementor-element-fc60017 elementor-align-right elementor-tablet-align-left elementor-widget elementor-widget-button\" data-id=\"fc60017\" data-element_type=\"widget\" data-widget_type=\"button.default\">\n\t\t\t\t<div class=\"elementor-widget-container\">\n\t\t\t\t\t\t\t\t\t<div class=\"elementor-button-wrapper\">\n\t\t\t\t\t<a class=\"elementor-button elementor-button-link elementor-size-sm\" href=\"#elementor-action%3Aaction%3Dpopup%3Aopen%26settings%3DeyJpZCI6IjEwNjY0IiwidG9nZ2xlIjpmYWxzZX0%3D\">\n\t\t\t\t\t\t<span class=\"elementor-button-content-wrapper\">\n\t\t\t\t\t\t\t\t\t<span class=\"elementor-button-text\">Contact us!<\/span>\n\t\t\t\t\t<\/span>\n\t\t\t\t\t<\/a>\n\t\t\t\t<\/div>\n\t\t\t\t\t\t\t\t<\/div>\n\t\t\t\t<\/div>\n\t\t\t\t\t<\/div>\n\t\t<\/div>\n\t\t\t\t\t<\/div>\n\t\t<\/section>\n\t\t\t\t<\/div>","protected":false},"excerpt":{"rendered":"<p>office premises Premises in D\u0101rza street 12 Price - EUR 70 \u20ac\/month - EUR 140 \u20ac\/month + VAT. Area: 15 m\u00b2 - 30 m\u00b2 Electricity and heating according to meter readings. C\u0113sis and Prieku\u013ci are connected by a high-quality and illuminated cycle path. Accommodation in hostel \"Prieku\u013ci\" on the 4th floor. Excellent catering in the \"Stop\" diner in the basement. You can order table setting for coffee breaks, banquets, business lunches.  [...]<\/p>","protected":false},"author":1,"featured_media":0,"parent":0,"menu_order":0,"comment_status":"closed","ping_status":"closed","template":"","meta":{"footnotes":""},"class_list":["post-2619","page","type-page","status-publish","hentry"],"yoast_head":"<!-- This site is optimized with the Yoast SEO plugin v26.3 - https:\/\/yoast.com\/wordpress\/plugins\/seo\/ -->\n<title>Biroja telpas1 - STC<\/title>\n<meta name=\"robots\" content=\"index, follow, max-snippet:-1, max-image-preview:large, max-video-preview:-1\" \/>\n<link rel=\"canonical\" href=\"https:\/\/stc.lv\/en\/office-premises1\/\" \/>\n<meta property=\"og:locale\" content=\"en_GB\" \/>\n<meta property=\"og:type\" content=\"article\" \/>\n<meta property=\"og:title\" content=\"Biroja telpas1 - STC\" \/>\n<meta property=\"og:description\" content=\"biroja telpas Telpas D\u0101rza iel\u0101 12 Cena &#8211; EUR 70 \u20ac\/m\u0113n. &#8211; EUR 140 \u20ac\/m\u0113n. + PVN. Plat\u012bba: 15 m\u00b2 &#8211; 30 m\u00b2\u00a0 Elektr\u012bba un apkure p\u0113c skait\u012bt\u0101ju r\u0101d\u012bjumiem. C\u0113sis un Prieku\u013cus savieno kvalitat\u012bvs un apgaismots veloceli\u0146\u0161. Naktsm\u012btnes hostel\u012b \u201ePrieku\u013ci\u201d 4.st\u0101v\u0101. Lieliska \u0113din\u0101\u0161ana pusdienotav\u0101 \u201ePietura\u201d pagrabst\u0101v\u0101. Iesp\u0113jams pas\u016bt\u012bt galdu kl\u0101\u0161anu kafijas pauz\u0113m, banketiem, biznesa pusdien\u0101m.\u00a0 [&hellip;]\" \/>\n<meta property=\"og:url\" content=\"https:\/\/stc.lv\/en\/office-premises1\/\" \/>\n<meta property=\"og:site_name\" content=\"STC\" \/>\n<meta property=\"article:publisher\" content=\"https:\/\/www.facebook.com\/profile.php?id=61560801215590\" \/>\n<meta property=\"article:modified_time\" content=\"2025-01-15T06:44:53+00:00\" \/>\n<meta name=\"twitter:card\" content=\"summary_large_image\" \/>\n<meta name=\"twitter:label1\" content=\"Estimated reading time\" \/>\n\t<meta name=\"twitter:data1\" content=\"1 minute\" \/>\n<script type=\"application\/ld+json\" class=\"yoast-schema-graph\">{\"@context\":\"https:\/\/schema.org\",\"@graph\":[{\"@type\":\"WebPage\",\"@id\":\"https:\/\/stc.lv\/biroja-telpas1\/\",\"url\":\"https:\/\/stc.lv\/biroja-telpas1\/\",\"name\":\"Biroja telpas1 - STC\",\"isPartOf\":{\"@id\":\"https:\/\/stc.lv\/#website\"},\"datePublished\":\"2021-08-20T13:08:01+00:00\",\"dateModified\":\"2025-01-15T06:44:53+00:00\",\"breadcrumb\":{\"@id\":\"https:\/\/stc.lv\/biroja-telpas1\/#breadcrumb\"},\"inLanguage\":\"en-GB\",\"potentialAction\":[{\"@type\":\"ReadAction\",\"target\":[\"https:\/\/stc.lv\/biroja-telpas1\/\"]}]},{\"@type\":\"BreadcrumbList\",\"@id\":\"https:\/\/stc.lv\/biroja-telpas1\/#breadcrumb\",\"itemListElement\":[{\"@type\":\"ListItem\",\"position\":1,\"name\":\"Home\",\"item\":\"https:\/\/stc.lv\/\"},{\"@type\":\"ListItem\",\"position\":2,\"name\":\"Biroja telpas1\"}]},{\"@type\":\"WebSite\",\"@id\":\"https:\/\/stc.lv\/#website\",\"url\":\"https:\/\/stc.lv\/\",\"name\":\"STC\",\"description\":\"Biolo\u0123isk\u0101 sertifik\u0101cija\",\"publisher\":{\"@id\":\"https:\/\/stc.lv\/#organization\"},\"alternateName\":\"Sertifik\u0101cijas un test\u0113\u0161anas centrs\",\"potentialAction\":[{\"@type\":\"SearchAction\",\"target\":{\"@type\":\"EntryPoint\",\"urlTemplate\":\"https:\/\/stc.lv\/?s={search_term_string}\"},\"query-input\":{\"@type\":\"PropertyValueSpecification\",\"valueRequired\":true,\"valueName\":\"search_term_string\"}}],\"inLanguage\":\"en-GB\"},{\"@type\":\"Organization\",\"@id\":\"https:\/\/stc.lv\/#organization\",\"name\":\"SIA \u201cSertifik\u0101cijas un test\u0113\u0161anas centrs\u201d\",\"alternateName\":\"STC\",\"url\":\"https:\/\/stc.lv\/\",\"logo\":{\"@type\":\"ImageObject\",\"inLanguage\":\"en-GB\",\"@id\":\"https:\/\/stc.lv\/#\/schema\/logo\/image\/\",\"url\":\"https:\/\/stc.lv\/wp-content\/uploads\/2020\/02\/STC-113-1.png\",\"contentUrl\":\"https:\/\/stc.lv\/wp-content\/uploads\/2020\/02\/STC-113-1.png\",\"width\":1950,\"height\":794,\"caption\":\"SIA \u201cSertifik\u0101cijas un test\u0113\u0161anas centrs\u201d\"},\"image\":{\"@id\":\"https:\/\/stc.lv\/#\/schema\/logo\/image\/\"},\"sameAs\":[\"https:\/\/www.facebook.com\/profile.php?id=61560801215590\",\"https:\/\/www.instagram.com\/sertifikacija_stc\/\"]}]}<\/script>\n<!-- \/ Yoast SEO plugin. -->","yoast_head_json":{"title":"Office space1 - STC","robots":{"index":"index","follow":"follow","max-snippet":"max-snippet:-1","max-image-preview":"max-image-preview:large","max-video-preview":"max-video-preview:-1"},"canonical":"https:\/\/stc.lv\/en\/office-premises1\/","og_locale":"en_GB","og_type":"article","og_title":"Biroja telpas1 - STC","og_description":"biroja telpas Telpas D\u0101rza iel\u0101 12 Cena &#8211; EUR 70 \u20ac\/m\u0113n. &#8211; EUR 140 \u20ac\/m\u0113n. + PVN. Plat\u012bba: 15 m\u00b2 &#8211; 30 m\u00b2\u00a0 Elektr\u012bba un apkure p\u0113c skait\u012bt\u0101ju r\u0101d\u012bjumiem. C\u0113sis un Prieku\u013cus savieno kvalitat\u012bvs un apgaismots veloceli\u0146\u0161. Naktsm\u012btnes hostel\u012b \u201ePrieku\u013ci\u201d 4.st\u0101v\u0101. Lieliska \u0113din\u0101\u0161ana pusdienotav\u0101 \u201ePietura\u201d pagrabst\u0101v\u0101. Iesp\u0113jams pas\u016bt\u012bt galdu kl\u0101\u0161anu kafijas pauz\u0113m, banketiem, biznesa pusdien\u0101m.\u00a0 [&hellip;]","og_url":"https:\/\/stc.lv\/en\/office-premises1\/","og_site_name":"STC","article_publisher":"https:\/\/www.facebook.com\/profile.php?id=61560801215590","article_modified_time":"2025-01-15T06:44:53+00:00","twitter_card":"summary_large_image","twitter_misc":{"Estimated reading time":"1 minute"},"schema":{"@context":"https:\/\/schema.org","@graph":[{"@type":"WebPage","@id":"https:\/\/stc.lv\/biroja-telpas1\/","url":"https:\/\/stc.lv\/biroja-telpas1\/","name":"Office space1 - STC","isPartOf":{"@id":"https:\/\/stc.lv\/#website"},"datePublished":"2021-08-20T13:08:01+00:00","dateModified":"2025-01-15T06:44:53+00:00","breadcrumb":{"@id":"https:\/\/stc.lv\/biroja-telpas1\/#breadcrumb"},"inLanguage":"en-GB","potentialAction":[{"@type":"ReadAction","target":["https:\/\/stc.lv\/biroja-telpas1\/"]}]},{"@type":"BreadcrumbList","@id":"https:\/\/stc.lv\/biroja-telpas1\/#breadcrumb","itemListElement":[{"@type":"ListItem","position":1,"name":"Home","item":"https:\/\/stc.lv\/"},{"@type":"ListItem","position":2,"name":"Biroja telpas1"}]},{"@type":"WebSite","@id":"https:\/\/stc.lv\/#website","url":"https:\/\/stc.lv\/","name":"STC","description":"Organic certification","publisher":{"@id":"https:\/\/stc.lv\/#organization"},"alternateName":"Sertifik\u0101cijas un test\u0113\u0161anas centrs","potentialAction":[{"@type":"SearchAction","target":{"@type":"EntryPoint","urlTemplate":"https:\/\/stc.lv\/?s={search_term_string}"},"query-input":{"@type":"PropertyValueSpecification","valueRequired":true,"valueName":"search_term_string"}}],"inLanguage":"en-GB"},{"@type":"Organization","@id":"https:\/\/stc.lv\/#organization","name":"SIA \"Certification and Testing Centre\"","alternateName":"STC","url":"https:\/\/stc.lv\/","logo":{"@type":"ImageObject","inLanguage":"en-GB","@id":"https:\/\/stc.lv\/#\/schema\/logo\/image\/","url":"https:\/\/stc.lv\/wp-content\/uploads\/2020\/02\/STC-113-1.png","contentUrl":"https:\/\/stc.lv\/wp-content\/uploads\/2020\/02\/STC-113-1.png","width":1950,"height":794,"caption":"SIA \u201cSertifik\u0101cijas un test\u0113\u0161anas centrs\u201d"},"image":{"@id":"https:\/\/stc.lv\/#\/schema\/logo\/image\/"},"sameAs":["https:\/\/www.facebook.com\/profile.php?id=61560801215590","https:\/\/www.instagram.com\/sertifikacija_stc\/"]}]}},"rttpg_featured_image_url":null,"rttpg_author":{"display_name":"admin","author_link":"https:\/\/stc.lv\/en\/author\/info_555hqm4r\/"},"rttpg_comment":0,"rttpg_category":null,"rttpg_excerpt":"biroja telpas Telpas D\u0101rza iel\u0101 12 Cena &#8211; EUR 70 \u20ac\/m\u0113n. &#8211; EUR 140 \u20ac\/m\u0113n. + PVN. Plat\u012bba: 15 m\u00b2 &#8211; 30 m\u00b2\u00a0 Elektr\u012bba un apkure p\u0113c skait\u012bt\u0101ju r\u0101d\u012bjumiem. C\u0113sis un Prieku\u013cus savieno kvalitat\u012bvs un apgaismots veloceli\u0146\u0161. Naktsm\u012btnes hostel\u012b \u201ePrieku\u013ci\u201d 4.st\u0101v\u0101. Lieliska \u0113din\u0101\u0161ana pusdienotav\u0101 \u201ePietura\u201d pagrabst\u0101v\u0101. Iesp\u0113jams pas\u016bt\u012bt galdu kl\u0101\u0161anu kafijas pauz\u0113m, banketiem, biznesa pusdien\u0101m.\u00a0&hellip;","_links":{"self":[{"href":"https:\/\/stc.lv\/en\/wp-json\/wp\/v2\/pages\/2619","targetHints":{"allow":["GET"]}}],"collection":[{"href":"https:\/\/stc.lv\/en\/wp-json\/wp\/v2\/pages"}],"about":[{"href":"https:\/\/stc.lv\/en\/wp-json\/wp\/v2\/types\/page"}],"author":[{"embeddable":true,"href":"https:\/\/stc.lv\/en\/wp-json\/wp\/v2\/users\/1"}],"replies":[{"embeddable":true,"href":"https:\/\/stc.lv\/en\/wp-json\/wp\/v2\/comments?post=2619"}],"version-history":[{"count":6,"href":"https:\/\/stc.lv\/en\/wp-json\/wp\/v2\/pages\/2619\/revisions"}],"predecessor-version":[{"id":11509,"href":"https:\/\/stc.lv\/en\/wp-json\/wp\/v2\/pages\/2619\/revisions\/11509"}],"wp:attachment":[{"href":"https:\/\/stc.lv\/en\/wp-json\/wp\/v2\/media?parent=2619"}],"curies":[{"name":"wp","href":"https:\/\/api.w.org\/{rel}","templated":true}]}}