{"id":324,"date":"2021-03-29T15:17:47","date_gmt":"2021-03-29T13:17:47","guid":{"rendered":"https:\/\/stc.lv\/?page_id=324"},"modified":"2025-03-11T06:53:41","modified_gmt":"2025-03-11T06:53:41","slug":"parbuvet-testesana","status":"publish","type":"page","link":"https:\/\/stc.lv\/en\/parbuvet-testesana\/","title":{"rendered":"Testing of converted vehicles"},"content":{"rendered":"<div data-elementor-type=\"wp-page\" data-elementor-id=\"324\" class=\"elementor elementor-324\" data-elementor-post-type=\"page\">\n\t\t\t\t\t\t<section class=\"elementor-section elementor-top-section elementor-element elementor-element-16e550b elementor-section-height-min-height elementor-section-boxed elementor-section-height-default elementor-section-items-middle\" data-id=\"16e550b\" data-element_type=\"section\" data-settings=\"{&quot;background_background&quot;:&quot;classic&quot;}\">\n\t\t\t\t\t\t\t<div class=\"elementor-background-overlay\"><\/div>\n\t\t\t\t\t\t\t<div class=\"elementor-container elementor-column-gap-default\">\n\t\t\t\t\t<div class=\"elementor-column elementor-col-100 elementor-top-column elementor-element elementor-element-35ac63a\" data-id=\"35ac63a\" data-element_type=\"column\">\n\t\t\t<div class=\"elementor-widget-wrap elementor-element-populated\">\n\t\t\t\t\t\t<section class=\"elementor-section elementor-inner-section elementor-element elementor-element-84a0a94 elementor-section-boxed elementor-section-height-default elementor-section-height-default\" data-id=\"84a0a94\" data-element_type=\"section\">\n\t\t\t\t\t\t<div class=\"elementor-container elementor-column-gap-default\">\n\t\t\t\t\t<div class=\"elementor-column elementor-col-100 elementor-inner-column elementor-element elementor-element-d5790ac\" data-id=\"d5790ac\" data-element_type=\"column\">\n\t\t\t<div class=\"elementor-widget-wrap elementor-element-populated\">\n\t\t\t\t\t\t<div class=\"elementor-element elementor-element-3f726ed elementor-widget elementor-widget-heading\" data-id=\"3f726ed\" data-element_type=\"widget\" data-widget_type=\"heading.default\">\n\t\t\t\t<div class=\"elementor-widget-container\">\n\t\t\t\t\t<h1 class=\"elementor-heading-title elementor-size-default\">Testing of converted vehicles<\/h1>\t\t\t\t<\/div>\n\t\t\t\t<\/div>\n\t\t\t\t<div class=\"elementor-element elementor-element-f34de63 elementor-widget-divider--view-line elementor-widget elementor-widget-divider\" data-id=\"f34de63\" data-element_type=\"widget\" data-widget_type=\"divider.default\">\n\t\t\t\t<div class=\"elementor-widget-container\">\n\t\t\t\t\t\t\t<div class=\"elementor-divider\">\n\t\t\t<span class=\"elementor-divider-separator\">\n\t\t\t\t\t\t<\/span>\n\t\t<\/div>\n\t\t\t\t\t\t<\/div>\n\t\t\t\t<\/div>\n\t\t\t\t\t<\/div>\n\t\t<\/div>\n\t\t\t\t\t<\/div>\n\t\t<\/section>\n\t\t\t\t\t<\/div>\n\t\t<\/div>\n\t\t\t\t\t<\/div>\n\t\t<\/section>\n\t\t\t\t<section class=\"elementor-section elementor-top-section elementor-element elementor-element-41a12d7 elementor-section-boxed elementor-section-height-default elementor-section-height-default\" data-id=\"41a12d7\" data-element_type=\"section\">\n\t\t\t\t\t\t<div class=\"elementor-container elementor-column-gap-default\">\n\t\t\t\t\t<div class=\"elementor-column elementor-col-100 elementor-top-column elementor-element elementor-element-5512edd\" data-id=\"5512edd\" data-element_type=\"column\">\n\t\t\t<div class=\"elementor-widget-wrap elementor-element-populated\">\n\t\t\t\t\t\t<div class=\"elementor-element elementor-element-0ba3e43 elementor-widget elementor-widget-text-editor\" data-id=\"0ba3e43\" data-element_type=\"widget\" data-widget_type=\"text-editor.default\">\n\t\t\t\t<div class=\"elementor-widget-container\">\n\t\t\t\t\t\t\t\t\t<p>Stability check. If you have converted a vehicle of category M or N, the following tests are required by UNECE regulations for the CSDD type-approval when converting a vehicle:<\/p>\t\t\t\t\t\t\t\t<\/div>\n\t\t\t\t<\/div>\n\t\t\t\t\t<\/div>\n\t\t<\/div>\n\t\t\t\t\t<\/div>\n\t\t<\/section>\n\t\t\t\t<section class=\"elementor-section elementor-top-section elementor-element elementor-element-9640cdb elementor-section-boxed elementor-section-height-default elementor-section-height-default\" data-id=\"9640cdb\" data-element_type=\"section\">\n\t\t\t\t\t\t\t<div class=\"elementor-background-overlay\"><\/div>\n\t\t\t\t\t\t\t<div class=\"elementor-container elementor-column-gap-default\">\n\t\t\t\t\t<div class=\"elementor-column elementor-col-50 elementor-top-column elementor-element elementor-element-8881e0b\" data-id=\"8881e0b\" data-element_type=\"column\">\n\t\t\t<div class=\"elementor-widget-wrap elementor-element-populated\">\n\t\t\t\t\t\t<div class=\"elementor-element elementor-element-88f7c52 elementor-widget elementor-widget-heading\" data-id=\"88f7c52\" data-element_type=\"widget\" data-widget_type=\"heading.default\">\n\t\t\t\t<div class=\"elementor-widget-container\">\n\t\t\t\t\t<h2 class=\"elementor-heading-title elementor-size-default\">Contact us!<\/h2>\t\t\t\t<\/div>\n\t\t\t\t<\/div>\n\t\t\t\t<div class=\"elementor-element elementor-element-25e0964 elementor-widget-divider--view-line elementor-widget elementor-widget-divider\" data-id=\"25e0964\" data-element_type=\"widget\" data-widget_type=\"divider.default\">\n\t\t\t\t<div class=\"elementor-widget-container\">\n\t\t\t\t\t\t\t<div class=\"elementor-divider\">\n\t\t\t<span class=\"elementor-divider-separator\">\n\t\t\t\t\t\t<\/span>\n\t\t<\/div>\n\t\t\t\t\t\t<\/div>\n\t\t\t\t<\/div>\n\t\t\t\t\t<\/div>\n\t\t<\/div>\n\t\t\t\t<div class=\"elementor-column elementor-col-50 elementor-top-column elementor-element elementor-element-db60fae\" data-id=\"db60fae\" data-element_type=\"column\">\n\t\t\t<div class=\"elementor-widget-wrap elementor-element-populated\">\n\t\t\t\t\t\t<div class=\"elementor-element elementor-element-fd1fb40 elementor-align-right elementor-tablet-align-left elementor-widget elementor-widget-button\" data-id=\"fd1fb40\" data-element_type=\"widget\" data-widget_type=\"button.default\">\n\t\t\t\t<div class=\"elementor-widget-container\">\n\t\t\t\t\t\t\t\t\t<div class=\"elementor-button-wrapper\">\n\t\t\t\t\t<a class=\"elementor-button elementor-button-link elementor-size-sm\" href=\"#elementor-action%3Aaction%3Dpopup%3Aopen%26settings%3DeyJpZCI6IjEwNjg2IiwidG9nZ2xlIjpmYWxzZX0%3D\">\n\t\t\t\t\t\t<span class=\"elementor-button-content-wrapper\">\n\t\t\t\t\t\t\t\t\t<span class=\"elementor-button-text\">Send a message<\/span>\n\t\t\t\t\t<\/span>\n\t\t\t\t\t<\/a>\n\t\t\t\t<\/div>\n\t\t\t\t\t\t\t\t<\/div>\n\t\t\t\t<\/div>\n\t\t\t\t\t<\/div>\n\t\t<\/div>\n\t\t\t\t\t<\/div>\n\t\t<\/section>\n\t\t\t\t<section class=\"elementor-section elementor-top-section elementor-element elementor-element-5e734a5 elementor-section-boxed elementor-section-height-default elementor-section-height-default\" data-id=\"5e734a5\" data-element_type=\"section\">\n\t\t\t\t\t\t<div class=\"elementor-container elementor-column-gap-default\">\n\t\t\t\t\t<div class=\"elementor-column elementor-col-100 elementor-top-column elementor-element elementor-element-055fc9d\" data-id=\"055fc9d\" data-element_type=\"column\">\n\t\t\t<div class=\"elementor-widget-wrap elementor-element-populated\">\n\t\t\t\t\t\t<section class=\"elementor-section elementor-inner-section elementor-element elementor-element-e1e10f7 elementor-section-boxed elementor-section-height-default elementor-section-height-default\" data-id=\"e1e10f7\" data-element_type=\"section\">\n\t\t\t\t\t\t<div class=\"elementor-container elementor-column-gap-default\">\n\t\t\t\t\t<div class=\"elementor-column elementor-col-100 elementor-inner-column elementor-element elementor-element-80e470c\" data-id=\"80e470c\" data-element_type=\"column\">\n\t\t\t<div class=\"elementor-widget-wrap elementor-element-populated\">\n\t\t\t\t\t\t<div class=\"elementor-element elementor-element-a49fa38 elementor-widget elementor-widget-heading\" data-id=\"a49fa38\" data-element_type=\"widget\" data-widget_type=\"heading.default\">\n\t\t\t\t<div class=\"elementor-widget-container\">\n\t\t\t\t\t<h2 class=\"elementor-heading-title elementor-size-large\">Types of services<\/h2>\t\t\t\t<\/div>\n\t\t\t\t<\/div>\n\t\t\t\t\t<\/div>\n\t\t<\/div>\n\t\t\t\t\t<\/div>\n\t\t<\/section>\n\t\t\t\t\t<\/div>\n\t\t<\/div>\n\t\t\t\t\t<\/div>\n\t\t<\/section>\n\t\t\t\t<section class=\"elementor-section elementor-top-section elementor-element elementor-element-e7612db elementor-section-boxed elementor-section-height-default elementor-section-height-default\" data-id=\"e7612db\" data-element_type=\"section\">\n\t\t\t\t\t\t<div class=\"elementor-container elementor-column-gap-default\">\n\t\t\t\t\t<div class=\"elementor-column elementor-col-50 elementor-top-column elementor-element elementor-element-b25ff5e\" data-id=\"b25ff5e\" data-element_type=\"column\" data-settings=\"{&quot;background_background&quot;:&quot;classic&quot;}\">\n\t\t\t<div class=\"elementor-widget-wrap elementor-element-populated\">\n\t\t\t\t\t\t<div class=\"elementor-element elementor-element-d0d3634 elementor-widget elementor-widget-heading\" data-id=\"d0d3634\" data-element_type=\"widget\" data-widget_type=\"heading.default\">\n\t\t\t\t<div class=\"elementor-widget-container\">\n\t\t\t\t\t<h3 class=\"elementor-heading-title elementor-size-default\">Stability check<\/h3>\t\t\t\t<\/div>\n\t\t\t\t<\/div>\n\t\t\t\t<div class=\"elementor-element elementor-element-71a098c elementor-widget elementor-widget-text-editor\" data-id=\"71a098c\" data-element_type=\"widget\" data-widget_type=\"text-editor.default\">\n\t\t\t\t<div class=\"elementor-widget-container\">\n\t\t\t\t\t\t\t\t\t<p>Vehicle stability (UN\/ECE Regulation No 107 - Uniform provisions concerning the approval of M2 and M3 vehicles with regard to their general construction).<\/p>\t\t\t\t\t\t\t\t<\/div>\n\t\t\t\t<\/div>\n\t\t\t\t\t<\/div>\n\t\t<\/div>\n\t\t\t\t<div class=\"elementor-column elementor-col-50 elementor-top-column elementor-element elementor-element-6ea90eb\" data-id=\"6ea90eb\" data-element_type=\"column\" data-settings=\"{&quot;background_background&quot;:&quot;classic&quot;}\">\n\t\t\t<div class=\"elementor-widget-wrap elementor-element-populated\">\n\t\t\t\t\t\t<div class=\"elementor-element elementor-element-8e2e638 elementor-widget elementor-widget-heading\" data-id=\"8e2e638\" data-element_type=\"widget\" data-widget_type=\"heading.default\">\n\t\t\t\t<div class=\"elementor-widget-container\">\n\t\t\t\t\t<h3 class=\"elementor-heading-title elementor-size-default\">Check seat anchorages<\/h3>\t\t\t\t<\/div>\n\t\t\t\t<\/div>\n\t\t\t\t<div class=\"elementor-element elementor-element-4a91d95 elementor-widget elementor-widget-text-editor\" data-id=\"4a91d95\" data-element_type=\"widget\" data-widget_type=\"text-editor.default\">\n\t\t\t\t<div class=\"elementor-widget-container\">\n\t\t\t\t\t\t\t\t\t<p>(UN\/ECE) Regulation No 80 - Uniform provisions concerning the approval of seats for heavy passenger vehicles and the approval of such vehicles with regard to the strength of the seats and of their anchorages.\u00a0<\/p>\t\t\t\t\t\t\t\t<\/div>\n\t\t\t\t<\/div>\n\t\t\t\t\t<\/div>\n\t\t<\/div>\n\t\t\t\t\t<\/div>\n\t\t<\/section>\n\t\t\t\t<section class=\"elementor-section elementor-top-section elementor-element elementor-element-742b800 elementor-section-boxed elementor-section-height-default elementor-section-height-default\" data-id=\"742b800\" data-element_type=\"section\">\n\t\t\t\t\t\t<div class=\"elementor-container elementor-column-gap-default\">\n\t\t\t\t\t<div class=\"elementor-column elementor-col-100 elementor-top-column elementor-element elementor-element-cd832c4\" data-id=\"cd832c4\" data-element_type=\"column\">\n\t\t\t<div class=\"elementor-widget-wrap elementor-element-populated\">\n\t\t\t\t\t\t<section class=\"elementor-section elementor-inner-section elementor-element elementor-element-b6bcfc1 elementor-section-boxed elementor-section-height-default elementor-section-height-default\" data-id=\"b6bcfc1\" data-element_type=\"section\">\n\t\t\t\t\t\t<div class=\"elementor-container elementor-column-gap-default\">\n\t\t\t\t\t<div class=\"elementor-column elementor-col-50 elementor-inner-column elementor-element elementor-element-b848378\" data-id=\"b848378\" data-element_type=\"column\">\n\t\t\t<div class=\"elementor-widget-wrap elementor-element-populated\">\n\t\t\t\t\t\t<div class=\"elementor-element elementor-element-e9a3afc elementor-widget elementor-widget-heading\" data-id=\"e9a3afc\" data-element_type=\"widget\" data-widget_type=\"heading.default\">\n\t\t\t\t<div class=\"elementor-widget-container\">\n\t\t\t\t\t<h2 class=\"elementor-heading-title elementor-size-default\">Contact<\/h2>\t\t\t\t<\/div>\n\t\t\t\t<\/div>\n\t\t\t\t<div class=\"elementor-element elementor-element-a4475de elementor-widget-divider--view-line elementor-widget elementor-widget-divider\" data-id=\"a4475de\" data-element_type=\"widget\" data-widget_type=\"divider.default\">\n\t\t\t\t<div class=\"elementor-widget-container\">\n\t\t\t\t\t\t\t<div class=\"elementor-divider\">\n\t\t\t<span class=\"elementor-divider-separator\">\n\t\t\t\t\t\t<\/span>\n\t\t<\/div>\n\t\t\t\t\t\t<\/div>\n\t\t\t\t<\/div>\n\t\t\t\t\t<\/div>\n\t\t<\/div>\n\t\t\t\t<div class=\"elementor-column elementor-col-50 elementor-inner-column elementor-element elementor-element-0adb0e8\" data-id=\"0adb0e8\" data-element_type=\"column\">\n\t\t\t<div class=\"elementor-widget-wrap\">\n\t\t\t\t\t\t\t<\/div>\n\t\t<\/div>\n\t\t\t\t\t<\/div>\n\t\t<\/section>\n\t\t\t\t\t<\/div>\n\t\t<\/div>\n\t\t\t\t\t<\/div>\n\t\t<\/section>\n\t\t\t\t<section class=\"elementor-section elementor-top-section elementor-element elementor-element-84646ec elementor-section-boxed elementor-section-height-default elementor-section-height-default\" data-id=\"84646ec\" data-element_type=\"section\">\n\t\t\t\t\t\t<div class=\"elementor-container elementor-column-gap-default\">\n\t\t\t\t\t<div class=\"elementor-column elementor-col-50 elementor-top-column elementor-element elementor-element-d849d56\" data-id=\"d849d56\" data-element_type=\"column\" data-settings=\"{&quot;background_background&quot;:&quot;classic&quot;}\">\n\t\t\t<div class=\"elementor-widget-wrap elementor-element-populated\">\n\t\t\t\t\t\t<div class=\"elementor-element elementor-element-207812f elementor-widget elementor-widget-heading\" data-id=\"207812f\" data-element_type=\"widget\" data-widget_type=\"heading.default\">\n\t\t\t\t<div class=\"elementor-widget-container\">\n\t\t\t\t\t<h3 class=\"elementor-heading-title elementor-size-default\">STC Laboratory Manager, EXPERT, ENGINEER<\/h3>\t\t\t\t<\/div>\n\t\t\t\t<\/div>\n\t\t\t\t<div class=\"elementor-element elementor-element-32e74b9 elementor-widget-divider--view-line elementor-widget elementor-widget-divider\" data-id=\"32e74b9\" data-element_type=\"widget\" data-widget_type=\"divider.default\">\n\t\t\t\t<div class=\"elementor-widget-container\">\n\t\t\t\t\t\t\t<div class=\"elementor-divider\">\n\t\t\t<span class=\"elementor-divider-separator\">\n\t\t\t\t\t\t<\/span>\n\t\t<\/div>\n\t\t\t\t\t\t<\/div>\n\t\t\t\t<\/div>\n\t\t\t\t<div class=\"elementor-element elementor-element-cc8705b elementor-widget elementor-widget-heading\" data-id=\"cc8705b\" data-element_type=\"widget\" data-widget_type=\"heading.default\">\n\t\t\t\t<div class=\"elementor-widget-container\">\n\t\t\t\t\t<h4 class=\"elementor-heading-title elementor-size-default\">Andris Circenis<\/h4>\t\t\t\t<\/div>\n\t\t\t\t<\/div>\n\t\t\t\t<div class=\"elementor-element elementor-element-a1663eb elementor-widget elementor-widget-heading\" data-id=\"a1663eb\" data-element_type=\"widget\" data-widget_type=\"heading.default\">\n\t\t\t\t<div class=\"elementor-widget-container\">\n\t\t\t\t\t<h6 class=\"elementor-heading-title elementor-size-default\"><a href=\"tel:+37126666666\">+371 20007097<\/a><\/h6>\t\t\t\t<\/div>\n\t\t\t\t<\/div>\n\t\t\t\t<div class=\"elementor-element elementor-element-344d26b elementor-widget elementor-widget-heading\" data-id=\"344d26b\" data-element_type=\"widget\" data-widget_type=\"heading.default\">\n\t\t\t\t<div class=\"elementor-widget-container\">\n\t\t\t\t\t<h6 class=\"elementor-heading-title elementor-size-default\"><a href=\"mailto:direktors@stc.lv\">andris.circenis@stc.lv<\/a><\/h6>\t\t\t\t<\/div>\n\t\t\t\t<\/div>\n\t\t\t\t\t<\/div>\n\t\t<\/div>\n\t\t\t\t<div class=\"elementor-column elementor-col-50 elementor-top-column elementor-element elementor-element-070a584\" data-id=\"070a584\" data-element_type=\"column\" data-settings=\"{&quot;background_background&quot;:&quot;classic&quot;}\">\n\t\t\t<div class=\"elementor-widget-wrap\">\n\t\t\t\t\t\t\t<\/div>\n\t\t<\/div>\n\t\t\t\t\t<\/div>\n\t\t<\/section>\n\t\t\t\t<\/div>","protected":false},"excerpt":{"rendered":"<p>Testing of converted vehicles Stability test. If you have converted an M or N category vehicle, the following tests are required by UNECE regulations for type approval by the CSDD: Contact us! Send message Service types Stability test Vehicle stability (UN\/ECE Regulation No.107 - Uniform provisions concerning the approval of category M2 and M3 vehicles with regard to their general [...]<\/p>","protected":false},"author":1,"featured_media":0,"parent":0,"menu_order":0,"comment_status":"closed","ping_status":"closed","template":"","meta":{"footnotes":""},"class_list":["post-324","page","type-page","status-publish","hentry"],"yoast_head":"<!-- This site is optimized with the Yoast SEO plugin v26.3 - https:\/\/yoast.com\/wordpress\/plugins\/seo\/ -->\n<title>P\u0101rb\u016bv\u0113tu transportl\u012bdzek\u013cu test\u0113\u0161ana - STC<\/title>\n<meta name=\"robots\" content=\"index, follow, max-snippet:-1, max-image-preview:large, max-video-preview:-1\" \/>\n<link rel=\"canonical\" href=\"https:\/\/stc.lv\/en\/parbuvet-testesana\/\" \/>\n<meta property=\"og:locale\" content=\"en_GB\" \/>\n<meta property=\"og:type\" content=\"article\" \/>\n<meta property=\"og:title\" content=\"P\u0101rb\u016bv\u0113tu transportl\u012bdzek\u013cu test\u0113\u0161ana - STC\" \/>\n<meta property=\"og:description\" content=\"P\u0101rb\u016bv\u0113tu transportl\u012bdzek\u013cu test\u0113\u0161ana Stabilit\u0101tes p\u0101rbaude. Ja, esiet p\u0101rb\u016bv\u0113ju\u0161i M vai N kategorijas transportl\u012bdzekli, tad saska\u0146\u0101 ar ANO EEK noteikumiem, CSDD tipa apstiprin\u0101juma sa\u0146em\u0161anai, veicot transportl\u012bdzek\u013ca p\u0101rb\u016bvi j\u0101test\u0113: Sazinies ar mums! Nos\u016bt\u012bt zi\u0146u Pakalpojumu veidi Stabilit\u0101tes p\u0101rbaude Transportl\u012bdzek\u013cu stabilit\u0101te (ANO\/EEK noteikumi Nr.107 &#8211; Vienoti noteikumi par M2 un M3 kategorijas transportl\u012bdzek\u013cu apstiprin\u0101\u0161anu attiec\u012bb\u0101 uz to visp\u0101r\u012bgo [&hellip;]\" \/>\n<meta property=\"og:url\" content=\"https:\/\/stc.lv\/en\/parbuvet-testesana\/\" \/>\n<meta property=\"og:site_name\" content=\"STC\" \/>\n<meta property=\"article:publisher\" content=\"https:\/\/www.facebook.com\/profile.php?id=61560801215590\" \/>\n<meta property=\"article:modified_time\" content=\"2025-03-11T06:53:41+00:00\" \/>\n<meta name=\"twitter:card\" content=\"summary_large_image\" \/>\n<meta name=\"twitter:label1\" content=\"Estimated reading time\" \/>\n\t<meta name=\"twitter:data1\" content=\"1 minute\" \/>\n<script type=\"application\/ld+json\" class=\"yoast-schema-graph\">{\"@context\":\"https:\/\/schema.org\",\"@graph\":[{\"@type\":\"WebPage\",\"@id\":\"https:\/\/stc.lv\/parbuvetu-transportlidzeklu-testesana\/\",\"url\":\"https:\/\/stc.lv\/parbuvetu-transportlidzeklu-testesana\/\",\"name\":\"P\u0101rb\u016bv\u0113tu transportl\u012bdzek\u013cu test\u0113\u0161ana - STC\",\"isPartOf\":{\"@id\":\"https:\/\/stc.lv\/#website\"},\"datePublished\":\"2021-03-29T13:17:47+00:00\",\"dateModified\":\"2025-03-11T06:53:41+00:00\",\"breadcrumb\":{\"@id\":\"https:\/\/stc.lv\/parbuvetu-transportlidzeklu-testesana\/#breadcrumb\"},\"inLanguage\":\"en-GB\",\"potentialAction\":[{\"@type\":\"ReadAction\",\"target\":[\"https:\/\/stc.lv\/parbuvetu-transportlidzeklu-testesana\/\"]}]},{\"@type\":\"BreadcrumbList\",\"@id\":\"https:\/\/stc.lv\/parbuvetu-transportlidzeklu-testesana\/#breadcrumb\",\"itemListElement\":[{\"@type\":\"ListItem\",\"position\":1,\"name\":\"Home\",\"item\":\"https:\/\/stc.lv\/\"},{\"@type\":\"ListItem\",\"position\":2,\"name\":\"P\u0101rb\u016bv\u0113tu transportl\u012bdzek\u013cu test\u0113\u0161ana\"}]},{\"@type\":\"WebSite\",\"@id\":\"https:\/\/stc.lv\/#website\",\"url\":\"https:\/\/stc.lv\/\",\"name\":\"STC\",\"description\":\"Biolo\u0123isk\u0101 sertifik\u0101cija\",\"publisher\":{\"@id\":\"https:\/\/stc.lv\/#organization\"},\"alternateName\":\"Sertifik\u0101cijas un test\u0113\u0161anas centrs\",\"potentialAction\":[{\"@type\":\"SearchAction\",\"target\":{\"@type\":\"EntryPoint\",\"urlTemplate\":\"https:\/\/stc.lv\/?s={search_term_string}\"},\"query-input\":{\"@type\":\"PropertyValueSpecification\",\"valueRequired\":true,\"valueName\":\"search_term_string\"}}],\"inLanguage\":\"en-GB\"},{\"@type\":\"Organization\",\"@id\":\"https:\/\/stc.lv\/#organization\",\"name\":\"SIA \u201cSertifik\u0101cijas un test\u0113\u0161anas centrs\u201d\",\"alternateName\":\"STC\",\"url\":\"https:\/\/stc.lv\/\",\"logo\":{\"@type\":\"ImageObject\",\"inLanguage\":\"en-GB\",\"@id\":\"https:\/\/stc.lv\/#\/schema\/logo\/image\/\",\"url\":\"https:\/\/stc.lv\/wp-content\/uploads\/2020\/02\/STC-113-1.png\",\"contentUrl\":\"https:\/\/stc.lv\/wp-content\/uploads\/2020\/02\/STC-113-1.png\",\"width\":1950,\"height\":794,\"caption\":\"SIA \u201cSertifik\u0101cijas un test\u0113\u0161anas centrs\u201d\"},\"image\":{\"@id\":\"https:\/\/stc.lv\/#\/schema\/logo\/image\/\"},\"sameAs\":[\"https:\/\/www.facebook.com\/profile.php?id=61560801215590\",\"https:\/\/www.instagram.com\/sertifikacija_stc\/\"]}]}<\/script>\n<!-- \/ Yoast SEO plugin. -->","yoast_head_json":{"title":"Testing of rebuilt vehicles - STC","robots":{"index":"index","follow":"follow","max-snippet":"max-snippet:-1","max-image-preview":"max-image-preview:large","max-video-preview":"max-video-preview:-1"},"canonical":"https:\/\/stc.lv\/en\/parbuvet-testesana\/","og_locale":"en_GB","og_type":"article","og_title":"P\u0101rb\u016bv\u0113tu transportl\u012bdzek\u013cu test\u0113\u0161ana - STC","og_description":"P\u0101rb\u016bv\u0113tu transportl\u012bdzek\u013cu test\u0113\u0161ana Stabilit\u0101tes p\u0101rbaude. Ja, esiet p\u0101rb\u016bv\u0113ju\u0161i M vai N kategorijas transportl\u012bdzekli, tad saska\u0146\u0101 ar ANO EEK noteikumiem, CSDD tipa apstiprin\u0101juma sa\u0146em\u0161anai, veicot transportl\u012bdzek\u013ca p\u0101rb\u016bvi j\u0101test\u0113: Sazinies ar mums! Nos\u016bt\u012bt zi\u0146u Pakalpojumu veidi Stabilit\u0101tes p\u0101rbaude Transportl\u012bdzek\u013cu stabilit\u0101te (ANO\/EEK noteikumi Nr.107 &#8211; Vienoti noteikumi par M2 un M3 kategorijas transportl\u012bdzek\u013cu apstiprin\u0101\u0161anu attiec\u012bb\u0101 uz to visp\u0101r\u012bgo [&hellip;]","og_url":"https:\/\/stc.lv\/en\/parbuvet-testesana\/","og_site_name":"STC","article_publisher":"https:\/\/www.facebook.com\/profile.php?id=61560801215590","article_modified_time":"2025-03-11T06:53:41+00:00","twitter_card":"summary_large_image","twitter_misc":{"Estimated reading time":"1 minute"},"schema":{"@context":"https:\/\/schema.org","@graph":[{"@type":"WebPage","@id":"https:\/\/stc.lv\/parbuvetu-transportlidzeklu-testesana\/","url":"https:\/\/stc.lv\/parbuvetu-transportlidzeklu-testesana\/","name":"Testing of rebuilt vehicles - STC","isPartOf":{"@id":"https:\/\/stc.lv\/#website"},"datePublished":"2021-03-29T13:17:47+00:00","dateModified":"2025-03-11T06:53:41+00:00","breadcrumb":{"@id":"https:\/\/stc.lv\/parbuvetu-transportlidzeklu-testesana\/#breadcrumb"},"inLanguage":"en-GB","potentialAction":[{"@type":"ReadAction","target":["https:\/\/stc.lv\/parbuvetu-transportlidzeklu-testesana\/"]}]},{"@type":"BreadcrumbList","@id":"https:\/\/stc.lv\/parbuvetu-transportlidzeklu-testesana\/#breadcrumb","itemListElement":[{"@type":"ListItem","position":1,"name":"Home","item":"https:\/\/stc.lv\/"},{"@type":"ListItem","position":2,"name":"P\u0101rb\u016bv\u0113tu transportl\u012bdzek\u013cu test\u0113\u0161ana"}]},{"@type":"WebSite","@id":"https:\/\/stc.lv\/#website","url":"https:\/\/stc.lv\/","name":"STC","description":"Organic certification","publisher":{"@id":"https:\/\/stc.lv\/#organization"},"alternateName":"Sertifik\u0101cijas un test\u0113\u0161anas centrs","potentialAction":[{"@type":"SearchAction","target":{"@type":"EntryPoint","urlTemplate":"https:\/\/stc.lv\/?s={search_term_string}"},"query-input":{"@type":"PropertyValueSpecification","valueRequired":true,"valueName":"search_term_string"}}],"inLanguage":"en-GB"},{"@type":"Organization","@id":"https:\/\/stc.lv\/#organization","name":"SIA \"Certification and Testing Centre\"","alternateName":"STC","url":"https:\/\/stc.lv\/","logo":{"@type":"ImageObject","inLanguage":"en-GB","@id":"https:\/\/stc.lv\/#\/schema\/logo\/image\/","url":"https:\/\/stc.lv\/wp-content\/uploads\/2020\/02\/STC-113-1.png","contentUrl":"https:\/\/stc.lv\/wp-content\/uploads\/2020\/02\/STC-113-1.png","width":1950,"height":794,"caption":"SIA \u201cSertifik\u0101cijas un test\u0113\u0161anas centrs\u201d"},"image":{"@id":"https:\/\/stc.lv\/#\/schema\/logo\/image\/"},"sameAs":["https:\/\/www.facebook.com\/profile.php?id=61560801215590","https:\/\/www.instagram.com\/sertifikacija_stc\/"]}]}},"rttpg_featured_image_url":null,"rttpg_author":{"display_name":"admin","author_link":"https:\/\/stc.lv\/en\/author\/info_555hqm4r\/"},"rttpg_comment":0,"rttpg_category":null,"rttpg_excerpt":"P\u0101rb\u016bv\u0113tu transportl\u012bdzek\u013cu test\u0113\u0161ana Stabilit\u0101tes p\u0101rbaude. Ja, esiet p\u0101rb\u016bv\u0113ju\u0161i M vai N kategorijas transportl\u012bdzekli, tad saska\u0146\u0101 ar ANO EEK noteikumiem, CSDD tipa apstiprin\u0101juma sa\u0146em\u0161anai, veicot transportl\u012bdzek\u013ca p\u0101rb\u016bvi j\u0101test\u0113: Sazinies ar mums! Nos\u016bt\u012bt zi\u0146u Pakalpojumu veidi Stabilit\u0101tes p\u0101rbaude Transportl\u012bdzek\u013cu stabilit\u0101te (ANO\/EEK noteikumi Nr.107 &#8211; Vienoti noteikumi par M2 un M3 kategorijas transportl\u012bdzek\u013cu apstiprin\u0101\u0161anu attiec\u012bb\u0101 uz to visp\u0101r\u012bgo&hellip;","_links":{"self":[{"href":"https:\/\/stc.lv\/en\/wp-json\/wp\/v2\/pages\/324","targetHints":{"allow":["GET"]}}],"collection":[{"href":"https:\/\/stc.lv\/en\/wp-json\/wp\/v2\/pages"}],"about":[{"href":"https:\/\/stc.lv\/en\/wp-json\/wp\/v2\/types\/page"}],"author":[{"embeddable":true,"href":"https:\/\/stc.lv\/en\/wp-json\/wp\/v2\/users\/1"}],"replies":[{"embeddable":true,"href":"https:\/\/stc.lv\/en\/wp-json\/wp\/v2\/comments?post=324"}],"version-history":[{"count":12,"href":"https:\/\/stc.lv\/en\/wp-json\/wp\/v2\/pages\/324\/revisions"}],"predecessor-version":[{"id":12395,"href":"https:\/\/stc.lv\/en\/wp-json\/wp\/v2\/pages\/324\/revisions\/12395"}],"wp:attachment":[{"href":"https:\/\/stc.lv\/en\/wp-json\/wp\/v2\/media?parent=324"}],"curies":[{"name":"wp","href":"https:\/\/api.w.org\/{rel}","templated":true}]}}