{"id":428,"date":"2021-04-01T14:07:52","date_gmt":"2021-04-01T12:07:52","guid":{"rendered":"https:\/\/stc.lv\/?page_id=428"},"modified":"2025-05-26T06:51:48","modified_gmt":"2025-05-26T06:51:48","slug":"marquesana-for-biological-products","status":"publish","type":"page","link":"https:\/\/stc.lv\/en\/marquesana-for-biological-products\/","title":{"rendered":"Labelling of organic products"},"content":{"rendered":"<div data-elementor-type=\"wp-page\" data-elementor-id=\"428\" class=\"elementor elementor-428\" data-elementor-post-type=\"page\">\n\t\t\t\t\t\t<section class=\"elementor-section elementor-top-section elementor-element elementor-element-a7b71b7 elementor-section-height-min-height elementor-section-boxed elementor-section-height-default elementor-section-items-middle\" data-id=\"a7b71b7\" data-element_type=\"section\" data-e-type=\"section\" data-settings=\"{&quot;background_background&quot;:&quot;classic&quot;}\">\n\t\t\t\t\t\t\t<div class=\"elementor-background-overlay\"><\/div>\n\t\t\t\t\t\t\t<div class=\"elementor-container elementor-column-gap-default\">\n\t\t\t\t\t<div class=\"elementor-column elementor-col-100 elementor-top-column elementor-element elementor-element-dd1b4bf\" data-id=\"dd1b4bf\" data-element_type=\"column\" data-e-type=\"column\">\n\t\t\t<div class=\"elementor-widget-wrap elementor-element-populated\">\n\t\t\t\t\t\t<section class=\"elementor-section elementor-inner-section elementor-element elementor-element-2e2158a elementor-section-boxed elementor-section-height-default elementor-section-height-default\" data-id=\"2e2158a\" data-element_type=\"section\" data-e-type=\"section\">\n\t\t\t\t\t\t<div class=\"elementor-container elementor-column-gap-default\">\n\t\t\t\t\t<div class=\"elementor-column elementor-col-100 elementor-inner-column elementor-element elementor-element-0138c3e\" data-id=\"0138c3e\" data-element_type=\"column\" data-e-type=\"column\">\n\t\t\t<div class=\"elementor-widget-wrap elementor-element-populated\">\n\t\t\t\t\t\t<div class=\"elementor-element elementor-element-70a578b elementor-widget elementor-widget-heading\" data-id=\"70a578b\" data-element_type=\"widget\" data-e-type=\"widget\" data-widget_type=\"heading.default\">\n\t\t\t\t<div class=\"elementor-widget-container\">\n\t\t\t\t\t<h1 class=\"elementor-heading-title elementor-size-default\">Labelling of organic products<\/h1>\t\t\t\t<\/div>\n\t\t\t\t<\/div>\n\t\t\t\t<div class=\"elementor-element elementor-element-a7a413a elementor-widget-divider--view-line elementor-widget elementor-widget-divider\" data-id=\"a7a413a\" data-element_type=\"widget\" data-e-type=\"widget\" data-widget_type=\"divider.default\">\n\t\t\t\t<div class=\"elementor-widget-container\">\n\t\t\t\t\t\t\t<div class=\"elementor-divider\">\n\t\t\t<span class=\"elementor-divider-separator\">\n\t\t\t\t\t\t<\/span>\n\t\t<\/div>\n\t\t\t\t\t\t<\/div>\n\t\t\t\t<\/div>\n\t\t\t\t\t<\/div>\n\t\t<\/div>\n\t\t\t\t\t<\/div>\n\t\t<\/section>\n\t\t\t\t\t<\/div>\n\t\t<\/div>\n\t\t\t\t\t<\/div>\n\t\t<\/section>\n\t\t\t\t<section class=\"elementor-section elementor-top-section elementor-element elementor-element-0894e8f elementor-section-boxed elementor-section-height-default elementor-section-height-default\" data-id=\"0894e8f\" data-element_type=\"section\" data-e-type=\"section\">\n\t\t\t\t\t\t<div class=\"elementor-container elementor-column-gap-default\">\n\t\t\t\t\t<div class=\"elementor-column elementor-col-100 elementor-top-column elementor-element elementor-element-1c569f8\" data-id=\"1c569f8\" data-element_type=\"column\" data-e-type=\"column\">\n\t\t\t<div class=\"elementor-widget-wrap elementor-element-populated\">\n\t\t\t\t\t\t<div class=\"elementor-element elementor-element-99ad711 elementor-widget elementor-widget-text-editor\" data-id=\"99ad711\" data-element_type=\"widget\" data-e-type=\"widget\" data-widget_type=\"text-editor.default\">\n\t\t\t\t<div class=\"elementor-widget-container\">\n\t\t\t\t\t\t\t\t\t<p>The labels 'Bio' and 'Eco' may be used throughout the Community and in any Community language, alone or in combination, for the labelling and advertising of products which comply with the requirements of Regulation (EU) 2018\/848 of the European Parliament and of the Council. For more information visit <a href=\"https:\/\/agriculture.ec.europa.eu\/farming\/organic-farming\/organic-logo_en\">The organic logo - European Commission<\/a><\/p>\t\t\t\t\t\t\t\t<\/div>\n\t\t\t\t<\/div>\n\t\t\t\t\t<\/div>\n\t\t<\/div>\n\t\t\t\t\t<\/div>\n\t\t<\/section>\n\t\t\t\t<section class=\"elementor-section elementor-top-section elementor-element elementor-element-95ff3e7 elementor-section-boxed elementor-section-height-default elementor-section-height-default\" data-id=\"95ff3e7\" data-element_type=\"section\" data-e-type=\"section\">\n\t\t\t\t\t\t\t<div class=\"elementor-background-overlay\"><\/div>\n\t\t\t\t\t\t\t<div class=\"elementor-container elementor-column-gap-default\">\n\t\t\t\t\t<div class=\"elementor-column elementor-col-50 elementor-top-column elementor-element elementor-element-1c1a317\" data-id=\"1c1a317\" data-element_type=\"column\" data-e-type=\"column\">\n\t\t\t<div class=\"elementor-widget-wrap elementor-element-populated\">\n\t\t\t\t\t\t<div class=\"elementor-element elementor-element-8d20340 elementor-widget-mobile__width-initial elementor-widget elementor-widget-heading\" data-id=\"8d20340\" data-element_type=\"widget\" data-e-type=\"widget\" data-widget_type=\"heading.default\">\n\t\t\t\t<div class=\"elementor-widget-container\">\n\t\t\t\t\t<h2 class=\"elementor-heading-title elementor-size-default\">Contact us!<\/h2>\t\t\t\t<\/div>\n\t\t\t\t<\/div>\n\t\t\t\t<div class=\"elementor-element elementor-element-10eb570 elementor-widget-divider--view-line elementor-widget elementor-widget-divider\" data-id=\"10eb570\" data-element_type=\"widget\" data-e-type=\"widget\" data-widget_type=\"divider.default\">\n\t\t\t\t<div class=\"elementor-widget-container\">\n\t\t\t\t\t\t\t<div class=\"elementor-divider\">\n\t\t\t<span class=\"elementor-divider-separator\">\n\t\t\t\t\t\t<\/span>\n\t\t<\/div>\n\t\t\t\t\t\t<\/div>\n\t\t\t\t<\/div>\n\t\t\t\t\t<\/div>\n\t\t<\/div>\n\t\t\t\t<div class=\"elementor-column elementor-col-50 elementor-top-column elementor-element elementor-element-f14cd8d\" data-id=\"f14cd8d\" data-element_type=\"column\" data-e-type=\"column\">\n\t\t\t<div class=\"elementor-widget-wrap elementor-element-populated\">\n\t\t\t\t\t\t<div class=\"elementor-element elementor-element-ad9d069 elementor-align-right elementor-tablet-align-left elementor-widget elementor-widget-button\" data-id=\"ad9d069\" data-element_type=\"widget\" data-e-type=\"widget\" data-widget_type=\"button.default\">\n\t\t\t\t<div class=\"elementor-widget-container\">\n\t\t\t\t\t\t\t\t\t<div class=\"elementor-button-wrapper\">\n\t\t\t\t\t<a class=\"elementor-button elementor-button-link elementor-size-sm\" href=\"#elementor-action%3Aaction%3Dpopup%3Aopen%26settings%3DeyJpZCI6IjEwNjkwIiwidG9nZ2xlIjpmYWxzZX0%3D\">\n\t\t\t\t\t\t<span class=\"elementor-button-content-wrapper\">\n\t\t\t\t\t\t\t\t\t<span class=\"elementor-button-text\">Send a message<\/span>\n\t\t\t\t\t<\/span>\n\t\t\t\t\t<\/a>\n\t\t\t\t<\/div>\n\t\t\t\t\t\t\t\t<\/div>\n\t\t\t\t<\/div>\n\t\t\t\t\t<\/div>\n\t\t<\/div>\n\t\t\t\t\t<\/div>\n\t\t<\/section>\n\t\t\t\t<section class=\"elementor-section elementor-top-section elementor-element elementor-element-cdb300c elementor-section-boxed elementor-section-height-default elementor-section-height-default\" data-id=\"cdb300c\" data-element_type=\"section\" data-e-type=\"section\">\n\t\t\t\t\t\t<div class=\"elementor-container elementor-column-gap-default\">\n\t\t\t\t\t<div class=\"elementor-column elementor-col-50 elementor-top-column elementor-element elementor-element-326e476e\" data-id=\"326e476e\" data-element_type=\"column\" data-e-type=\"column\">\n\t\t\t<div class=\"elementor-widget-wrap elementor-element-populated\">\n\t\t\t\t\t\t<div class=\"elementor-element elementor-element-4a5acd56 elementor-widget elementor-widget-text-editor\" data-id=\"4a5acd56\" data-element_type=\"widget\" data-e-type=\"widget\" data-widget_type=\"text-editor.default\">\n\t\t\t\t<div class=\"elementor-widget-container\">\n\t\t\t\t\t\t\t\t\t<p>The label shall also indicate, in the visual field of the logo, the code of the control body that controls the operator who carried out the last production or preparation. The place where the agricultural raw materials contained in the product were produced shall be indicated below the control body code. This indication shall be in one of the following types, as appropriate: 'Agriculture in the EU' - the agricultural raw materials are produced in the EU; 'Agriculture outside the EU' - the agricultural raw materials are produced in third countries; 'Agriculture in the EU\/outside the EU' - part of the agricultural raw materials are produced in the EU and part in a third country. The indication 'EU' or 'non-EU' may be replaced or supplemented by the name of the country if all the agricultural raw materials contained in the product are grown in that country.<\/p>\t\t\t\t\t\t\t\t<\/div>\n\t\t\t\t<\/div>\n\t\t\t\t<div class=\"elementor-element elementor-element-dd0af3d elementor-widget elementor-widget-text-editor\" data-id=\"dd0af3d\" data-element_type=\"widget\" data-e-type=\"widget\" data-widget_type=\"text-editor.default\">\n\t\t\t\t<div class=\"elementor-widget-container\">\n\t\t\t\t\t\t\t\t\t<p>Information on targeting is available in the description: <strong><a href=\"https:\/\/stc.lv\/wp-content\/uploads\/2025\/05\/organic-logo-user-manual_en.pdf\" target=\"_blank\" rel=\"noreferrer noopener\">THE EU ORGANIC LOGO <\/a><\/strong><\/p>\t\t\t\t\t\t\t\t<\/div>\n\t\t\t\t<\/div>\n\t\t\t\t\t<\/div>\n\t\t<\/div>\n\t\t\t\t<div class=\"elementor-column elementor-col-50 elementor-top-column elementor-element elementor-element-18be0c82\" data-id=\"18be0c82\" data-element_type=\"column\" data-e-type=\"column\">\n\t\t\t<div class=\"elementor-widget-wrap elementor-element-populated\">\n\t\t\t\t\t\t<div class=\"elementor-element elementor-element-26265be3 elementor-widget elementor-widget-image\" data-id=\"26265be3\" data-element_type=\"widget\" data-e-type=\"widget\" data-widget_type=\"image.default\">\n\t\t\t\t<div class=\"elementor-widget-container\">\n\t\t\t\t\t\t\t\t\t\t\t\t\t\t\t\t<a href=\"https:\/\/stc.lv\/wp-content\/uploads\/2022\/05\/Markejuma-paraugs-2.png\" data-elementor-open-lightbox=\"yes\" data-elementor-lightbox-title=\"Mar\u0137\u0113juma paraugs\" data-e-action-hash=\"#elementor-action%3Aaction%3Dlightbox%26settings%3DeyJpZCI6NDMyMCwidXJsIjoiaHR0cHM6XC9cL3N0Yy5sdlwvd3AtY29udGVudFwvdXBsb2Fkc1wvMjAyMlwvMDVcL01hcmtlanVtYS1wYXJhdWdzLTIucG5nIn0%3D\">\n\t\t\t\t\t\t\t<img fetchpriority=\"high\" decoding=\"async\" width=\"1300\" height=\"940\" src=\"https:\/\/stc.lv\/wp-content\/uploads\/2022\/05\/Markejuma-paraugs-2.png\" class=\"attachment-full size-full wp-image-4320\" alt=\"\" srcset=\"https:\/\/stc.lv\/wp-content\/uploads\/2022\/05\/Markejuma-paraugs-2.png 1300w, https:\/\/stc.lv\/wp-content\/uploads\/2022\/05\/Markejuma-paraugs-2-300x217.png 300w, https:\/\/stc.lv\/wp-content\/uploads\/2022\/05\/Markejuma-paraugs-2-1024x740.png 1024w, https:\/\/stc.lv\/wp-content\/uploads\/2022\/05\/Markejuma-paraugs-2-768x555.png 768w\" sizes=\"(max-width: 1300px) 100vw, 1300px\" \/>\t\t\t\t\t\t\t\t<\/a>\n\t\t\t\t\t\t\t\t\t\t\t\t\t\t\t<\/div>\n\t\t\t\t<\/div>\n\t\t\t\t\t<\/div>\n\t\t<\/div>\n\t\t\t\t\t<\/div>\n\t\t<\/section>\n\t\t\t\t<\/div>","protected":false},"excerpt":{"rendered":"<p>Biolo\u0123isko produktu mar\u0137\u0113\u0161ana Mar\u0137\u0113jum\u0101 \u201cBio\u201d un \u2018\u2019Eko\u201d var izmantot vis\u0101 Kopien\u0101 un jebkur\u0101 Kopienas valod\u0101, atsevi\u0161\u0137i vai saist\u012bti, t\u0101du produktu mar\u0137\u0113\u0161anai un reklam\u0113\u0161anai, kuri atbilst Eiropas Parlamenta un Padomes Regula (ES) 2018\/848 pras\u012bb\u0101m. S\u012bk\u0101k The organic logo &#8211; European Commission Sazinies ar mums! Nos\u016bt\u012bt zi\u0146u Mar\u0137\u0113jum\u0101 nor\u0101da: ES biolo\u0123isk\u0101s lauksaimniec\u012bbas logotipu Logotipa vizu\u0101laj\u0101 lauk\u0101 nor\u0101da [&hellip;]<\/p>\n","protected":false},"author":1,"featured_media":0,"parent":0,"menu_order":0,"comment_status":"closed","ping_status":"closed","template":"","meta":{"footnotes":""},"class_list":["post-428","page","type-page","status-publish","hentry"],"yoast_head":"<!-- This site is optimized with the Yoast SEO plugin v27.4 - https:\/\/yoast.com\/product\/yoast-seo-wordpress\/ -->\n<title>Biolo\u0123isko produktu mar\u0137\u0113\u0161ana - STC<\/title>\n<meta name=\"robots\" content=\"index, follow, max-snippet:-1, max-image-preview:large, max-video-preview:-1\" \/>\n<link rel=\"canonical\" href=\"https:\/\/stc.lv\/en\/marquesana-for-biological-products\/\" \/>\n<meta property=\"og:locale\" content=\"en_GB\" \/>\n<meta property=\"og:type\" content=\"article\" \/>\n<meta property=\"og:title\" content=\"Biolo\u0123isko produktu mar\u0137\u0113\u0161ana - STC\" \/>\n<meta property=\"og:description\" content=\"Biolo\u0123isko produktu mar\u0137\u0113\u0161ana Mar\u0137\u0113jum\u0101 \u201cBio\u201d un \u2018\u2019Eko\u201d var izmantot vis\u0101 Kopien\u0101 un jebkur\u0101 Kopienas valod\u0101, atsevi\u0161\u0137i vai saist\u012bti, t\u0101du produktu mar\u0137\u0113\u0161anai un reklam\u0113\u0161anai, kuri atbilst Eiropas Parlamenta un Padomes Regula (ES) 2018\/848 pras\u012bb\u0101m. S\u012bk\u0101k The organic logo &#8211; European Commission Sazinies ar mums! Nos\u016bt\u012bt zi\u0146u Mar\u0137\u0113jum\u0101 nor\u0101da: ES biolo\u0123isk\u0101s lauksaimniec\u012bbas logotipu Logotipa vizu\u0101laj\u0101 lauk\u0101 nor\u0101da [&hellip;]\" \/>\n<meta property=\"og:url\" content=\"https:\/\/stc.lv\/en\/marquesana-for-biological-products\/\" \/>\n<meta property=\"og:site_name\" content=\"STC\" \/>\n<meta property=\"article:publisher\" content=\"https:\/\/www.facebook.com\/profile.php?id=61560801215590\" \/>\n<meta property=\"article:modified_time\" content=\"2025-05-26T06:51:48+00:00\" \/>\n<meta property=\"og:image\" content=\"https:\/\/stc.lv\/wp-content\/uploads\/2022\/05\/Markejuma-paraugs-2.png\" \/>\n\t<meta property=\"og:image:width\" content=\"1300\" \/>\n\t<meta property=\"og:image:height\" content=\"940\" \/>\n\t<meta property=\"og:image:type\" content=\"image\/png\" \/>\n<meta name=\"twitter:card\" content=\"summary_large_image\" \/>\n<meta name=\"twitter:label1\" content=\"Estimated reading time\" \/>\n\t<meta name=\"twitter:data1\" content=\"2 minutes\" \/>\n<script type=\"application\/ld+json\" class=\"yoast-schema-graph\">{\"@context\":\"https:\\\/\\\/schema.org\",\"@graph\":[{\"@type\":\"WebPage\",\"@id\":\"https:\\\/\\\/stc.lv\\\/biologisko-produktu-markesana\\\/\",\"url\":\"https:\\\/\\\/stc.lv\\\/biologisko-produktu-markesana\\\/\",\"name\":\"Biolo\u0123isko produktu mar\u0137\u0113\u0161ana - STC\",\"isPartOf\":{\"@id\":\"https:\\\/\\\/stc.lv\\\/#website\"},\"primaryImageOfPage\":{\"@id\":\"https:\\\/\\\/stc.lv\\\/biologisko-produktu-markesana\\\/#primaryimage\"},\"image\":{\"@id\":\"https:\\\/\\\/stc.lv\\\/biologisko-produktu-markesana\\\/#primaryimage\"},\"thumbnailUrl\":\"https:\\\/\\\/stc.lv\\\/wp-content\\\/uploads\\\/2022\\\/05\\\/Markejuma-paraugs-2.png\",\"datePublished\":\"2021-04-01T12:07:52+00:00\",\"dateModified\":\"2025-05-26T06:51:48+00:00\",\"breadcrumb\":{\"@id\":\"https:\\\/\\\/stc.lv\\\/biologisko-produktu-markesana\\\/#breadcrumb\"},\"inLanguage\":\"en-GB\",\"potentialAction\":[{\"@type\":\"ReadAction\",\"target\":[\"https:\\\/\\\/stc.lv\\\/biologisko-produktu-markesana\\\/\"]}]},{\"@type\":\"ImageObject\",\"inLanguage\":\"en-GB\",\"@id\":\"https:\\\/\\\/stc.lv\\\/biologisko-produktu-markesana\\\/#primaryimage\",\"url\":\"https:\\\/\\\/stc.lv\\\/wp-content\\\/uploads\\\/2022\\\/05\\\/Markejuma-paraugs-2.png\",\"contentUrl\":\"https:\\\/\\\/stc.lv\\\/wp-content\\\/uploads\\\/2022\\\/05\\\/Markejuma-paraugs-2.png\"},{\"@type\":\"BreadcrumbList\",\"@id\":\"https:\\\/\\\/stc.lv\\\/biologisko-produktu-markesana\\\/#breadcrumb\",\"itemListElement\":[{\"@type\":\"ListItem\",\"position\":1,\"name\":\"Home\",\"item\":\"https:\\\/\\\/stc.lv\\\/\"},{\"@type\":\"ListItem\",\"position\":2,\"name\":\"Biolo\u0123isko produktu mar\u0137\u0113\u0161ana\"}]},{\"@type\":\"WebSite\",\"@id\":\"https:\\\/\\\/stc.lv\\\/#website\",\"url\":\"https:\\\/\\\/stc.lv\\\/\",\"name\":\"STC\",\"description\":\"Biolo\u0123isk\u0101 sertifik\u0101cija\",\"publisher\":{\"@id\":\"https:\\\/\\\/stc.lv\\\/#organization\"},\"alternateName\":\"Sertifik\u0101cijas un test\u0113\u0161anas centrs\",\"potentialAction\":[{\"@type\":\"SearchAction\",\"target\":{\"@type\":\"EntryPoint\",\"urlTemplate\":\"https:\\\/\\\/stc.lv\\\/?s={search_term_string}\"},\"query-input\":{\"@type\":\"PropertyValueSpecification\",\"valueRequired\":true,\"valueName\":\"search_term_string\"}}],\"inLanguage\":\"en-GB\"},{\"@type\":\"Organization\",\"@id\":\"https:\\\/\\\/stc.lv\\\/#organization\",\"name\":\"SIA \u201cSertifik\u0101cijas un test\u0113\u0161anas centrs\u201d\",\"alternateName\":\"STC\",\"url\":\"https:\\\/\\\/stc.lv\\\/\",\"logo\":{\"@type\":\"ImageObject\",\"inLanguage\":\"en-GB\",\"@id\":\"https:\\\/\\\/stc.lv\\\/#\\\/schema\\\/logo\\\/image\\\/\",\"url\":\"https:\\\/\\\/stc.lv\\\/wp-content\\\/uploads\\\/2020\\\/02\\\/STC-113-1.png\",\"contentUrl\":\"https:\\\/\\\/stc.lv\\\/wp-content\\\/uploads\\\/2020\\\/02\\\/STC-113-1.png\",\"width\":1950,\"height\":794,\"caption\":\"SIA \u201cSertifik\u0101cijas un test\u0113\u0161anas centrs\u201d\"},\"image\":{\"@id\":\"https:\\\/\\\/stc.lv\\\/#\\\/schema\\\/logo\\\/image\\\/\"},\"sameAs\":[\"https:\\\/\\\/www.facebook.com\\\/profile.php?id=61560801215590\",\"https:\\\/\\\/www.instagram.com\\\/sertifikacija_stc\\\/\"]}]}<\/script>\n<!-- \/ Yoast SEO plugin. -->","yoast_head_json":{"title":"Labelling of organic products - STC","robots":{"index":"index","follow":"follow","max-snippet":"max-snippet:-1","max-image-preview":"max-image-preview:large","max-video-preview":"max-video-preview:-1"},"canonical":"https:\/\/stc.lv\/en\/marquesana-for-biological-products\/","og_locale":"en_GB","og_type":"article","og_title":"Biolo\u0123isko produktu mar\u0137\u0113\u0161ana - STC","og_description":"Biolo\u0123isko produktu mar\u0137\u0113\u0161ana Mar\u0137\u0113jum\u0101 \u201cBio\u201d un \u2018\u2019Eko\u201d var izmantot vis\u0101 Kopien\u0101 un jebkur\u0101 Kopienas valod\u0101, atsevi\u0161\u0137i vai saist\u012bti, t\u0101du produktu mar\u0137\u0113\u0161anai un reklam\u0113\u0161anai, kuri atbilst Eiropas Parlamenta un Padomes Regula (ES) 2018\/848 pras\u012bb\u0101m. S\u012bk\u0101k The organic logo &#8211; European Commission Sazinies ar mums! Nos\u016bt\u012bt zi\u0146u Mar\u0137\u0113jum\u0101 nor\u0101da: ES biolo\u0123isk\u0101s lauksaimniec\u012bbas logotipu Logotipa vizu\u0101laj\u0101 lauk\u0101 nor\u0101da [&hellip;]","og_url":"https:\/\/stc.lv\/en\/marquesana-for-biological-products\/","og_site_name":"STC","article_publisher":"https:\/\/www.facebook.com\/profile.php?id=61560801215590","article_modified_time":"2025-05-26T06:51:48+00:00","og_image":[{"width":1300,"height":940,"url":"https:\/\/stc.lv\/wp-content\/uploads\/2022\/05\/Markejuma-paraugs-2.png","type":"image\/png"}],"twitter_card":"summary_large_image","twitter_misc":{"Estimated reading time":"2 minutes"},"schema":{"@context":"https:\/\/schema.org","@graph":[{"@type":"WebPage","@id":"https:\/\/stc.lv\/biologisko-produktu-markesana\/","url":"https:\/\/stc.lv\/biologisko-produktu-markesana\/","name":"Labelling of organic products - STC","isPartOf":{"@id":"https:\/\/stc.lv\/#website"},"primaryImageOfPage":{"@id":"https:\/\/stc.lv\/biologisko-produktu-markesana\/#primaryimage"},"image":{"@id":"https:\/\/stc.lv\/biologisko-produktu-markesana\/#primaryimage"},"thumbnailUrl":"https:\/\/stc.lv\/wp-content\/uploads\/2022\/05\/Markejuma-paraugs-2.png","datePublished":"2021-04-01T12:07:52+00:00","dateModified":"2025-05-26T06:51:48+00:00","breadcrumb":{"@id":"https:\/\/stc.lv\/biologisko-produktu-markesana\/#breadcrumb"},"inLanguage":"en-GB","potentialAction":[{"@type":"ReadAction","target":["https:\/\/stc.lv\/biologisko-produktu-markesana\/"]}]},{"@type":"ImageObject","inLanguage":"en-GB","@id":"https:\/\/stc.lv\/biologisko-produktu-markesana\/#primaryimage","url":"https:\/\/stc.lv\/wp-content\/uploads\/2022\/05\/Markejuma-paraugs-2.png","contentUrl":"https:\/\/stc.lv\/wp-content\/uploads\/2022\/05\/Markejuma-paraugs-2.png"},{"@type":"BreadcrumbList","@id":"https:\/\/stc.lv\/biologisko-produktu-markesana\/#breadcrumb","itemListElement":[{"@type":"ListItem","position":1,"name":"Home","item":"https:\/\/stc.lv\/"},{"@type":"ListItem","position":2,"name":"Biolo\u0123isko produktu mar\u0137\u0113\u0161ana"}]},{"@type":"WebSite","@id":"https:\/\/stc.lv\/#website","url":"https:\/\/stc.lv\/","name":"STC","description":"Organic certification","publisher":{"@id":"https:\/\/stc.lv\/#organization"},"alternateName":"Sertifik\u0101cijas un test\u0113\u0161anas centrs","potentialAction":[{"@type":"SearchAction","target":{"@type":"EntryPoint","urlTemplate":"https:\/\/stc.lv\/?s={search_term_string}"},"query-input":{"@type":"PropertyValueSpecification","valueRequired":true,"valueName":"search_term_string"}}],"inLanguage":"en-GB"},{"@type":"Organization","@id":"https:\/\/stc.lv\/#organization","name":"SIA \"Certification and Testing Centre\"","alternateName":"STC","url":"https:\/\/stc.lv\/","logo":{"@type":"ImageObject","inLanguage":"en-GB","@id":"https:\/\/stc.lv\/#\/schema\/logo\/image\/","url":"https:\/\/stc.lv\/wp-content\/uploads\/2020\/02\/STC-113-1.png","contentUrl":"https:\/\/stc.lv\/wp-content\/uploads\/2020\/02\/STC-113-1.png","width":1950,"height":794,"caption":"SIA \u201cSertifik\u0101cijas un test\u0113\u0161anas centrs\u201d"},"image":{"@id":"https:\/\/stc.lv\/#\/schema\/logo\/image\/"},"sameAs":["https:\/\/www.facebook.com\/profile.php?id=61560801215590","https:\/\/www.instagram.com\/sertifikacija_stc\/"]}]}},"rttpg_featured_image_url":null,"rttpg_author":{"display_name":"admin","author_link":"https:\/\/stc.lv\/en\/author\/info_555hqm4r\/"},"rttpg_comment":0,"rttpg_category":null,"rttpg_excerpt":"Biolo\u0123isko produktu mar\u0137\u0113\u0161ana Mar\u0137\u0113jum\u0101 \u201cBio\u201d un \u2018\u2019Eko\u201d var izmantot vis\u0101 Kopien\u0101 un jebkur\u0101 Kopienas valod\u0101, atsevi\u0161\u0137i vai saist\u012bti, t\u0101du produktu mar\u0137\u0113\u0161anai un reklam\u0113\u0161anai, kuri atbilst Eiropas Parlamenta un Padomes Regula (ES) 2018\/848 pras\u012bb\u0101m. S\u012bk\u0101k The organic logo &#8211; European Commission Sazinies ar mums! Nos\u016bt\u012bt zi\u0146u Mar\u0137\u0113jum\u0101 nor\u0101da: ES biolo\u0123isk\u0101s lauksaimniec\u012bbas logotipu Logotipa vizu\u0101laj\u0101 lauk\u0101 nor\u0101da&hellip;","_links":{"self":[{"href":"https:\/\/stc.lv\/en\/wp-json\/wp\/v2\/pages\/428","targetHints":{"allow":["GET"]}}],"collection":[{"href":"https:\/\/stc.lv\/en\/wp-json\/wp\/v2\/pages"}],"about":[{"href":"https:\/\/stc.lv\/en\/wp-json\/wp\/v2\/types\/page"}],"author":[{"embeddable":true,"href":"https:\/\/stc.lv\/en\/wp-json\/wp\/v2\/users\/1"}],"replies":[{"embeddable":true,"href":"https:\/\/stc.lv\/en\/wp-json\/wp\/v2\/comments?post=428"}],"version-history":[{"count":9,"href":"https:\/\/stc.lv\/en\/wp-json\/wp\/v2\/pages\/428\/revisions"}],"predecessor-version":[{"id":13086,"href":"https:\/\/stc.lv\/en\/wp-json\/wp\/v2\/pages\/428\/revisions\/13086"}],"wp:attachment":[{"href":"https:\/\/stc.lv\/en\/wp-json\/wp\/v2\/media?parent=428"}],"curies":[{"name":"wp","href":"https:\/\/api.w.org\/{rel}","templated":true}]}}