{"id":5895,"date":"2022-09-16T15:21:47","date_gmt":"2022-09-16T13:21:47","guid":{"rendered":"https:\/\/stc.lv\/?page_id=5895"},"modified":"2025-10-28T09:31:55","modified_gmt":"2025-10-28T09:31:55","slug":"stc-laboratories-testesanas-insenier-2","status":"publish","type":"page","link":"https:\/\/stc.lv\/en\/stc-laboratories-testesanas-insenier-2\/","title":{"rendered":"STC Laboratory Test Engineer"},"content":{"rendered":"<div data-elementor-type=\"wp-page\" data-elementor-id=\"5895\" class=\"elementor elementor-5895\" data-elementor-post-type=\"page\">\n\t\t\t\t\t\t<section class=\"elementor-section elementor-top-section elementor-element elementor-element-b87c17e elementor-section-height-min-height elementor-section-boxed elementor-section-height-default elementor-section-items-middle\" data-id=\"b87c17e\" data-element_type=\"section\" data-e-type=\"section\" data-settings=\"{&quot;background_background&quot;:&quot;classic&quot;}\">\n\t\t\t\t\t\t\t<div class=\"elementor-background-overlay\"><\/div>\n\t\t\t\t\t\t\t<div class=\"elementor-container elementor-column-gap-default\">\n\t\t\t\t\t<div class=\"elementor-column elementor-col-100 elementor-top-column elementor-element elementor-element-f51deeb\" data-id=\"f51deeb\" data-element_type=\"column\" data-e-type=\"column\">\n\t\t\t<div class=\"elementor-widget-wrap elementor-element-populated\">\n\t\t\t\t\t\t<section class=\"elementor-section elementor-inner-section elementor-element elementor-element-d60d133 elementor-section-boxed elementor-section-height-default elementor-section-height-default\" data-id=\"d60d133\" data-element_type=\"section\" data-e-type=\"section\">\n\t\t\t\t\t\t<div class=\"elementor-container elementor-column-gap-default\">\n\t\t\t\t\t<div class=\"elementor-column elementor-col-100 elementor-inner-column elementor-element elementor-element-fa7757b\" data-id=\"fa7757b\" data-element_type=\"column\" data-e-type=\"column\">\n\t\t\t<div class=\"elementor-widget-wrap elementor-element-populated\">\n\t\t\t\t\t\t<div class=\"elementor-element elementor-element-5269aef elementor-widget elementor-widget-heading\" data-id=\"5269aef\" data-element_type=\"widget\" data-e-type=\"widget\" data-widget_type=\"heading.default\">\n\t\t\t\t<div class=\"elementor-widget-container\">\n\t\t\t\t\t<h1 class=\"elementor-heading-title elementor-size-default\">STC Laboratory Test Engineer<\/h1>\t\t\t\t<\/div>\n\t\t\t\t<\/div>\n\t\t\t\t<div class=\"elementor-element elementor-element-b36b8a3 elementor-widget-divider--view-line elementor-widget elementor-widget-divider\" data-id=\"b36b8a3\" data-element_type=\"widget\" data-e-type=\"widget\" data-widget_type=\"divider.default\">\n\t\t\t\t<div class=\"elementor-widget-container\">\n\t\t\t\t\t\t\t<div class=\"elementor-divider\">\n\t\t\t<span class=\"elementor-divider-separator\">\n\t\t\t\t\t\t<\/span>\n\t\t<\/div>\n\t\t\t\t\t\t<\/div>\n\t\t\t\t<\/div>\n\t\t\t\t\t<\/div>\n\t\t<\/div>\n\t\t\t\t\t<\/div>\n\t\t<\/section>\n\t\t\t\t\t<\/div>\n\t\t<\/div>\n\t\t\t\t\t<\/div>\n\t\t<\/section>\n\t\t\t\t<section class=\"elementor-section elementor-top-section elementor-element elementor-element-777b42dd elementor-section-boxed elementor-section-height-default elementor-section-height-default\" data-id=\"777b42dd\" data-element_type=\"section\" data-e-type=\"section\">\n\t\t\t\t\t\t<div class=\"elementor-container elementor-column-gap-default\">\n\t\t\t\t\t<div class=\"elementor-column elementor-col-100 elementor-top-column elementor-element elementor-element-6591dc40\" data-id=\"6591dc40\" data-element_type=\"column\" data-e-type=\"column\">\n\t\t\t<div class=\"elementor-widget-wrap elementor-element-populated\">\n\t\t\t\t\t\t<div class=\"elementor-element elementor-element-1bdb86bc elementor-widget elementor-widget-text-editor\" data-id=\"1bdb86bc\" data-element_type=\"widget\" data-e-type=\"widget\" data-widget_type=\"text-editor.default\">\n\t\t\t\t<div class=\"elementor-widget-container\">\n\t\t\t\t\t\t\t\t\t<p><span style=\"font-family: Verdana, Piboto; font-size: 16px; font-style: normal; font-weight: 400;\">If you are analytical, concerned about accuracy and quality, interested in testing, inspecting in the technical field<\/span><br style=\"font-family: Verdana, Piboto; font-size: 16px;\" \/><br style=\"font-family: Verdana, Piboto; font-size: 16px;\" \/><span style=\"font-family: Verdana, Piboto; font-size: 16px; font-style: normal; font-weight: 400;\">SIA \"Certification and Testing Centre\" invites applications<\/span><br style=\"font-family: Verdana, Piboto; font-size: 16px;\" \/><strong><span style=\"font-family: Verdana, Piboto; font-size: 16px; font-style: normal;\">laboratory testing ENGINEER(S)<\/span><\/strong><\/p><p><strong>Responsibilities:<\/strong><\/p><ul><li><span style=\"font-size: 16px;\">Testing machinery and agricultural equipment<\/span><\/li><li><span style=\"font-size: 16px;\">Update, improve and develop new testing methods;<\/span><\/li><li><span style=\"font-size: 16px;\">Perform other testing work in the field of laboratory\/inspectorate accreditation;<\/span><\/li><li><span style=\"font-size: 16px;\">Compile and present the results of the testing\/inspection workflow.<\/span><\/li><\/ul><p>\u00a0<\/p><p><strong>Requirements:<\/strong><\/p><ul><li><span style=\"font-family: Verdana, Piboto; font-size: 16px; font-style: normal; font-weight: 400;\">Higher technical engineering education or secondary specialised education in a technical field;<\/span><\/li><li><span style=\"font-family: Verdana, Piboto; font-size: 16px; font-style: normal; font-weight: 400;\">Good knowledge of the national language;<\/span><\/li><li><span style=\"font-family: Verdana, Piboto; font-size: 16px; font-style: normal; font-weight: 400;\">Proficiency in at least one foreign language (preferably Russian or English) at the level of active communication and document production <em>(working with third-country clients, international standards, participation in international exhibitions and organisations)<\/em><\/span><\/li><li><span style=\"font-family: Verdana, Piboto; font-size: 16px; font-style: normal; font-weight: 400;\">Category B driving licence;<\/span><\/li><li><span style=\"font-family: Verdana, Piboto; font-size: 16px; font-style: normal; font-weight: 400;\">Proficiency in MS Office applications.<\/span><\/li><\/ul><p>\u00a0<\/p><p><strong>Advantages for applicants:<\/strong><\/p><ul><li><span style=\"font-family: Verdana, Piboto; font-size: 16px; font-style: normal; font-weight: 400;\">With a background in agricultural engineering or the automotive industry;<\/span><\/li><li><span style=\"font-family: Verdana, Piboto; font-size: 16px; font-style: normal; font-weight: 400;\">BE, C and T2 driving qualifications<\/span><\/li><\/ul><p>\u00a0<\/p><p><strong>We offer:<\/strong><\/p><ul><li><span style=\"font-family: Verdana, Piboto; font-size: 16px; font-style: normal; font-weight: 400;\">To pursue your professional activity in the field of testing and inspection;<\/span><\/li><li><span style=\"font-family: Verdana, Piboto; font-size: 16px; font-style: normal; font-weight: 400;\">Interesting work with state-of-the-art equipment;<\/span><\/li><li><span style=\"font-family: Verdana, Piboto; font-size: 16px; font-style: normal; font-weight: 400;\">Opportunities to take part in training and develop your professional skills.<\/span><\/li><\/ul><p>\u00a0<\/p><p><span style=\"font-family: Verdana, Piboto; font-size: 16px; font-style: normal; font-weight: 400;\">Salary from \u20ac1000 per month.<\/span><\/p><p>Send your application letter and CV to <a href=\"mailto:info@stc.lv\">info@stc.lv<\/a>; phone for information - +371 64130013<\/p>\t\t\t\t\t\t\t\t<\/div>\n\t\t\t\t<\/div>\n\t\t\t\t\t<\/div>\n\t\t<\/div>\n\t\t\t\t\t<\/div>\n\t\t<\/section>\n\t\t\t\t<section class=\"elementor-section elementor-top-section elementor-element elementor-element-757e3af elementor-section-boxed elementor-section-height-default elementor-section-height-default\" data-id=\"757e3af\" data-element_type=\"section\" data-e-type=\"section\">\n\t\t\t\t\t\t\t<div class=\"elementor-background-overlay\"><\/div>\n\t\t\t\t\t\t\t<div class=\"elementor-container elementor-column-gap-default\">\n\t\t\t\t\t<div class=\"elementor-column elementor-col-50 elementor-top-column elementor-element elementor-element-8b25547\" data-id=\"8b25547\" data-element_type=\"column\" data-e-type=\"column\">\n\t\t\t<div class=\"elementor-widget-wrap elementor-element-populated\">\n\t\t\t\t\t\t<div class=\"elementor-element elementor-element-2dec69a elementor-widget elementor-widget-heading\" data-id=\"2dec69a\" data-element_type=\"widget\" data-e-type=\"widget\" data-widget_type=\"heading.default\">\n\t\t\t\t<div class=\"elementor-widget-container\">\n\t\t\t\t\t<h2 class=\"elementor-heading-title elementor-size-default\">Apply now<\/h2>\t\t\t\t<\/div>\n\t\t\t\t<\/div>\n\t\t\t\t<div class=\"elementor-element elementor-element-39da533 elementor-widget-divider--view-line elementor-widget elementor-widget-divider\" data-id=\"39da533\" data-element_type=\"widget\" data-e-type=\"widget\" data-widget_type=\"divider.default\">\n\t\t\t\t<div class=\"elementor-widget-container\">\n\t\t\t\t\t\t\t<div class=\"elementor-divider\">\n\t\t\t<span class=\"elementor-divider-separator\">\n\t\t\t\t\t\t<\/span>\n\t\t<\/div>\n\t\t\t\t\t\t<\/div>\n\t\t\t\t<\/div>\n\t\t\t\t\t<\/div>\n\t\t<\/div>\n\t\t\t\t<div class=\"elementor-column elementor-col-50 elementor-top-column elementor-element elementor-element-336c5c4\" data-id=\"336c5c4\" data-element_type=\"column\" data-e-type=\"column\">\n\t\t\t<div class=\"elementor-widget-wrap elementor-element-populated\">\n\t\t\t\t\t\t<div class=\"elementor-element elementor-element-97f8d93 elementor-align-right elementor-tablet-align-left elementor-widget elementor-widget-button\" data-id=\"97f8d93\" data-element_type=\"widget\" data-e-type=\"widget\" data-widget_type=\"button.default\">\n\t\t\t\t<div class=\"elementor-widget-container\">\n\t\t\t\t\t\t\t\t\t<div class=\"elementor-button-wrapper\">\n\t\t\t\t\t<a class=\"elementor-button elementor-button-link elementor-size-sm\" href=\"#elementor-action%3Aaction%3Dpopup%3Aopen%26settings%3DeyJpZCI6IjEwNjc2IiwidG9nZ2xlIjpmYWxzZX0%3D\">\n\t\t\t\t\t\t<span class=\"elementor-button-content-wrapper\">\n\t\t\t\t\t\t\t\t\t<span class=\"elementor-button-text\">Apply for a vacancy<\/span>\n\t\t\t\t\t<\/span>\n\t\t\t\t\t<\/a>\n\t\t\t\t<\/div>\n\t\t\t\t\t\t\t\t<\/div>\n\t\t\t\t<\/div>\n\t\t\t\t\t<\/div>\n\t\t<\/div>\n\t\t\t\t\t<\/div>\n\t\t<\/section>\n\t\t\t\t<\/div>","protected":false},"excerpt":{"rendered":"<p>STC laboratorijas test\u0113\u0161anas in\u017eenieris Ja Tev piem\u012bt anal\u012btiska dom\u0101\u0161ana, r\u016bp\u0113jies par precizit\u0101ti un kvalit\u0101ti, interes\u0113 test\u0113\u0161ana, inspic\u0113\u0161ana tehniskaj\u0101 jom\u0101SIA \u201cSertifik\u0101cijas un test\u0113\u0161anas centrs\u201d aicina pieteiktieslaboratorijas test\u0113\u0161anas IN\u017dENIERUS\/ -ES Pien\u0101kumi: Veikt ma\u0161\u012bnu iek\u0101rtu un lauksaimniec\u012bbas tehnikas test\u0113\u0161anu; Aktualiz\u0113t, pilnveidot un izstr\u0101d\u0101t jaunas test\u0113\u0161anas metodes; Veikt citus test\u0113\u0161anas darbus laboratorijas\/inspekcijas akredit\u0101cijas jom\u0101; Apkopot un noform\u0113t test\u0113\u0161anas\/inspic\u0113\u0161anas darba [&hellip;]<\/p>\n","protected":false},"author":1,"featured_media":0,"parent":0,"menu_order":0,"comment_status":"closed","ping_status":"closed","template":"","meta":{"footnotes":""},"class_list":["post-5895","page","type-page","status-publish","hentry"],"yoast_head":"<!-- This site is optimized with the Yoast SEO plugin v27.4 - https:\/\/yoast.com\/product\/yoast-seo-wordpress\/ -->\n<title>STC laboratorijas test\u0113\u0161anas in\u017eenieris - STC<\/title>\n<meta name=\"robots\" content=\"index, follow, max-snippet:-1, max-image-preview:large, max-video-preview:-1\" \/>\n<link rel=\"canonical\" href=\"https:\/\/stc.lv\/en\/stc-laboratories-testesanas-insenier-2\/\" \/>\n<meta property=\"og:locale\" content=\"en_GB\" \/>\n<meta property=\"og:type\" content=\"article\" \/>\n<meta property=\"og:title\" content=\"STC laboratorijas test\u0113\u0161anas in\u017eenieris - STC\" \/>\n<meta property=\"og:description\" content=\"STC laboratorijas test\u0113\u0161anas in\u017eenieris Ja Tev piem\u012bt anal\u012btiska dom\u0101\u0161ana, r\u016bp\u0113jies par precizit\u0101ti un kvalit\u0101ti, interes\u0113 test\u0113\u0161ana, inspic\u0113\u0161ana tehniskaj\u0101 jom\u0101SIA \u201cSertifik\u0101cijas un test\u0113\u0161anas centrs\u201d aicina pieteiktieslaboratorijas test\u0113\u0161anas IN\u017dENIERUS\/ -ES Pien\u0101kumi: Veikt ma\u0161\u012bnu iek\u0101rtu un lauksaimniec\u012bbas tehnikas test\u0113\u0161anu; Aktualiz\u0113t, pilnveidot un izstr\u0101d\u0101t jaunas test\u0113\u0161anas metodes; Veikt citus test\u0113\u0161anas darbus laboratorijas\/inspekcijas akredit\u0101cijas jom\u0101; Apkopot un noform\u0113t test\u0113\u0161anas\/inspic\u0113\u0161anas darba [&hellip;]\" \/>\n<meta property=\"og:url\" content=\"https:\/\/stc.lv\/en\/stc-laboratories-testesanas-insenier-2\/\" \/>\n<meta property=\"og:site_name\" content=\"STC\" \/>\n<meta property=\"article:publisher\" content=\"https:\/\/www.facebook.com\/profile.php?id=61560801215590\" \/>\n<meta property=\"article:modified_time\" content=\"2025-10-28T09:31:55+00:00\" \/>\n<meta name=\"twitter:card\" content=\"summary_large_image\" \/>\n<meta name=\"twitter:label1\" content=\"Estimated reading time\" \/>\n\t<meta name=\"twitter:data1\" content=\"1 minute\" \/>\n<script type=\"application\/ld+json\" class=\"yoast-schema-graph\">{\"@context\":\"https:\\\/\\\/schema.org\",\"@graph\":[{\"@type\":\"WebPage\",\"@id\":\"https:\\\/\\\/stc.lv\\\/stc-laboratorijas-testesanas-inzenieris-2\\\/\",\"url\":\"https:\\\/\\\/stc.lv\\\/stc-laboratorijas-testesanas-inzenieris-2\\\/\",\"name\":\"STC laboratorijas test\u0113\u0161anas in\u017eenieris - STC\",\"isPartOf\":{\"@id\":\"https:\\\/\\\/stc.lv\\\/#website\"},\"datePublished\":\"2022-09-16T13:21:47+00:00\",\"dateModified\":\"2025-10-28T09:31:55+00:00\",\"breadcrumb\":{\"@id\":\"https:\\\/\\\/stc.lv\\\/stc-laboratorijas-testesanas-inzenieris-2\\\/#breadcrumb\"},\"inLanguage\":\"en-GB\",\"potentialAction\":[{\"@type\":\"ReadAction\",\"target\":[\"https:\\\/\\\/stc.lv\\\/stc-laboratorijas-testesanas-inzenieris-2\\\/\"]}]},{\"@type\":\"BreadcrumbList\",\"@id\":\"https:\\\/\\\/stc.lv\\\/stc-laboratorijas-testesanas-inzenieris-2\\\/#breadcrumb\",\"itemListElement\":[{\"@type\":\"ListItem\",\"position\":1,\"name\":\"Home\",\"item\":\"https:\\\/\\\/stc.lv\\\/\"},{\"@type\":\"ListItem\",\"position\":2,\"name\":\"STC laboratorijas test\u0113\u0161anas in\u017eenieris\"}]},{\"@type\":\"WebSite\",\"@id\":\"https:\\\/\\\/stc.lv\\\/#website\",\"url\":\"https:\\\/\\\/stc.lv\\\/\",\"name\":\"STC\",\"description\":\"Biolo\u0123isk\u0101 sertifik\u0101cija\",\"publisher\":{\"@id\":\"https:\\\/\\\/stc.lv\\\/#organization\"},\"alternateName\":\"Sertifik\u0101cijas un test\u0113\u0161anas centrs\",\"potentialAction\":[{\"@type\":\"SearchAction\",\"target\":{\"@type\":\"EntryPoint\",\"urlTemplate\":\"https:\\\/\\\/stc.lv\\\/?s={search_term_string}\"},\"query-input\":{\"@type\":\"PropertyValueSpecification\",\"valueRequired\":true,\"valueName\":\"search_term_string\"}}],\"inLanguage\":\"en-GB\"},{\"@type\":\"Organization\",\"@id\":\"https:\\\/\\\/stc.lv\\\/#organization\",\"name\":\"SIA \u201cSertifik\u0101cijas un test\u0113\u0161anas centrs\u201d\",\"alternateName\":\"STC\",\"url\":\"https:\\\/\\\/stc.lv\\\/\",\"logo\":{\"@type\":\"ImageObject\",\"inLanguage\":\"en-GB\",\"@id\":\"https:\\\/\\\/stc.lv\\\/#\\\/schema\\\/logo\\\/image\\\/\",\"url\":\"https:\\\/\\\/stc.lv\\\/wp-content\\\/uploads\\\/2020\\\/02\\\/STC-113-1.png\",\"contentUrl\":\"https:\\\/\\\/stc.lv\\\/wp-content\\\/uploads\\\/2020\\\/02\\\/STC-113-1.png\",\"width\":1950,\"height\":794,\"caption\":\"SIA \u201cSertifik\u0101cijas un test\u0113\u0161anas centrs\u201d\"},\"image\":{\"@id\":\"https:\\\/\\\/stc.lv\\\/#\\\/schema\\\/logo\\\/image\\\/\"},\"sameAs\":[\"https:\\\/\\\/www.facebook.com\\\/profile.php?id=61560801215590\",\"https:\\\/\\\/www.instagram.com\\\/sertifikacija_stc\\\/\"]}]}<\/script>\n<!-- \/ Yoast SEO plugin. -->","yoast_head_json":{"title":"STC Laboratory Test Engineer - STC","robots":{"index":"index","follow":"follow","max-snippet":"max-snippet:-1","max-image-preview":"max-image-preview:large","max-video-preview":"max-video-preview:-1"},"canonical":"https:\/\/stc.lv\/en\/stc-laboratories-testesanas-insenier-2\/","og_locale":"en_GB","og_type":"article","og_title":"STC laboratorijas test\u0113\u0161anas in\u017eenieris - STC","og_description":"STC laboratorijas test\u0113\u0161anas in\u017eenieris Ja Tev piem\u012bt anal\u012btiska dom\u0101\u0161ana, r\u016bp\u0113jies par precizit\u0101ti un kvalit\u0101ti, interes\u0113 test\u0113\u0161ana, inspic\u0113\u0161ana tehniskaj\u0101 jom\u0101SIA \u201cSertifik\u0101cijas un test\u0113\u0161anas centrs\u201d aicina pieteiktieslaboratorijas test\u0113\u0161anas IN\u017dENIERUS\/ -ES Pien\u0101kumi: Veikt ma\u0161\u012bnu iek\u0101rtu un lauksaimniec\u012bbas tehnikas test\u0113\u0161anu; Aktualiz\u0113t, pilnveidot un izstr\u0101d\u0101t jaunas test\u0113\u0161anas metodes; Veikt citus test\u0113\u0161anas darbus laboratorijas\/inspekcijas akredit\u0101cijas jom\u0101; Apkopot un noform\u0113t test\u0113\u0161anas\/inspic\u0113\u0161anas darba [&hellip;]","og_url":"https:\/\/stc.lv\/en\/stc-laboratories-testesanas-insenier-2\/","og_site_name":"STC","article_publisher":"https:\/\/www.facebook.com\/profile.php?id=61560801215590","article_modified_time":"2025-10-28T09:31:55+00:00","twitter_card":"summary_large_image","twitter_misc":{"Estimated reading time":"1 minute"},"schema":{"@context":"https:\/\/schema.org","@graph":[{"@type":"WebPage","@id":"https:\/\/stc.lv\/stc-laboratorijas-testesanas-inzenieris-2\/","url":"https:\/\/stc.lv\/stc-laboratorijas-testesanas-inzenieris-2\/","name":"STC Laboratory Test Engineer - STC","isPartOf":{"@id":"https:\/\/stc.lv\/#website"},"datePublished":"2022-09-16T13:21:47+00:00","dateModified":"2025-10-28T09:31:55+00:00","breadcrumb":{"@id":"https:\/\/stc.lv\/stc-laboratorijas-testesanas-inzenieris-2\/#breadcrumb"},"inLanguage":"en-GB","potentialAction":[{"@type":"ReadAction","target":["https:\/\/stc.lv\/stc-laboratorijas-testesanas-inzenieris-2\/"]}]},{"@type":"BreadcrumbList","@id":"https:\/\/stc.lv\/stc-laboratorijas-testesanas-inzenieris-2\/#breadcrumb","itemListElement":[{"@type":"ListItem","position":1,"name":"Home","item":"https:\/\/stc.lv\/"},{"@type":"ListItem","position":2,"name":"STC laboratorijas test\u0113\u0161anas in\u017eenieris"}]},{"@type":"WebSite","@id":"https:\/\/stc.lv\/#website","url":"https:\/\/stc.lv\/","name":"STC","description":"Organic certification","publisher":{"@id":"https:\/\/stc.lv\/#organization"},"alternateName":"Sertifik\u0101cijas un test\u0113\u0161anas centrs","potentialAction":[{"@type":"SearchAction","target":{"@type":"EntryPoint","urlTemplate":"https:\/\/stc.lv\/?s={search_term_string}"},"query-input":{"@type":"PropertyValueSpecification","valueRequired":true,"valueName":"search_term_string"}}],"inLanguage":"en-GB"},{"@type":"Organization","@id":"https:\/\/stc.lv\/#organization","name":"SIA \"Certification and Testing Centre\"","alternateName":"STC","url":"https:\/\/stc.lv\/","logo":{"@type":"ImageObject","inLanguage":"en-GB","@id":"https:\/\/stc.lv\/#\/schema\/logo\/image\/","url":"https:\/\/stc.lv\/wp-content\/uploads\/2020\/02\/STC-113-1.png","contentUrl":"https:\/\/stc.lv\/wp-content\/uploads\/2020\/02\/STC-113-1.png","width":1950,"height":794,"caption":"SIA \u201cSertifik\u0101cijas un test\u0113\u0161anas centrs\u201d"},"image":{"@id":"https:\/\/stc.lv\/#\/schema\/logo\/image\/"},"sameAs":["https:\/\/www.facebook.com\/profile.php?id=61560801215590","https:\/\/www.instagram.com\/sertifikacija_stc\/"]}]}},"rttpg_featured_image_url":null,"rttpg_author":{"display_name":"admin","author_link":"https:\/\/stc.lv\/en\/author\/info_555hqm4r\/"},"rttpg_comment":0,"rttpg_category":null,"rttpg_excerpt":"STC laboratorijas test\u0113\u0161anas in\u017eenieris Ja Tev piem\u012bt anal\u012btiska dom\u0101\u0161ana, r\u016bp\u0113jies par precizit\u0101ti un kvalit\u0101ti, interes\u0113 test\u0113\u0161ana, inspic\u0113\u0161ana tehniskaj\u0101 jom\u0101SIA \u201cSertifik\u0101cijas un test\u0113\u0161anas centrs\u201d aicina pieteiktieslaboratorijas test\u0113\u0161anas IN\u017dENIERUS\/ -ES Pien\u0101kumi: Veikt ma\u0161\u012bnu iek\u0101rtu un lauksaimniec\u012bbas tehnikas test\u0113\u0161anu; Aktualiz\u0113t, pilnveidot un izstr\u0101d\u0101t jaunas test\u0113\u0161anas metodes; Veikt citus test\u0113\u0161anas darbus laboratorijas\/inspekcijas akredit\u0101cijas jom\u0101; Apkopot un noform\u0113t test\u0113\u0161anas\/inspic\u0113\u0161anas darba&hellip;","_links":{"self":[{"href":"https:\/\/stc.lv\/en\/wp-json\/wp\/v2\/pages\/5895","targetHints":{"allow":["GET"]}}],"collection":[{"href":"https:\/\/stc.lv\/en\/wp-json\/wp\/v2\/pages"}],"about":[{"href":"https:\/\/stc.lv\/en\/wp-json\/wp\/v2\/types\/page"}],"author":[{"embeddable":true,"href":"https:\/\/stc.lv\/en\/wp-json\/wp\/v2\/users\/1"}],"replies":[{"embeddable":true,"href":"https:\/\/stc.lv\/en\/wp-json\/wp\/v2\/comments?post=5895"}],"version-history":[{"count":9,"href":"https:\/\/stc.lv\/en\/wp-json\/wp\/v2\/pages\/5895\/revisions"}],"predecessor-version":[{"id":13588,"href":"https:\/\/stc.lv\/en\/wp-json\/wp\/v2\/pages\/5895\/revisions\/13588"}],"wp:attachment":[{"href":"https:\/\/stc.lv\/en\/wp-json\/wp\/v2\/media?parent=5895"}],"curies":[{"name":"wp","href":"https:\/\/api.w.org\/{rel}","templated":true}]}}