{"id":6445,"date":"2022-12-14T14:32:14","date_gmt":"2022-12-14T12:32:14","guid":{"rendered":"https:\/\/stc.lv\/?page_id=6445"},"modified":"2024-12-05T18:52:45","modified_gmt":"2024-12-05T18:52:45","slug":"assistant-quality-manager","status":"publish","type":"page","link":"https:\/\/stc.lv\/en\/vacancies-3\/assistant-quality-manager\/","title":{"rendered":"Assistant Quality Manager"},"content":{"rendered":"<div data-elementor-type=\"wp-page\" data-elementor-id=\"6445\" class=\"elementor elementor-6445\" data-elementor-post-type=\"page\">\n\t\t\t\t\t\t<section class=\"elementor-section elementor-top-section elementor-element elementor-element-b87c17e elementor-section-height-min-height elementor-section-boxed elementor-section-height-default elementor-section-items-middle\" data-id=\"b87c17e\" data-element_type=\"section\" data-e-type=\"section\" data-settings=\"{&quot;background_background&quot;:&quot;classic&quot;}\">\n\t\t\t\t\t\t\t<div class=\"elementor-background-overlay\"><\/div>\n\t\t\t\t\t\t\t<div class=\"elementor-container elementor-column-gap-default\">\n\t\t\t\t\t<div class=\"elementor-column elementor-col-100 elementor-top-column elementor-element elementor-element-f51deeb\" data-id=\"f51deeb\" data-element_type=\"column\" data-e-type=\"column\">\n\t\t\t<div class=\"elementor-widget-wrap elementor-element-populated\">\n\t\t\t\t\t\t<section class=\"elementor-section elementor-inner-section elementor-element elementor-element-d60d133 elementor-section-boxed elementor-section-height-default elementor-section-height-default\" data-id=\"d60d133\" data-element_type=\"section\" data-e-type=\"section\">\n\t\t\t\t\t\t<div class=\"elementor-container elementor-column-gap-default\">\n\t\t\t\t\t<div class=\"elementor-column elementor-col-100 elementor-inner-column elementor-element elementor-element-fa7757b\" data-id=\"fa7757b\" data-element_type=\"column\" data-e-type=\"column\">\n\t\t\t<div class=\"elementor-widget-wrap elementor-element-populated\">\n\t\t\t\t\t\t<div class=\"elementor-element elementor-element-5269aef elementor-widget elementor-widget-heading\" data-id=\"5269aef\" data-element_type=\"widget\" data-e-type=\"widget\" data-widget_type=\"heading.default\">\n\t\t\t\t<div class=\"elementor-widget-container\">\n\t\t\t\t\t<h1 class=\"elementor-heading-title elementor-size-default\">ASSISTANT QUALITY MANAGER<\/h1>\t\t\t\t<\/div>\n\t\t\t\t<\/div>\n\t\t\t\t<div class=\"elementor-element elementor-element-b36b8a3 elementor-widget-divider--view-line elementor-widget elementor-widget-divider\" data-id=\"b36b8a3\" data-element_type=\"widget\" data-e-type=\"widget\" data-widget_type=\"divider.default\">\n\t\t\t\t<div class=\"elementor-widget-container\">\n\t\t\t\t\t\t\t<div class=\"elementor-divider\">\n\t\t\t<span class=\"elementor-divider-separator\">\n\t\t\t\t\t\t<\/span>\n\t\t<\/div>\n\t\t\t\t\t\t<\/div>\n\t\t\t\t<\/div>\n\t\t\t\t\t<\/div>\n\t\t<\/div>\n\t\t\t\t\t<\/div>\n\t\t<\/section>\n\t\t\t\t\t<\/div>\n\t\t<\/div>\n\t\t\t\t\t<\/div>\n\t\t<\/section>\n\t\t\t\t<section class=\"elementor-section elementor-top-section elementor-element elementor-element-777b42dd elementor-section-boxed elementor-section-height-default elementor-section-height-default\" data-id=\"777b42dd\" data-element_type=\"section\" data-e-type=\"section\">\n\t\t\t\t\t\t<div class=\"elementor-container elementor-column-gap-default\">\n\t\t\t\t\t<div class=\"elementor-column elementor-col-100 elementor-top-column elementor-element elementor-element-6591dc40\" data-id=\"6591dc40\" data-element_type=\"column\" data-e-type=\"column\">\n\t\t\t<div class=\"elementor-widget-wrap elementor-element-populated\">\n\t\t\t\t\t\t<section class=\"elementor-section elementor-inner-section elementor-element elementor-element-9fe6712 elementor-section-boxed elementor-section-height-default elementor-section-height-default\" data-id=\"9fe6712\" data-element_type=\"section\" data-e-type=\"section\">\n\t\t\t\t\t\t<div class=\"elementor-container elementor-column-gap-default\">\n\t\t\t\t\t<div class=\"elementor-column elementor-col-100 elementor-inner-column elementor-element elementor-element-03cfe57\" data-id=\"03cfe57\" data-element_type=\"column\" data-e-type=\"column\">\n\t\t\t<div class=\"elementor-widget-wrap elementor-element-populated\">\n\t\t\t\t\t\t<div class=\"elementor-element elementor-element-ba0eda5 elementor-widget elementor-widget-text-editor\" data-id=\"ba0eda5\" data-element_type=\"widget\" data-e-type=\"widget\" data-widget_type=\"text-editor.default\">\n\t\t\t\t<div class=\"elementor-widget-container\">\n\t\t\t\t\t\t\t\t\t<h6><strong>Call for applications<\/strong><\/h6><h3><strong>ASSISTANT QUALITY MANAGER<\/strong><\/h3>\t\t\t\t\t\t\t\t<\/div>\n\t\t\t\t<\/div>\n\t\t\t\t\t<\/div>\n\t\t<\/div>\n\t\t\t\t\t<\/div>\n\t\t<\/section>\n\t\t\t\t<div class=\"elementor-element elementor-element-1bdb86bc elementor-widget elementor-widget-text-editor\" data-id=\"1bdb86bc\" data-element_type=\"widget\" data-e-type=\"widget\" data-widget_type=\"text-editor.default\">\n\t\t\t\t<div class=\"elementor-widget-container\">\n\t\t\t\t\t\t\t\t\t<p><strong>Responsibilities<\/strong>:<\/p><ul><li>participate in the maintenance of the quality system in the company<\/li><li>support experts in various tasks<\/li><li>participate in quality system assessment audits<\/li><li>contribute to results and reports<\/li><\/ul><p><strong>Requirements<\/strong>:<\/p><ul><li>Relevant education in quality management or other management field<\/li><li>At least one year of practical experience in quality management<\/li><li>Good knowledge of the national language<\/li><li>Knowledge of English preferred<p><em>(working with non-EU clients, international standards, participation in international exhibitions and organisations)<\/em><\/p><\/li><li><p><span style=\"font-size: 16px;\">Proficiency with MS Office applications<\/span><\/p><\/li><\/ul><p><strong>We offer<\/strong>:<\/p><ul><li>To pursue your professional career in quality management<\/li><li>Opportunities for training and professional development<\/li><li>Salary rising from EUR 950 before tax<\/li><\/ul><p>Send your application letter and CV to <a href=\"mailto:info@stc.lv\">info@stc.lv<\/a>;<\/p><p>Phone for information - 64130013<\/p>\t\t\t\t\t\t\t\t<\/div>\n\t\t\t\t<\/div>\n\t\t\t\t\t<\/div>\n\t\t<\/div>\n\t\t\t\t\t<\/div>\n\t\t<\/section>\n\t\t\t\t<section class=\"elementor-section elementor-top-section elementor-element elementor-element-757e3af elementor-section-boxed elementor-section-height-default elementor-section-height-default\" data-id=\"757e3af\" data-element_type=\"section\" data-e-type=\"section\">\n\t\t\t\t\t\t\t<div class=\"elementor-background-overlay\"><\/div>\n\t\t\t\t\t\t\t<div class=\"elementor-container elementor-column-gap-default\">\n\t\t\t\t\t<div class=\"elementor-column elementor-col-50 elementor-top-column elementor-element elementor-element-8b25547\" data-id=\"8b25547\" data-element_type=\"column\" data-e-type=\"column\">\n\t\t\t<div class=\"elementor-widget-wrap elementor-element-populated\">\n\t\t\t\t\t\t<div class=\"elementor-element elementor-element-2dec69a elementor-widget elementor-widget-heading\" data-id=\"2dec69a\" data-element_type=\"widget\" data-e-type=\"widget\" data-widget_type=\"heading.default\">\n\t\t\t\t<div class=\"elementor-widget-container\">\n\t\t\t\t\t<h2 class=\"elementor-heading-title elementor-size-default\">Apply now<\/h2>\t\t\t\t<\/div>\n\t\t\t\t<\/div>\n\t\t\t\t<div class=\"elementor-element elementor-element-39da533 elementor-widget-divider--view-line elementor-widget elementor-widget-divider\" data-id=\"39da533\" data-element_type=\"widget\" data-e-type=\"widget\" data-widget_type=\"divider.default\">\n\t\t\t\t<div class=\"elementor-widget-container\">\n\t\t\t\t\t\t\t<div class=\"elementor-divider\">\n\t\t\t<span class=\"elementor-divider-separator\">\n\t\t\t\t\t\t<\/span>\n\t\t<\/div>\n\t\t\t\t\t\t<\/div>\n\t\t\t\t<\/div>\n\t\t\t\t\t<\/div>\n\t\t<\/div>\n\t\t\t\t<div class=\"elementor-column elementor-col-50 elementor-top-column elementor-element elementor-element-336c5c4\" data-id=\"336c5c4\" data-element_type=\"column\" data-e-type=\"column\">\n\t\t\t<div class=\"elementor-widget-wrap elementor-element-populated\">\n\t\t\t\t\t\t<div class=\"elementor-element elementor-element-97f8d93 elementor-align-right elementor-tablet-align-left elementor-widget elementor-widget-button\" data-id=\"97f8d93\" data-element_type=\"widget\" data-e-type=\"widget\" data-widget_type=\"button.default\">\n\t\t\t\t<div class=\"elementor-widget-container\">\n\t\t\t\t\t\t\t\t\t<div class=\"elementor-button-wrapper\">\n\t\t\t\t\t<a class=\"elementor-button elementor-button-link elementor-size-sm\" href=\"#elementor-action%3Aaction%3Dpopup%3Aopen%26settings%3DeyJpZCI6IjEwNjc2IiwidG9nZ2xlIjpmYWxzZX0%3D\">\n\t\t\t\t\t\t<span class=\"elementor-button-content-wrapper\">\n\t\t\t\t\t\t\t\t\t<span class=\"elementor-button-text\">Apply for a vacancy<\/span>\n\t\t\t\t\t<\/span>\n\t\t\t\t\t<\/a>\n\t\t\t\t<\/div>\n\t\t\t\t\t\t\t\t<\/div>\n\t\t\t\t<\/div>\n\t\t\t\t\t<\/div>\n\t\t<\/div>\n\t\t\t\t\t<\/div>\n\t\t<\/section>\n\t\t\t\t<\/div>","protected":false},"excerpt":{"rendered":"<p>KVALIT\u0100TES VAD\u012aT\u0100JA ASISTENTS Aicin\u0101m pieteikties KVALIT\u0100TES VAD\u012aT\u0100JA ASISTENTU Pien\u0101kumi: piedal\u012bties kvalit\u0101tes sist\u0113mas uztur\u0113\u0161an\u0101 uz\u0146\u0113mum\u0101 sniegt atbalstu ekspertiem da\u017e\u0101dos uzdevumos l\u012bdzdarboties kvalit\u0101tes sist\u0113mu nov\u0113rt\u0113\u0161anas auditos piedal\u012bties rezult\u0101tu un atskai\u0161u sagatavo\u0161an\u0101 Pras\u012bbas: Atbilsto\u0161a izgl\u012bt\u012bba kvalit\u0101tes vad\u012bbas vai cit\u0101 vad\u012bbas jom\u0101 Vismaz viena gada praktisk\u0101 pieredze kvalit\u0101tes vad\u012bbas jom\u0101 Labas valsts valodas zin\u0101\u0161anas V\u0113lamas ang\u013cu valodas zin\u0101\u0161anas (darbs [&hellip;]<\/p>\n","protected":false},"author":1,"featured_media":0,"parent":674,"menu_order":0,"comment_status":"closed","ping_status":"closed","template":"","meta":{"footnotes":""},"class_list":["post-6445","page","type-page","status-publish","hentry"],"yoast_head":"<!-- This site is optimized with the Yoast SEO plugin v27.4 - https:\/\/yoast.com\/product\/yoast-seo-wordpress\/ -->\n<title>Kvalit\u0101tes vad\u012bt\u0101ja asistents - STC<\/title>\n<meta name=\"robots\" content=\"index, follow, max-snippet:-1, max-image-preview:large, max-video-preview:-1\" \/>\n<link rel=\"canonical\" href=\"https:\/\/stc.lv\/en\/vacancies-3\/assistant-quality-manager\/\" \/>\n<meta property=\"og:locale\" content=\"en_GB\" \/>\n<meta property=\"og:type\" content=\"article\" \/>\n<meta property=\"og:title\" content=\"Kvalit\u0101tes vad\u012bt\u0101ja asistents - STC\" \/>\n<meta property=\"og:description\" content=\"KVALIT\u0100TES VAD\u012aT\u0100JA ASISTENTS Aicin\u0101m pieteikties KVALIT\u0100TES VAD\u012aT\u0100JA ASISTENTU Pien\u0101kumi: piedal\u012bties kvalit\u0101tes sist\u0113mas uztur\u0113\u0161an\u0101 uz\u0146\u0113mum\u0101 sniegt atbalstu ekspertiem da\u017e\u0101dos uzdevumos l\u012bdzdarboties kvalit\u0101tes sist\u0113mu nov\u0113rt\u0113\u0161anas auditos piedal\u012bties rezult\u0101tu un atskai\u0161u sagatavo\u0161an\u0101 Pras\u012bbas: Atbilsto\u0161a izgl\u012bt\u012bba kvalit\u0101tes vad\u012bbas vai cit\u0101 vad\u012bbas jom\u0101 Vismaz viena gada praktisk\u0101 pieredze kvalit\u0101tes vad\u012bbas jom\u0101 Labas valsts valodas zin\u0101\u0161anas V\u0113lamas ang\u013cu valodas zin\u0101\u0161anas (darbs [&hellip;]\" \/>\n<meta property=\"og:url\" content=\"https:\/\/stc.lv\/en\/vacancies-3\/assistant-quality-manager\/\" \/>\n<meta property=\"og:site_name\" content=\"STC\" \/>\n<meta property=\"article:publisher\" content=\"https:\/\/www.facebook.com\/profile.php?id=61560801215590\" \/>\n<meta property=\"article:modified_time\" content=\"2024-12-05T18:52:45+00:00\" \/>\n<meta name=\"twitter:card\" content=\"summary_large_image\" \/>\n<meta name=\"twitter:label1\" content=\"Estimated reading time\" \/>\n\t<meta name=\"twitter:data1\" content=\"1 minute\" \/>\n<script type=\"application\/ld+json\" class=\"yoast-schema-graph\">{\"@context\":\"https:\\\/\\\/schema.org\",\"@graph\":[{\"@type\":\"WebPage\",\"@id\":\"https:\\\/\\\/stc.lv\\\/vakances\\\/kvalitates-vaditaja-asistents\\\/\",\"url\":\"https:\\\/\\\/stc.lv\\\/vakances\\\/kvalitates-vaditaja-asistents\\\/\",\"name\":\"Kvalit\u0101tes vad\u012bt\u0101ja asistents - STC\",\"isPartOf\":{\"@id\":\"https:\\\/\\\/stc.lv\\\/#website\"},\"datePublished\":\"2022-12-14T12:32:14+00:00\",\"dateModified\":\"2024-12-05T18:52:45+00:00\",\"breadcrumb\":{\"@id\":\"https:\\\/\\\/stc.lv\\\/vakances\\\/kvalitates-vaditaja-asistents\\\/#breadcrumb\"},\"inLanguage\":\"en-GB\",\"potentialAction\":[{\"@type\":\"ReadAction\",\"target\":[\"https:\\\/\\\/stc.lv\\\/vakances\\\/kvalitates-vaditaja-asistents\\\/\"]}]},{\"@type\":\"BreadcrumbList\",\"@id\":\"https:\\\/\\\/stc.lv\\\/vakances\\\/kvalitates-vaditaja-asistents\\\/#breadcrumb\",\"itemListElement\":[{\"@type\":\"ListItem\",\"position\":1,\"name\":\"Home\",\"item\":\"https:\\\/\\\/stc.lv\\\/\"},{\"@type\":\"ListItem\",\"position\":2,\"name\":\"Vakances\",\"item\":\"https:\\\/\\\/stc.lv\\\/vakances\\\/\"},{\"@type\":\"ListItem\",\"position\":3,\"name\":\"Kvalit\u0101tes vad\u012bt\u0101ja asistents\"}]},{\"@type\":\"WebSite\",\"@id\":\"https:\\\/\\\/stc.lv\\\/#website\",\"url\":\"https:\\\/\\\/stc.lv\\\/\",\"name\":\"STC\",\"description\":\"Biolo\u0123isk\u0101 sertifik\u0101cija\",\"publisher\":{\"@id\":\"https:\\\/\\\/stc.lv\\\/#organization\"},\"alternateName\":\"Sertifik\u0101cijas un test\u0113\u0161anas centrs\",\"potentialAction\":[{\"@type\":\"SearchAction\",\"target\":{\"@type\":\"EntryPoint\",\"urlTemplate\":\"https:\\\/\\\/stc.lv\\\/?s={search_term_string}\"},\"query-input\":{\"@type\":\"PropertyValueSpecification\",\"valueRequired\":true,\"valueName\":\"search_term_string\"}}],\"inLanguage\":\"en-GB\"},{\"@type\":\"Organization\",\"@id\":\"https:\\\/\\\/stc.lv\\\/#organization\",\"name\":\"SIA \u201cSertifik\u0101cijas un test\u0113\u0161anas centrs\u201d\",\"alternateName\":\"STC\",\"url\":\"https:\\\/\\\/stc.lv\\\/\",\"logo\":{\"@type\":\"ImageObject\",\"inLanguage\":\"en-GB\",\"@id\":\"https:\\\/\\\/stc.lv\\\/#\\\/schema\\\/logo\\\/image\\\/\",\"url\":\"https:\\\/\\\/stc.lv\\\/wp-content\\\/uploads\\\/2020\\\/02\\\/STC-113-1.png\",\"contentUrl\":\"https:\\\/\\\/stc.lv\\\/wp-content\\\/uploads\\\/2020\\\/02\\\/STC-113-1.png\",\"width\":1950,\"height\":794,\"caption\":\"SIA \u201cSertifik\u0101cijas un test\u0113\u0161anas centrs\u201d\"},\"image\":{\"@id\":\"https:\\\/\\\/stc.lv\\\/#\\\/schema\\\/logo\\\/image\\\/\"},\"sameAs\":[\"https:\\\/\\\/www.facebook.com\\\/profile.php?id=61560801215590\",\"https:\\\/\\\/www.instagram.com\\\/sertifikacija_stc\\\/\"]}]}<\/script>\n<!-- \/ Yoast SEO plugin. -->","yoast_head_json":{"title":"Assistant Quality Manager - STC","robots":{"index":"index","follow":"follow","max-snippet":"max-snippet:-1","max-image-preview":"max-image-preview:large","max-video-preview":"max-video-preview:-1"},"canonical":"https:\/\/stc.lv\/en\/vacancies-3\/assistant-quality-manager\/","og_locale":"en_GB","og_type":"article","og_title":"Kvalit\u0101tes vad\u012bt\u0101ja asistents - STC","og_description":"KVALIT\u0100TES VAD\u012aT\u0100JA ASISTENTS Aicin\u0101m pieteikties KVALIT\u0100TES VAD\u012aT\u0100JA ASISTENTU Pien\u0101kumi: piedal\u012bties kvalit\u0101tes sist\u0113mas uztur\u0113\u0161an\u0101 uz\u0146\u0113mum\u0101 sniegt atbalstu ekspertiem da\u017e\u0101dos uzdevumos l\u012bdzdarboties kvalit\u0101tes sist\u0113mu nov\u0113rt\u0113\u0161anas auditos piedal\u012bties rezult\u0101tu un atskai\u0161u sagatavo\u0161an\u0101 Pras\u012bbas: Atbilsto\u0161a izgl\u012bt\u012bba kvalit\u0101tes vad\u012bbas vai cit\u0101 vad\u012bbas jom\u0101 Vismaz viena gada praktisk\u0101 pieredze kvalit\u0101tes vad\u012bbas jom\u0101 Labas valsts valodas zin\u0101\u0161anas V\u0113lamas ang\u013cu valodas zin\u0101\u0161anas (darbs [&hellip;]","og_url":"https:\/\/stc.lv\/en\/vacancies-3\/assistant-quality-manager\/","og_site_name":"STC","article_publisher":"https:\/\/www.facebook.com\/profile.php?id=61560801215590","article_modified_time":"2024-12-05T18:52:45+00:00","twitter_card":"summary_large_image","twitter_misc":{"Estimated reading time":"1 minute"},"schema":{"@context":"https:\/\/schema.org","@graph":[{"@type":"WebPage","@id":"https:\/\/stc.lv\/vakances\/kvalitates-vaditaja-asistents\/","url":"https:\/\/stc.lv\/vakances\/kvalitates-vaditaja-asistents\/","name":"Assistant Quality Manager - STC","isPartOf":{"@id":"https:\/\/stc.lv\/#website"},"datePublished":"2022-12-14T12:32:14+00:00","dateModified":"2024-12-05T18:52:45+00:00","breadcrumb":{"@id":"https:\/\/stc.lv\/vakances\/kvalitates-vaditaja-asistents\/#breadcrumb"},"inLanguage":"en-GB","potentialAction":[{"@type":"ReadAction","target":["https:\/\/stc.lv\/vakances\/kvalitates-vaditaja-asistents\/"]}]},{"@type":"BreadcrumbList","@id":"https:\/\/stc.lv\/vakances\/kvalitates-vaditaja-asistents\/#breadcrumb","itemListElement":[{"@type":"ListItem","position":1,"name":"Home","item":"https:\/\/stc.lv\/"},{"@type":"ListItem","position":2,"name":"Vakances","item":"https:\/\/stc.lv\/vakances\/"},{"@type":"ListItem","position":3,"name":"Kvalit\u0101tes vad\u012bt\u0101ja asistents"}]},{"@type":"WebSite","@id":"https:\/\/stc.lv\/#website","url":"https:\/\/stc.lv\/","name":"STC","description":"Organic certification","publisher":{"@id":"https:\/\/stc.lv\/#organization"},"alternateName":"Sertifik\u0101cijas un test\u0113\u0161anas centrs","potentialAction":[{"@type":"SearchAction","target":{"@type":"EntryPoint","urlTemplate":"https:\/\/stc.lv\/?s={search_term_string}"},"query-input":{"@type":"PropertyValueSpecification","valueRequired":true,"valueName":"search_term_string"}}],"inLanguage":"en-GB"},{"@type":"Organization","@id":"https:\/\/stc.lv\/#organization","name":"SIA \"Certification and Testing Centre\"","alternateName":"STC","url":"https:\/\/stc.lv\/","logo":{"@type":"ImageObject","inLanguage":"en-GB","@id":"https:\/\/stc.lv\/#\/schema\/logo\/image\/","url":"https:\/\/stc.lv\/wp-content\/uploads\/2020\/02\/STC-113-1.png","contentUrl":"https:\/\/stc.lv\/wp-content\/uploads\/2020\/02\/STC-113-1.png","width":1950,"height":794,"caption":"SIA \u201cSertifik\u0101cijas un test\u0113\u0161anas centrs\u201d"},"image":{"@id":"https:\/\/stc.lv\/#\/schema\/logo\/image\/"},"sameAs":["https:\/\/www.facebook.com\/profile.php?id=61560801215590","https:\/\/www.instagram.com\/sertifikacija_stc\/"]}]}},"rttpg_featured_image_url":null,"rttpg_author":{"display_name":"admin","author_link":"https:\/\/stc.lv\/en\/author\/info_555hqm4r\/"},"rttpg_comment":0,"rttpg_category":null,"rttpg_excerpt":"KVALIT\u0100TES VAD\u012aT\u0100JA ASISTENTS Aicin\u0101m pieteikties KVALIT\u0100TES VAD\u012aT\u0100JA ASISTENTU Pien\u0101kumi: piedal\u012bties kvalit\u0101tes sist\u0113mas uztur\u0113\u0161an\u0101 uz\u0146\u0113mum\u0101 sniegt atbalstu ekspertiem da\u017e\u0101dos uzdevumos l\u012bdzdarboties kvalit\u0101tes sist\u0113mu nov\u0113rt\u0113\u0161anas auditos piedal\u012bties rezult\u0101tu un atskai\u0161u sagatavo\u0161an\u0101 Pras\u012bbas: Atbilsto\u0161a izgl\u012bt\u012bba kvalit\u0101tes vad\u012bbas vai cit\u0101 vad\u012bbas jom\u0101 Vismaz viena gada praktisk\u0101 pieredze kvalit\u0101tes vad\u012bbas jom\u0101 Labas valsts valodas zin\u0101\u0161anas V\u0113lamas ang\u013cu valodas zin\u0101\u0161anas (darbs&hellip;","_links":{"self":[{"href":"https:\/\/stc.lv\/en\/wp-json\/wp\/v2\/pages\/6445","targetHints":{"allow":["GET"]}}],"collection":[{"href":"https:\/\/stc.lv\/en\/wp-json\/wp\/v2\/pages"}],"about":[{"href":"https:\/\/stc.lv\/en\/wp-json\/wp\/v2\/types\/page"}],"author":[{"embeddable":true,"href":"https:\/\/stc.lv\/en\/wp-json\/wp\/v2\/users\/1"}],"replies":[{"embeddable":true,"href":"https:\/\/stc.lv\/en\/wp-json\/wp\/v2\/comments?post=6445"}],"version-history":[{"count":3,"href":"https:\/\/stc.lv\/en\/wp-json\/wp\/v2\/pages\/6445\/revisions"}],"predecessor-version":[{"id":11151,"href":"https:\/\/stc.lv\/en\/wp-json\/wp\/v2\/pages\/6445\/revisions\/11151"}],"up":[{"embeddable":true,"href":"https:\/\/stc.lv\/en\/wp-json\/wp\/v2\/pages\/674"}],"wp:attachment":[{"href":"https:\/\/stc.lv\/en\/wp-json\/wp\/v2\/media?parent=6445"}],"curies":[{"name":"wp","href":"https:\/\/api.w.org\/{rel}","templated":true}]}}