{"id":6450,"date":"2022-12-14T14:35:56","date_gmt":"2022-12-14T12:35:56","guid":{"rendered":"https:\/\/stc.lv\/?page_id=6450"},"modified":"2026-04-13T06:26:36","modified_gmt":"2026-04-13T06:26:36","slug":"senior-expert-for-organic-certification","status":"publish","type":"page","link":"https:\/\/stc.lv\/en\/vacancies-3\/senior-expert-for-organic-certification\/","title":{"rendered":"Senior expert for organic certification"},"content":{"rendered":"<div data-elementor-type=\"wp-page\" data-elementor-id=\"6450\" class=\"elementor elementor-6450\" data-elementor-post-type=\"page\">\n\t\t\t\t\t\t<section class=\"elementor-section elementor-top-section elementor-element elementor-element-b87c17e elementor-section-height-min-height elementor-section-boxed elementor-section-height-default elementor-section-items-middle\" data-id=\"b87c17e\" data-element_type=\"section\" data-e-type=\"section\" data-settings=\"{&quot;background_background&quot;:&quot;classic&quot;}\">\n\t\t\t\t\t\t\t<div class=\"elementor-background-overlay\"><\/div>\n\t\t\t\t\t\t\t<div class=\"elementor-container elementor-column-gap-default\">\n\t\t\t\t\t<div class=\"elementor-column elementor-col-100 elementor-top-column elementor-element elementor-element-f51deeb\" data-id=\"f51deeb\" data-element_type=\"column\" data-e-type=\"column\">\n\t\t\t<div class=\"elementor-widget-wrap elementor-element-populated\">\n\t\t\t\t\t\t<section class=\"elementor-section elementor-inner-section elementor-element elementor-element-d60d133 elementor-section-boxed elementor-section-height-default elementor-section-height-default\" data-id=\"d60d133\" data-element_type=\"section\" data-e-type=\"section\">\n\t\t\t\t\t\t<div class=\"elementor-container elementor-column-gap-default\">\n\t\t\t\t\t<div class=\"elementor-column elementor-col-100 elementor-inner-column elementor-element elementor-element-fa7757b\" data-id=\"fa7757b\" data-element_type=\"column\" data-e-type=\"column\">\n\t\t\t<div class=\"elementor-widget-wrap elementor-element-populated\">\n\t\t\t\t\t\t<div class=\"elementor-element elementor-element-5269aef elementor-widget elementor-widget-heading\" data-id=\"5269aef\" data-element_type=\"widget\" data-e-type=\"widget\" data-widget_type=\"heading.default\">\n\t\t\t\t<div class=\"elementor-widget-container\">\n\t\t\t\t\t<h1 class=\"elementor-heading-title elementor-size-default\">Biolo\u0123isk\u0101s lauksaimniec\u012bbas sertifik\u0101cijas ekspertu\/i<\/h1>\t\t\t\t<\/div>\n\t\t\t\t<\/div>\n\t\t\t\t<div class=\"elementor-element elementor-element-b36b8a3 elementor-widget-divider--view-line elementor-widget elementor-widget-divider\" data-id=\"b36b8a3\" data-element_type=\"widget\" data-e-type=\"widget\" data-widget_type=\"divider.default\">\n\t\t\t\t<div class=\"elementor-widget-container\">\n\t\t\t\t\t\t\t<div class=\"elementor-divider\">\n\t\t\t<span class=\"elementor-divider-separator\">\n\t\t\t\t\t\t<\/span>\n\t\t<\/div>\n\t\t\t\t\t\t<\/div>\n\t\t\t\t<\/div>\n\t\t\t\t\t<\/div>\n\t\t<\/div>\n\t\t\t\t\t<\/div>\n\t\t<\/section>\n\t\t\t\t\t<\/div>\n\t\t<\/div>\n\t\t\t\t\t<\/div>\n\t\t<\/section>\n\t\t\t\t<section class=\"elementor-section elementor-top-section elementor-element elementor-element-777b42dd elementor-section-boxed elementor-section-height-default elementor-section-height-default\" data-id=\"777b42dd\" data-element_type=\"section\" data-e-type=\"section\">\n\t\t\t\t\t\t<div class=\"elementor-container elementor-column-gap-default\">\n\t\t\t\t\t<div class=\"elementor-column elementor-col-100 elementor-top-column elementor-element elementor-element-6591dc40\" data-id=\"6591dc40\" data-element_type=\"column\" data-e-type=\"column\">\n\t\t\t<div class=\"elementor-widget-wrap elementor-element-populated\">\n\t\t\t\t\t\t<section class=\"elementor-section elementor-inner-section elementor-element elementor-element-9fe6712 elementor-section-boxed elementor-section-height-default elementor-section-height-default\" data-id=\"9fe6712\" data-element_type=\"section\" data-e-type=\"section\">\n\t\t\t\t\t\t<div class=\"elementor-container elementor-column-gap-default\">\n\t\t\t\t\t<div class=\"elementor-column elementor-col-100 elementor-inner-column elementor-element elementor-element-03cfe57\" data-id=\"03cfe57\" data-element_type=\"column\" data-e-type=\"column\">\n\t\t\t<div class=\"elementor-widget-wrap\">\n\t\t\t\t\t\t\t<\/div>\n\t\t<\/div>\n\t\t\t\t\t<\/div>\n\t\t<\/section>\n\t\t\t\t<div class=\"elementor-element elementor-element-ba0eda5 elementor-widget elementor-widget-text-editor\" data-id=\"ba0eda5\" data-element_type=\"widget\" data-e-type=\"widget\" data-widget_type=\"text-editor.default\">\n\t\t\t\t<div class=\"elementor-widget-container\">\n\t\t\t\t\t\t\t\t\t<h6>Aicina pieteikties<\/h6><h6><b>Biolo\u0123isk\u0101s lauksaimniec\u012bbas sertifik\u0101cijas ekspertu\/i<\/b><\/h6>\t\t\t\t\t\t\t\t<\/div>\n\t\t\t\t<\/div>\n\t\t\t\t<div class=\"elementor-element elementor-element-1bdb86bc elementor-widget elementor-widget-text-editor\" data-id=\"1bdb86bc\" data-element_type=\"widget\" data-e-type=\"widget\" data-widget_type=\"text-editor.default\">\n\t\t\t\t<div class=\"elementor-widget-container\">\n\t\t\t\t\t\t\t\t\t<h6><b>Responsibilities<\/b>:<\/h6><ul><li>Biolo\u0123isk\u0101s lauksaimniec\u012bbas uz\u0146\u0113mumu nov\u0113rt\u0113\u0161ana\u00a0atbilsto\u0161i\u00a0normat\u012bvajiem; aktiem par Biolo\u0123isk\u0101s lauksaimniec\u012bbas uzraudz\u012bbas un kontroles k\u0101rt\u012bbu;<\/li><li>Documentation in accordance with quality system requirements;<\/li><li>Plan, monitor and manage the certification process for organic farming enterprises.<\/li><\/ul><h6><b>Requirements<\/b>:<\/h6><ul><li>Relevant education in agriculture, veterinary and\/or food processing<\/li><li>At least one year's practical experience in agricultural production and\/or food processing;<\/li><li>Labas valsts valodas zin\u0101\u0161anas, v\u0113lamas ang\u013cu valodas (C l\u012bmenis,\u00a0darbam ar klientiem \u0101rpus Latvijas, starptautiskiem standartiem, dal\u012bba starptautisk\u0101s izst\u0101des un organiz\u0101cij\u0101s);<\/li><li>Independence in decision-making, high sense of responsibility, ability to organise work independently, good communication skills;<\/li><li>Category B driving licence;<\/li><li>Proficiency in MS Office applications.<\/li><\/ul><h6>\u00a0<\/h6><h6><b>We offer<\/b>:<\/h6><ul><li>To pursue your professional activity in the field of organic farming supervision;<\/li><li>Iesp\u0113ju str\u0101d\u0101t komp\u0101nij\u0101, kas darbojas starptautisk\u0101 tirg\u016b, l\u012bdztekus ce\u013cot savu profesion\u0101lo pieredzi un kompetenci;<\/li><li>Salary rising from \u20ac1000 before tax.<\/li><\/ul><p>Send your application letter and CV to <a href=\"mailto:info@stc.lv\">info@stc.lv<\/a>; t\u0101lrunis inform\u0101cijai \u2013 +371 6413001<\/p>\t\t\t\t\t\t\t\t<\/div>\n\t\t\t\t<\/div>\n\t\t\t\t\t<\/div>\n\t\t<\/div>\n\t\t\t\t\t<\/div>\n\t\t<\/section>\n\t\t\t\t<section class=\"elementor-section elementor-top-section elementor-element elementor-element-757e3af elementor-section-boxed elementor-section-height-default elementor-section-height-default\" data-id=\"757e3af\" data-element_type=\"section\" data-e-type=\"section\">\n\t\t\t\t\t\t\t<div class=\"elementor-background-overlay\"><\/div>\n\t\t\t\t\t\t\t<div class=\"elementor-container elementor-column-gap-default\">\n\t\t\t\t\t<div class=\"elementor-column elementor-col-50 elementor-top-column elementor-element elementor-element-8b25547\" data-id=\"8b25547\" data-element_type=\"column\" data-e-type=\"column\">\n\t\t\t<div class=\"elementor-widget-wrap elementor-element-populated\">\n\t\t\t\t\t\t<div class=\"elementor-element elementor-element-2dec69a elementor-widget elementor-widget-heading\" data-id=\"2dec69a\" data-element_type=\"widget\" data-e-type=\"widget\" data-widget_type=\"heading.default\">\n\t\t\t\t<div class=\"elementor-widget-container\">\n\t\t\t\t\t<h2 class=\"elementor-heading-title elementor-size-default\">Apply now<\/h2>\t\t\t\t<\/div>\n\t\t\t\t<\/div>\n\t\t\t\t<div class=\"elementor-element elementor-element-39da533 elementor-widget-divider--view-line elementor-widget elementor-widget-divider\" data-id=\"39da533\" data-element_type=\"widget\" data-e-type=\"widget\" data-widget_type=\"divider.default\">\n\t\t\t\t<div class=\"elementor-widget-container\">\n\t\t\t\t\t\t\t<div class=\"elementor-divider\">\n\t\t\t<span class=\"elementor-divider-separator\">\n\t\t\t\t\t\t<\/span>\n\t\t<\/div>\n\t\t\t\t\t\t<\/div>\n\t\t\t\t<\/div>\n\t\t\t\t\t<\/div>\n\t\t<\/div>\n\t\t\t\t<div class=\"elementor-column elementor-col-50 elementor-top-column elementor-element elementor-element-336c5c4\" data-id=\"336c5c4\" data-element_type=\"column\" data-e-type=\"column\">\n\t\t\t<div class=\"elementor-widget-wrap elementor-element-populated\">\n\t\t\t\t\t\t<div class=\"elementor-element elementor-element-97f8d93 elementor-align-right elementor-tablet-align-left elementor-widget elementor-widget-button\" data-id=\"97f8d93\" data-element_type=\"widget\" data-e-type=\"widget\" data-widget_type=\"button.default\">\n\t\t\t\t<div class=\"elementor-widget-container\">\n\t\t\t\t\t\t\t\t\t<div class=\"elementor-button-wrapper\">\n\t\t\t\t\t<a class=\"elementor-button elementor-button-link elementor-size-sm\" href=\"#elementor-action%3Aaction%3Dpopup%3Aopen%26settings%3DeyJpZCI6IjEwNjc2IiwidG9nZ2xlIjpmYWxzZX0%3D\">\n\t\t\t\t\t\t<span class=\"elementor-button-content-wrapper\">\n\t\t\t\t\t\t\t\t\t<span class=\"elementor-button-text\">Apply for a vacancy<\/span>\n\t\t\t\t\t<\/span>\n\t\t\t\t\t<\/a>\n\t\t\t\t<\/div>\n\t\t\t\t\t\t\t\t<\/div>\n\t\t\t\t<\/div>\n\t\t\t\t\t<\/div>\n\t\t<\/div>\n\t\t\t\t\t<\/div>\n\t\t<\/section>\n\t\t<div class=\"elementor-element elementor-element-c6024d9 e-flex e-con-boxed e-con e-parent\" data-id=\"c6024d9\" data-element_type=\"container\" data-e-type=\"container\">\n\t\t\t\t\t<div class=\"e-con-inner\">\n\t\t\t\t\t<\/div>\n\t\t\t\t<\/div>\n\t\t\t\t<\/div>","protected":false},"excerpt":{"rendered":"<p>Biolo\u0123isk\u0101s lauksaimniec\u012bbas sertifik\u0101cijas ekspertu\/i Aicina pieteikties Biolo\u0123isk\u0101s lauksaimniec\u012bbas sertifik\u0101cijas ekspertu\/i Pien\u0101kumi: Biolo\u0123isk\u0101s lauksaimniec\u012bbas uz\u0146\u0113mumu nov\u0113rt\u0113\u0161ana\u00a0atbilsto\u0161i\u00a0normat\u012bvajiem; aktiem par Biolo\u0123isk\u0101s lauksaimniec\u012bbas uzraudz\u012bbas un kontroles k\u0101rt\u012bbu; Dokument\u0101cijas noform\u0113\u0161ana atbilsto\u0161i kvalit\u0101tes sist\u0113mas pras\u012bb\u0101m; Pl\u0101not, uzraudz\u012bt un vad\u012bt biolo\u0123isk\u0101s lauksaimniec\u012bbas uz\u0146\u0113mumu sertifik\u0101cijas procesu. Pras\u012bbas: Atbilsto\u0161a izgl\u012bt\u012bba lauksaimniec\u012bbas, veterin\u0101rijas un\/vai p\u0101rtikas, p\u0101rstr\u0101des jom\u0101s; Vismaz viena gada praktisk\u0101 pieredze lauksaimniecisko ra\u017eo\u0161anas un\/vai [&hellip;]<\/p>\n","protected":false},"author":1,"featured_media":0,"parent":674,"menu_order":0,"comment_status":"closed","ping_status":"closed","template":"","meta":{"footnotes":""},"class_list":["post-6450","page","type-page","status-publish","hentry"],"yoast_head":"<!-- This site is optimized with the Yoast SEO plugin v27.4 - https:\/\/yoast.com\/product\/yoast-seo-wordpress\/ -->\n<title>Biolo\u0123isk\u0101s lauksaimniec\u012bbas sertifik\u0101cijas vec\u0101kais eksperts - STC<\/title>\n<meta name=\"robots\" content=\"index, follow, max-snippet:-1, max-image-preview:large, max-video-preview:-1\" \/>\n<link rel=\"canonical\" href=\"https:\/\/stc.lv\/en\/vacancies-3\/senior-expert-for-organic-certification\/\" \/>\n<meta property=\"og:locale\" content=\"en_GB\" \/>\n<meta property=\"og:type\" content=\"article\" \/>\n<meta property=\"og:title\" content=\"Biolo\u0123isk\u0101s lauksaimniec\u012bbas sertifik\u0101cijas vec\u0101kais eksperts - STC\" \/>\n<meta property=\"og:description\" content=\"Biolo\u0123isk\u0101s lauksaimniec\u012bbas sertifik\u0101cijas ekspertu\/i Aicina pieteikties Biolo\u0123isk\u0101s lauksaimniec\u012bbas sertifik\u0101cijas ekspertu\/i Pien\u0101kumi: Biolo\u0123isk\u0101s lauksaimniec\u012bbas uz\u0146\u0113mumu nov\u0113rt\u0113\u0161ana\u00a0atbilsto\u0161i\u00a0normat\u012bvajiem; aktiem par Biolo\u0123isk\u0101s lauksaimniec\u012bbas uzraudz\u012bbas un kontroles k\u0101rt\u012bbu; Dokument\u0101cijas noform\u0113\u0161ana atbilsto\u0161i kvalit\u0101tes sist\u0113mas pras\u012bb\u0101m; Pl\u0101not, uzraudz\u012bt un vad\u012bt biolo\u0123isk\u0101s lauksaimniec\u012bbas uz\u0146\u0113mumu sertifik\u0101cijas procesu. Pras\u012bbas: Atbilsto\u0161a izgl\u012bt\u012bba lauksaimniec\u012bbas, veterin\u0101rijas un\/vai p\u0101rtikas, p\u0101rstr\u0101des jom\u0101s; Vismaz viena gada praktisk\u0101 pieredze lauksaimniecisko ra\u017eo\u0161anas un\/vai [&hellip;]\" \/>\n<meta property=\"og:url\" content=\"https:\/\/stc.lv\/en\/vacancies-3\/senior-expert-for-organic-certification\/\" \/>\n<meta property=\"og:site_name\" content=\"STC\" \/>\n<meta property=\"article:publisher\" content=\"https:\/\/www.facebook.com\/profile.php?id=61560801215590\" \/>\n<meta property=\"article:modified_time\" content=\"2026-04-13T06:26:36+00:00\" \/>\n<meta name=\"twitter:card\" content=\"summary_large_image\" \/>\n<meta name=\"twitter:label1\" content=\"Estimated reading time\" \/>\n\t<meta name=\"twitter:data1\" content=\"1 minute\" \/>\n<script type=\"application\/ld+json\" class=\"yoast-schema-graph\">{\"@context\":\"https:\\\/\\\/schema.org\",\"@graph\":[{\"@type\":\"WebPage\",\"@id\":\"https:\\\/\\\/stc.lv\\\/vakances\\\/biologiskas-lauksaimniecibas-sertifikacijas-vecakais-eksperts\\\/\",\"url\":\"https:\\\/\\\/stc.lv\\\/vakances\\\/biologiskas-lauksaimniecibas-sertifikacijas-vecakais-eksperts\\\/\",\"name\":\"Biolo\u0123isk\u0101s lauksaimniec\u012bbas sertifik\u0101cijas vec\u0101kais eksperts - STC\",\"isPartOf\":{\"@id\":\"https:\\\/\\\/stc.lv\\\/#website\"},\"datePublished\":\"2022-12-14T12:35:56+00:00\",\"dateModified\":\"2026-04-13T06:26:36+00:00\",\"breadcrumb\":{\"@id\":\"https:\\\/\\\/stc.lv\\\/vakances\\\/biologiskas-lauksaimniecibas-sertifikacijas-vecakais-eksperts\\\/#breadcrumb\"},\"inLanguage\":\"en-GB\",\"potentialAction\":[{\"@type\":\"ReadAction\",\"target\":[\"https:\\\/\\\/stc.lv\\\/vakances\\\/biologiskas-lauksaimniecibas-sertifikacijas-vecakais-eksperts\\\/\"]}]},{\"@type\":\"BreadcrumbList\",\"@id\":\"https:\\\/\\\/stc.lv\\\/vakances\\\/biologiskas-lauksaimniecibas-sertifikacijas-vecakais-eksperts\\\/#breadcrumb\",\"itemListElement\":[{\"@type\":\"ListItem\",\"position\":1,\"name\":\"Home\",\"item\":\"https:\\\/\\\/stc.lv\\\/\"},{\"@type\":\"ListItem\",\"position\":2,\"name\":\"Vakances\",\"item\":\"https:\\\/\\\/stc.lv\\\/vakances\\\/\"},{\"@type\":\"ListItem\",\"position\":3,\"name\":\"Biolo\u0123isk\u0101s lauksaimniec\u012bbas sertifik\u0101cijas vec\u0101kais eksperts\"}]},{\"@type\":\"WebSite\",\"@id\":\"https:\\\/\\\/stc.lv\\\/#website\",\"url\":\"https:\\\/\\\/stc.lv\\\/\",\"name\":\"STC\",\"description\":\"Biolo\u0123isk\u0101 sertifik\u0101cija\",\"publisher\":{\"@id\":\"https:\\\/\\\/stc.lv\\\/#organization\"},\"alternateName\":\"Sertifik\u0101cijas un test\u0113\u0161anas centrs\",\"potentialAction\":[{\"@type\":\"SearchAction\",\"target\":{\"@type\":\"EntryPoint\",\"urlTemplate\":\"https:\\\/\\\/stc.lv\\\/?s={search_term_string}\"},\"query-input\":{\"@type\":\"PropertyValueSpecification\",\"valueRequired\":true,\"valueName\":\"search_term_string\"}}],\"inLanguage\":\"en-GB\"},{\"@type\":\"Organization\",\"@id\":\"https:\\\/\\\/stc.lv\\\/#organization\",\"name\":\"SIA \u201cSertifik\u0101cijas un test\u0113\u0161anas centrs\u201d\",\"alternateName\":\"STC\",\"url\":\"https:\\\/\\\/stc.lv\\\/\",\"logo\":{\"@type\":\"ImageObject\",\"inLanguage\":\"en-GB\",\"@id\":\"https:\\\/\\\/stc.lv\\\/#\\\/schema\\\/logo\\\/image\\\/\",\"url\":\"https:\\\/\\\/stc.lv\\\/wp-content\\\/uploads\\\/2020\\\/02\\\/STC-113-1.png\",\"contentUrl\":\"https:\\\/\\\/stc.lv\\\/wp-content\\\/uploads\\\/2020\\\/02\\\/STC-113-1.png\",\"width\":1950,\"height\":794,\"caption\":\"SIA \u201cSertifik\u0101cijas un test\u0113\u0161anas centrs\u201d\"},\"image\":{\"@id\":\"https:\\\/\\\/stc.lv\\\/#\\\/schema\\\/logo\\\/image\\\/\"},\"sameAs\":[\"https:\\\/\\\/www.facebook.com\\\/profile.php?id=61560801215590\",\"https:\\\/\\\/www.instagram.com\\\/sertifikacija_stc\\\/\"]}]}<\/script>\n<!-- \/ Yoast SEO plugin. -->","yoast_head_json":{"title":"Senior Expert for Organic Certification - STC","robots":{"index":"index","follow":"follow","max-snippet":"max-snippet:-1","max-image-preview":"max-image-preview:large","max-video-preview":"max-video-preview:-1"},"canonical":"https:\/\/stc.lv\/en\/vacancies-3\/senior-expert-for-organic-certification\/","og_locale":"en_GB","og_type":"article","og_title":"Biolo\u0123isk\u0101s lauksaimniec\u012bbas sertifik\u0101cijas vec\u0101kais eksperts - STC","og_description":"Biolo\u0123isk\u0101s lauksaimniec\u012bbas sertifik\u0101cijas ekspertu\/i Aicina pieteikties Biolo\u0123isk\u0101s lauksaimniec\u012bbas sertifik\u0101cijas ekspertu\/i Pien\u0101kumi: Biolo\u0123isk\u0101s lauksaimniec\u012bbas uz\u0146\u0113mumu nov\u0113rt\u0113\u0161ana\u00a0atbilsto\u0161i\u00a0normat\u012bvajiem; aktiem par Biolo\u0123isk\u0101s lauksaimniec\u012bbas uzraudz\u012bbas un kontroles k\u0101rt\u012bbu; Dokument\u0101cijas noform\u0113\u0161ana atbilsto\u0161i kvalit\u0101tes sist\u0113mas pras\u012bb\u0101m; Pl\u0101not, uzraudz\u012bt un vad\u012bt biolo\u0123isk\u0101s lauksaimniec\u012bbas uz\u0146\u0113mumu sertifik\u0101cijas procesu. Pras\u012bbas: Atbilsto\u0161a izgl\u012bt\u012bba lauksaimniec\u012bbas, veterin\u0101rijas un\/vai p\u0101rtikas, p\u0101rstr\u0101des jom\u0101s; Vismaz viena gada praktisk\u0101 pieredze lauksaimniecisko ra\u017eo\u0161anas un\/vai [&hellip;]","og_url":"https:\/\/stc.lv\/en\/vacancies-3\/senior-expert-for-organic-certification\/","og_site_name":"STC","article_publisher":"https:\/\/www.facebook.com\/profile.php?id=61560801215590","article_modified_time":"2026-04-13T06:26:36+00:00","twitter_card":"summary_large_image","twitter_misc":{"Estimated reading time":"1 minute"},"schema":{"@context":"https:\/\/schema.org","@graph":[{"@type":"WebPage","@id":"https:\/\/stc.lv\/vakances\/biologiskas-lauksaimniecibas-sertifikacijas-vecakais-eksperts\/","url":"https:\/\/stc.lv\/vakances\/biologiskas-lauksaimniecibas-sertifikacijas-vecakais-eksperts\/","name":"Senior Expert for Organic Certification - STC","isPartOf":{"@id":"https:\/\/stc.lv\/#website"},"datePublished":"2022-12-14T12:35:56+00:00","dateModified":"2026-04-13T06:26:36+00:00","breadcrumb":{"@id":"https:\/\/stc.lv\/vakances\/biologiskas-lauksaimniecibas-sertifikacijas-vecakais-eksperts\/#breadcrumb"},"inLanguage":"en-GB","potentialAction":[{"@type":"ReadAction","target":["https:\/\/stc.lv\/vakances\/biologiskas-lauksaimniecibas-sertifikacijas-vecakais-eksperts\/"]}]},{"@type":"BreadcrumbList","@id":"https:\/\/stc.lv\/vakances\/biologiskas-lauksaimniecibas-sertifikacijas-vecakais-eksperts\/#breadcrumb","itemListElement":[{"@type":"ListItem","position":1,"name":"Home","item":"https:\/\/stc.lv\/"},{"@type":"ListItem","position":2,"name":"Vakances","item":"https:\/\/stc.lv\/vakances\/"},{"@type":"ListItem","position":3,"name":"Biolo\u0123isk\u0101s lauksaimniec\u012bbas sertifik\u0101cijas vec\u0101kais eksperts"}]},{"@type":"WebSite","@id":"https:\/\/stc.lv\/#website","url":"https:\/\/stc.lv\/","name":"STC","description":"Organic certification","publisher":{"@id":"https:\/\/stc.lv\/#organization"},"alternateName":"Sertifik\u0101cijas un test\u0113\u0161anas centrs","potentialAction":[{"@type":"SearchAction","target":{"@type":"EntryPoint","urlTemplate":"https:\/\/stc.lv\/?s={search_term_string}"},"query-input":{"@type":"PropertyValueSpecification","valueRequired":true,"valueName":"search_term_string"}}],"inLanguage":"en-GB"},{"@type":"Organization","@id":"https:\/\/stc.lv\/#organization","name":"SIA \"Certification and Testing Centre\"","alternateName":"STC","url":"https:\/\/stc.lv\/","logo":{"@type":"ImageObject","inLanguage":"en-GB","@id":"https:\/\/stc.lv\/#\/schema\/logo\/image\/","url":"https:\/\/stc.lv\/wp-content\/uploads\/2020\/02\/STC-113-1.png","contentUrl":"https:\/\/stc.lv\/wp-content\/uploads\/2020\/02\/STC-113-1.png","width":1950,"height":794,"caption":"SIA \u201cSertifik\u0101cijas un test\u0113\u0161anas centrs\u201d"},"image":{"@id":"https:\/\/stc.lv\/#\/schema\/logo\/image\/"},"sameAs":["https:\/\/www.facebook.com\/profile.php?id=61560801215590","https:\/\/www.instagram.com\/sertifikacija_stc\/"]}]}},"rttpg_featured_image_url":null,"rttpg_author":{"display_name":"admin","author_link":"https:\/\/stc.lv\/en\/author\/info_555hqm4r\/"},"rttpg_comment":0,"rttpg_category":null,"rttpg_excerpt":"Biolo\u0123isk\u0101s lauksaimniec\u012bbas sertifik\u0101cijas ekspertu\/i Aicina pieteikties Biolo\u0123isk\u0101s lauksaimniec\u012bbas sertifik\u0101cijas ekspertu\/i Pien\u0101kumi: Biolo\u0123isk\u0101s lauksaimniec\u012bbas uz\u0146\u0113mumu nov\u0113rt\u0113\u0161ana\u00a0atbilsto\u0161i\u00a0normat\u012bvajiem; aktiem par Biolo\u0123isk\u0101s lauksaimniec\u012bbas uzraudz\u012bbas un kontroles k\u0101rt\u012bbu; Dokument\u0101cijas noform\u0113\u0161ana atbilsto\u0161i kvalit\u0101tes sist\u0113mas pras\u012bb\u0101m; Pl\u0101not, uzraudz\u012bt un vad\u012bt biolo\u0123isk\u0101s lauksaimniec\u012bbas uz\u0146\u0113mumu sertifik\u0101cijas procesu. Pras\u012bbas: Atbilsto\u0161a izgl\u012bt\u012bba lauksaimniec\u012bbas, veterin\u0101rijas un\/vai p\u0101rtikas, p\u0101rstr\u0101des jom\u0101s; Vismaz viena gada praktisk\u0101 pieredze lauksaimniecisko ra\u017eo\u0161anas un\/vai&hellip;","_links":{"self":[{"href":"https:\/\/stc.lv\/en\/wp-json\/wp\/v2\/pages\/6450","targetHints":{"allow":["GET"]}}],"collection":[{"href":"https:\/\/stc.lv\/en\/wp-json\/wp\/v2\/pages"}],"about":[{"href":"https:\/\/stc.lv\/en\/wp-json\/wp\/v2\/types\/page"}],"author":[{"embeddable":true,"href":"https:\/\/stc.lv\/en\/wp-json\/wp\/v2\/users\/1"}],"replies":[{"embeddable":true,"href":"https:\/\/stc.lv\/en\/wp-json\/wp\/v2\/comments?post=6450"}],"version-history":[{"count":48,"href":"https:\/\/stc.lv\/en\/wp-json\/wp\/v2\/pages\/6450\/revisions"}],"predecessor-version":[{"id":14670,"href":"https:\/\/stc.lv\/en\/wp-json\/wp\/v2\/pages\/6450\/revisions\/14670"}],"up":[{"embeddable":true,"href":"https:\/\/stc.lv\/en\/wp-json\/wp\/v2\/pages\/674"}],"wp:attachment":[{"href":"https:\/\/stc.lv\/en\/wp-json\/wp\/v2\/media?parent=6450"}],"curies":[{"name":"wp","href":"https:\/\/api.w.org\/{rel}","templated":true}]}}