{"id":660,"date":"2021-04-09T10:22:53","date_gmt":"2021-04-09T08:22:53","guid":{"rendered":"https:\/\/stc.lv\/?page_id=660"},"modified":"2024-12-05T18:21:05","modified_gmt":"2024-12-05T18:21:05","slug":"seminar-rooms","status":"publish","type":"page","link":"https:\/\/stc.lv\/en\/seminar-rooms\/","title":{"rendered":"Seminar rooms"},"content":{"rendered":"<div data-elementor-type=\"wp-page\" data-elementor-id=\"660\" class=\"elementor elementor-660\" data-elementor-post-type=\"page\">\n\t\t\t\t\t\t<section class=\"elementor-section elementor-top-section elementor-element elementor-element-072017e elementor-section-height-min-height elementor-section-boxed elementor-section-height-default elementor-section-items-middle\" data-id=\"072017e\" data-element_type=\"section\" data-settings=\"{&quot;background_background&quot;:&quot;classic&quot;}\">\n\t\t\t\t\t\t\t<div class=\"elementor-background-overlay\"><\/div>\n\t\t\t\t\t\t\t<div class=\"elementor-container elementor-column-gap-default\">\n\t\t\t\t\t<div class=\"elementor-column elementor-col-100 elementor-top-column elementor-element elementor-element-3a8013a\" data-id=\"3a8013a\" data-element_type=\"column\">\n\t\t\t<div class=\"elementor-widget-wrap elementor-element-populated\">\n\t\t\t\t\t\t<section class=\"elementor-section elementor-inner-section elementor-element elementor-element-61a482b elementor-section-boxed elementor-section-height-default elementor-section-height-default\" data-id=\"61a482b\" data-element_type=\"section\">\n\t\t\t\t\t\t<div class=\"elementor-container elementor-column-gap-default\">\n\t\t\t\t\t<div class=\"elementor-column elementor-col-100 elementor-inner-column elementor-element elementor-element-a2ddfbf\" data-id=\"a2ddfbf\" data-element_type=\"column\">\n\t\t\t<div class=\"elementor-widget-wrap elementor-element-populated\">\n\t\t\t\t\t\t<div class=\"elementor-element elementor-element-4aab4f1 elementor-widget elementor-widget-heading\" data-id=\"4aab4f1\" data-element_type=\"widget\" data-widget_type=\"heading.default\">\n\t\t\t\t<div class=\"elementor-widget-container\">\n\t\t\t\t\t<h1 class=\"elementor-heading-title elementor-size-default\">Seminar rooms<\/h1>\t\t\t\t<\/div>\n\t\t\t\t<\/div>\n\t\t\t\t<div class=\"elementor-element elementor-element-1b230be elementor-widget-divider--view-line elementor-widget elementor-widget-divider\" data-id=\"1b230be\" data-element_type=\"widget\" data-widget_type=\"divider.default\">\n\t\t\t\t<div class=\"elementor-widget-container\">\n\t\t\t\t\t\t\t<div class=\"elementor-divider\">\n\t\t\t<span class=\"elementor-divider-separator\">\n\t\t\t\t\t\t<\/span>\n\t\t<\/div>\n\t\t\t\t\t\t<\/div>\n\t\t\t\t<\/div>\n\t\t\t\t\t<\/div>\n\t\t<\/div>\n\t\t\t\t\t<\/div>\n\t\t<\/section>\n\t\t\t\t\t<\/div>\n\t\t<\/div>\n\t\t\t\t\t<\/div>\n\t\t<\/section>\n\t\t\t\t<section class=\"elementor-section elementor-top-section elementor-element elementor-element-bc0f51b elementor-section-boxed elementor-section-height-default elementor-section-height-default\" data-id=\"bc0f51b\" data-element_type=\"section\">\n\t\t\t\t\t\t<div class=\"elementor-container elementor-column-gap-default\">\n\t\t\t\t\t<div class=\"elementor-column elementor-col-100 elementor-top-column elementor-element elementor-element-8ed7429\" data-id=\"8ed7429\" data-element_type=\"column\">\n\t\t\t<div class=\"elementor-widget-wrap elementor-element-populated\">\n\t\t\t\t\t\t<section class=\"elementor-section elementor-inner-section elementor-element elementor-element-cb3421f elementor-section-boxed elementor-section-height-default elementor-section-height-default\" data-id=\"cb3421f\" data-element_type=\"section\" data-settings=\"{&quot;background_background&quot;:&quot;classic&quot;}\">\n\t\t\t\t\t\t<div class=\"elementor-container elementor-column-gap-default\">\n\t\t\t\t\t<div class=\"elementor-column elementor-col-100 elementor-inner-column elementor-element elementor-element-4b00ea1\" data-id=\"4b00ea1\" data-element_type=\"column\" data-settings=\"{&quot;background_background&quot;:&quot;classic&quot;}\">\n\t\t\t<div class=\"elementor-widget-wrap elementor-element-populated\">\n\t\t\t\t\t\t<div class=\"elementor-element elementor-element-15d26f2 elementor-widget elementor-widget-heading\" data-id=\"15d26f2\" data-element_type=\"widget\" data-widget_type=\"heading.default\">\n\t\t\t\t<div class=\"elementor-widget-container\">\n\t\t\t\t\t<h2 class=\"elementor-heading-title elementor-size-default\">facilities for seminars, meetings<\/h2>\t\t\t\t<\/div>\n\t\t\t\t<\/div>\n\t\t\t\t<div class=\"elementor-element elementor-element-9402e7f elementor-widget elementor-widget-text-editor\" data-id=\"9402e7f\" data-element_type=\"widget\" data-widget_type=\"text-editor.default\">\n\t\t\t\t<div class=\"elementor-widget-container\">\n\t\t\t\t\t\t\t\t\t<p>80, 00 \u20ac\/day<\/p><p>60, 00 \u20ac\/up to 4 hours<\/p><p>Area: 74 m\u00b2<\/p><p>Location Prieku\u013ci, D\u0101rza street 12<\/p><p>C\u0113sis and Prieku\u013ci are connected by a high-quality and illuminated cycle path. Excellent catering in the basement of \"Stop\". You can order table setting for coffee breaks, banquets, business lunches. Accommodation in Hostel \"Prieku\u013ci\" on the 4th floor. Bicycle storage available.\u00a0<\/p><p>Tenants of premises are responsible for observing and implementing the national epidemiological safety measures to control the spread of Covid-19 infection during the period of rental of the premises.\u00a0<\/p><p>See pictures of the rooms and description of the ad <a href=\"https:\/\/www.ss.lv\/msg\/lv\/real-estate\/offices\/cesis-and-reg\/priekulu-pag\/UnwPH05hRVU=.html?1654689144#photo-1\" target=\"_blank\" rel=\"noopener\"><strong>HERE<\/strong><\/a><\/p>\t\t\t\t\t\t\t\t<\/div>\n\t\t\t\t<\/div>\n\t\t\t\t<div class=\"elementor-element elementor-element-92eaeaf elementor-hidden-desktop elementor-hidden-tablet elementor-hidden-phone elementor-widget elementor-widget-button\" data-id=\"92eaeaf\" data-element_type=\"widget\" data-widget_type=\"button.default\">\n\t\t\t\t<div class=\"elementor-widget-container\">\n\t\t\t\t\t\t\t\t\t<div class=\"elementor-button-wrapper\">\n\t\t\t\t\t<a class=\"elementor-button elementor-button-link elementor-size-sm\" href=\"https:\/\/www.ss.com\/\">\n\t\t\t\t\t\t<span class=\"elementor-button-content-wrapper\">\n\t\t\t\t\t\t\t\t\t<span class=\"elementor-button-text\">Hire<\/span>\n\t\t\t\t\t<\/span>\n\t\t\t\t\t<\/a>\n\t\t\t\t<\/div>\n\t\t\t\t\t\t\t\t<\/div>\n\t\t\t\t<\/div>\n\t\t\t\t\t<\/div>\n\t\t<\/div>\n\t\t\t\t\t<\/div>\n\t\t<\/section>\n\t\t\t\t\t<\/div>\n\t\t<\/div>\n\t\t\t\t\t<\/div>\n\t\t<\/section>\n\t\t\t\t<section class=\"elementor-section elementor-top-section elementor-element elementor-element-fadc1ca elementor-section-boxed elementor-section-height-default elementor-section-height-default\" data-id=\"fadc1ca\" data-element_type=\"section\">\n\t\t\t\t\t\t\t<div class=\"elementor-background-overlay\"><\/div>\n\t\t\t\t\t\t\t<div class=\"elementor-container elementor-column-gap-default\">\n\t\t\t\t\t<div class=\"elementor-column elementor-col-50 elementor-top-column elementor-element elementor-element-1043c2c\" data-id=\"1043c2c\" data-element_type=\"column\">\n\t\t\t<div class=\"elementor-widget-wrap elementor-element-populated\">\n\t\t\t\t\t\t<div class=\"elementor-element elementor-element-1ae197e elementor-widget elementor-widget-heading\" data-id=\"1ae197e\" data-element_type=\"widget\" data-widget_type=\"heading.default\">\n\t\t\t\t<div class=\"elementor-widget-container\">\n\t\t\t\t\t<h2 class=\"elementor-heading-title elementor-size-default\">Need seminar rooms?<\/h2>\t\t\t\t<\/div>\n\t\t\t\t<\/div>\n\t\t\t\t<div class=\"elementor-element elementor-element-54ac38b elementor-widget-divider--view-line elementor-widget elementor-widget-divider\" data-id=\"54ac38b\" data-element_type=\"widget\" data-widget_type=\"divider.default\">\n\t\t\t\t<div class=\"elementor-widget-container\">\n\t\t\t\t\t\t\t<div class=\"elementor-divider\">\n\t\t\t<span class=\"elementor-divider-separator\">\n\t\t\t\t\t\t<\/span>\n\t\t<\/div>\n\t\t\t\t\t\t<\/div>\n\t\t\t\t<\/div>\n\t\t\t\t\t<\/div>\n\t\t<\/div>\n\t\t\t\t<div class=\"elementor-column elementor-col-50 elementor-top-column elementor-element elementor-element-15bec0b\" data-id=\"15bec0b\" data-element_type=\"column\">\n\t\t\t<div class=\"elementor-widget-wrap elementor-element-populated\">\n\t\t\t\t\t\t<div class=\"elementor-element elementor-element-fc60017 elementor-align-right elementor-tablet-align-left elementor-widget elementor-widget-button\" data-id=\"fc60017\" data-element_type=\"widget\" data-widget_type=\"button.default\">\n\t\t\t\t<div class=\"elementor-widget-container\">\n\t\t\t\t\t\t\t\t\t<div class=\"elementor-button-wrapper\">\n\t\t\t\t\t<a class=\"elementor-button elementor-button-link elementor-size-sm\" href=\"#elementor-action%3Aaction%3Dpopup%3Aopen%26settings%3DeyJpZCI6IjEwNjY0IiwidG9nZ2xlIjpmYWxzZX0%3D\">\n\t\t\t\t\t\t<span class=\"elementor-button-content-wrapper\">\n\t\t\t\t\t\t\t\t\t<span class=\"elementor-button-text\">Contact us!<\/span>\n\t\t\t\t\t<\/span>\n\t\t\t\t\t<\/a>\n\t\t\t\t<\/div>\n\t\t\t\t\t\t\t\t<\/div>\n\t\t\t\t<\/div>\n\t\t\t\t\t<\/div>\n\t\t<\/div>\n\t\t\t\t\t<\/div>\n\t\t<\/section>\n\t\t\t\t<\/div>","protected":false},"excerpt":{"rendered":"<p>Seminar rooms rooms for seminars, meetings 80, 00 \u20ac\/day 60, 00 \u20ac\/up to 4 hours Area: 74 m\u00b2 Location: Prieku\u013ci, D\u0101rza iela 12 C\u0113sis and Prieku\u013ci are connected by a high-quality and illuminated cycle path. Excellent catering in the basement \"Stop\". It is possible to order table setting for coffee breaks, banquets, business lunches. Accommodation in Hostel \"Prieku\u013ci\" on the 4th floor. Bicycle storage available.  The [...]<\/p>","protected":false},"author":1,"featured_media":0,"parent":0,"menu_order":0,"comment_status":"closed","ping_status":"closed","template":"","meta":{"footnotes":""},"class_list":["post-660","page","type-page","status-publish","hentry"],"yoast_head":"<!-- This site is optimized with the Yoast SEO plugin v26.3 - https:\/\/yoast.com\/wordpress\/plugins\/seo\/ -->\n<title>Semin\u0101ru telpas - STC<\/title>\n<meta name=\"robots\" content=\"index, follow, max-snippet:-1, max-image-preview:large, max-video-preview:-1\" \/>\n<link rel=\"canonical\" href=\"https:\/\/stc.lv\/en\/seminar-rooms\/\" \/>\n<meta property=\"og:locale\" content=\"en_GB\" \/>\n<meta property=\"og:type\" content=\"article\" \/>\n<meta property=\"og:title\" content=\"Semin\u0101ru telpas - STC\" \/>\n<meta property=\"og:description\" content=\"Semin\u0101ru telpas telpas semin\u0101riem, san\u0101ksm\u0113m 80, 00 \u20ac\/dien\u0101 60, 00 \u20ac\/l\u012bdz 4 stund\u0101m Plat\u012bba: 74 m\u00b2 Vieta: Prieku\u013ci, D\u0101rza iela 12 C\u0113sis un Prieku\u013cus savieno kvalitat\u012bvs un apgaismots veloceli\u0146\u0161. Lieliska \u0113din\u0101\u0161ana \u201ePietura\u201d pagrabst\u0101v\u0101. Iesp\u0113jams pas\u016bt\u012bt galdu kl\u0101\u0161anu kafijas pauz\u0113m, banketiem, biznesa pusdien\u0101m. Naktsm\u012btnes hostelis \u201ePrieku\u013ci\u201d 4.st\u0101v\u0101. Pieejama velo novietne.\u00a0 Telpu nomnieki ir atbild\u012bgi par valst\u012b [&hellip;]\" \/>\n<meta property=\"og:url\" content=\"https:\/\/stc.lv\/en\/seminar-rooms\/\" \/>\n<meta property=\"og:site_name\" content=\"STC\" \/>\n<meta property=\"article:publisher\" content=\"https:\/\/www.facebook.com\/profile.php?id=61560801215590\" \/>\n<meta property=\"article:modified_time\" content=\"2024-12-05T18:21:05+00:00\" \/>\n<meta name=\"twitter:card\" content=\"summary_large_image\" \/>\n<meta name=\"twitter:label1\" content=\"Estimated reading time\" \/>\n\t<meta name=\"twitter:data1\" content=\"1 minute\" \/>\n<script type=\"application\/ld+json\" class=\"yoast-schema-graph\">{\"@context\":\"https:\/\/schema.org\",\"@graph\":[{\"@type\":\"WebPage\",\"@id\":\"https:\/\/stc.lv\/seminaru-telpas\/\",\"url\":\"https:\/\/stc.lv\/seminaru-telpas\/\",\"name\":\"Semin\u0101ru telpas - STC\",\"isPartOf\":{\"@id\":\"https:\/\/stc.lv\/#website\"},\"datePublished\":\"2021-04-09T08:22:53+00:00\",\"dateModified\":\"2024-12-05T18:21:05+00:00\",\"breadcrumb\":{\"@id\":\"https:\/\/stc.lv\/seminaru-telpas\/#breadcrumb\"},\"inLanguage\":\"en-GB\",\"potentialAction\":[{\"@type\":\"ReadAction\",\"target\":[\"https:\/\/stc.lv\/seminaru-telpas\/\"]}]},{\"@type\":\"BreadcrumbList\",\"@id\":\"https:\/\/stc.lv\/seminaru-telpas\/#breadcrumb\",\"itemListElement\":[{\"@type\":\"ListItem\",\"position\":1,\"name\":\"Home\",\"item\":\"https:\/\/stc.lv\/\"},{\"@type\":\"ListItem\",\"position\":2,\"name\":\"Semin\u0101ru telpas\"}]},{\"@type\":\"WebSite\",\"@id\":\"https:\/\/stc.lv\/#website\",\"url\":\"https:\/\/stc.lv\/\",\"name\":\"STC\",\"description\":\"Biolo\u0123isk\u0101 sertifik\u0101cija\",\"publisher\":{\"@id\":\"https:\/\/stc.lv\/#organization\"},\"alternateName\":\"Sertifik\u0101cijas un test\u0113\u0161anas centrs\",\"potentialAction\":[{\"@type\":\"SearchAction\",\"target\":{\"@type\":\"EntryPoint\",\"urlTemplate\":\"https:\/\/stc.lv\/?s={search_term_string}\"},\"query-input\":{\"@type\":\"PropertyValueSpecification\",\"valueRequired\":true,\"valueName\":\"search_term_string\"}}],\"inLanguage\":\"en-GB\"},{\"@type\":\"Organization\",\"@id\":\"https:\/\/stc.lv\/#organization\",\"name\":\"SIA \u201cSertifik\u0101cijas un test\u0113\u0161anas centrs\u201d\",\"alternateName\":\"STC\",\"url\":\"https:\/\/stc.lv\/\",\"logo\":{\"@type\":\"ImageObject\",\"inLanguage\":\"en-GB\",\"@id\":\"https:\/\/stc.lv\/#\/schema\/logo\/image\/\",\"url\":\"https:\/\/stc.lv\/wp-content\/uploads\/2020\/02\/STC-113-1.png\",\"contentUrl\":\"https:\/\/stc.lv\/wp-content\/uploads\/2020\/02\/STC-113-1.png\",\"width\":1950,\"height\":794,\"caption\":\"SIA \u201cSertifik\u0101cijas un test\u0113\u0161anas centrs\u201d\"},\"image\":{\"@id\":\"https:\/\/stc.lv\/#\/schema\/logo\/image\/\"},\"sameAs\":[\"https:\/\/www.facebook.com\/profile.php?id=61560801215590\",\"https:\/\/www.instagram.com\/sertifikacija_stc\/\"]}]}<\/script>\n<!-- \/ Yoast SEO plugin. -->","yoast_head_json":{"title":"Seminar rooms - STC","robots":{"index":"index","follow":"follow","max-snippet":"max-snippet:-1","max-image-preview":"max-image-preview:large","max-video-preview":"max-video-preview:-1"},"canonical":"https:\/\/stc.lv\/en\/seminar-rooms\/","og_locale":"en_GB","og_type":"article","og_title":"Semin\u0101ru telpas - STC","og_description":"Semin\u0101ru telpas telpas semin\u0101riem, san\u0101ksm\u0113m 80, 00 \u20ac\/dien\u0101 60, 00 \u20ac\/l\u012bdz 4 stund\u0101m Plat\u012bba: 74 m\u00b2 Vieta: Prieku\u013ci, D\u0101rza iela 12 C\u0113sis un Prieku\u013cus savieno kvalitat\u012bvs un apgaismots veloceli\u0146\u0161. Lieliska \u0113din\u0101\u0161ana \u201ePietura\u201d pagrabst\u0101v\u0101. Iesp\u0113jams pas\u016bt\u012bt galdu kl\u0101\u0161anu kafijas pauz\u0113m, banketiem, biznesa pusdien\u0101m. Naktsm\u012btnes hostelis \u201ePrieku\u013ci\u201d 4.st\u0101v\u0101. Pieejama velo novietne.\u00a0 Telpu nomnieki ir atbild\u012bgi par valst\u012b [&hellip;]","og_url":"https:\/\/stc.lv\/en\/seminar-rooms\/","og_site_name":"STC","article_publisher":"https:\/\/www.facebook.com\/profile.php?id=61560801215590","article_modified_time":"2024-12-05T18:21:05+00:00","twitter_card":"summary_large_image","twitter_misc":{"Estimated reading time":"1 minute"},"schema":{"@context":"https:\/\/schema.org","@graph":[{"@type":"WebPage","@id":"https:\/\/stc.lv\/seminaru-telpas\/","url":"https:\/\/stc.lv\/seminaru-telpas\/","name":"Seminar rooms - STC","isPartOf":{"@id":"https:\/\/stc.lv\/#website"},"datePublished":"2021-04-09T08:22:53+00:00","dateModified":"2024-12-05T18:21:05+00:00","breadcrumb":{"@id":"https:\/\/stc.lv\/seminaru-telpas\/#breadcrumb"},"inLanguage":"en-GB","potentialAction":[{"@type":"ReadAction","target":["https:\/\/stc.lv\/seminaru-telpas\/"]}]},{"@type":"BreadcrumbList","@id":"https:\/\/stc.lv\/seminaru-telpas\/#breadcrumb","itemListElement":[{"@type":"ListItem","position":1,"name":"Home","item":"https:\/\/stc.lv\/"},{"@type":"ListItem","position":2,"name":"Semin\u0101ru telpas"}]},{"@type":"WebSite","@id":"https:\/\/stc.lv\/#website","url":"https:\/\/stc.lv\/","name":"STC","description":"Organic certification","publisher":{"@id":"https:\/\/stc.lv\/#organization"},"alternateName":"Sertifik\u0101cijas un test\u0113\u0161anas centrs","potentialAction":[{"@type":"SearchAction","target":{"@type":"EntryPoint","urlTemplate":"https:\/\/stc.lv\/?s={search_term_string}"},"query-input":{"@type":"PropertyValueSpecification","valueRequired":true,"valueName":"search_term_string"}}],"inLanguage":"en-GB"},{"@type":"Organization","@id":"https:\/\/stc.lv\/#organization","name":"SIA \"Certification and Testing Centre\"","alternateName":"STC","url":"https:\/\/stc.lv\/","logo":{"@type":"ImageObject","inLanguage":"en-GB","@id":"https:\/\/stc.lv\/#\/schema\/logo\/image\/","url":"https:\/\/stc.lv\/wp-content\/uploads\/2020\/02\/STC-113-1.png","contentUrl":"https:\/\/stc.lv\/wp-content\/uploads\/2020\/02\/STC-113-1.png","width":1950,"height":794,"caption":"SIA \u201cSertifik\u0101cijas un test\u0113\u0161anas centrs\u201d"},"image":{"@id":"https:\/\/stc.lv\/#\/schema\/logo\/image\/"},"sameAs":["https:\/\/www.facebook.com\/profile.php?id=61560801215590","https:\/\/www.instagram.com\/sertifikacija_stc\/"]}]}},"rttpg_featured_image_url":null,"rttpg_author":{"display_name":"admin","author_link":"https:\/\/stc.lv\/en\/author\/info_555hqm4r\/"},"rttpg_comment":0,"rttpg_category":null,"rttpg_excerpt":"Semin\u0101ru telpas telpas semin\u0101riem, san\u0101ksm\u0113m 80, 00 \u20ac\/dien\u0101 60, 00 \u20ac\/l\u012bdz 4 stund\u0101m Plat\u012bba: 74 m\u00b2 Vieta: Prieku\u013ci, D\u0101rza iela 12 C\u0113sis un Prieku\u013cus savieno kvalitat\u012bvs un apgaismots veloceli\u0146\u0161. Lieliska \u0113din\u0101\u0161ana \u201ePietura\u201d pagrabst\u0101v\u0101. Iesp\u0113jams pas\u016bt\u012bt galdu kl\u0101\u0161anu kafijas pauz\u0113m, banketiem, biznesa pusdien\u0101m. Naktsm\u012btnes hostelis \u201ePrieku\u013ci\u201d 4.st\u0101v\u0101. Pieejama velo novietne.\u00a0 Telpu nomnieki ir atbild\u012bgi par valst\u012b&hellip;","_links":{"self":[{"href":"https:\/\/stc.lv\/en\/wp-json\/wp\/v2\/pages\/660","targetHints":{"allow":["GET"]}}],"collection":[{"href":"https:\/\/stc.lv\/en\/wp-json\/wp\/v2\/pages"}],"about":[{"href":"https:\/\/stc.lv\/en\/wp-json\/wp\/v2\/types\/page"}],"author":[{"embeddable":true,"href":"https:\/\/stc.lv\/en\/wp-json\/wp\/v2\/users\/1"}],"replies":[{"embeddable":true,"href":"https:\/\/stc.lv\/en\/wp-json\/wp\/v2\/comments?post=660"}],"version-history":[{"count":3,"href":"https:\/\/stc.lv\/en\/wp-json\/wp\/v2\/pages\/660\/revisions"}],"predecessor-version":[{"id":11070,"href":"https:\/\/stc.lv\/en\/wp-json\/wp\/v2\/pages\/660\/revisions\/11070"}],"wp:attachment":[{"href":"https:\/\/stc.lv\/en\/wp-json\/wp\/v2\/media?parent=660"}],"curies":[{"name":"wp","href":"https:\/\/api.w.org\/{rel}","templated":true}]}}