{"id":702,"date":"2021-04-09T10:55:24","date_gmt":"2021-04-09T08:55:24","guid":{"rendered":"https:\/\/stc.lv\/?page_id=702"},"modified":"2026-04-13T06:55:29","modified_gmt":"2026-04-13T06:55:29","slug":"inspection-expert-e","status":"publish","type":"page","link":"https:\/\/stc.lv\/en\/inspection-expert-e\/","title":{"rendered":"Inspection expert(s)"},"content":{"rendered":"<div data-elementor-type=\"wp-page\" data-elementor-id=\"702\" class=\"elementor elementor-702\" data-elementor-post-type=\"page\">\n\t\t\t\t\t\t<section class=\"elementor-section elementor-top-section elementor-element elementor-element-b87c17e elementor-section-height-min-height elementor-section-boxed elementor-section-height-default elementor-section-items-middle\" data-id=\"b87c17e\" data-element_type=\"section\" data-e-type=\"section\" data-settings=\"{&quot;background_background&quot;:&quot;classic&quot;}\">\n\t\t\t\t\t\t\t<div class=\"elementor-background-overlay\"><\/div>\n\t\t\t\t\t\t\t<div class=\"elementor-container elementor-column-gap-default\">\n\t\t\t\t\t<div class=\"elementor-column elementor-col-100 elementor-top-column elementor-element elementor-element-f51deeb\" data-id=\"f51deeb\" data-element_type=\"column\" data-e-type=\"column\">\n\t\t\t<div class=\"elementor-widget-wrap elementor-element-populated\">\n\t\t\t\t\t\t<section class=\"elementor-section elementor-inner-section elementor-element elementor-element-d60d133 elementor-section-boxed elementor-section-height-default elementor-section-height-default\" data-id=\"d60d133\" data-element_type=\"section\" data-e-type=\"section\">\n\t\t\t\t\t\t<div class=\"elementor-container elementor-column-gap-default\">\n\t\t\t\t\t<div class=\"elementor-column elementor-col-100 elementor-inner-column elementor-element elementor-element-fa7757b\" data-id=\"fa7757b\" data-element_type=\"column\" data-e-type=\"column\">\n\t\t\t<div class=\"elementor-widget-wrap elementor-element-populated\">\n\t\t\t\t\t\t<div class=\"elementor-element elementor-element-5269aef elementor-widget elementor-widget-heading\" data-id=\"5269aef\" data-element_type=\"widget\" data-e-type=\"widget\" data-widget_type=\"heading.default\">\n\t\t\t\t<div class=\"elementor-widget-container\">\n\t\t\t\t\t<h1 class=\"elementor-heading-title elementor-size-default\">Inspection expert(s)<\/h1>\t\t\t\t<\/div>\n\t\t\t\t<\/div>\n\t\t\t\t<div class=\"elementor-element elementor-element-b36b8a3 elementor-widget-divider--view-line elementor-widget elementor-widget-divider\" data-id=\"b36b8a3\" data-element_type=\"widget\" data-e-type=\"widget\" data-widget_type=\"divider.default\">\n\t\t\t\t<div class=\"elementor-widget-container\">\n\t\t\t\t\t\t\t<div class=\"elementor-divider\">\n\t\t\t<span class=\"elementor-divider-separator\">\n\t\t\t\t\t\t<\/span>\n\t\t<\/div>\n\t\t\t\t\t\t<\/div>\n\t\t\t\t<\/div>\n\t\t\t\t\t<\/div>\n\t\t<\/div>\n\t\t\t\t\t<\/div>\n\t\t<\/section>\n\t\t\t\t\t<\/div>\n\t\t<\/div>\n\t\t\t\t\t<\/div>\n\t\t<\/section>\n\t\t\t\t<section class=\"elementor-section elementor-top-section elementor-element elementor-element-777b42dd elementor-section-boxed elementor-section-height-default elementor-section-height-default\" data-id=\"777b42dd\" data-element_type=\"section\" data-e-type=\"section\">\n\t\t\t\t\t\t<div class=\"elementor-container elementor-column-gap-default\">\n\t\t\t\t\t<div class=\"elementor-column elementor-col-100 elementor-top-column elementor-element elementor-element-6591dc40\" data-id=\"6591dc40\" data-element_type=\"column\" data-e-type=\"column\">\n\t\t\t<div class=\"elementor-widget-wrap elementor-element-populated\">\n\t\t\t\t\t\t<div class=\"elementor-element elementor-element-1bdb86bc elementor-widget__width-initial elementor-widget elementor-widget-text-editor\" data-id=\"1bdb86bc\" data-element_type=\"widget\" data-e-type=\"widget\" data-widget_type=\"text-editor.default\">\n\t\t\t\t<div class=\"elementor-widget-container\">\n\t\t\t\t\t\t\t\t\t<p>If you are analytical, concerned about accuracy and quality, interested in testing, inspecting in the technical field<br \/><br \/>SIA \"Certification and Testing Centre\" invites applications<\/p><p>Responsibilities:<\/p><ul><li>Inspect agricultural machinery in accordance with the requirements of the laws and regulations.<\/li><li>Work with different types of measuring equipment.<\/li><li>Documents in the workflow.<\/li><li>Serve clients throughout Latvia.<\/li><\/ul><p>\u00a0<\/p><p>Requirements:<\/p><ul><li>Technical agricultural experience<\/li><li>Technical education in agricultural engineering, mechanics, mechanical engineering;<\/li><li>Good knowledge of the national language;<\/li><li>Category B driving licence;<\/li><li>Proficiency in MS Office applications;<\/li><\/ul><p>\u00a0<\/p><p>We offer:<\/p><ul><li>To pursue your professional activities in a dynamic and responsible work environment;<\/li><li>Professional development opportunities;<\/li><li>Health insurance;<\/li><li>Flexible working hours;<\/li><li>Salary from \u20ac1000 (before tax).<\/li><\/ul>\t\t\t\t\t\t\t\t<\/div>\n\t\t\t\t<\/div>\n\t\t\t\t\t<\/div>\n\t\t<\/div>\n\t\t\t\t\t<\/div>\n\t\t<\/section>\n\t\t\t\t<section class=\"elementor-section elementor-top-section elementor-element elementor-element-757e3af elementor-section-boxed elementor-section-height-default elementor-section-height-default\" data-id=\"757e3af\" data-element_type=\"section\" data-e-type=\"section\">\n\t\t\t\t\t\t\t<div class=\"elementor-background-overlay\"><\/div>\n\t\t\t\t\t\t\t<div class=\"elementor-container elementor-column-gap-default\">\n\t\t\t\t\t<div class=\"elementor-column elementor-col-50 elementor-top-column elementor-element elementor-element-8b25547\" data-id=\"8b25547\" data-element_type=\"column\" data-e-type=\"column\">\n\t\t\t<div class=\"elementor-widget-wrap elementor-element-populated\">\n\t\t\t\t\t\t<div class=\"elementor-element elementor-element-2dec69a elementor-widget elementor-widget-heading\" data-id=\"2dec69a\" data-element_type=\"widget\" data-e-type=\"widget\" data-widget_type=\"heading.default\">\n\t\t\t\t<div class=\"elementor-widget-container\">\n\t\t\t\t\t<h2 class=\"elementor-heading-title elementor-size-default\">Apply now<\/h2>\t\t\t\t<\/div>\n\t\t\t\t<\/div>\n\t\t\t\t<div class=\"elementor-element elementor-element-39da533 elementor-widget-divider--view-line elementor-widget elementor-widget-divider\" data-id=\"39da533\" data-element_type=\"widget\" data-e-type=\"widget\" data-widget_type=\"divider.default\">\n\t\t\t\t<div class=\"elementor-widget-container\">\n\t\t\t\t\t\t\t<div class=\"elementor-divider\">\n\t\t\t<span class=\"elementor-divider-separator\">\n\t\t\t\t\t\t<\/span>\n\t\t<\/div>\n\t\t\t\t\t\t<\/div>\n\t\t\t\t<\/div>\n\t\t\t\t\t<\/div>\n\t\t<\/div>\n\t\t\t\t<div class=\"elementor-column elementor-col-50 elementor-top-column elementor-element elementor-element-336c5c4\" data-id=\"336c5c4\" data-element_type=\"column\" data-e-type=\"column\">\n\t\t\t<div class=\"elementor-widget-wrap elementor-element-populated\">\n\t\t\t\t\t\t<div class=\"elementor-element elementor-element-97f8d93 elementor-align-right elementor-tablet-align-left elementor-widget elementor-widget-button\" data-id=\"97f8d93\" data-element_type=\"widget\" data-e-type=\"widget\" data-widget_type=\"button.default\">\n\t\t\t\t<div class=\"elementor-widget-container\">\n\t\t\t\t\t\t\t\t\t<div class=\"elementor-button-wrapper\">\n\t\t\t\t\t<a class=\"elementor-button elementor-button-link elementor-size-sm\" href=\"#elementor-action%3Aaction%3Dpopup%3Aopen%26settings%3DeyJpZCI6IjEwNjc2IiwidG9nZ2xlIjpmYWxzZX0%3D\">\n\t\t\t\t\t\t<span class=\"elementor-button-content-wrapper\">\n\t\t\t\t\t\t\t\t\t<span class=\"elementor-button-text\">Apply for a vacancy<\/span>\n\t\t\t\t\t<\/span>\n\t\t\t\t\t<\/a>\n\t\t\t\t<\/div>\n\t\t\t\t\t\t\t\t<\/div>\n\t\t\t\t<\/div>\n\t\t\t\t\t<\/div>\n\t\t<\/div>\n\t\t\t\t\t<\/div>\n\t\t<\/section>\n\t\t\t\t<\/div>","protected":false},"excerpt":{"rendered":"<p>Inspic\u0113\u0161anas eksperts\/e Ja Tev piem\u012bt anal\u012btiska dom\u0101\u0161ana, r\u016bp\u0113jies par precizit\u0101ti un kvalit\u0101ti, interes\u0113 test\u0113\u0161ana, inspic\u0113\u0161ana tehniskaj\u0101 jom\u0101 SIA \u201cSertifik\u0101cijas un test\u0113\u0161anas centrs\u201d aicina pieteikties Pien\u0101kumi: P\u0101rbaud\u012bt lauksaimniec\u012bbas tehniku atbilsto\u0161i normat\u012bvo aktu pras\u012bb\u0101m. Str\u0101d\u0101t ar da\u017e\u0101da veida m\u0113r\u012b\u0161anas iek\u0101rt\u0101m. Noform\u0113t dokumentus darba proces\u0101. Apkalpot klientus vis\u0101 Latvijas teritorij\u0101. \u00a0 Pras\u012bbas: Pieredze lauksaimniec\u012bbas tehnisk\u0101 jom\u0101 Tehnisk\u0101 izgl\u012bt\u012bba [&hellip;]<\/p>\n","protected":false},"author":1,"featured_media":0,"parent":0,"menu_order":0,"comment_status":"closed","ping_status":"closed","template":"","meta":{"footnotes":""},"class_list":["post-702","page","type-page","status-publish","hentry"],"yoast_head":"<!-- This site is optimized with the Yoast SEO plugin v27.4 - https:\/\/yoast.com\/product\/yoast-seo-wordpress\/ -->\n<title>Inspic\u0113\u0161anas eksperts\/e - STC<\/title>\n<meta name=\"robots\" content=\"index, follow, max-snippet:-1, max-image-preview:large, max-video-preview:-1\" \/>\n<link rel=\"canonical\" href=\"https:\/\/stc.lv\/en\/inspection-expert-e\/\" \/>\n<meta property=\"og:locale\" content=\"en_GB\" \/>\n<meta property=\"og:type\" content=\"article\" \/>\n<meta property=\"og:title\" content=\"Inspic\u0113\u0161anas eksperts\/e - STC\" \/>\n<meta property=\"og:description\" content=\"Inspic\u0113\u0161anas eksperts\/e Ja Tev piem\u012bt anal\u012btiska dom\u0101\u0161ana, r\u016bp\u0113jies par precizit\u0101ti un kvalit\u0101ti, interes\u0113 test\u0113\u0161ana, inspic\u0113\u0161ana tehniskaj\u0101 jom\u0101 SIA \u201cSertifik\u0101cijas un test\u0113\u0161anas centrs\u201d aicina pieteikties Pien\u0101kumi: P\u0101rbaud\u012bt lauksaimniec\u012bbas tehniku atbilsto\u0161i normat\u012bvo aktu pras\u012bb\u0101m. Str\u0101d\u0101t ar da\u017e\u0101da veida m\u0113r\u012b\u0161anas iek\u0101rt\u0101m. Noform\u0113t dokumentus darba proces\u0101. Apkalpot klientus vis\u0101 Latvijas teritorij\u0101. \u00a0 Pras\u012bbas: Pieredze lauksaimniec\u012bbas tehnisk\u0101 jom\u0101 Tehnisk\u0101 izgl\u012bt\u012bba [&hellip;]\" \/>\n<meta property=\"og:url\" content=\"https:\/\/stc.lv\/en\/inspection-expert-e\/\" \/>\n<meta property=\"og:site_name\" content=\"STC\" \/>\n<meta property=\"article:publisher\" content=\"https:\/\/www.facebook.com\/profile.php?id=61560801215590\" \/>\n<meta property=\"article:modified_time\" content=\"2026-04-13T06:55:29+00:00\" \/>\n<meta name=\"twitter:card\" content=\"summary_large_image\" \/>\n<meta name=\"twitter:label1\" content=\"Estimated reading time\" \/>\n\t<meta name=\"twitter:data1\" content=\"1 minute\" \/>\n<script type=\"application\/ld+json\" class=\"yoast-schema-graph\">{\"@context\":\"https:\\\/\\\/schema.org\",\"@graph\":[{\"@type\":\"WebPage\",\"@id\":\"https:\\\/\\\/stc.lv\\\/inspicesanas-eksperts-e\\\/\",\"url\":\"https:\\\/\\\/stc.lv\\\/inspicesanas-eksperts-e\\\/\",\"name\":\"Inspic\u0113\u0161anas eksperts\\\/e - STC\",\"isPartOf\":{\"@id\":\"https:\\\/\\\/stc.lv\\\/#website\"},\"datePublished\":\"2021-04-09T08:55:24+00:00\",\"dateModified\":\"2026-04-13T06:55:29+00:00\",\"breadcrumb\":{\"@id\":\"https:\\\/\\\/stc.lv\\\/inspicesanas-eksperts-e\\\/#breadcrumb\"},\"inLanguage\":\"en-GB\",\"potentialAction\":[{\"@type\":\"ReadAction\",\"target\":[\"https:\\\/\\\/stc.lv\\\/inspicesanas-eksperts-e\\\/\"]}]},{\"@type\":\"BreadcrumbList\",\"@id\":\"https:\\\/\\\/stc.lv\\\/inspicesanas-eksperts-e\\\/#breadcrumb\",\"itemListElement\":[{\"@type\":\"ListItem\",\"position\":1,\"name\":\"Home\",\"item\":\"https:\\\/\\\/stc.lv\\\/\"},{\"@type\":\"ListItem\",\"position\":2,\"name\":\"Inspic\u0113\u0161anas eksperts\\\/e\"}]},{\"@type\":\"WebSite\",\"@id\":\"https:\\\/\\\/stc.lv\\\/#website\",\"url\":\"https:\\\/\\\/stc.lv\\\/\",\"name\":\"STC\",\"description\":\"Biolo\u0123isk\u0101 sertifik\u0101cija\",\"publisher\":{\"@id\":\"https:\\\/\\\/stc.lv\\\/#organization\"},\"alternateName\":\"Sertifik\u0101cijas un test\u0113\u0161anas centrs\",\"potentialAction\":[{\"@type\":\"SearchAction\",\"target\":{\"@type\":\"EntryPoint\",\"urlTemplate\":\"https:\\\/\\\/stc.lv\\\/?s={search_term_string}\"},\"query-input\":{\"@type\":\"PropertyValueSpecification\",\"valueRequired\":true,\"valueName\":\"search_term_string\"}}],\"inLanguage\":\"en-GB\"},{\"@type\":\"Organization\",\"@id\":\"https:\\\/\\\/stc.lv\\\/#organization\",\"name\":\"SIA \u201cSertifik\u0101cijas un test\u0113\u0161anas centrs\u201d\",\"alternateName\":\"STC\",\"url\":\"https:\\\/\\\/stc.lv\\\/\",\"logo\":{\"@type\":\"ImageObject\",\"inLanguage\":\"en-GB\",\"@id\":\"https:\\\/\\\/stc.lv\\\/#\\\/schema\\\/logo\\\/image\\\/\",\"url\":\"https:\\\/\\\/stc.lv\\\/wp-content\\\/uploads\\\/2020\\\/02\\\/STC-113-1.png\",\"contentUrl\":\"https:\\\/\\\/stc.lv\\\/wp-content\\\/uploads\\\/2020\\\/02\\\/STC-113-1.png\",\"width\":1950,\"height\":794,\"caption\":\"SIA \u201cSertifik\u0101cijas un test\u0113\u0161anas centrs\u201d\"},\"image\":{\"@id\":\"https:\\\/\\\/stc.lv\\\/#\\\/schema\\\/logo\\\/image\\\/\"},\"sameAs\":[\"https:\\\/\\\/www.facebook.com\\\/profile.php?id=61560801215590\",\"https:\\\/\\\/www.instagram.com\\\/sertifikacija_stc\\\/\"]}]}<\/script>\n<!-- \/ Yoast SEO plugin. -->","yoast_head_json":{"title":"Inspection Expert - STC","robots":{"index":"index","follow":"follow","max-snippet":"max-snippet:-1","max-image-preview":"max-image-preview:large","max-video-preview":"max-video-preview:-1"},"canonical":"https:\/\/stc.lv\/en\/inspection-expert-e\/","og_locale":"en_GB","og_type":"article","og_title":"Inspic\u0113\u0161anas eksperts\/e - STC","og_description":"Inspic\u0113\u0161anas eksperts\/e Ja Tev piem\u012bt anal\u012btiska dom\u0101\u0161ana, r\u016bp\u0113jies par precizit\u0101ti un kvalit\u0101ti, interes\u0113 test\u0113\u0161ana, inspic\u0113\u0161ana tehniskaj\u0101 jom\u0101 SIA \u201cSertifik\u0101cijas un test\u0113\u0161anas centrs\u201d aicina pieteikties Pien\u0101kumi: P\u0101rbaud\u012bt lauksaimniec\u012bbas tehniku atbilsto\u0161i normat\u012bvo aktu pras\u012bb\u0101m. Str\u0101d\u0101t ar da\u017e\u0101da veida m\u0113r\u012b\u0161anas iek\u0101rt\u0101m. Noform\u0113t dokumentus darba proces\u0101. Apkalpot klientus vis\u0101 Latvijas teritorij\u0101. \u00a0 Pras\u012bbas: Pieredze lauksaimniec\u012bbas tehnisk\u0101 jom\u0101 Tehnisk\u0101 izgl\u012bt\u012bba [&hellip;]","og_url":"https:\/\/stc.lv\/en\/inspection-expert-e\/","og_site_name":"STC","article_publisher":"https:\/\/www.facebook.com\/profile.php?id=61560801215590","article_modified_time":"2026-04-13T06:55:29+00:00","twitter_card":"summary_large_image","twitter_misc":{"Estimated reading time":"1 minute"},"schema":{"@context":"https:\/\/schema.org","@graph":[{"@type":"WebPage","@id":"https:\/\/stc.lv\/inspicesanas-eksperts-e\/","url":"https:\/\/stc.lv\/inspicesanas-eksperts-e\/","name":"Inspection Expert - STC","isPartOf":{"@id":"https:\/\/stc.lv\/#website"},"datePublished":"2021-04-09T08:55:24+00:00","dateModified":"2026-04-13T06:55:29+00:00","breadcrumb":{"@id":"https:\/\/stc.lv\/inspicesanas-eksperts-e\/#breadcrumb"},"inLanguage":"en-GB","potentialAction":[{"@type":"ReadAction","target":["https:\/\/stc.lv\/inspicesanas-eksperts-e\/"]}]},{"@type":"BreadcrumbList","@id":"https:\/\/stc.lv\/inspicesanas-eksperts-e\/#breadcrumb","itemListElement":[{"@type":"ListItem","position":1,"name":"Home","item":"https:\/\/stc.lv\/"},{"@type":"ListItem","position":2,"name":"Inspic\u0113\u0161anas eksperts\/e"}]},{"@type":"WebSite","@id":"https:\/\/stc.lv\/#website","url":"https:\/\/stc.lv\/","name":"STC","description":"Organic certification","publisher":{"@id":"https:\/\/stc.lv\/#organization"},"alternateName":"Sertifik\u0101cijas un test\u0113\u0161anas centrs","potentialAction":[{"@type":"SearchAction","target":{"@type":"EntryPoint","urlTemplate":"https:\/\/stc.lv\/?s={search_term_string}"},"query-input":{"@type":"PropertyValueSpecification","valueRequired":true,"valueName":"search_term_string"}}],"inLanguage":"en-GB"},{"@type":"Organization","@id":"https:\/\/stc.lv\/#organization","name":"SIA \"Certification and Testing Centre\"","alternateName":"STC","url":"https:\/\/stc.lv\/","logo":{"@type":"ImageObject","inLanguage":"en-GB","@id":"https:\/\/stc.lv\/#\/schema\/logo\/image\/","url":"https:\/\/stc.lv\/wp-content\/uploads\/2020\/02\/STC-113-1.png","contentUrl":"https:\/\/stc.lv\/wp-content\/uploads\/2020\/02\/STC-113-1.png","width":1950,"height":794,"caption":"SIA \u201cSertifik\u0101cijas un test\u0113\u0161anas centrs\u201d"},"image":{"@id":"https:\/\/stc.lv\/#\/schema\/logo\/image\/"},"sameAs":["https:\/\/www.facebook.com\/profile.php?id=61560801215590","https:\/\/www.instagram.com\/sertifikacija_stc\/"]}]}},"rttpg_featured_image_url":null,"rttpg_author":{"display_name":"admin","author_link":"https:\/\/stc.lv\/en\/author\/info_555hqm4r\/"},"rttpg_comment":0,"rttpg_category":null,"rttpg_excerpt":"Inspic\u0113\u0161anas eksperts\/e Ja Tev piem\u012bt anal\u012btiska dom\u0101\u0161ana, r\u016bp\u0113jies par precizit\u0101ti un kvalit\u0101ti, interes\u0113 test\u0113\u0161ana, inspic\u0113\u0161ana tehniskaj\u0101 jom\u0101 SIA \u201cSertifik\u0101cijas un test\u0113\u0161anas centrs\u201d aicina pieteikties Pien\u0101kumi: P\u0101rbaud\u012bt lauksaimniec\u012bbas tehniku atbilsto\u0161i normat\u012bvo aktu pras\u012bb\u0101m. Str\u0101d\u0101t ar da\u017e\u0101da veida m\u0113r\u012b\u0161anas iek\u0101rt\u0101m. Noform\u0113t dokumentus darba proces\u0101. Apkalpot klientus vis\u0101 Latvijas teritorij\u0101. \u00a0 Pras\u012bbas: Pieredze lauksaimniec\u012bbas tehnisk\u0101 jom\u0101 Tehnisk\u0101 izgl\u012bt\u012bba&hellip;","_links":{"self":[{"href":"https:\/\/stc.lv\/en\/wp-json\/wp\/v2\/pages\/702","targetHints":{"allow":["GET"]}}],"collection":[{"href":"https:\/\/stc.lv\/en\/wp-json\/wp\/v2\/pages"}],"about":[{"href":"https:\/\/stc.lv\/en\/wp-json\/wp\/v2\/types\/page"}],"author":[{"embeddable":true,"href":"https:\/\/stc.lv\/en\/wp-json\/wp\/v2\/users\/1"}],"replies":[{"embeddable":true,"href":"https:\/\/stc.lv\/en\/wp-json\/wp\/v2\/comments?post=702"}],"version-history":[{"count":9,"href":"https:\/\/stc.lv\/en\/wp-json\/wp\/v2\/pages\/702\/revisions"}],"predecessor-version":[{"id":14683,"href":"https:\/\/stc.lv\/en\/wp-json\/wp\/v2\/pages\/702\/revisions\/14683"}],"wp:attachment":[{"href":"https:\/\/stc.lv\/en\/wp-json\/wp\/v2\/media?parent=702"}],"curies":[{"name":"wp","href":"https:\/\/api.w.org\/{rel}","templated":true}]}}