{"id":751,"date":"2021-04-09T13:05:55","date_gmt":"2021-04-09T11:05:55","guid":{"rendered":"https:\/\/stc.lv\/?page_id=751"},"modified":"2021-04-09T13:05:55","modified_gmt":"2021-04-09T11:05:55","slug":"eocc-the-european-organic-certification-council-has-officially-approved-us-as-a-new-member","status":"publish","type":"page","link":"https:\/\/stc.lv\/en\/eocc-the-european-organic-certification-council-has-officially-approved-us-as-a-new-member\/","title":{"rendered":"EOCC (European Organic Certification Council) has officially approved us as a new member"},"content":{"rendered":"<div data-elementor-type=\"wp-page\" data-elementor-id=\"751\" class=\"elementor elementor-751\" data-elementor-post-type=\"page\">\n\t\t\t\t\t\t<section class=\"elementor-section elementor-top-section elementor-element elementor-element-a239bff elementor-section-boxed elementor-section-height-default elementor-section-height-default\" data-id=\"a239bff\" data-element_type=\"section\" data-e-type=\"section\" data-settings=\"{&quot;background_background&quot;:&quot;classic&quot;}\">\n\t\t\t\t\t\t\t<div class=\"elementor-background-overlay\"><\/div>\n\t\t\t\t\t\t\t<div class=\"elementor-container elementor-column-gap-default\">\n\t\t\t\t\t<div class=\"elementor-column elementor-col-100 elementor-top-column elementor-element elementor-element-a9d710b\" data-id=\"a9d710b\" data-element_type=\"column\" data-e-type=\"column\">\n\t\t\t<div class=\"elementor-widget-wrap elementor-element-populated\">\n\t\t\t\t\t\t<section class=\"elementor-section elementor-inner-section elementor-element elementor-element-656306d elementor-section-boxed elementor-section-height-default elementor-section-height-default\" data-id=\"656306d\" data-element_type=\"section\" data-e-type=\"section\">\n\t\t\t\t\t\t<div class=\"elementor-container elementor-column-gap-default\">\n\t\t\t\t\t<div class=\"elementor-column elementor-col-100 elementor-inner-column elementor-element elementor-element-eb64ec4\" data-id=\"eb64ec4\" data-element_type=\"column\" data-e-type=\"column\">\n\t\t\t<div class=\"elementor-widget-wrap elementor-element-populated\">\n\t\t\t\t\t\t<div class=\"elementor-element elementor-element-f9d9eae elementor-widget elementor-widget-heading\" data-id=\"f9d9eae\" data-element_type=\"widget\" data-e-type=\"widget\" data-widget_type=\"heading.default\">\n\t\t\t\t<div class=\"elementor-widget-container\">\n\t\t\t\t\t<h1 class=\"elementor-heading-title elementor-size-default\">The EOCC (European Organic Certification Council) has officially approved us as a new member of the organisation.<\/h1>\t\t\t\t<\/div>\n\t\t\t\t<\/div>\n\t\t\t\t<div class=\"elementor-element elementor-element-d5cf598 elementor-widget-divider--view-line elementor-widget elementor-widget-divider\" data-id=\"d5cf598\" data-element_type=\"widget\" data-e-type=\"widget\" data-widget_type=\"divider.default\">\n\t\t\t\t<div class=\"elementor-widget-container\">\n\t\t\t\t\t\t\t<div class=\"elementor-divider\">\n\t\t\t<span class=\"elementor-divider-separator\">\n\t\t\t\t\t\t<\/span>\n\t\t<\/div>\n\t\t\t\t\t\t<\/div>\n\t\t\t\t<\/div>\n\t\t\t\t\t<\/div>\n\t\t<\/div>\n\t\t\t\t\t<\/div>\n\t\t<\/section>\n\t\t\t\t\t<\/div>\n\t\t<\/div>\n\t\t\t\t\t<\/div>\n\t\t<\/section>\n\t\t\t\t<section class=\"elementor-section elementor-top-section elementor-element elementor-element-435f5fc elementor-section-boxed elementor-section-height-default elementor-section-height-default\" data-id=\"435f5fc\" data-element_type=\"section\" data-e-type=\"section\">\n\t\t\t\t\t\t<div class=\"elementor-container elementor-column-gap-default\">\n\t\t\t\t\t<div class=\"elementor-column elementor-col-100 elementor-top-column elementor-element elementor-element-ea8ccbb\" data-id=\"ea8ccbb\" data-element_type=\"column\" data-e-type=\"column\">\n\t\t\t<div class=\"elementor-widget-wrap elementor-element-populated\">\n\t\t\t\t\t\t<div class=\"elementor-element elementor-element-4127abd elementor-widget elementor-widget-text-editor\" data-id=\"4127abd\" data-element_type=\"widget\" data-e-type=\"widget\" data-widget_type=\"text-editor.default\">\n\t\t\t\t<div class=\"elementor-widget-container\">\n\t\t\t\t\t\t\t\t\t<p>The EOCC (European Organic Certification Council) are organisations that are active in improving the European Organic Farming Standards and providing clarification in their application and use. The EOCC was founded in 2010 and now covers 77 organic certification organisations worldwide.<\/p><p>This cooperation gives our company direct access to active participation in the process of drafting and discussing legislation, as well as to stay up-to-date with the latest legislation on the movement of organic products in the European Union.<\/p><p>Import and export of organic products is very important for our company, because we certify organic products not only in Latvia, but also in third countries, where we certify companies so that their organic products can circulate freely in the EU.<\/p><p>You can read about the EOCC on <a class=\"waffle-rich-text-link\" href=\"http:\/\/www.eocc.nu\/about\/\">www.eocc.nu\/about\/<\/a><\/p><p>\u00a0<\/p>\t\t\t\t\t\t\t\t<\/div>\n\t\t\t\t<\/div>\n\t\t\t\t<div class=\"elementor-element elementor-element-feb2fc0 elementor-widget elementor-widget-image\" data-id=\"feb2fc0\" data-element_type=\"widget\" data-e-type=\"widget\" data-widget_type=\"image.default\">\n\t\t\t\t<div class=\"elementor-widget-container\">\n\t\t\t\t\t\t\t\t\t\t\t\t\t\t\t<img decoding=\"async\" width=\"300\" height=\"83\" src=\"https:\/\/stc.lv\/wp-content\/uploads\/2021\/05\/EOCC_logo-pixels-100x60-1-300x83.jpg\" class=\"attachment-medium size-medium wp-image-1214\" alt=\"\" srcset=\"https:\/\/stc.lv\/wp-content\/uploads\/2021\/05\/EOCC_logo-pixels-100x60-1-300x83.jpg 300w, https:\/\/stc.lv\/wp-content\/uploads\/2021\/05\/EOCC_logo-pixels-100x60-1.jpg 655w\" sizes=\"(max-width: 300px) 100vw, 300px\" \/>\t\t\t\t\t\t\t\t\t\t\t\t\t\t\t<\/div>\n\t\t\t\t<\/div>\n\t\t\t\t\t<\/div>\n\t\t<\/div>\n\t\t\t\t\t<\/div>\n\t\t<\/section>\n\t\t\t\t<section class=\"elementor-section elementor-top-section elementor-element elementor-element-5e0ce9da elementor-section-boxed elementor-section-height-default elementor-section-height-default\" data-id=\"5e0ce9da\" data-element_type=\"section\" data-e-type=\"section\">\n\t\t\t\t\t\t\t<div class=\"elementor-background-overlay\"><\/div>\n\t\t\t\t\t\t\t<div class=\"elementor-container elementor-column-gap-default\">\n\t\t\t\t\t<div class=\"elementor-column elementor-col-50 elementor-top-column elementor-element elementor-element-1e14e22a\" data-id=\"1e14e22a\" data-element_type=\"column\" data-e-type=\"column\">\n\t\t\t<div class=\"elementor-widget-wrap elementor-element-populated\">\n\t\t\t\t\t\t<div class=\"elementor-element elementor-element-9346159 elementor-widget elementor-widget-heading\" data-id=\"9346159\" data-element_type=\"widget\" data-e-type=\"widget\" data-widget_type=\"heading.default\">\n\t\t\t\t<div class=\"elementor-widget-container\">\n\t\t\t\t\t<h2 class=\"elementor-heading-title elementor-size-default\">Get email updates<\/h2>\t\t\t\t<\/div>\n\t\t\t\t<\/div>\n\t\t\t\t<div class=\"elementor-element elementor-element-7f9fec8a elementor-widget-divider--view-line elementor-widget elementor-widget-divider\" data-id=\"7f9fec8a\" data-element_type=\"widget\" data-e-type=\"widget\" data-widget_type=\"divider.default\">\n\t\t\t\t<div class=\"elementor-widget-container\">\n\t\t\t\t\t\t\t<div class=\"elementor-divider\">\n\t\t\t<span class=\"elementor-divider-separator\">\n\t\t\t\t\t\t<\/span>\n\t\t<\/div>\n\t\t\t\t\t\t<\/div>\n\t\t\t\t<\/div>\n\t\t\t\t\t<\/div>\n\t\t<\/div>\n\t\t\t\t<div class=\"elementor-column elementor-col-50 elementor-top-column elementor-element elementor-element-79716c62\" data-id=\"79716c62\" data-element_type=\"column\" data-e-type=\"column\">\n\t\t\t<div class=\"elementor-widget-wrap elementor-element-populated\">\n\t\t\t\t\t\t<div class=\"elementor-element elementor-element-35bfb715 elementor-align-right elementor-tablet-align-left elementor-widget elementor-widget-button\" data-id=\"35bfb715\" data-element_type=\"widget\" data-e-type=\"widget\" data-widget_type=\"button.default\">\n\t\t\t\t<div class=\"elementor-widget-container\">\n\t\t\t\t\t\t\t\t\t<div class=\"elementor-button-wrapper\">\n\t\t\t\t\t<a class=\"elementor-button elementor-button-link elementor-size-sm\" href=\"#\">\n\t\t\t\t\t\t<span class=\"elementor-button-content-wrapper\">\n\t\t\t\t\t\t\t\t\t<span class=\"elementor-button-text\">Sign up for newsletters<\/span>\n\t\t\t\t\t<\/span>\n\t\t\t\t\t<\/a>\n\t\t\t\t<\/div>\n\t\t\t\t\t\t\t\t<\/div>\n\t\t\t\t<\/div>\n\t\t\t\t\t<\/div>\n\t\t<\/div>\n\t\t\t\t\t<\/div>\n\t\t<\/section>\n\t\t\t\t<\/div>","protected":false},"excerpt":{"rendered":"<p>EOCC (Eiropas biolo\u0123isk\u0101s sertifik\u0101cijas padome) ofici\u0101li ir m\u016bs apstiprin\u0101jusi par organiz\u0101cijas jauno biedru. EOCC (Eiropas biolo\u0123isk\u0101s sertifik\u0101cijas padome) ir organiz\u0101cijas, kas akt\u012bvi darbojas, lai uzlabotu Eiropas BIOLO\u0122ISK\u0100S LAUKSAIMNIEC\u012aBAS NORMAT\u012aVOS AKTUS un sniedz skaidrojumus, to pielieto\u0161an\u0101 uz izmanto\u0161an\u0101. EOCC ir dibin\u0101ta 2010. gad\u0101 un taj\u0101 \u0161obr\u012bd jau ir aptvertas 77 biolo\u0123isk\u0101s lauksaimniec\u012bbas sertific\u0113\u0161anas organiz\u0101cijas vis\u0101 pasaul\u0113. [&hellip;]<\/p>\n","protected":false},"author":1,"featured_media":0,"parent":0,"menu_order":0,"comment_status":"closed","ping_status":"closed","template":"elementor_full_width","meta":{"footnotes":""},"class_list":["post-751","page","type-page","status-publish","hentry"],"yoast_head":"<!-- This site is optimized with the Yoast SEO plugin v27.4 - https:\/\/yoast.com\/product\/yoast-seo-wordpress\/ -->\n<title>EOCC (Eiropas biolo\u0123isk\u0101s sertifik\u0101cijas padome) ofici\u0101li ir m\u016bs apstiprin\u0101jusi par organiz\u0101cijas jauno biedru - STC<\/title>\n<meta name=\"robots\" content=\"index, follow, max-snippet:-1, max-image-preview:large, max-video-preview:-1\" \/>\n<link rel=\"canonical\" href=\"https:\/\/stc.lv\/en\/eocc-the-european-organic-certification-council-has-officially-approved-us-as-a-new-member\/\" \/>\n<meta property=\"og:locale\" content=\"en_GB\" \/>\n<meta property=\"og:type\" content=\"article\" \/>\n<meta property=\"og:title\" content=\"EOCC (Eiropas biolo\u0123isk\u0101s sertifik\u0101cijas padome) ofici\u0101li ir m\u016bs apstiprin\u0101jusi par organiz\u0101cijas jauno biedru - STC\" \/>\n<meta property=\"og:description\" content=\"EOCC (Eiropas biolo\u0123isk\u0101s sertifik\u0101cijas padome) ofici\u0101li ir m\u016bs apstiprin\u0101jusi par organiz\u0101cijas jauno biedru. EOCC (Eiropas biolo\u0123isk\u0101s sertifik\u0101cijas padome) ir organiz\u0101cijas, kas akt\u012bvi darbojas, lai uzlabotu Eiropas BIOLO\u0122ISK\u0100S LAUKSAIMNIEC\u012aBAS NORMAT\u012aVOS AKTUS un sniedz skaidrojumus, to pielieto\u0161an\u0101 uz izmanto\u0161an\u0101. EOCC ir dibin\u0101ta 2010. gad\u0101 un taj\u0101 \u0161obr\u012bd jau ir aptvertas 77 biolo\u0123isk\u0101s lauksaimniec\u012bbas sertific\u0113\u0161anas organiz\u0101cijas vis\u0101 pasaul\u0113. [&hellip;]\" \/>\n<meta property=\"og:url\" content=\"https:\/\/stc.lv\/en\/eocc-the-european-organic-certification-council-has-officially-approved-us-as-a-new-member\/\" \/>\n<meta property=\"og:site_name\" content=\"STC\" \/>\n<meta property=\"article:publisher\" content=\"https:\/\/www.facebook.com\/profile.php?id=61560801215590\" \/>\n<meta property=\"og:image\" content=\"https:\/\/stc.lv\/wp-content\/uploads\/2021\/05\/EOCC_logo-pixels-100x60-1-300x83.jpg\" \/>\n<meta name=\"twitter:card\" content=\"summary_large_image\" \/>\n<meta name=\"twitter:label1\" content=\"Estimated reading time\" \/>\n\t<meta name=\"twitter:data1\" content=\"1 minute\" \/>\n<script type=\"application\/ld+json\" class=\"yoast-schema-graph\">{\"@context\":\"https:\\\/\\\/schema.org\",\"@graph\":[{\"@type\":\"WebPage\",\"@id\":\"https:\\\/\\\/stc.lv\\\/eocc-eiropas-biologiskas-sertifikacijas-padome-oficiali-ir-mus-apstiprinajusi-par-organizacijas-jauno-biedru\\\/\",\"url\":\"https:\\\/\\\/stc.lv\\\/eocc-eiropas-biologiskas-sertifikacijas-padome-oficiali-ir-mus-apstiprinajusi-par-organizacijas-jauno-biedru\\\/\",\"name\":\"EOCC (Eiropas biolo\u0123isk\u0101s sertifik\u0101cijas padome) ofici\u0101li ir m\u016bs apstiprin\u0101jusi par organiz\u0101cijas jauno biedru - STC\",\"isPartOf\":{\"@id\":\"https:\\\/\\\/stc.lv\\\/#website\"},\"primaryImageOfPage\":{\"@id\":\"https:\\\/\\\/stc.lv\\\/eocc-eiropas-biologiskas-sertifikacijas-padome-oficiali-ir-mus-apstiprinajusi-par-organizacijas-jauno-biedru\\\/#primaryimage\"},\"image\":{\"@id\":\"https:\\\/\\\/stc.lv\\\/eocc-eiropas-biologiskas-sertifikacijas-padome-oficiali-ir-mus-apstiprinajusi-par-organizacijas-jauno-biedru\\\/#primaryimage\"},\"thumbnailUrl\":\"https:\\\/\\\/stc.lv\\\/wp-content\\\/uploads\\\/2021\\\/05\\\/EOCC_logo-pixels-100x60-1-300x83.jpg\",\"datePublished\":\"2021-04-09T11:05:55+00:00\",\"breadcrumb\":{\"@id\":\"https:\\\/\\\/stc.lv\\\/eocc-eiropas-biologiskas-sertifikacijas-padome-oficiali-ir-mus-apstiprinajusi-par-organizacijas-jauno-biedru\\\/#breadcrumb\"},\"inLanguage\":\"en-GB\",\"potentialAction\":[{\"@type\":\"ReadAction\",\"target\":[\"https:\\\/\\\/stc.lv\\\/eocc-eiropas-biologiskas-sertifikacijas-padome-oficiali-ir-mus-apstiprinajusi-par-organizacijas-jauno-biedru\\\/\"]}]},{\"@type\":\"ImageObject\",\"inLanguage\":\"en-GB\",\"@id\":\"https:\\\/\\\/stc.lv\\\/eocc-eiropas-biologiskas-sertifikacijas-padome-oficiali-ir-mus-apstiprinajusi-par-organizacijas-jauno-biedru\\\/#primaryimage\",\"url\":\"https:\\\/\\\/stc.lv\\\/wp-content\\\/uploads\\\/2021\\\/05\\\/EOCC_logo-pixels-100x60-1-300x83.jpg\",\"contentUrl\":\"https:\\\/\\\/stc.lv\\\/wp-content\\\/uploads\\\/2021\\\/05\\\/EOCC_logo-pixels-100x60-1-300x83.jpg\"},{\"@type\":\"BreadcrumbList\",\"@id\":\"https:\\\/\\\/stc.lv\\\/eocc-eiropas-biologiskas-sertifikacijas-padome-oficiali-ir-mus-apstiprinajusi-par-organizacijas-jauno-biedru\\\/#breadcrumb\",\"itemListElement\":[{\"@type\":\"ListItem\",\"position\":1,\"name\":\"Home\",\"item\":\"https:\\\/\\\/stc.lv\\\/\"},{\"@type\":\"ListItem\",\"position\":2,\"name\":\"EOCC (Eiropas biolo\u0123isk\u0101s sertifik\u0101cijas padome) ofici\u0101li ir m\u016bs apstiprin\u0101jusi par organiz\u0101cijas jauno biedru\"}]},{\"@type\":\"WebSite\",\"@id\":\"https:\\\/\\\/stc.lv\\\/#website\",\"url\":\"https:\\\/\\\/stc.lv\\\/\",\"name\":\"STC\",\"description\":\"Biolo\u0123isk\u0101 sertifik\u0101cija\",\"publisher\":{\"@id\":\"https:\\\/\\\/stc.lv\\\/#organization\"},\"alternateName\":\"Sertifik\u0101cijas un test\u0113\u0161anas centrs\",\"potentialAction\":[{\"@type\":\"SearchAction\",\"target\":{\"@type\":\"EntryPoint\",\"urlTemplate\":\"https:\\\/\\\/stc.lv\\\/?s={search_term_string}\"},\"query-input\":{\"@type\":\"PropertyValueSpecification\",\"valueRequired\":true,\"valueName\":\"search_term_string\"}}],\"inLanguage\":\"en-GB\"},{\"@type\":\"Organization\",\"@id\":\"https:\\\/\\\/stc.lv\\\/#organization\",\"name\":\"SIA \u201cSertifik\u0101cijas un test\u0113\u0161anas centrs\u201d\",\"alternateName\":\"STC\",\"url\":\"https:\\\/\\\/stc.lv\\\/\",\"logo\":{\"@type\":\"ImageObject\",\"inLanguage\":\"en-GB\",\"@id\":\"https:\\\/\\\/stc.lv\\\/#\\\/schema\\\/logo\\\/image\\\/\",\"url\":\"https:\\\/\\\/stc.lv\\\/wp-content\\\/uploads\\\/2020\\\/02\\\/STC-113-1.png\",\"contentUrl\":\"https:\\\/\\\/stc.lv\\\/wp-content\\\/uploads\\\/2020\\\/02\\\/STC-113-1.png\",\"width\":1950,\"height\":794,\"caption\":\"SIA \u201cSertifik\u0101cijas un test\u0113\u0161anas centrs\u201d\"},\"image\":{\"@id\":\"https:\\\/\\\/stc.lv\\\/#\\\/schema\\\/logo\\\/image\\\/\"},\"sameAs\":[\"https:\\\/\\\/www.facebook.com\\\/profile.php?id=61560801215590\",\"https:\\\/\\\/www.instagram.com\\\/sertifikacija_stc\\\/\"]}]}<\/script>\n<!-- \/ Yoast SEO plugin. -->","yoast_head_json":{"title":"EOCC (European Organic Certification Council) has officially approved us as a new member of STC","robots":{"index":"index","follow":"follow","max-snippet":"max-snippet:-1","max-image-preview":"max-image-preview:large","max-video-preview":"max-video-preview:-1"},"canonical":"https:\/\/stc.lv\/en\/eocc-the-european-organic-certification-council-has-officially-approved-us-as-a-new-member\/","og_locale":"en_GB","og_type":"article","og_title":"EOCC (Eiropas biolo\u0123isk\u0101s sertifik\u0101cijas padome) ofici\u0101li ir m\u016bs apstiprin\u0101jusi par organiz\u0101cijas jauno biedru - STC","og_description":"EOCC (Eiropas biolo\u0123isk\u0101s sertifik\u0101cijas padome) ofici\u0101li ir m\u016bs apstiprin\u0101jusi par organiz\u0101cijas jauno biedru. EOCC (Eiropas biolo\u0123isk\u0101s sertifik\u0101cijas padome) ir organiz\u0101cijas, kas akt\u012bvi darbojas, lai uzlabotu Eiropas BIOLO\u0122ISK\u0100S LAUKSAIMNIEC\u012aBAS NORMAT\u012aVOS AKTUS un sniedz skaidrojumus, to pielieto\u0161an\u0101 uz izmanto\u0161an\u0101. EOCC ir dibin\u0101ta 2010. gad\u0101 un taj\u0101 \u0161obr\u012bd jau ir aptvertas 77 biolo\u0123isk\u0101s lauksaimniec\u012bbas sertific\u0113\u0161anas organiz\u0101cijas vis\u0101 pasaul\u0113. [&hellip;]","og_url":"https:\/\/stc.lv\/en\/eocc-the-european-organic-certification-council-has-officially-approved-us-as-a-new-member\/","og_site_name":"STC","article_publisher":"https:\/\/www.facebook.com\/profile.php?id=61560801215590","og_image":[{"url":"https:\/\/stc.lv\/wp-content\/uploads\/2021\/05\/EOCC_logo-pixels-100x60-1-300x83.jpg","type":"","width":"","height":""}],"twitter_card":"summary_large_image","twitter_misc":{"Estimated reading time":"1 minute"},"schema":{"@context":"https:\/\/schema.org","@graph":[{"@type":"WebPage","@id":"https:\/\/stc.lv\/eocc-eiropas-biologiskas-sertifikacijas-padome-oficiali-ir-mus-apstiprinajusi-par-organizacijas-jauno-biedru\/","url":"https:\/\/stc.lv\/eocc-eiropas-biologiskas-sertifikacijas-padome-oficiali-ir-mus-apstiprinajusi-par-organizacijas-jauno-biedru\/","name":"EOCC (European Organic Certification Council) has officially approved us as a new member of STC","isPartOf":{"@id":"https:\/\/stc.lv\/#website"},"primaryImageOfPage":{"@id":"https:\/\/stc.lv\/eocc-eiropas-biologiskas-sertifikacijas-padome-oficiali-ir-mus-apstiprinajusi-par-organizacijas-jauno-biedru\/#primaryimage"},"image":{"@id":"https:\/\/stc.lv\/eocc-eiropas-biologiskas-sertifikacijas-padome-oficiali-ir-mus-apstiprinajusi-par-organizacijas-jauno-biedru\/#primaryimage"},"thumbnailUrl":"https:\/\/stc.lv\/wp-content\/uploads\/2021\/05\/EOCC_logo-pixels-100x60-1-300x83.jpg","datePublished":"2021-04-09T11:05:55+00:00","breadcrumb":{"@id":"https:\/\/stc.lv\/eocc-eiropas-biologiskas-sertifikacijas-padome-oficiali-ir-mus-apstiprinajusi-par-organizacijas-jauno-biedru\/#breadcrumb"},"inLanguage":"en-GB","potentialAction":[{"@type":"ReadAction","target":["https:\/\/stc.lv\/eocc-eiropas-biologiskas-sertifikacijas-padome-oficiali-ir-mus-apstiprinajusi-par-organizacijas-jauno-biedru\/"]}]},{"@type":"ImageObject","inLanguage":"en-GB","@id":"https:\/\/stc.lv\/eocc-eiropas-biologiskas-sertifikacijas-padome-oficiali-ir-mus-apstiprinajusi-par-organizacijas-jauno-biedru\/#primaryimage","url":"https:\/\/stc.lv\/wp-content\/uploads\/2021\/05\/EOCC_logo-pixels-100x60-1-300x83.jpg","contentUrl":"https:\/\/stc.lv\/wp-content\/uploads\/2021\/05\/EOCC_logo-pixels-100x60-1-300x83.jpg"},{"@type":"BreadcrumbList","@id":"https:\/\/stc.lv\/eocc-eiropas-biologiskas-sertifikacijas-padome-oficiali-ir-mus-apstiprinajusi-par-organizacijas-jauno-biedru\/#breadcrumb","itemListElement":[{"@type":"ListItem","position":1,"name":"Home","item":"https:\/\/stc.lv\/"},{"@type":"ListItem","position":2,"name":"EOCC (Eiropas biolo\u0123isk\u0101s sertifik\u0101cijas padome) ofici\u0101li ir m\u016bs apstiprin\u0101jusi par organiz\u0101cijas jauno biedru"}]},{"@type":"WebSite","@id":"https:\/\/stc.lv\/#website","url":"https:\/\/stc.lv\/","name":"STC","description":"Organic certification","publisher":{"@id":"https:\/\/stc.lv\/#organization"},"alternateName":"Sertifik\u0101cijas un test\u0113\u0161anas centrs","potentialAction":[{"@type":"SearchAction","target":{"@type":"EntryPoint","urlTemplate":"https:\/\/stc.lv\/?s={search_term_string}"},"query-input":{"@type":"PropertyValueSpecification","valueRequired":true,"valueName":"search_term_string"}}],"inLanguage":"en-GB"},{"@type":"Organization","@id":"https:\/\/stc.lv\/#organization","name":"SIA \"Certification and Testing Centre\"","alternateName":"STC","url":"https:\/\/stc.lv\/","logo":{"@type":"ImageObject","inLanguage":"en-GB","@id":"https:\/\/stc.lv\/#\/schema\/logo\/image\/","url":"https:\/\/stc.lv\/wp-content\/uploads\/2020\/02\/STC-113-1.png","contentUrl":"https:\/\/stc.lv\/wp-content\/uploads\/2020\/02\/STC-113-1.png","width":1950,"height":794,"caption":"SIA \u201cSertifik\u0101cijas un test\u0113\u0161anas centrs\u201d"},"image":{"@id":"https:\/\/stc.lv\/#\/schema\/logo\/image\/"},"sameAs":["https:\/\/www.facebook.com\/profile.php?id=61560801215590","https:\/\/www.instagram.com\/sertifikacija_stc\/"]}]}},"rttpg_featured_image_url":null,"rttpg_author":{"display_name":"admin","author_link":"https:\/\/stc.lv\/en\/author\/info_555hqm4r\/"},"rttpg_comment":0,"rttpg_category":null,"rttpg_excerpt":"EOCC (Eiropas biolo\u0123isk\u0101s sertifik\u0101cijas padome) ofici\u0101li ir m\u016bs apstiprin\u0101jusi par organiz\u0101cijas jauno biedru. EOCC (Eiropas biolo\u0123isk\u0101s sertifik\u0101cijas padome) ir organiz\u0101cijas, kas akt\u012bvi darbojas, lai uzlabotu Eiropas BIOLO\u0122ISK\u0100S LAUKSAIMNIEC\u012aBAS NORMAT\u012aVOS AKTUS un sniedz skaidrojumus, to pielieto\u0161an\u0101 uz izmanto\u0161an\u0101. EOCC ir dibin\u0101ta 2010. gad\u0101 un taj\u0101 \u0161obr\u012bd jau ir aptvertas 77 biolo\u0123isk\u0101s lauksaimniec\u012bbas sertific\u0113\u0161anas organiz\u0101cijas vis\u0101 pasaul\u0113.&hellip;","_links":{"self":[{"href":"https:\/\/stc.lv\/en\/wp-json\/wp\/v2\/pages\/751","targetHints":{"allow":["GET"]}}],"collection":[{"href":"https:\/\/stc.lv\/en\/wp-json\/wp\/v2\/pages"}],"about":[{"href":"https:\/\/stc.lv\/en\/wp-json\/wp\/v2\/types\/page"}],"author":[{"embeddable":true,"href":"https:\/\/stc.lv\/en\/wp-json\/wp\/v2\/users\/1"}],"replies":[{"embeddable":true,"href":"https:\/\/stc.lv\/en\/wp-json\/wp\/v2\/comments?post=751"}],"version-history":[{"count":0,"href":"https:\/\/stc.lv\/en\/wp-json\/wp\/v2\/pages\/751\/revisions"}],"wp:attachment":[{"href":"https:\/\/stc.lv\/en\/wp-json\/wp\/v2\/media?parent=751"}],"curies":[{"name":"wp","href":"https:\/\/api.w.org\/{rel}","templated":true}]}}