{"id":9421,"date":"2024-05-24T14:05:01","date_gmt":"2024-05-24T12:05:01","guid":{"rendered":"https:\/\/stc.lv\/?page_id=9421"},"modified":"2026-01-29T07:54:43","modified_gmt":"2026-01-29T07:54:43","slug":"iso-22000-partitioner-throttle-management-system","status":"publish","type":"page","link":"https:\/\/stc.lv\/en\/iso-22000-partitioner-throttle-management-system\/","title":{"rendered":"ISO 22000 Food safety management system"},"content":{"rendered":"<div data-elementor-type=\"wp-page\" data-elementor-id=\"9421\" class=\"elementor elementor-9421\" data-elementor-post-type=\"page\">\n\t\t\t\t\t\t<section class=\"elementor-section elementor-top-section elementor-element elementor-element-e2d9d0a elementor-section-height-min-height elementor-section-boxed elementor-section-height-default elementor-section-items-middle\" data-id=\"e2d9d0a\" data-element_type=\"section\" data-settings=\"{&quot;background_background&quot;:&quot;classic&quot;}\">\n\t\t\t\t\t\t\t<div class=\"elementor-background-overlay\"><\/div>\n\t\t\t\t\t\t\t<div class=\"elementor-container elementor-column-gap-default\">\n\t\t\t\t\t<div class=\"elementor-column elementor-col-100 elementor-top-column elementor-element elementor-element-075b344\" data-id=\"075b344\" data-element_type=\"column\">\n\t\t\t<div class=\"elementor-widget-wrap elementor-element-populated\">\n\t\t\t\t\t\t<section class=\"elementor-section elementor-inner-section elementor-element elementor-element-6609b30 elementor-section-boxed elementor-section-height-default elementor-section-height-default\" data-id=\"6609b30\" data-element_type=\"section\">\n\t\t\t\t\t\t<div class=\"elementor-container elementor-column-gap-default\">\n\t\t\t\t\t<div class=\"elementor-column elementor-col-100 elementor-inner-column elementor-element elementor-element-4113f84\" data-id=\"4113f84\" data-element_type=\"column\">\n\t\t\t<div class=\"elementor-widget-wrap elementor-element-populated\">\n\t\t\t\t\t\t<div class=\"elementor-element elementor-element-dc5ffbf elementor-widget elementor-widget-heading\" data-id=\"dc5ffbf\" data-element_type=\"widget\" data-widget_type=\"heading.default\">\n\t\t\t\t<div class=\"elementor-widget-container\">\n\t\t\t\t\t<h1 class=\"elementor-heading-title elementor-size-default\">ISO 22000:2018 Food safety management system<\/h1>\t\t\t\t<\/div>\n\t\t\t\t<\/div>\n\t\t\t\t<div class=\"elementor-element elementor-element-1fd7d70 elementor-widget-divider--view-line elementor-widget elementor-widget-divider\" data-id=\"1fd7d70\" data-element_type=\"widget\" data-widget_type=\"divider.default\">\n\t\t\t\t<div class=\"elementor-widget-container\">\n\t\t\t\t\t\t\t<div class=\"elementor-divider\">\n\t\t\t<span class=\"elementor-divider-separator\">\n\t\t\t\t\t\t<\/span>\n\t\t<\/div>\n\t\t\t\t\t\t<\/div>\n\t\t\t\t<\/div>\n\t\t\t\t\t<\/div>\n\t\t<\/div>\n\t\t\t\t\t<\/div>\n\t\t<\/section>\n\t\t\t\t\t<\/div>\n\t\t<\/div>\n\t\t\t\t\t<\/div>\n\t\t<\/section>\n\t\t\t\t<section class=\"elementor-section elementor-top-section elementor-element elementor-element-d5c2e06 elementor-section-full_width elementor-section-height-default elementor-section-height-default\" data-id=\"d5c2e06\" data-element_type=\"section\">\n\t\t\t\t\t\t<div class=\"elementor-container elementor-column-gap-default\">\n\t\t\t\t\t<div class=\"elementor-column elementor-col-100 elementor-top-column elementor-element elementor-element-4ebd180\" data-id=\"4ebd180\" data-element_type=\"column\">\n\t\t\t<div class=\"elementor-widget-wrap elementor-element-populated\">\n\t\t\t\t\t\t<div class=\"elementor-element elementor-element-64a4f1f elementor-widget elementor-widget-text-editor\" data-id=\"64a4f1f\" data-element_type=\"widget\" data-widget_type=\"text-editor.default\">\n\t\t\t\t<div class=\"elementor-widget-container\">\n\t\t\t\t\t\t\t\t\t<p>Food safety and security is important to everyone - producers and consumers alike. It is important for every consumer to be sure that the food they eat is safe and traceable. The responsibility for ensuring food safety lies with all businesses along the food chain. In accordance with ISO 22000:2018, they must implement a system of self-control based on risk assessment to identify, eliminate or mitigate potential hazards. Such a system demonstrates compliance with food safety requirements and effective control measures. Potential hazards may arise from biological, chemical or physical contamination at different stages of production. It is therefore essential that each actor in the sector plays its role and responsibility to ensure safe and secure food.<\/p>\t\t\t\t\t\t\t\t<\/div>\n\t\t\t\t<\/div>\n\t\t\t\t\t<\/div>\n\t\t<\/div>\n\t\t\t\t\t<\/div>\n\t\t<\/section>\n\t\t\t\t<section class=\"elementor-section elementor-top-section elementor-element elementor-element-69f14948 elementor-section-boxed elementor-section-height-default elementor-section-height-default\" data-id=\"69f14948\" data-element_type=\"section\">\n\t\t\t\t\t\t<div class=\"elementor-container elementor-column-gap-default\">\n\t\t\t\t\t<div class=\"elementor-column elementor-col-100 elementor-top-column elementor-element elementor-element-4fd3b08c\" data-id=\"4fd3b08c\" data-element_type=\"column\">\n\t\t\t<div class=\"elementor-widget-wrap elementor-element-populated\">\n\t\t\t\t\t\t<div class=\"elementor-element elementor-element-1e8009eb elementor-widget elementor-widget-heading\" data-id=\"1e8009eb\" data-element_type=\"widget\" data-widget_type=\"heading.default\">\n\t\t\t\t<div class=\"elementor-widget-container\">\n\t\t\t\t\t<h2 class=\"elementor-heading-title elementor-size-default\">Why choose ISO 22000 certification?<\/h2>\t\t\t\t<\/div>\n\t\t\t\t<\/div>\n\t\t\t\t<div class=\"elementor-element elementor-element-dc0d595 elementor-widget-divider--view-line elementor-widget elementor-widget-divider\" data-id=\"dc0d595\" data-element_type=\"widget\" data-widget_type=\"divider.default\">\n\t\t\t\t<div class=\"elementor-widget-container\">\n\t\t\t\t\t\t\t<div class=\"elementor-divider\">\n\t\t\t<span class=\"elementor-divider-separator\">\n\t\t\t\t\t\t<\/span>\n\t\t<\/div>\n\t\t\t\t\t\t<\/div>\n\t\t\t\t<\/div>\n\t\t\t\t<div class=\"elementor-element elementor-element-78cc78c elementor-widget elementor-widget-text-editor\" data-id=\"78cc78c\" data-element_type=\"widget\" data-widget_type=\"text-editor.default\">\n\t\t\t\t<div class=\"elementor-widget-container\">\n\t\t\t\t\t\t\t\t\t<p>ISO 22000 certification is internationally recognised as proof that a company manages food safety risks responsibly and adheres to the highest safety standards. It builds on the existing food safety management system and helps to integrate control processes into a single, efficient and transparent system. As a result, food safety and regulatory compliance are ensured.<\/p><p data-start=\"293\" data-end=\"391\"><strong>Key benefits for the company:<\/strong><\/p><ul><li data-start=\"393\" data-end=\"461\"><p data-start=\"395\" data-end=\"461\">Early identification and effective control of risks;<\/p><\/li><li data-start=\"393\" data-end=\"461\"><p data-start=\"395\" data-end=\"461\">Reduction in production errors thanks to accurate identification of risk areas;<\/p><\/li><li data-start=\"393\" data-end=\"461\"><p data-start=\"395\" data-end=\"461\">Improved cooperation with suppliers, customers, supervisory authorities and other partners;<\/p><\/li><li data-start=\"393\" data-end=\"461\"><p data-start=\"395\" data-end=\"461\">Strengthening consumer confidence by demonstrating the provision of safe food;<\/p><\/li><li data-start=\"393\" data-end=\"461\">Improving operational efficiency and continuous improvement.<\/li><\/ul><h4 data-start=\"938\" data-end=\"977\">Integration with other standards<\/h4><p data-start=\"978\" data-end=\"1204\"><strong>ISO 22000:2018<\/strong> can be easily integrated with other management standards such as ISO 9001 (quality management) and HACCP. It allows for a holistic approach to company processes and provides a comprehensive food safety solution. In addition, ISO 22000 certification often serves as a prerequisite for participation in food sector procurement, where a certified food safety management system is required as one of the qualification criteria.\u00a0<\/p><h4 data-start=\"978\" data-end=\"1204\">Competitive advantage<\/h4><p>ISO 22000 sertifik\u0101cija sniedz J\u016bsu uz\u0146\u0113mumam uzticamu pamatu att\u012bst\u012bbai un stiprina konkur\u0113tsp\u0113ju gan viet\u0113j\u0101, gan starptautisk\u0101 tirg\u016b.<\/p><p><img fetchpriority=\"high\" decoding=\"async\" class=\"aligncenter wp-image-13363 size-full\" src=\"https:\/\/stc.lv\/wp-content\/uploads\/2025\/09\/ISO-22000-1.png\" alt=\"\" width=\"940\" height=\"788\" srcset=\"https:\/\/stc.lv\/wp-content\/uploads\/2025\/09\/ISO-22000-1.png 940w, https:\/\/stc.lv\/wp-content\/uploads\/2025\/09\/ISO-22000-1-300x251.png 300w, https:\/\/stc.lv\/wp-content\/uploads\/2025\/09\/ISO-22000-1-768x644.png 768w, https:\/\/stc.lv\/wp-content\/uploads\/2025\/09\/ISO-22000-1-14x12.png 14w\" sizes=\"(max-width: 940px) 100vw, 940px\" \/><\/p><p data-start=\"730\" data-end=\"963\" data-is-last-node=\"\" data-is-only-node=\"\">\u00a0<\/p>\t\t\t\t\t\t\t\t<\/div>\n\t\t\t\t<\/div>\n\t\t\t\t\t<\/div>\n\t\t<\/div>\n\t\t\t\t\t<\/div>\n\t\t<\/section>\n\t\t\t\t<section class=\"elementor-section elementor-top-section elementor-element elementor-element-f810df9 elementor-section-boxed elementor-section-height-default elementor-section-height-default\" data-id=\"f810df9\" data-element_type=\"section\">\n\t\t\t\t\t\t<div class=\"elementor-container elementor-column-gap-default\">\n\t\t\t\t\t<div class=\"elementor-column elementor-col-100 elementor-top-column elementor-element elementor-element-83940b2\" data-id=\"83940b2\" data-element_type=\"column\">\n\t\t\t<div class=\"elementor-widget-wrap elementor-element-populated\">\n\t\t\t\t\t\t<div class=\"elementor-element elementor-element-f11da71 elementor-widget elementor-widget-heading\" data-id=\"f11da71\" data-element_type=\"widget\" data-widget_type=\"heading.default\">\n\t\t\t\t<div class=\"elementor-widget-container\">\n\t\t\t\t\t<h2 class=\"elementor-heading-title elementor-size-default\">How to get ISO 22000 certification?<\/h2>\t\t\t\t<\/div>\n\t\t\t\t<\/div>\n\t\t\t\t<div class=\"elementor-element elementor-element-60827c2 elementor-widget-divider--view-line elementor-widget elementor-widget-divider\" data-id=\"60827c2\" data-element_type=\"widget\" data-widget_type=\"divider.default\">\n\t\t\t\t<div class=\"elementor-widget-container\">\n\t\t\t\t\t\t\t<div class=\"elementor-divider\">\n\t\t\t<span class=\"elementor-divider-separator\">\n\t\t\t\t\t\t<\/span>\n\t\t<\/div>\n\t\t\t\t\t\t<\/div>\n\t\t\t\t<\/div>\n\t\t\t\t<div class=\"elementor-element elementor-element-ee4482f elementor-widget elementor-widget-text-editor\" data-id=\"ee4482f\" data-element_type=\"widget\" data-widget_type=\"text-editor.default\">\n\t\t\t\t<div class=\"elementor-widget-container\">\n\t\t\t\t\t\t\t\t\t<p>To be certified, a company must have a food safety management system in place that meets the requirements of ISO 22000:2018. CERTIFICATION AND TESTING CENTRE Ltd is an accredited certification body that can provide certification services.<\/p>\t\t\t\t\t\t\t\t<\/div>\n\t\t\t\t<\/div>\n\t\t\t\t\t<\/div>\n\t\t<\/div>\n\t\t\t\t\t<\/div>\n\t\t<\/section>\n\t\t\t\t<section class=\"elementor-section elementor-top-section elementor-element elementor-element-f6c7452 elementor-section-boxed elementor-section-height-default elementor-section-height-default\" data-id=\"f6c7452\" data-element_type=\"section\">\n\t\t\t\t\t\t<div class=\"elementor-container elementor-column-gap-default\">\n\t\t\t\t\t<div class=\"elementor-column elementor-col-50 elementor-top-column elementor-element elementor-element-f1cfa1d\" data-id=\"f1cfa1d\" data-element_type=\"column\">\n\t\t\t<div class=\"elementor-widget-wrap elementor-element-populated\">\n\t\t\t\t\t\t<div class=\"elementor-element elementor-element-43d0d5e elementor-widget elementor-widget-heading\" data-id=\"43d0d5e\" data-element_type=\"widget\" data-widget_type=\"heading.default\">\n\t\t\t\t<div class=\"elementor-widget-container\">\n\t\t\t\t\t<h2 class=\"elementor-heading-title elementor-size-default\">Contact us!<\/h2>\t\t\t\t<\/div>\n\t\t\t\t<\/div>\n\t\t\t\t<div class=\"elementor-element elementor-element-4eeb67f elementor-widget-divider--view-line elementor-widget elementor-widget-divider\" data-id=\"4eeb67f\" data-element_type=\"widget\" data-widget_type=\"divider.default\">\n\t\t\t\t<div class=\"elementor-widget-container\">\n\t\t\t\t\t\t\t<div class=\"elementor-divider\">\n\t\t\t<span class=\"elementor-divider-separator\">\n\t\t\t\t\t\t<\/span>\n\t\t<\/div>\n\t\t\t\t\t\t<\/div>\n\t\t\t\t<\/div>\n\t\t\t\t\t<\/div>\n\t\t<\/div>\n\t\t\t\t<div class=\"elementor-column elementor-col-50 elementor-top-column elementor-element elementor-element-c04f498\" data-id=\"c04f498\" data-element_type=\"column\">\n\t\t\t<div class=\"elementor-widget-wrap elementor-element-populated\">\n\t\t\t\t\t\t<div class=\"elementor-element elementor-element-48e4598 elementor-align-right elementor-tablet-align-left elementor-widget elementor-widget-button\" data-id=\"48e4598\" data-element_type=\"widget\" data-widget_type=\"button.default\">\n\t\t\t\t<div class=\"elementor-widget-container\">\n\t\t\t\t\t\t\t\t\t<div class=\"elementor-button-wrapper\">\n\t\t\t\t\t<a class=\"elementor-button elementor-button-link elementor-size-sm\" href=\"#elementor-action%3Aaction%3Dpopup%3Aopen%26settings%3DeyJpZCI6IjEwNjY0IiwidG9nZ2xlIjpmYWxzZX0%3D\" email=\"paula@bloomdigital.eu\">\n\t\t\t\t\t\t<span class=\"elementor-button-content-wrapper\">\n\t\t\t\t\t\t\t\t\t<span class=\"elementor-button-text\">Send a message<\/span>\n\t\t\t\t\t<\/span>\n\t\t\t\t\t<\/a>\n\t\t\t\t<\/div>\n\t\t\t\t\t\t\t\t<\/div>\n\t\t\t\t<\/div>\n\t\t\t\t\t<\/div>\n\t\t<\/div>\n\t\t\t\t\t<\/div>\n\t\t<\/section>\n\t\t\t\t<\/div>","protected":false},"excerpt":{"rendered":"<p>ISO 22000:2018 P\u0101rtikas dro\u0161uma p\u0101rvald\u012bbas sist\u0113ma P\u0101rtikas dro\u0161\u012bba un nekait\u012bgums ir noz\u012bm\u012bgs ikvienam \u2013 gan ra\u017eot\u0101jiem, gan pat\u0113r\u0113t\u0101jiem. Katram pat\u0113r\u0113t\u0101jam ir svar\u012bgi b\u016bt p\u0101rliecin\u0101tam, ka vi\u0146a lietot\u0101 p\u0101rtika ir dro\u0161a un t\u0101s izcelsme ir izsekojama. Atbild\u012bba par p\u0101rtikas nekait\u012bguma nodro\u0161in\u0101\u0161anu gulstas uz visiem uz\u0146\u0113mumiem, kas darbojas p\u0101rtikas aprites \u0137\u0113d\u0113. Saska\u0146\u0101 ar ISO 22000:2018 standarta pras\u012bb\u0101m [&hellip;]<\/p>","protected":false},"author":1,"featured_media":0,"parent":0,"menu_order":0,"comment_status":"closed","ping_status":"closed","template":"","meta":{"footnotes":""},"class_list":["post-9421","page","type-page","status-publish","hentry"],"yoast_head":"<!-- This site is optimized with the Yoast SEO plugin v26.3 - https:\/\/yoast.com\/wordpress\/plugins\/seo\/ -->\n<title>ISO 22000 P\u0101rtikas drosuma parvaldibas sist\u0113ma - STC<\/title>\n<meta name=\"robots\" content=\"index, follow, max-snippet:-1, max-image-preview:large, max-video-preview:-1\" \/>\n<link rel=\"canonical\" href=\"https:\/\/stc.lv\/en\/iso-22000-partitioner-throttle-management-system\/\" \/>\n<meta property=\"og:locale\" content=\"en_GB\" \/>\n<meta property=\"og:type\" content=\"article\" \/>\n<meta property=\"og:title\" content=\"ISO 22000 P\u0101rtikas drosuma parvaldibas sist\u0113ma - STC\" \/>\n<meta property=\"og:description\" content=\"ISO 22000:2018 P\u0101rtikas dro\u0161uma p\u0101rvald\u012bbas sist\u0113ma P\u0101rtikas dro\u0161\u012bba un nekait\u012bgums ir noz\u012bm\u012bgs ikvienam \u2013 gan ra\u017eot\u0101jiem, gan pat\u0113r\u0113t\u0101jiem. Katram pat\u0113r\u0113t\u0101jam ir svar\u012bgi b\u016bt p\u0101rliecin\u0101tam, ka vi\u0146a lietot\u0101 p\u0101rtika ir dro\u0161a un t\u0101s izcelsme ir izsekojama. Atbild\u012bba par p\u0101rtikas nekait\u012bguma nodro\u0161in\u0101\u0161anu gulstas uz visiem uz\u0146\u0113mumiem, kas darbojas p\u0101rtikas aprites \u0137\u0113d\u0113. Saska\u0146\u0101 ar ISO 22000:2018 standarta pras\u012bb\u0101m [&hellip;]\" \/>\n<meta property=\"og:url\" content=\"https:\/\/stc.lv\/en\/iso-22000-partitioner-throttle-management-system\/\" \/>\n<meta property=\"og:site_name\" content=\"STC\" \/>\n<meta property=\"article:publisher\" content=\"https:\/\/www.facebook.com\/profile.php?id=61560801215590\" \/>\n<meta property=\"article:modified_time\" content=\"2026-01-29T07:54:43+00:00\" \/>\n<meta property=\"og:image\" content=\"https:\/\/stc.lv\/wp-content\/uploads\/2025\/09\/ISO-22000-1.png\" \/>\n\t<meta property=\"og:image:width\" content=\"940\" \/>\n\t<meta property=\"og:image:height\" content=\"788\" \/>\n\t<meta property=\"og:image:type\" content=\"image\/png\" \/>\n<meta name=\"twitter:card\" content=\"summary_large_image\" \/>\n<meta name=\"twitter:label1\" content=\"Estimated reading time\" \/>\n\t<meta name=\"twitter:data1\" content=\"2 minutes\" \/>\n<script type=\"application\/ld+json\" class=\"yoast-schema-graph\">{\"@context\":\"https:\/\/schema.org\",\"@graph\":[{\"@type\":\"WebPage\",\"@id\":\"https:\/\/stc.lv\/iso-22000-partikas-drosuma-parvaldibas-sistema\/\",\"url\":\"https:\/\/stc.lv\/iso-22000-partikas-drosuma-parvaldibas-sistema\/\",\"name\":\"ISO 22000 P\u0101rtikas drosuma parvaldibas sist\u0113ma - STC\",\"isPartOf\":{\"@id\":\"https:\/\/stc.lv\/#website\"},\"primaryImageOfPage\":{\"@id\":\"https:\/\/stc.lv\/iso-22000-partikas-drosuma-parvaldibas-sistema\/#primaryimage\"},\"image\":{\"@id\":\"https:\/\/stc.lv\/iso-22000-partikas-drosuma-parvaldibas-sistema\/#primaryimage\"},\"thumbnailUrl\":\"https:\/\/stc.lv\/wp-content\/uploads\/2025\/09\/ISO-22000-1.png\",\"datePublished\":\"2024-05-24T12:05:01+00:00\",\"dateModified\":\"2026-01-29T07:54:43+00:00\",\"breadcrumb\":{\"@id\":\"https:\/\/stc.lv\/iso-22000-partikas-drosuma-parvaldibas-sistema\/#breadcrumb\"},\"inLanguage\":\"en-GB\",\"potentialAction\":[{\"@type\":\"ReadAction\",\"target\":[\"https:\/\/stc.lv\/iso-22000-partikas-drosuma-parvaldibas-sistema\/\"]}]},{\"@type\":\"ImageObject\",\"inLanguage\":\"en-GB\",\"@id\":\"https:\/\/stc.lv\/iso-22000-partikas-drosuma-parvaldibas-sistema\/#primaryimage\",\"url\":\"https:\/\/stc.lv\/wp-content\/uploads\/2025\/09\/ISO-22000-1.png\",\"contentUrl\":\"https:\/\/stc.lv\/wp-content\/uploads\/2025\/09\/ISO-22000-1.png\"},{\"@type\":\"BreadcrumbList\",\"@id\":\"https:\/\/stc.lv\/iso-22000-partikas-drosuma-parvaldibas-sistema\/#breadcrumb\",\"itemListElement\":[{\"@type\":\"ListItem\",\"position\":1,\"name\":\"Home\",\"item\":\"https:\/\/stc.lv\/\"},{\"@type\":\"ListItem\",\"position\":2,\"name\":\"ISO 22000 P\u0101rtikas drosuma parvaldibas sist\u0113ma\"}]},{\"@type\":\"WebSite\",\"@id\":\"https:\/\/stc.lv\/#website\",\"url\":\"https:\/\/stc.lv\/\",\"name\":\"STC\",\"description\":\"Biolo\u0123isk\u0101 sertifik\u0101cija\",\"publisher\":{\"@id\":\"https:\/\/stc.lv\/#organization\"},\"alternateName\":\"Sertifik\u0101cijas un test\u0113\u0161anas centrs\",\"potentialAction\":[{\"@type\":\"SearchAction\",\"target\":{\"@type\":\"EntryPoint\",\"urlTemplate\":\"https:\/\/stc.lv\/?s={search_term_string}\"},\"query-input\":{\"@type\":\"PropertyValueSpecification\",\"valueRequired\":true,\"valueName\":\"search_term_string\"}}],\"inLanguage\":\"en-GB\"},{\"@type\":\"Organization\",\"@id\":\"https:\/\/stc.lv\/#organization\",\"name\":\"SIA \u201cSertifik\u0101cijas un test\u0113\u0161anas centrs\u201d\",\"alternateName\":\"STC\",\"url\":\"https:\/\/stc.lv\/\",\"logo\":{\"@type\":\"ImageObject\",\"inLanguage\":\"en-GB\",\"@id\":\"https:\/\/stc.lv\/#\/schema\/logo\/image\/\",\"url\":\"https:\/\/stc.lv\/wp-content\/uploads\/2020\/02\/STC-113-1.png\",\"contentUrl\":\"https:\/\/stc.lv\/wp-content\/uploads\/2020\/02\/STC-113-1.png\",\"width\":1950,\"height\":794,\"caption\":\"SIA \u201cSertifik\u0101cijas un test\u0113\u0161anas centrs\u201d\"},\"image\":{\"@id\":\"https:\/\/stc.lv\/#\/schema\/logo\/image\/\"},\"sameAs\":[\"https:\/\/www.facebook.com\/profile.php?id=61560801215590\",\"https:\/\/www.instagram.com\/sertifikacija_stc\/\"]}]}<\/script>\n<!-- \/ Yoast SEO plugin. -->","yoast_head_json":{"title":"ISO 22000 Food Safety Management System - STC","robots":{"index":"index","follow":"follow","max-snippet":"max-snippet:-1","max-image-preview":"max-image-preview:large","max-video-preview":"max-video-preview:-1"},"canonical":"https:\/\/stc.lv\/en\/iso-22000-partitioner-throttle-management-system\/","og_locale":"en_GB","og_type":"article","og_title":"ISO 22000 P\u0101rtikas drosuma parvaldibas sist\u0113ma - STC","og_description":"ISO 22000:2018 P\u0101rtikas dro\u0161uma p\u0101rvald\u012bbas sist\u0113ma P\u0101rtikas dro\u0161\u012bba un nekait\u012bgums ir noz\u012bm\u012bgs ikvienam \u2013 gan ra\u017eot\u0101jiem, gan pat\u0113r\u0113t\u0101jiem. Katram pat\u0113r\u0113t\u0101jam ir svar\u012bgi b\u016bt p\u0101rliecin\u0101tam, ka vi\u0146a lietot\u0101 p\u0101rtika ir dro\u0161a un t\u0101s izcelsme ir izsekojama. Atbild\u012bba par p\u0101rtikas nekait\u012bguma nodro\u0161in\u0101\u0161anu gulstas uz visiem uz\u0146\u0113mumiem, kas darbojas p\u0101rtikas aprites \u0137\u0113d\u0113. Saska\u0146\u0101 ar ISO 22000:2018 standarta pras\u012bb\u0101m [&hellip;]","og_url":"https:\/\/stc.lv\/en\/iso-22000-partitioner-throttle-management-system\/","og_site_name":"STC","article_publisher":"https:\/\/www.facebook.com\/profile.php?id=61560801215590","article_modified_time":"2026-01-29T07:54:43+00:00","og_image":[{"width":940,"height":788,"url":"https:\/\/stc.lv\/wp-content\/uploads\/2025\/09\/ISO-22000-1.png","type":"image\/png"}],"twitter_card":"summary_large_image","twitter_misc":{"Estimated reading time":"2 minutes"},"schema":{"@context":"https:\/\/schema.org","@graph":[{"@type":"WebPage","@id":"https:\/\/stc.lv\/iso-22000-partikas-drosuma-parvaldibas-sistema\/","url":"https:\/\/stc.lv\/iso-22000-partikas-drosuma-parvaldibas-sistema\/","name":"ISO 22000 Food Safety Management System - STC","isPartOf":{"@id":"https:\/\/stc.lv\/#website"},"primaryImageOfPage":{"@id":"https:\/\/stc.lv\/iso-22000-partikas-drosuma-parvaldibas-sistema\/#primaryimage"},"image":{"@id":"https:\/\/stc.lv\/iso-22000-partikas-drosuma-parvaldibas-sistema\/#primaryimage"},"thumbnailUrl":"https:\/\/stc.lv\/wp-content\/uploads\/2025\/09\/ISO-22000-1.png","datePublished":"2024-05-24T12:05:01+00:00","dateModified":"2026-01-29T07:54:43+00:00","breadcrumb":{"@id":"https:\/\/stc.lv\/iso-22000-partikas-drosuma-parvaldibas-sistema\/#breadcrumb"},"inLanguage":"en-GB","potentialAction":[{"@type":"ReadAction","target":["https:\/\/stc.lv\/iso-22000-partikas-drosuma-parvaldibas-sistema\/"]}]},{"@type":"ImageObject","inLanguage":"en-GB","@id":"https:\/\/stc.lv\/iso-22000-partikas-drosuma-parvaldibas-sistema\/#primaryimage","url":"https:\/\/stc.lv\/wp-content\/uploads\/2025\/09\/ISO-22000-1.png","contentUrl":"https:\/\/stc.lv\/wp-content\/uploads\/2025\/09\/ISO-22000-1.png"},{"@type":"BreadcrumbList","@id":"https:\/\/stc.lv\/iso-22000-partikas-drosuma-parvaldibas-sistema\/#breadcrumb","itemListElement":[{"@type":"ListItem","position":1,"name":"Home","item":"https:\/\/stc.lv\/"},{"@type":"ListItem","position":2,"name":"ISO 22000 P\u0101rtikas drosuma parvaldibas sist\u0113ma"}]},{"@type":"WebSite","@id":"https:\/\/stc.lv\/#website","url":"https:\/\/stc.lv\/","name":"STC","description":"Organic certification","publisher":{"@id":"https:\/\/stc.lv\/#organization"},"alternateName":"Sertifik\u0101cijas un test\u0113\u0161anas centrs","potentialAction":[{"@type":"SearchAction","target":{"@type":"EntryPoint","urlTemplate":"https:\/\/stc.lv\/?s={search_term_string}"},"query-input":{"@type":"PropertyValueSpecification","valueRequired":true,"valueName":"search_term_string"}}],"inLanguage":"en-GB"},{"@type":"Organization","@id":"https:\/\/stc.lv\/#organization","name":"SIA \"Certification and Testing Centre\"","alternateName":"STC","url":"https:\/\/stc.lv\/","logo":{"@type":"ImageObject","inLanguage":"en-GB","@id":"https:\/\/stc.lv\/#\/schema\/logo\/image\/","url":"https:\/\/stc.lv\/wp-content\/uploads\/2020\/02\/STC-113-1.png","contentUrl":"https:\/\/stc.lv\/wp-content\/uploads\/2020\/02\/STC-113-1.png","width":1950,"height":794,"caption":"SIA \u201cSertifik\u0101cijas un test\u0113\u0161anas centrs\u201d"},"image":{"@id":"https:\/\/stc.lv\/#\/schema\/logo\/image\/"},"sameAs":["https:\/\/www.facebook.com\/profile.php?id=61560801215590","https:\/\/www.instagram.com\/sertifikacija_stc\/"]}]}},"rttpg_featured_image_url":null,"rttpg_author":{"display_name":"admin","author_link":"https:\/\/stc.lv\/en\/author\/info_555hqm4r\/"},"rttpg_comment":0,"rttpg_category":null,"rttpg_excerpt":"ISO 22000:2018 P\u0101rtikas dro\u0161uma p\u0101rvald\u012bbas sist\u0113ma P\u0101rtikas dro\u0161\u012bba un nekait\u012bgums ir noz\u012bm\u012bgs ikvienam \u2013 gan ra\u017eot\u0101jiem, gan pat\u0113r\u0113t\u0101jiem. Katram pat\u0113r\u0113t\u0101jam ir svar\u012bgi b\u016bt p\u0101rliecin\u0101tam, ka vi\u0146a lietot\u0101 p\u0101rtika ir dro\u0161a un t\u0101s izcelsme ir izsekojama. Atbild\u012bba par p\u0101rtikas nekait\u012bguma nodro\u0161in\u0101\u0161anu gulstas uz visiem uz\u0146\u0113mumiem, kas darbojas p\u0101rtikas aprites \u0137\u0113d\u0113. Saska\u0146\u0101 ar ISO 22000:2018 standarta pras\u012bb\u0101m&hellip;","_links":{"self":[{"href":"https:\/\/stc.lv\/en\/wp-json\/wp\/v2\/pages\/9421","targetHints":{"allow":["GET"]}}],"collection":[{"href":"https:\/\/stc.lv\/en\/wp-json\/wp\/v2\/pages"}],"about":[{"href":"https:\/\/stc.lv\/en\/wp-json\/wp\/v2\/types\/page"}],"author":[{"embeddable":true,"href":"https:\/\/stc.lv\/en\/wp-json\/wp\/v2\/users\/1"}],"replies":[{"embeddable":true,"href":"https:\/\/stc.lv\/en\/wp-json\/wp\/v2\/comments?post=9421"}],"version-history":[{"count":25,"href":"https:\/\/stc.lv\/en\/wp-json\/wp\/v2\/pages\/9421\/revisions"}],"predecessor-version":[{"id":14214,"href":"https:\/\/stc.lv\/en\/wp-json\/wp\/v2\/pages\/9421\/revisions\/14214"}],"wp:attachment":[{"href":"https:\/\/stc.lv\/en\/wp-json\/wp\/v2\/media?parent=9421"}],"curies":[{"name":"wp","href":"https:\/\/api.w.org\/{rel}","templated":true}]}}