{"id":9643,"date":"2024-08-13T13:37:24","date_gmt":"2024-08-13T11:37:24","guid":{"rendered":"https:\/\/stc.lv\/?page_id=9643"},"modified":"2025-05-15T10:58:24","modified_gmt":"2025-05-15T10:58:24","slug":"donavian-and-european-soya-standard","status":"publish","type":"page","link":"https:\/\/stc.lv\/en\/donavian-and-european-soya-standard\/","title":{"rendered":"Danube and European Soya Standard"},"content":{"rendered":"<div data-elementor-type=\"wp-page\" data-elementor-id=\"9643\" class=\"elementor elementor-9643\" data-elementor-post-type=\"page\">\n\t\t\t\t\t\t<section class=\"elementor-section elementor-top-section elementor-element elementor-element-bffa223 elementor-section-height-min-height elementor-section-boxed elementor-section-height-default elementor-section-items-middle\" data-id=\"bffa223\" data-element_type=\"section\" data-e-type=\"section\" data-settings=\"{&quot;background_background&quot;:&quot;video&quot;,&quot;background_video_link&quot;:&quot;https:\\\/\\\/vimeo.com\\\/704083060&quot;}\">\n\t\t\t\t\t\t\t\t<div class=\"elementor-background-video-container elementor-hidden-mobile\">\n\t\t\t\t\t\t\t\t\t\t\t\t\t<div class=\"elementor-background-video-embed\" role=\"presentation\"><\/div>\n\t\t\t\t\t\t\t\t\t\t\t\t<\/div>\n\t\t\t\t\t\t\t\t\t<div class=\"elementor-background-overlay\"><\/div>\n\t\t\t\t\t\t\t<div class=\"elementor-container elementor-column-gap-default\">\n\t\t\t\t\t<div class=\"elementor-column elementor-col-100 elementor-top-column elementor-element elementor-element-65abbde\" data-id=\"65abbde\" data-element_type=\"column\" data-e-type=\"column\">\n\t\t\t<div class=\"elementor-widget-wrap elementor-element-populated\">\n\t\t\t\t\t\t<section class=\"elementor-section elementor-inner-section elementor-element elementor-element-f0fe9e5 elementor-section-boxed elementor-section-height-default elementor-section-height-default\" data-id=\"f0fe9e5\" data-element_type=\"section\" data-e-type=\"section\">\n\t\t\t\t\t\t<div class=\"elementor-container elementor-column-gap-default\">\n\t\t\t\t\t<div class=\"elementor-column elementor-col-100 elementor-inner-column elementor-element elementor-element-527b278\" data-id=\"527b278\" data-element_type=\"column\" data-e-type=\"column\">\n\t\t\t<div class=\"elementor-widget-wrap elementor-element-populated\">\n\t\t\t\t\t\t<div class=\"elementor-element elementor-element-39a74d3 elementor-widget elementor-widget-heading\" data-id=\"39a74d3\" data-element_type=\"widget\" data-e-type=\"widget\" data-widget_type=\"heading.default\">\n\t\t\t\t<div class=\"elementor-widget-container\">\n\t\t\t\t\t<h1 class=\"elementor-heading-title elementor-size-large\">Danube and European Soya Standard<\/h1>\t\t\t\t<\/div>\n\t\t\t\t<\/div>\n\t\t\t\t<div class=\"elementor-element elementor-element-94130bf elementor-widget-divider--view-line elementor-widget elementor-widget-divider\" data-id=\"94130bf\" data-element_type=\"widget\" data-e-type=\"widget\" data-widget_type=\"divider.default\">\n\t\t\t\t<div class=\"elementor-widget-container\">\n\t\t\t\t\t\t\t<div class=\"elementor-divider\">\n\t\t\t<span class=\"elementor-divider-separator\">\n\t\t\t\t\t\t<\/span>\n\t\t<\/div>\n\t\t\t\t\t\t<\/div>\n\t\t\t\t<\/div>\n\t\t\t\t\t<\/div>\n\t\t<\/div>\n\t\t\t\t\t<\/div>\n\t\t<\/section>\n\t\t\t\t\t<\/div>\n\t\t<\/div>\n\t\t\t\t\t<\/div>\n\t\t<\/section>\n\t\t\t\t<section class=\"elementor-section elementor-top-section elementor-element elementor-element-9ecbf4a elementor-section-full_width elementor-section-height-default elementor-section-height-default\" data-id=\"9ecbf4a\" data-element_type=\"section\" data-e-type=\"section\">\n\t\t\t\t\t\t<div class=\"elementor-container elementor-column-gap-default\">\n\t\t\t\t\t<div class=\"elementor-column elementor-col-100 elementor-top-column elementor-element elementor-element-d397982\" data-id=\"d397982\" data-element_type=\"column\" data-e-type=\"column\">\n\t\t\t<div class=\"elementor-widget-wrap elementor-element-populated\">\n\t\t\t\t\t\t<div class=\"elementor-element elementor-element-fd582b2 elementor-widget elementor-widget-image\" data-id=\"fd582b2\" data-element_type=\"widget\" data-e-type=\"widget\" data-widget_type=\"image.default\">\n\t\t\t\t<div class=\"elementor-widget-container\">\n\t\t\t\t\t\t\t\t\t\t\t\t\t\t\t<img decoding=\"async\" width=\"230\" height=\"120\" src=\"https:\/\/stc.lv\/wp-content\/uploads\/2024\/08\/europesoja_donausoja_logo_230.png\" class=\"attachment-medium size-medium wp-image-9690\" alt=\"\" \/>\t\t\t\t\t\t\t\t\t\t\t\t\t\t\t<\/div>\n\t\t\t\t<\/div>\n\t\t\t\t<div class=\"elementor-element elementor-element-3de8eae elementor-widget elementor-widget-text-editor\" data-id=\"3de8eae\" data-element_type=\"widget\" data-e-type=\"widget\" data-widget_type=\"text-editor.default\">\n\t\t\t\t<div class=\"elementor-widget-container\">\n\t\t\t\t\t\t\t\t\t<p>We are pleased to announce that we have been authorised to carry out an inspection as part of the certification process, in accordance with <a href=\"https:\/\/www.donausoja.org\/\"><strong>Danube soya and the European soya standard.<\/strong><\/a><\/p><p>The Danube Soy and European Soy Verification Programme is designed to confirm the origin of soy and its products, the absence of genetic modification, the limited use of pesticides, environmental protection during production and a range of other environmental, economic and social aspects.<\/p><p>EU Sustainability Reporting Directive enters into force on 5 January 2023 <a href=\"https:\/\/eur-lex.europa.eu\/legal-content\/LV\/TXT\/?uri=CELEX:32022L2464\">(CSRD, Directive (EU) 2022\/2464).<\/a> This Directive amends and lays down rules on social and economic reporting, in particular on the social and environmental impact assessment of companies, the identification of financial risks and potential actions in relation to climate change and other sustainability issues. <strong>Such reports are due to be submitted by EU national organisations from 2025 onwards (reporting period 2024 onwards).<\/strong> Certification to sustainability-related standards is thus in many cases a prerequisite for exporting products to EU countries.<\/p><p>The requirements of the Danube and European soy standards are in many respects similar to the EU organic standard, so existing organic farmers will be able to implement these standards in their production without problems.<\/p><p>For cooperation and other questions about certification to the Danube Soya and European Soya Standards, please contact us.<\/p>\t\t\t\t\t\t\t\t<\/div>\n\t\t\t\t<\/div>\n\t\t\t\t\t<\/div>\n\t\t<\/div>\n\t\t\t\t\t<\/div>\n\t\t<\/section>\n\t\t\t\t<section class=\"elementor-section elementor-top-section elementor-element elementor-element-966cc23 elementor-section-boxed elementor-section-height-default elementor-section-height-default\" data-id=\"966cc23\" data-element_type=\"section\" data-e-type=\"section\">\n\t\t\t\t\t\t\t<div class=\"elementor-background-overlay\"><\/div>\n\t\t\t\t\t\t\t<div class=\"elementor-container elementor-column-gap-default\">\n\t\t\t\t\t<div class=\"elementor-column elementor-col-50 elementor-top-column elementor-element elementor-element-ea532ad\" data-id=\"ea532ad\" data-element_type=\"column\" data-e-type=\"column\">\n\t\t\t<div class=\"elementor-widget-wrap elementor-element-populated\">\n\t\t\t\t\t\t<div class=\"elementor-element elementor-element-286fa8a elementor-widget elementor-widget-heading\" data-id=\"286fa8a\" data-element_type=\"widget\" data-e-type=\"widget\" data-widget_type=\"heading.default\">\n\t\t\t\t<div class=\"elementor-widget-container\">\n\t\t\t\t\t<h2 class=\"elementor-heading-title elementor-size-default\">Contact us!<\/h2>\t\t\t\t<\/div>\n\t\t\t\t<\/div>\n\t\t\t\t<div class=\"elementor-element elementor-element-c9bbea1 elementor-widget-divider--view-line elementor-widget elementor-widget-divider\" data-id=\"c9bbea1\" data-element_type=\"widget\" data-e-type=\"widget\" data-widget_type=\"divider.default\">\n\t\t\t\t<div class=\"elementor-widget-container\">\n\t\t\t\t\t\t\t<div class=\"elementor-divider\">\n\t\t\t<span class=\"elementor-divider-separator\">\n\t\t\t\t\t\t<\/span>\n\t\t<\/div>\n\t\t\t\t\t\t<\/div>\n\t\t\t\t<\/div>\n\t\t\t\t\t<\/div>\n\t\t<\/div>\n\t\t\t\t<div class=\"elementor-column elementor-col-50 elementor-top-column elementor-element elementor-element-0503e1c\" data-id=\"0503e1c\" data-element_type=\"column\" data-e-type=\"column\">\n\t\t\t<div class=\"elementor-widget-wrap elementor-element-populated\">\n\t\t\t\t\t\t<div class=\"elementor-element elementor-element-0618ab9 elementor-align-right elementor-tablet-align-left elementor-widget elementor-widget-button\" data-id=\"0618ab9\" data-element_type=\"widget\" data-e-type=\"widget\" data-widget_type=\"button.default\">\n\t\t\t\t<div class=\"elementor-widget-container\">\n\t\t\t\t\t\t\t\t\t<div class=\"elementor-button-wrapper\">\n\t\t\t\t\t<a class=\"elementor-button elementor-button-link elementor-size-sm\" href=\"#elementor-action%3Aaction%3Dpopup%3Aopen%26settings%3DeyJpZCI6IjEwNjg4IiwidG9nZ2xlIjpmYWxzZX0%3D\">\n\t\t\t\t\t\t<span class=\"elementor-button-content-wrapper\">\n\t\t\t\t\t\t\t\t\t<span class=\"elementor-button-text\">Send a message<\/span>\n\t\t\t\t\t<\/span>\n\t\t\t\t\t<\/a>\n\t\t\t\t<\/div>\n\t\t\t\t\t\t\t\t<\/div>\n\t\t\t\t<\/div>\n\t\t\t\t\t<\/div>\n\t\t<\/div>\n\t\t\t\t\t<\/div>\n\t\t<\/section>\n\t\t\t\t<section class=\"elementor-section elementor-top-section elementor-element elementor-element-728fa5c elementor-section-boxed elementor-section-height-default elementor-section-height-default\" data-id=\"728fa5c\" data-element_type=\"section\" data-e-type=\"section\">\n\t\t\t\t\t\t<div class=\"elementor-container elementor-column-gap-default\">\n\t\t\t\t\t<div class=\"elementor-column elementor-col-100 elementor-top-column elementor-element elementor-element-eb3d221\" data-id=\"eb3d221\" data-element_type=\"column\" data-e-type=\"column\">\n\t\t\t<div class=\"elementor-widget-wrap elementor-element-populated\">\n\t\t\t\t\t\t<section class=\"elementor-section elementor-inner-section elementor-element elementor-element-34b7635 elementor-section-boxed elementor-section-height-default elementor-section-height-default\" data-id=\"34b7635\" data-element_type=\"section\" data-e-type=\"section\">\n\t\t\t\t\t\t<div class=\"elementor-container elementor-column-gap-default\">\n\t\t\t\t\t<div class=\"elementor-column elementor-col-50 elementor-inner-column elementor-element elementor-element-3cf223c\" data-id=\"3cf223c\" data-element_type=\"column\" data-e-type=\"column\">\n\t\t\t<div class=\"elementor-widget-wrap elementor-element-populated\">\n\t\t\t\t\t\t<div class=\"elementor-element elementor-element-d53409b elementor-widget elementor-widget-heading\" data-id=\"d53409b\" data-element_type=\"widget\" data-e-type=\"widget\" data-widget_type=\"heading.default\">\n\t\t\t\t<div class=\"elementor-widget-container\">\n\t\t\t\t\t<h2 class=\"elementor-heading-title elementor-size-default\">Contact<\/h2>\t\t\t\t<\/div>\n\t\t\t\t<\/div>\n\t\t\t\t<div class=\"elementor-element elementor-element-4e14f54 elementor-widget-divider--view-line elementor-widget elementor-widget-divider\" data-id=\"4e14f54\" data-element_type=\"widget\" data-e-type=\"widget\" data-widget_type=\"divider.default\">\n\t\t\t\t<div class=\"elementor-widget-container\">\n\t\t\t\t\t\t\t<div class=\"elementor-divider\">\n\t\t\t<span class=\"elementor-divider-separator\">\n\t\t\t\t\t\t<\/span>\n\t\t<\/div>\n\t\t\t\t\t\t<\/div>\n\t\t\t\t<\/div>\n\t\t\t\t\t<\/div>\n\t\t<\/div>\n\t\t\t\t<div class=\"elementor-column elementor-col-50 elementor-inner-column elementor-element elementor-element-d0f7d49\" data-id=\"d0f7d49\" data-element_type=\"column\" data-e-type=\"column\">\n\t\t\t<div class=\"elementor-widget-wrap\">\n\t\t\t\t\t\t\t<\/div>\n\t\t<\/div>\n\t\t\t\t\t<\/div>\n\t\t<\/section>\n\t\t\t\t\t<\/div>\n\t\t<\/div>\n\t\t\t\t\t<\/div>\n\t\t<\/section>\n\t\t\t\t<section class=\"elementor-section elementor-top-section elementor-element elementor-element-5015ffbf elementor-section-boxed elementor-section-height-default elementor-section-height-default\" data-id=\"5015ffbf\" data-element_type=\"section\" data-e-type=\"section\">\n\t\t\t\t\t\t<div class=\"elementor-container elementor-column-gap-default\">\n\t\t\t\t\t<div class=\"elementor-column elementor-col-100 elementor-top-column elementor-element elementor-element-37da259b\" data-id=\"37da259b\" data-element_type=\"column\" data-e-type=\"column\" data-settings=\"{&quot;background_background&quot;:&quot;classic&quot;}\">\n\t\t\t<div class=\"elementor-widget-wrap elementor-element-populated\">\n\t\t\t\t\t\t<div class=\"elementor-element elementor-element-3a07f35d elementor-widget elementor-widget-heading\" data-id=\"3a07f35d\" data-element_type=\"widget\" data-e-type=\"widget\" data-widget_type=\"heading.default\">\n\t\t\t\t<div class=\"elementor-widget-container\">\n\t\t\t\t\t<h3 class=\"elementor-heading-title elementor-size-default\">Head of the Organic Sector in Third Countries<\/h3>\t\t\t\t<\/div>\n\t\t\t\t<\/div>\n\t\t\t\t<div class=\"elementor-element elementor-element-76ef4786 elementor-widget-divider--view-line elementor-widget elementor-widget-divider\" data-id=\"76ef4786\" data-element_type=\"widget\" data-e-type=\"widget\" data-widget_type=\"divider.default\">\n\t\t\t\t<div class=\"elementor-widget-container\">\n\t\t\t\t\t\t\t<div class=\"elementor-divider\">\n\t\t\t<span class=\"elementor-divider-separator\">\n\t\t\t\t\t\t<\/span>\n\t\t<\/div>\n\t\t\t\t\t\t<\/div>\n\t\t\t\t<\/div>\n\t\t\t\t<div class=\"elementor-element elementor-element-3221024c elementor-widget elementor-widget-heading\" data-id=\"3221024c\" data-element_type=\"widget\" data-e-type=\"widget\" data-widget_type=\"heading.default\">\n\t\t\t\t<div class=\"elementor-widget-container\">\n\t\t\t\t\t<h4 class=\"elementor-heading-title elementor-size-default\">Ieva L\u0101ce<\/h4>\t\t\t\t<\/div>\n\t\t\t\t<\/div>\n\t\t\t\t<div class=\"elementor-element elementor-element-1a989979 elementor-widget elementor-widget-heading\" data-id=\"1a989979\" data-element_type=\"widget\" data-e-type=\"widget\" data-widget_type=\"heading.default\">\n\t\t\t\t<div class=\"elementor-widget-container\">\n\t\t\t\t\t<h6 class=\"elementor-heading-title elementor-size-default\"><a href=\"tel:+37126666666\">+37122011496<\/a><\/h6>\t\t\t\t<\/div>\n\t\t\t\t<\/div>\n\t\t\t\t<div class=\"elementor-element elementor-element-38ccaadf elementor-widget elementor-widget-heading\" data-id=\"38ccaadf\" data-element_type=\"widget\" data-e-type=\"widget\" data-widget_type=\"heading.default\">\n\t\t\t\t<div class=\"elementor-widget-container\">\n\t\t\t\t\t<h6 class=\"elementor-heading-title elementor-size-default\"><a href=\"mailto:direktors@stc.lv\">ieva.lace@stc.lv<\/a><\/h6>\t\t\t\t<\/div>\n\t\t\t\t<\/div>\n\t\t\t\t\t<\/div>\n\t\t<\/div>\n\t\t\t\t\t<\/div>\n\t\t<\/section>\n\t\t\t\t<\/div>","protected":false},"excerpt":{"rendered":"<p>Donavas un Eiropas sojas standarts Ar prieku inform\u0113jam, ka esam ieguvu\u0161i pilnvarojumu veikt inspekciju, kas ir da\u013ca no sertifik\u0101cijas procesa, saska\u0146\u0101 ar Donavas sojas un Eiropas sojas standartu. Donavas sojas un Eiropas sojas p\u0101rbaudes programma ir izstr\u0101d\u0101ta, lai apstiprin\u0101tu sojas un t\u0101s produktu izcelsmi, g\u0113nu modifik\u0101cijas neesam\u012bbu, ierobe\u017eotu pestic\u012bdu izmanto\u0161anu, vides aizsardz\u012bbu ra\u017eo\u0161anas laik\u0101 un [&hellip;]<\/p>\n","protected":false},"author":1,"featured_media":0,"parent":0,"menu_order":0,"comment_status":"closed","ping_status":"closed","template":"","meta":{"footnotes":""},"class_list":["post-9643","page","type-page","status-publish","hentry"],"yoast_head":"<!-- This site is optimized with the Yoast SEO plugin v27.4 - https:\/\/yoast.com\/product\/yoast-seo-wordpress\/ -->\n<title>Donavas un Eiropas sojas standarts - STC<\/title>\n<meta name=\"robots\" content=\"index, follow, max-snippet:-1, max-image-preview:large, max-video-preview:-1\" \/>\n<link rel=\"canonical\" href=\"https:\/\/stc.lv\/en\/donavian-and-european-soya-standard\/\" \/>\n<meta property=\"og:locale\" content=\"en_GB\" \/>\n<meta property=\"og:type\" content=\"article\" \/>\n<meta property=\"og:title\" content=\"Donavas un Eiropas sojas standarts - STC\" \/>\n<meta property=\"og:description\" content=\"Donavas un Eiropas sojas standarts Ar prieku inform\u0113jam, ka esam ieguvu\u0161i pilnvarojumu veikt inspekciju, kas ir da\u013ca no sertifik\u0101cijas procesa, saska\u0146\u0101 ar Donavas sojas un Eiropas sojas standartu. Donavas sojas un Eiropas sojas p\u0101rbaudes programma ir izstr\u0101d\u0101ta, lai apstiprin\u0101tu sojas un t\u0101s produktu izcelsmi, g\u0113nu modifik\u0101cijas neesam\u012bbu, ierobe\u017eotu pestic\u012bdu izmanto\u0161anu, vides aizsardz\u012bbu ra\u017eo\u0161anas laik\u0101 un [&hellip;]\" \/>\n<meta property=\"og:url\" content=\"https:\/\/stc.lv\/en\/donavian-and-european-soya-standard\/\" \/>\n<meta property=\"og:site_name\" content=\"STC\" \/>\n<meta property=\"article:publisher\" content=\"https:\/\/www.facebook.com\/profile.php?id=61560801215590\" \/>\n<meta property=\"article:modified_time\" content=\"2025-05-15T10:58:24+00:00\" \/>\n<meta property=\"og:image\" content=\"https:\/\/stc.lv\/wp-content\/uploads\/2024\/08\/europesoja_donausoja_logo_230.png\" \/>\n\t<meta property=\"og:image:width\" content=\"230\" \/>\n\t<meta property=\"og:image:height\" content=\"120\" \/>\n\t<meta property=\"og:image:type\" content=\"image\/png\" \/>\n<meta name=\"twitter:card\" content=\"summary_large_image\" \/>\n<meta name=\"twitter:label1\" content=\"Estimated reading time\" \/>\n\t<meta name=\"twitter:data1\" content=\"2 minutes\" \/>\n<script type=\"application\/ld+json\" class=\"yoast-schema-graph\">{\"@context\":\"https:\\\/\\\/schema.org\",\"@graph\":[{\"@type\":\"WebPage\",\"@id\":\"https:\\\/\\\/stc.lv\\\/donavas-un-eiropas-sojas-standarts\\\/\",\"url\":\"https:\\\/\\\/stc.lv\\\/donavas-un-eiropas-sojas-standarts\\\/\",\"name\":\"Donavas un Eiropas sojas standarts - STC\",\"isPartOf\":{\"@id\":\"https:\\\/\\\/stc.lv\\\/#website\"},\"primaryImageOfPage\":{\"@id\":\"https:\\\/\\\/stc.lv\\\/donavas-un-eiropas-sojas-standarts\\\/#primaryimage\"},\"image\":{\"@id\":\"https:\\\/\\\/stc.lv\\\/donavas-un-eiropas-sojas-standarts\\\/#primaryimage\"},\"thumbnailUrl\":\"https:\\\/\\\/stc.lv\\\/wp-content\\\/uploads\\\/2024\\\/08\\\/europesoja_donausoja_logo_230.png\",\"datePublished\":\"2024-08-13T11:37:24+00:00\",\"dateModified\":\"2025-05-15T10:58:24+00:00\",\"breadcrumb\":{\"@id\":\"https:\\\/\\\/stc.lv\\\/donavas-un-eiropas-sojas-standarts\\\/#breadcrumb\"},\"inLanguage\":\"en-GB\",\"potentialAction\":[{\"@type\":\"ReadAction\",\"target\":[\"https:\\\/\\\/stc.lv\\\/donavas-un-eiropas-sojas-standarts\\\/\"]}]},{\"@type\":\"ImageObject\",\"inLanguage\":\"en-GB\",\"@id\":\"https:\\\/\\\/stc.lv\\\/donavas-un-eiropas-sojas-standarts\\\/#primaryimage\",\"url\":\"https:\\\/\\\/stc.lv\\\/wp-content\\\/uploads\\\/2024\\\/08\\\/europesoja_donausoja_logo_230.png\",\"contentUrl\":\"https:\\\/\\\/stc.lv\\\/wp-content\\\/uploads\\\/2024\\\/08\\\/europesoja_donausoja_logo_230.png\"},{\"@type\":\"BreadcrumbList\",\"@id\":\"https:\\\/\\\/stc.lv\\\/donavas-un-eiropas-sojas-standarts\\\/#breadcrumb\",\"itemListElement\":[{\"@type\":\"ListItem\",\"position\":1,\"name\":\"Home\",\"item\":\"https:\\\/\\\/stc.lv\\\/\"},{\"@type\":\"ListItem\",\"position\":2,\"name\":\"Donavas un Eiropas sojas standarts\"}]},{\"@type\":\"WebSite\",\"@id\":\"https:\\\/\\\/stc.lv\\\/#website\",\"url\":\"https:\\\/\\\/stc.lv\\\/\",\"name\":\"STC\",\"description\":\"Biolo\u0123isk\u0101 sertifik\u0101cija\",\"publisher\":{\"@id\":\"https:\\\/\\\/stc.lv\\\/#organization\"},\"alternateName\":\"Sertifik\u0101cijas un test\u0113\u0161anas centrs\",\"potentialAction\":[{\"@type\":\"SearchAction\",\"target\":{\"@type\":\"EntryPoint\",\"urlTemplate\":\"https:\\\/\\\/stc.lv\\\/?s={search_term_string}\"},\"query-input\":{\"@type\":\"PropertyValueSpecification\",\"valueRequired\":true,\"valueName\":\"search_term_string\"}}],\"inLanguage\":\"en-GB\"},{\"@type\":\"Organization\",\"@id\":\"https:\\\/\\\/stc.lv\\\/#organization\",\"name\":\"SIA \u201cSertifik\u0101cijas un test\u0113\u0161anas centrs\u201d\",\"alternateName\":\"STC\",\"url\":\"https:\\\/\\\/stc.lv\\\/\",\"logo\":{\"@type\":\"ImageObject\",\"inLanguage\":\"en-GB\",\"@id\":\"https:\\\/\\\/stc.lv\\\/#\\\/schema\\\/logo\\\/image\\\/\",\"url\":\"https:\\\/\\\/stc.lv\\\/wp-content\\\/uploads\\\/2020\\\/02\\\/STC-113-1.png\",\"contentUrl\":\"https:\\\/\\\/stc.lv\\\/wp-content\\\/uploads\\\/2020\\\/02\\\/STC-113-1.png\",\"width\":1950,\"height\":794,\"caption\":\"SIA \u201cSertifik\u0101cijas un test\u0113\u0161anas centrs\u201d\"},\"image\":{\"@id\":\"https:\\\/\\\/stc.lv\\\/#\\\/schema\\\/logo\\\/image\\\/\"},\"sameAs\":[\"https:\\\/\\\/www.facebook.com\\\/profile.php?id=61560801215590\",\"https:\\\/\\\/www.instagram.com\\\/sertifikacija_stc\\\/\"]}]}<\/script>\n<!-- \/ Yoast SEO plugin. -->","yoast_head_json":{"title":"Danube and European Soya Standard - STC","robots":{"index":"index","follow":"follow","max-snippet":"max-snippet:-1","max-image-preview":"max-image-preview:large","max-video-preview":"max-video-preview:-1"},"canonical":"https:\/\/stc.lv\/en\/donavian-and-european-soya-standard\/","og_locale":"en_GB","og_type":"article","og_title":"Donavas un Eiropas sojas standarts - STC","og_description":"Donavas un Eiropas sojas standarts Ar prieku inform\u0113jam, ka esam ieguvu\u0161i pilnvarojumu veikt inspekciju, kas ir da\u013ca no sertifik\u0101cijas procesa, saska\u0146\u0101 ar Donavas sojas un Eiropas sojas standartu. Donavas sojas un Eiropas sojas p\u0101rbaudes programma ir izstr\u0101d\u0101ta, lai apstiprin\u0101tu sojas un t\u0101s produktu izcelsmi, g\u0113nu modifik\u0101cijas neesam\u012bbu, ierobe\u017eotu pestic\u012bdu izmanto\u0161anu, vides aizsardz\u012bbu ra\u017eo\u0161anas laik\u0101 un [&hellip;]","og_url":"https:\/\/stc.lv\/en\/donavian-and-european-soya-standard\/","og_site_name":"STC","article_publisher":"https:\/\/www.facebook.com\/profile.php?id=61560801215590","article_modified_time":"2025-05-15T10:58:24+00:00","og_image":[{"width":230,"height":120,"url":"https:\/\/stc.lv\/wp-content\/uploads\/2024\/08\/europesoja_donausoja_logo_230.png","type":"image\/png"}],"twitter_card":"summary_large_image","twitter_misc":{"Estimated reading time":"2 minutes"},"schema":{"@context":"https:\/\/schema.org","@graph":[{"@type":"WebPage","@id":"https:\/\/stc.lv\/donavas-un-eiropas-sojas-standarts\/","url":"https:\/\/stc.lv\/donavas-un-eiropas-sojas-standarts\/","name":"Danube and European Soya Standard - STC","isPartOf":{"@id":"https:\/\/stc.lv\/#website"},"primaryImageOfPage":{"@id":"https:\/\/stc.lv\/donavas-un-eiropas-sojas-standarts\/#primaryimage"},"image":{"@id":"https:\/\/stc.lv\/donavas-un-eiropas-sojas-standarts\/#primaryimage"},"thumbnailUrl":"https:\/\/stc.lv\/wp-content\/uploads\/2024\/08\/europesoja_donausoja_logo_230.png","datePublished":"2024-08-13T11:37:24+00:00","dateModified":"2025-05-15T10:58:24+00:00","breadcrumb":{"@id":"https:\/\/stc.lv\/donavas-un-eiropas-sojas-standarts\/#breadcrumb"},"inLanguage":"en-GB","potentialAction":[{"@type":"ReadAction","target":["https:\/\/stc.lv\/donavas-un-eiropas-sojas-standarts\/"]}]},{"@type":"ImageObject","inLanguage":"en-GB","@id":"https:\/\/stc.lv\/donavas-un-eiropas-sojas-standarts\/#primaryimage","url":"https:\/\/stc.lv\/wp-content\/uploads\/2024\/08\/europesoja_donausoja_logo_230.png","contentUrl":"https:\/\/stc.lv\/wp-content\/uploads\/2024\/08\/europesoja_donausoja_logo_230.png"},{"@type":"BreadcrumbList","@id":"https:\/\/stc.lv\/donavas-un-eiropas-sojas-standarts\/#breadcrumb","itemListElement":[{"@type":"ListItem","position":1,"name":"Home","item":"https:\/\/stc.lv\/"},{"@type":"ListItem","position":2,"name":"Donavas un Eiropas sojas standarts"}]},{"@type":"WebSite","@id":"https:\/\/stc.lv\/#website","url":"https:\/\/stc.lv\/","name":"STC","description":"Organic certification","publisher":{"@id":"https:\/\/stc.lv\/#organization"},"alternateName":"Sertifik\u0101cijas un test\u0113\u0161anas centrs","potentialAction":[{"@type":"SearchAction","target":{"@type":"EntryPoint","urlTemplate":"https:\/\/stc.lv\/?s={search_term_string}"},"query-input":{"@type":"PropertyValueSpecification","valueRequired":true,"valueName":"search_term_string"}}],"inLanguage":"en-GB"},{"@type":"Organization","@id":"https:\/\/stc.lv\/#organization","name":"SIA \"Certification and Testing Centre\"","alternateName":"STC","url":"https:\/\/stc.lv\/","logo":{"@type":"ImageObject","inLanguage":"en-GB","@id":"https:\/\/stc.lv\/#\/schema\/logo\/image\/","url":"https:\/\/stc.lv\/wp-content\/uploads\/2020\/02\/STC-113-1.png","contentUrl":"https:\/\/stc.lv\/wp-content\/uploads\/2020\/02\/STC-113-1.png","width":1950,"height":794,"caption":"SIA \u201cSertifik\u0101cijas un test\u0113\u0161anas centrs\u201d"},"image":{"@id":"https:\/\/stc.lv\/#\/schema\/logo\/image\/"},"sameAs":["https:\/\/www.facebook.com\/profile.php?id=61560801215590","https:\/\/www.instagram.com\/sertifikacija_stc\/"]}]}},"rttpg_featured_image_url":null,"rttpg_author":{"display_name":"admin","author_link":"https:\/\/stc.lv\/en\/author\/info_555hqm4r\/"},"rttpg_comment":0,"rttpg_category":null,"rttpg_excerpt":"Donavas un Eiropas sojas standarts Ar prieku inform\u0113jam, ka esam ieguvu\u0161i pilnvarojumu veikt inspekciju, kas ir da\u013ca no sertifik\u0101cijas procesa, saska\u0146\u0101 ar Donavas sojas un Eiropas sojas standartu. Donavas sojas un Eiropas sojas p\u0101rbaudes programma ir izstr\u0101d\u0101ta, lai apstiprin\u0101tu sojas un t\u0101s produktu izcelsmi, g\u0113nu modifik\u0101cijas neesam\u012bbu, ierobe\u017eotu pestic\u012bdu izmanto\u0161anu, vides aizsardz\u012bbu ra\u017eo\u0161anas laik\u0101 un&hellip;","_links":{"self":[{"href":"https:\/\/stc.lv\/en\/wp-json\/wp\/v2\/pages\/9643","targetHints":{"allow":["GET"]}}],"collection":[{"href":"https:\/\/stc.lv\/en\/wp-json\/wp\/v2\/pages"}],"about":[{"href":"https:\/\/stc.lv\/en\/wp-json\/wp\/v2\/types\/page"}],"author":[{"embeddable":true,"href":"https:\/\/stc.lv\/en\/wp-json\/wp\/v2\/users\/1"}],"replies":[{"embeddable":true,"href":"https:\/\/stc.lv\/en\/wp-json\/wp\/v2\/comments?post=9643"}],"version-history":[{"count":9,"href":"https:\/\/stc.lv\/en\/wp-json\/wp\/v2\/pages\/9643\/revisions"}],"predecessor-version":[{"id":13041,"href":"https:\/\/stc.lv\/en\/wp-json\/wp\/v2\/pages\/9643\/revisions\/13041"}],"wp:attachment":[{"href":"https:\/\/stc.lv\/en\/wp-json\/wp\/v2\/media?parent=9643"}],"curies":[{"name":"wp","href":"https:\/\/api.w.org\/{rel}","templated":true}]}}