{"id":100,"date":"2024-11-29T19:00:01","date_gmt":"2024-11-29T19:00:01","guid":{"rendered":"https:\/\/new.stc.lv\/?page_id=100"},"modified":"2024-11-29T19:02:34","modified_gmt":"2024-11-29T19:02:34","slug":"\u043e\u0442-\u043d\u0430\u0447\u0430\u043b\u0430-\u0434\u043e-\u0440\u0435\u0433\u0438\u0441\u0442\u0440\u0430\u0446\u0438\u0438","status":"publish","type":"page","link":"https:\/\/stc.lv\/ru\/\u043e\u0442-\u043d\u0430\u0447\u0430\u043b\u0430-\u0434\u043e-\u0440\u0435\u0433\u0438\u0441\u0442\u0440\u0430\u0446\u0438\u0438\/","title":{"rendered":"\"\u041e\u0442 \u0442\u0440\u0435\u0431\u043e\u0432\u0430\u043d\u0438\u0439 \u043a \u0440\u0435\u0433\u0438\u0441\u0442\u0440\u0430\u0446\u0438\u0438\"."},"content":{"rendered":"<div data-elementor-type=\"wp-page\" data-elementor-id=\"100\" class=\"elementor elementor-100\" data-elementor-post-type=\"page\">\n\t\t\t\t\t\t<section class=\"elementor-section elementor-top-section elementor-element elementor-element-5c03e5a8 elementor-section-boxed elementor-section-height-default elementor-section-height-default\" data-id=\"5c03e5a8\" data-element_type=\"section\" data-settings=\"{&quot;background_background&quot;:&quot;classic&quot;}\">\n\t\t\t\t\t\t\t<div class=\"elementor-background-overlay\"><\/div>\n\t\t\t\t\t\t\t<div class=\"elementor-container elementor-column-gap-default\">\n\t\t\t\t\t<div class=\"elementor-column elementor-col-100 elementor-top-column elementor-element elementor-element-1ce9d9dc\" data-id=\"1ce9d9dc\" data-element_type=\"column\">\n\t\t\t<div class=\"elementor-widget-wrap elementor-element-populated\">\n\t\t\t\t\t\t<section class=\"elementor-section elementor-inner-section elementor-element elementor-element-42de3ea elementor-section-boxed elementor-section-height-default elementor-section-height-default\" data-id=\"42de3ea\" data-element_type=\"section\">\n\t\t\t\t\t\t<div class=\"elementor-container elementor-column-gap-default\">\n\t\t\t\t\t<div class=\"elementor-column elementor-col-100 elementor-inner-column elementor-element elementor-element-24b73713\" data-id=\"24b73713\" data-element_type=\"column\">\n\t\t\t<div class=\"elementor-widget-wrap elementor-element-populated\">\n\t\t\t\t\t\t<div class=\"elementor-element elementor-element-2e8beeef elementor-widget elementor-widget-heading\" data-id=\"2e8beeef\" data-element_type=\"widget\" data-widget_type=\"heading.default\">\n\t\t\t\t<div class=\"elementor-widget-container\">\n\t\t\t\t\t<h1 class=\"elementor-heading-title elementor-size-default\">\"\u041e\u0442 \u0442\u0440\u0435\u0431\u043e\u0432\u0430\u043d\u0438\u0439 \u0434\u043e \u0440\u0435\u0433\u0438\u0441\u0442\u0440\u0430\u0446\u0438\u0438\"<\/h1>\t\t\t\t<\/div>\n\t\t\t\t<\/div>\n\t\t\t\t<div class=\"elementor-element elementor-element-7806ba60 elementor-widget-divider--view-line elementor-widget elementor-widget-divider\" data-id=\"7806ba60\" data-element_type=\"widget\" data-widget_type=\"divider.default\">\n\t\t\t\t<div class=\"elementor-widget-container\">\n\t\t\t\t\t\t\t<div class=\"elementor-divider\">\n\t\t\t<span class=\"elementor-divider-separator\">\n\t\t\t\t\t\t<\/span>\n\t\t<\/div>\n\t\t\t\t\t\t<\/div>\n\t\t\t\t<\/div>\n\t\t\t\t\t<\/div>\n\t\t<\/div>\n\t\t\t\t\t<\/div>\n\t\t<\/section>\n\t\t\t\t\t<\/div>\n\t\t<\/div>\n\t\t\t\t\t<\/div>\n\t\t<\/section>\n\t\t\t\t<section class=\"elementor-section elementor-top-section elementor-element elementor-element-207e76b6 elementor-section-boxed elementor-section-height-default elementor-section-height-default\" data-id=\"207e76b6\" data-element_type=\"section\">\n\t\t\t\t\t\t<div class=\"elementor-container elementor-column-gap-default\">\n\t\t\t\t\t<div class=\"elementor-column elementor-col-100 elementor-top-column elementor-element elementor-element-20223997\" data-id=\"20223997\" data-element_type=\"column\">\n\t\t\t<div class=\"elementor-widget-wrap elementor-element-populated\">\n\t\t\t\t\t\t<div class=\"elementor-element elementor-element-555d6ec7 elementor-widget elementor-widget-text-editor\" data-id=\"555d6ec7\" data-element_type=\"widget\" data-widget_type=\"text-editor.default\">\n\t\t\t\t<div class=\"elementor-widget-container\">\n\t\t\t\t\t\t\t\t\t<p>\u0421\u0435\u043c\u0438\u043d\u0430\u0440 \u0434\u043b\u044f \u043f\u0440\u043e\u0438\u0437\u0432\u043e\u0434\u0438\u0442\u0435\u043b\u0435\u0439 \u0430\u0432\u0442\u043e\u043c\u043e\u0431\u0438\u043b\u0435\u0439, \u0434\u0438\u043b\u0435\u0440\u043e\u0432, \u0438\u043c\u043f\u043e\u0440\u0442\u0435\u0440\u043e\u0432, \u0434\u0438\u0441\u0442\u0440\u0438\u0431\u044c\u044e\u0442\u043e\u0440\u043e\u0432.<\/p><p>\u0422\u0435\u043c\u044b \u0441\u0435\u043c\u0438\u043d\u0430\u0440\u043e\u0432:<\/p><p>1. \u0434\u043e\u043a\u0443\u043c\u0435\u043d\u0442\u0430\u0446\u0438\u044f \u043d\u0430 \u0430\u0432\u0442\u043e\u043c\u043e\u0431\u0438\u043b\u044c (COC, \u0414\u0435\u043a\u043b\u0430\u0440\u0430\u0446\u0438\u044f \u043e \u0441\u043e\u043e\u0442\u0432\u0435\u0442\u0441\u0442\u0432\u0438\u0438)<\/p><p>2. \u043c\u0430\u0440\u043a\u0438\u0440\u043e\u0432\u043a\u0430 \u0442\u0440\u0430\u043d\u0441\u043f\u043e\u0440\u0442\u043d\u043e\u0433\u043e \u0441\u0440\u0435\u0434\u0441\u0442\u0432\u0430 (\u0441\u043e\u0434\u0435\u0440\u0436\u0430\u043d\u0438\u0435 \u0438\u043d\u0444\u043e\u0440\u043c\u0430\u0446\u0438\u0438 \u043e \u043c\u0430\u0440\u043a\u0438\u0440\u043e\u0432\u043a\u0435, \u0441\u043e\u043e\u0442\u0432\u0435\u0442\u0441\u0442\u0432\u0438\u0435 \u0438\u043d\u0444\u043e\u0440\u043c\u0430\u0446\u0438\u0438 \u043e \u043c\u0430\u0440\u043a\u0438\u0440\u043e\u0432\u043a\u0435 \u0441 \u0438\u043d\u0444\u043e\u0440\u043c\u0430\u0446\u0438\u0435\u0439 \u0432 \u0441\u0435\u0440\u0442\u0438\u0444\u0438\u043a\u0430\u0442\u0435, \u043c\u0435\u0441\u0442\u043e \u043d\u0430\u043d\u0435\u0441\u0435\u043d\u0438\u044f \u043c\u0430\u0440\u043a\u0438\u0440\u043e\u0432\u043a\u0438)<\/p><p>3 \u0420\u0435\u0433\u0438\u0441\u0442\u0440\u0430\u0446\u0438\u044f \u0430\u0432\u0442\u043e\u043c\u043e\u0431\u0438\u043b\u044f (\u0441\u0440\u0430\u0432\u043d\u0435\u043d\u0438\u0435 \u043d\u043e\u043c\u0435\u0440\u043e\u0432, \u043e\u0441\u043e\u0431\u0435\u043d\u043d\u043e\u0441\u0442\u0438 \u0440\u0435\u0433\u0438\u0441\u0442\u0440\u0430\u0446\u0438\u0438) .<\/p><p>\u0412\u0440\u0435\u043c\u044f \u0438 \u043c\u0435\u0441\u0442\u043e \u043f\u0440\u043e\u0432\u0435\u0434\u0435\u043d\u0438\u044f: 2021, 9:00-16:00, \u041f\u0440\u0438\u0435\u043a\u0443\u043b\u0438, \u0414\u0430\u0440\u0437\u0430 \u0438\u0435\u043b\u0430 12, \u0445\u043e\u043b\u043b 2-\u0433\u043e \u044d\u0442\u0430\u0436\u0430<\/p>\t\t\t\t\t\t\t\t<\/div>\n\t\t\t\t<\/div>\n\t\t\t\t\t<\/div>\n\t\t<\/div>\n\t\t\t\t\t<\/div>\n\t\t<\/section>\n\t\t\t\t<section class=\"elementor-section elementor-top-section elementor-element elementor-element-449365c4 elementor-section-boxed elementor-section-height-default elementor-section-height-default\" data-id=\"449365c4\" data-element_type=\"section\">\n\t\t\t\t\t\t\t<div class=\"elementor-background-overlay\"><\/div>\n\t\t\t\t\t\t\t<div class=\"elementor-container elementor-column-gap-default\">\n\t\t\t\t\t<div class=\"elementor-column elementor-col-50 elementor-top-column elementor-element elementor-element-716b5d6a\" data-id=\"716b5d6a\" data-element_type=\"column\">\n\t\t\t<div class=\"elementor-widget-wrap elementor-element-populated\">\n\t\t\t\t\t\t<div class=\"elementor-element elementor-element-5b0de891 elementor-widget elementor-widget-heading\" data-id=\"5b0de891\" data-element_type=\"widget\" data-widget_type=\"heading.default\">\n\t\t\t\t<div class=\"elementor-widget-container\">\n\t\t\t\t\t<h2 class=\"elementor-heading-title elementor-size-default\">\u041f\u0440\u0438\u043c\u0435\u043d\u0438\u0442\u044c \u0441\u0435\u0439\u0447\u0430\u0441<\/h2>\t\t\t\t<\/div>\n\t\t\t\t<\/div>\n\t\t\t\t<div class=\"elementor-element elementor-element-5c8771f2 elementor-widget-divider--view-line elementor-widget elementor-widget-divider\" data-id=\"5c8771f2\" data-element_type=\"widget\" data-widget_type=\"divider.default\">\n\t\t\t\t<div class=\"elementor-widget-container\">\n\t\t\t\t\t\t\t<div class=\"elementor-divider\">\n\t\t\t<span class=\"elementor-divider-separator\">\n\t\t\t\t\t\t<\/span>\n\t\t<\/div>\n\t\t\t\t\t\t<\/div>\n\t\t\t\t<\/div>\n\t\t\t\t\t<\/div>\n\t\t<\/div>\n\t\t\t\t<div class=\"elementor-column elementor-col-50 elementor-top-column elementor-element elementor-element-233265d3\" data-id=\"233265d3\" data-element_type=\"column\">\n\t\t\t<div class=\"elementor-widget-wrap elementor-element-populated\">\n\t\t\t\t\t\t<div class=\"elementor-element elementor-element-1e30dba elementor-align-right elementor-tablet-align-left elementor-widget elementor-widget-button\" data-id=\"1e30dba\" data-element_type=\"widget\" data-widget_type=\"button.default\">\n\t\t\t\t<div class=\"elementor-widget-container\">\n\t\t\t\t\t\t\t\t\t<div class=\"elementor-button-wrapper\">\n\t\t\t\t\t<a class=\"elementor-button elementor-button-link elementor-size-sm\" href=\"#elementor-action%3Aaction%3Dpopup%3Aopen%26settings%3DeyJpZCI6IjEzODMiLCJ0b2dnbGUiOmZhbHNlfQ%3D%3D\">\n\t\t\t\t\t\t<span class=\"elementor-button-content-wrapper\">\n\t\t\t\t\t\t\t\t\t<span class=\"elementor-button-text\">\u041f\u043e\u0434\u0430\u0442\u044c \u0437\u0430\u044f\u0432\u043a\u0443 \u043d\u0430 \u043a\u0443\u0440\u0441<\/span>\n\t\t\t\t\t<\/span>\n\t\t\t\t\t<\/a>\n\t\t\t\t<\/div>\n\t\t\t\t\t\t\t\t<\/div>\n\t\t\t\t<\/div>\n\t\t\t\t\t<\/div>\n\t\t<\/div>\n\t\t\t\t\t<\/div>\n\t\t<\/section>\n\t\t\t\t<\/div>","protected":false},"excerpt":{"rendered":"<p>\"\u041e\u0442 \u0442\u0440\u0435\u0431\u043e\u0432\u0430\u043d\u0438\u0439 \u0434\u043e \u0440\u0435\u0433\u0438\u0441\u0442\u0440\u0430\u0446\u0438\u0438\" \u0421\u0435\u043c\u0438\u043d\u0430\u0440 \u0434\u043b\u044f \u043f\u0440\u043e\u0438\u0437\u0432\u043e\u0434\u0438\u0442\u0435\u043b\u0435\u0439, \u0434\u0438\u043b\u0435\u0440\u043e\u0432, \u0438\u043c\u043f\u043e\u0440\u0442\u0435\u0440\u043e\u0432, \u0434\u0438\u0441\u0442\u0440\u0438\u0431\u044c\u044e\u0442\u043e\u0440\u043e\u0432 \u0442\u0440\u0430\u043d\u0441\u043f\u043e\u0440\u0442\u043d\u044b\u0445 \u0441\u0440\u0435\u0434\u0441\u0442\u0432. 1. \u0434\u043e\u043a\u0443\u043c\u0435\u043d\u0442\u0430\u0446\u0438\u044f \u043d\u0430 \u0442\u0440\u0430\u043d\u0441\u043f\u043e\u0440\u0442\u043d\u043e\u0435 \u0441\u0440\u0435\u0434\u0441\u0442\u0432\u043e (COC, \u0414\u0435\u043a\u043b\u0430\u0440\u0430\u0446\u0438\u044f \u043e \u0441\u043e\u043e\u0442\u0432\u0435\u0442\u0441\u0442\u0432\u0438\u0438) 2. \u043c\u0430\u0440\u043a\u0438\u0440\u043e\u0432\u043a\u0430 \u0442\u0440\u0430\u043d\u0441\u043f\u043e\u0440\u0442\u043d\u043e\u0433\u043e \u0441\u0440\u0435\u0434\u0441\u0442\u0432\u0430 (\u0441\u043e\u0434\u0435\u0440\u0436\u0430\u043d\u0438\u0435 \u0438\u043d\u0444\u043e\u0440\u043c\u0430\u0446\u0438\u0438 \u043e \u043c\u0430\u0440\u043a\u0438\u0440\u043e\u0432\u043a\u0435, \u0441\u043e\u043e\u0442\u0432\u0435\u0442\u0441\u0442\u0432\u0438\u0435 \u0438\u043d\u0444\u043e\u0440\u043c\u0430\u0446\u0438\u0438 \u043e \u043c\u0430\u0440\u043a\u0438\u0440\u043e\u0432\u043a\u0435 \u0441 \u0438\u043d\u0444\u043e\u0440\u043c\u0430\u0446\u0438\u0435\u0439 \u0432 \u0441\u0435\u0440\u0442\u0438\u0444\u0438\u043a\u0430\u0442\u0435, \u0440\u0430\u0441\u043f\u043e\u043b\u043e\u0436\u0435\u043d\u0438\u0435 \u043c\u0430\u0440\u043a\u0438\u0440\u043e\u0432\u043a\u0438) 3. \u0440\u0435\u0433\u0438\u0441\u0442\u0440\u0430\u0446\u0438\u044f \u0442\u0440\u0430\u043d\u0441\u043f\u043e\u0440\u0442\u043d\u043e\u0433\u043e \u0441\u0440\u0435\u0434\u0441\u0442\u0432\u0430 (\u0441\u0440\u0430\u0432\u043d\u0435\u043d\u0438\u0435 \u043d\u043e\u043c\u0435\u0440\u043e\u0432, \u043e\u0441\u043e\u0431\u0435\u043d\u043d\u043e\u0441\u0442\u0438 \u0440\u0435\u0433\u0438\u0441\u0442\u0440\u0430\u0446\u0438\u0438) . \u0412\u0440\u0435\u043c\u044f \u0438 \u043c\u0435\u0441\u0442\u043e \u043f\u0440\u043e\u0432\u0435\u0434\u0435\u043d\u0438\u044f: 2021, 9:00-16:00, \u041f\u0440\u0438\u0435\u043a\u0443\u043b\u0438, \u0414\u0430\u0440\u0437\u0430 \u0438\u0435\u043b\u0430 12, 2 \u044d\u0442\u0430\u0436, \u0437\u0430\u043b \u041f\u0440\u0438\u043c\u0435\u043d\u0438\u0442\u044c [...].<\/p>","protected":false},"author":1,"featured_media":0,"parent":0,"menu_order":0,"comment_status":"closed","ping_status":"closed","template":"elementor_full_width","meta":{"footnotes":""},"class_list":["post-100","page","type-page","status-publish","hentry"],"yoast_head":"<!-- This site is optimized with the Yoast SEO plugin v26.3 - https:\/\/yoast.com\/wordpress\/plugins\/seo\/ -->\n<title>&quot;No pras\u012bb\u0101m l\u012bdz re\u0123istr\u0101cijai&quot;. - STC<\/title>\n<meta name=\"robots\" content=\"index, follow, max-snippet:-1, max-image-preview:large, max-video-preview:-1\" \/>\n<link rel=\"canonical\" href=\"https:\/\/stc.lv\/ru\/\u043e\u0442-\u043d\u0430\u0447\u0430\u043b\u0430-\u0434\u043e-\u0440\u0435\u0433\u0438\u0441\u0442\u0440\u0430\u0446\u0438\u0438\/\" \/>\n<meta property=\"og:locale\" content=\"ru_RU\" \/>\n<meta property=\"og:type\" content=\"article\" \/>\n<meta property=\"og:title\" content=\"&quot;No pras\u012bb\u0101m l\u012bdz re\u0123istr\u0101cijai&quot;. - STC\" \/>\n<meta property=\"og:description\" content=\"&#8220;No pras\u012bb\u0101m l\u012bdz re\u0123istr\u0101cijai&#8221; Semin\u0101rs transportl\u012bdzek\u013cu ra\u017eot\u0101jiem, d\u012bleriem, import\u0113t\u0101jiem, izplat\u012bt\u0101jiem. Semin\u0101ra t\u0113mas: 1. Transportl\u012bdzek\u013ca dokument\u0101cija (COC, atbilst\u012bbas deklar\u0101cija) 2. Transportl\u012bdzek\u013ca mar\u0137\u0113jums (mar\u0137\u0113juma inform\u0101cijas saturs, mar\u0137\u0113juma inform\u0101cijas sakrit\u012bba ar inform\u0101ciju sertifik\u0101t\u0101, mar\u0137\u0113juma atra\u0161an\u0101s vieta) 3. Transportl\u012bdzek\u013ca re\u0123istr\u0101cija (numuru sal\u012bdzin\u0101\u0161ana, re\u0123istr\u0101cijas \u012bpatn\u012bbas) . Norises laiks un vieta: 2021.gads., plkst. 9:00-16:00, Prieku\u013ci, D\u0101rza iela 12, 2.st\u0101va z\u0101le Piesakies [&hellip;]\" \/>\n<meta property=\"og:url\" content=\"https:\/\/stc.lv\/ru\/\u043e\u0442-\u043d\u0430\u0447\u0430\u043b\u0430-\u0434\u043e-\u0440\u0435\u0433\u0438\u0441\u0442\u0440\u0430\u0446\u0438\u0438\/\" \/>\n<meta property=\"og:site_name\" content=\"STC\" \/>\n<meta property=\"article:publisher\" content=\"https:\/\/www.facebook.com\/profile.php?id=61560801215590\" \/>\n<meta property=\"article:modified_time\" content=\"2024-11-29T19:02:34+00:00\" \/>\n<meta name=\"twitter:card\" content=\"summary_large_image\" \/>\n<meta name=\"twitter:label1\" content=\"\u041f\u0440\u0438\u043c\u0435\u0440\u043d\u043e\u0435 \u0432\u0440\u0435\u043c\u044f \u0434\u043b\u044f \u0447\u0442\u0435\u043d\u0438\u044f\" \/>\n\t<meta name=\"twitter:data1\" content=\"1 \u043c\u0438\u043d\u0443\u0442\u0430\" \/>\n<script type=\"application\/ld+json\" class=\"yoast-schema-graph\">{\"@context\":\"https:\/\/schema.org\",\"@graph\":[{\"@type\":\"WebPage\",\"@id\":\"https:\/\/stc.lv\/no-prasibam-lidz-registracijai\/\",\"url\":\"https:\/\/stc.lv\/no-prasibam-lidz-registracijai\/\",\"name\":\"\\\"No pras\u012bb\u0101m l\u012bdz re\u0123istr\u0101cijai\\\". - STC\",\"isPartOf\":{\"@id\":\"https:\/\/stc.lv\/#website\"},\"datePublished\":\"2024-11-29T19:00:01+00:00\",\"dateModified\":\"2024-11-29T19:02:34+00:00\",\"breadcrumb\":{\"@id\":\"https:\/\/stc.lv\/no-prasibam-lidz-registracijai\/#breadcrumb\"},\"inLanguage\":\"ru-RU\",\"potentialAction\":[{\"@type\":\"ReadAction\",\"target\":[\"https:\/\/stc.lv\/no-prasibam-lidz-registracijai\/\"]}]},{\"@type\":\"BreadcrumbList\",\"@id\":\"https:\/\/stc.lv\/no-prasibam-lidz-registracijai\/#breadcrumb\",\"itemListElement\":[{\"@type\":\"ListItem\",\"position\":1,\"name\":\"Home\",\"item\":\"https:\/\/stc.lv\/\"},{\"@type\":\"ListItem\",\"position\":2,\"name\":\"&#8220;No pras\u012bb\u0101m l\u012bdz re\u0123istr\u0101cijai&#8221;.\"}]},{\"@type\":\"WebSite\",\"@id\":\"https:\/\/stc.lv\/#website\",\"url\":\"https:\/\/stc.lv\/\",\"name\":\"STC\",\"description\":\"Biolo\u0123isk\u0101 sertifik\u0101cija\",\"publisher\":{\"@id\":\"https:\/\/stc.lv\/#organization\"},\"alternateName\":\"Sertifik\u0101cijas un test\u0113\u0161anas centrs\",\"potentialAction\":[{\"@type\":\"SearchAction\",\"target\":{\"@type\":\"EntryPoint\",\"urlTemplate\":\"https:\/\/stc.lv\/?s={search_term_string}\"},\"query-input\":{\"@type\":\"PropertyValueSpecification\",\"valueRequired\":true,\"valueName\":\"search_term_string\"}}],\"inLanguage\":\"ru-RU\"},{\"@type\":\"Organization\",\"@id\":\"https:\/\/stc.lv\/#organization\",\"name\":\"SIA \u201cSertifik\u0101cijas un test\u0113\u0161anas centrs\u201d\",\"alternateName\":\"STC\",\"url\":\"https:\/\/stc.lv\/\",\"logo\":{\"@type\":\"ImageObject\",\"inLanguage\":\"ru-RU\",\"@id\":\"https:\/\/stc.lv\/#\/schema\/logo\/image\/\",\"url\":\"https:\/\/stc.lv\/wp-content\/uploads\/2020\/02\/STC-113-1.png\",\"contentUrl\":\"https:\/\/stc.lv\/wp-content\/uploads\/2020\/02\/STC-113-1.png\",\"width\":1950,\"height\":794,\"caption\":\"SIA \u201cSertifik\u0101cijas un test\u0113\u0161anas centrs\u201d\"},\"image\":{\"@id\":\"https:\/\/stc.lv\/#\/schema\/logo\/image\/\"},\"sameAs\":[\"https:\/\/www.facebook.com\/profile.php?id=61560801215590\",\"https:\/\/www.instagram.com\/sertifikacija_stc\/\"]}]}<\/script>\n<!-- \/ Yoast SEO plugin. -->","yoast_head_json":{"title":"\"\u041e\u0442 \u0442\u0440\u0435\u0431\u043e\u0432\u0430\u043d\u0438\u0439 \u043a \u0440\u0435\u0433\u0438\u0441\u0442\u0440\u0430\u0446\u0438\u0438\" - STC","robots":{"index":"index","follow":"follow","max-snippet":"max-snippet:-1","max-image-preview":"max-image-preview:large","max-video-preview":"max-video-preview:-1"},"canonical":"https:\/\/stc.lv\/ru\/\u043e\u0442-\u043d\u0430\u0447\u0430\u043b\u0430-\u0434\u043e-\u0440\u0435\u0433\u0438\u0441\u0442\u0440\u0430\u0446\u0438\u0438\/","og_locale":"ru_RU","og_type":"article","og_title":"\"No pras\u012bb\u0101m l\u012bdz re\u0123istr\u0101cijai\". - STC","og_description":"&#8220;No pras\u012bb\u0101m l\u012bdz re\u0123istr\u0101cijai&#8221; Semin\u0101rs transportl\u012bdzek\u013cu ra\u017eot\u0101jiem, d\u012bleriem, import\u0113t\u0101jiem, izplat\u012bt\u0101jiem. Semin\u0101ra t\u0113mas: 1. Transportl\u012bdzek\u013ca dokument\u0101cija (COC, atbilst\u012bbas deklar\u0101cija) 2. Transportl\u012bdzek\u013ca mar\u0137\u0113jums (mar\u0137\u0113juma inform\u0101cijas saturs, mar\u0137\u0113juma inform\u0101cijas sakrit\u012bba ar inform\u0101ciju sertifik\u0101t\u0101, mar\u0137\u0113juma atra\u0161an\u0101s vieta) 3. Transportl\u012bdzek\u013ca re\u0123istr\u0101cija (numuru sal\u012bdzin\u0101\u0161ana, re\u0123istr\u0101cijas \u012bpatn\u012bbas) . Norises laiks un vieta: 2021.gads., plkst. 9:00-16:00, Prieku\u013ci, D\u0101rza iela 12, 2.st\u0101va z\u0101le Piesakies [&hellip;]","og_url":"https:\/\/stc.lv\/ru\/\u043e\u0442-\u043d\u0430\u0447\u0430\u043b\u0430-\u0434\u043e-\u0440\u0435\u0433\u0438\u0441\u0442\u0440\u0430\u0446\u0438\u0438\/","og_site_name":"STC","article_publisher":"https:\/\/www.facebook.com\/profile.php?id=61560801215590","article_modified_time":"2024-11-29T19:02:34+00:00","twitter_card":"summary_large_image","twitter_misc":{"\u041f\u0440\u0438\u043c\u0435\u0440\u043d\u043e\u0435 \u0432\u0440\u0435\u043c\u044f \u0434\u043b\u044f \u0447\u0442\u0435\u043d\u0438\u044f":"1 \u043c\u0438\u043d\u0443\u0442\u0430"},"schema":{"@context":"https:\/\/schema.org","@graph":[{"@type":"WebPage","@id":"https:\/\/stc.lv\/no-prasibam-lidz-registracijai\/","url":"https:\/\/stc.lv\/no-prasibam-lidz-registracijai\/","name":"\"\u041e\u0442 \u0442\u0440\u0435\u0431\u043e\u0432\u0430\u043d\u0438\u0439 \u043a \u0440\u0435\u0433\u0438\u0441\u0442\u0440\u0430\u0446\u0438\u0438\" - STC","isPartOf":{"@id":"https:\/\/stc.lv\/#website"},"datePublished":"2024-11-29T19:00:01+00:00","dateModified":"2024-11-29T19:02:34+00:00","breadcrumb":{"@id":"https:\/\/stc.lv\/no-prasibam-lidz-registracijai\/#breadcrumb"},"inLanguage":"ru-RU","potentialAction":[{"@type":"ReadAction","target":["https:\/\/stc.lv\/no-prasibam-lidz-registracijai\/"]}]},{"@type":"BreadcrumbList","@id":"https:\/\/stc.lv\/no-prasibam-lidz-registracijai\/#breadcrumb","itemListElement":[{"@type":"ListItem","position":1,"name":"Home","item":"https:\/\/stc.lv\/"},{"@type":"ListItem","position":2,"name":"&#8220;No pras\u012bb\u0101m l\u012bdz re\u0123istr\u0101cijai&#8221;."}]},{"@type":"WebSite","@id":"https:\/\/stc.lv\/#website","url":"https:\/\/stc.lv\/","name":"STC","description":"\u041e\u0440\u0433\u0430\u043d\u0438\u0447\u0435\u0441\u043a\u0430\u044f \u0441\u0435\u0440\u0442\u0438\u0444\u0438\u043a\u0430\u0446\u0438\u044f","publisher":{"@id":"https:\/\/stc.lv\/#organization"},"alternateName":"Sertifik\u0101cijas un test\u0113\u0161anas centrs","potentialAction":[{"@type":"SearchAction","target":{"@type":"EntryPoint","urlTemplate":"https:\/\/stc.lv\/?s={search_term_string}"},"query-input":{"@type":"PropertyValueSpecification","valueRequired":true,"valueName":"search_term_string"}}],"inLanguage":"ru-RU"},{"@type":"Organization","@id":"https:\/\/stc.lv\/#organization","name":"SIA \"\u0426\u0435\u043d\u0442\u0440 \u0441\u0435\u0440\u0442\u0438\u0444\u0438\u043a\u0430\u0446\u0438\u0438 \u0438 \u0442\u0435\u0441\u0442\u0438\u0440\u043e\u0432\u0430\u043d\u0438\u044f\"","alternateName":"STC","url":"https:\/\/stc.lv\/","logo":{"@type":"ImageObject","inLanguage":"ru-RU","@id":"https:\/\/stc.lv\/#\/schema\/logo\/image\/","url":"https:\/\/stc.lv\/wp-content\/uploads\/2020\/02\/STC-113-1.png","contentUrl":"https:\/\/stc.lv\/wp-content\/uploads\/2020\/02\/STC-113-1.png","width":1950,"height":794,"caption":"SIA \u201cSertifik\u0101cijas un test\u0113\u0161anas centrs\u201d"},"image":{"@id":"https:\/\/stc.lv\/#\/schema\/logo\/image\/"},"sameAs":["https:\/\/www.facebook.com\/profile.php?id=61560801215590","https:\/\/www.instagram.com\/sertifikacija_stc\/"]}]}},"rttpg_featured_image_url":null,"rttpg_author":{"display_name":"admin","author_link":"https:\/\/stc.lv\/ru\/author\/info_555hqm4r\/"},"rttpg_comment":0,"rttpg_category":null,"rttpg_excerpt":"&#8220;No pras\u012bb\u0101m l\u012bdz re\u0123istr\u0101cijai&#8221; Semin\u0101rs transportl\u012bdzek\u013cu ra\u017eot\u0101jiem, d\u012bleriem, import\u0113t\u0101jiem, izplat\u012bt\u0101jiem. Semin\u0101ra t\u0113mas: 1. Transportl\u012bdzek\u013ca dokument\u0101cija (COC, atbilst\u012bbas deklar\u0101cija) 2. Transportl\u012bdzek\u013ca mar\u0137\u0113jums (mar\u0137\u0113juma inform\u0101cijas saturs, mar\u0137\u0113juma inform\u0101cijas sakrit\u012bba ar inform\u0101ciju sertifik\u0101t\u0101, mar\u0137\u0113juma atra\u0161an\u0101s vieta) 3. Transportl\u012bdzek\u013ca re\u0123istr\u0101cija (numuru sal\u012bdzin\u0101\u0161ana, re\u0123istr\u0101cijas \u012bpatn\u012bbas) . Norises laiks un vieta: 2021.gads., plkst. 9:00-16:00, Prieku\u013ci, D\u0101rza iela 12, 2.st\u0101va z\u0101le Piesakies&hellip;","_links":{"self":[{"href":"https:\/\/stc.lv\/ru\/wp-json\/wp\/v2\/pages\/100","targetHints":{"allow":["GET"]}}],"collection":[{"href":"https:\/\/stc.lv\/ru\/wp-json\/wp\/v2\/pages"}],"about":[{"href":"https:\/\/stc.lv\/ru\/wp-json\/wp\/v2\/types\/page"}],"author":[{"embeddable":true,"href":"https:\/\/stc.lv\/ru\/wp-json\/wp\/v2\/users\/1"}],"replies":[{"embeddable":true,"href":"https:\/\/stc.lv\/ru\/wp-json\/wp\/v2\/comments?post=100"}],"version-history":[{"count":4,"href":"https:\/\/stc.lv\/ru\/wp-json\/wp\/v2\/pages\/100\/revisions"}],"predecessor-version":[{"id":107,"href":"https:\/\/stc.lv\/ru\/wp-json\/wp\/v2\/pages\/100\/revisions\/107"}],"wp:attachment":[{"href":"https:\/\/stc.lv\/ru\/wp-json\/wp\/v2\/media?parent=100"}],"curies":[{"name":"wp","href":"https:\/\/api.w.org\/{rel}","templated":true}]}}