{"id":14675,"date":"2026-04-13T06:41:37","date_gmt":"2026-04-13T06:41:37","guid":{"rendered":"https:\/\/stc.lv\/?page_id=14675"},"modified":"2026-04-13T06:45:35","modified_gmt":"2026-04-13T06:45:35","slug":"laboratorijas-administrators","status":"publish","type":"page","link":"https:\/\/stc.lv\/ru\/\u0432\u0430\u043a\u0430\u043d\u0441\u0438\u0438-3\/laboratorijas-administrators\/","title":{"rendered":"LABORATORIJAS ADMINISTRATORS(-E)"},"content":{"rendered":"<div data-elementor-type=\"wp-page\" data-elementor-id=\"14675\" class=\"elementor elementor-14675\" data-elementor-post-type=\"page\">\n\t\t\t\t\t\t<section class=\"elementor-section elementor-top-section elementor-element elementor-element-b87c17e elementor-section-height-min-height elementor-section-boxed elementor-section-height-default elementor-section-items-middle\" data-id=\"b87c17e\" data-element_type=\"section\" data-e-type=\"section\" data-settings=\"{&quot;background_background&quot;:&quot;classic&quot;}\">\n\t\t\t\t\t\t\t<div class=\"elementor-background-overlay\"><\/div>\n\t\t\t\t\t\t\t<div class=\"elementor-container elementor-column-gap-default\">\n\t\t\t\t\t<div class=\"elementor-column elementor-col-100 elementor-top-column elementor-element elementor-element-f51deeb\" data-id=\"f51deeb\" data-element_type=\"column\" data-e-type=\"column\">\n\t\t\t<div class=\"elementor-widget-wrap elementor-element-populated\">\n\t\t\t\t\t\t<section class=\"elementor-section elementor-inner-section elementor-element elementor-element-d60d133 elementor-section-boxed elementor-section-height-default elementor-section-height-default\" data-id=\"d60d133\" data-element_type=\"section\" data-e-type=\"section\">\n\t\t\t\t\t\t<div class=\"elementor-container elementor-column-gap-default\">\n\t\t\t\t\t<div class=\"elementor-column elementor-col-100 elementor-inner-column elementor-element elementor-element-fa7757b\" data-id=\"fa7757b\" data-element_type=\"column\" data-e-type=\"column\">\n\t\t\t<div class=\"elementor-widget-wrap elementor-element-populated\">\n\t\t\t\t\t\t<div class=\"elementor-element elementor-element-5269aef elementor-widget elementor-widget-heading\" data-id=\"5269aef\" data-element_type=\"widget\" data-e-type=\"widget\" data-widget_type=\"heading.default\">\n\t\t\t\t<div class=\"elementor-widget-container\">\n\t\t\t\t\t<h1 class=\"elementor-heading-title elementor-size-default\">LABORATORIJAS ADMINISTRATORS(-E)<\/h1>\t\t\t\t<\/div>\n\t\t\t\t<\/div>\n\t\t\t\t<div class=\"elementor-element elementor-element-b36b8a3 elementor-widget-divider--view-line elementor-widget elementor-widget-divider\" data-id=\"b36b8a3\" data-element_type=\"widget\" data-e-type=\"widget\" data-widget_type=\"divider.default\">\n\t\t\t\t<div class=\"elementor-widget-container\">\n\t\t\t\t\t\t\t<div class=\"elementor-divider\">\n\t\t\t<span class=\"elementor-divider-separator\">\n\t\t\t\t\t\t<\/span>\n\t\t<\/div>\n\t\t\t\t\t\t<\/div>\n\t\t\t\t<\/div>\n\t\t\t\t\t<\/div>\n\t\t<\/div>\n\t\t\t\t\t<\/div>\n\t\t<\/section>\n\t\t\t\t\t<\/div>\n\t\t<\/div>\n\t\t\t\t\t<\/div>\n\t\t<\/section>\n\t\t\t\t<section class=\"elementor-section elementor-top-section elementor-element elementor-element-777b42dd elementor-section-boxed elementor-section-height-default elementor-section-height-default\" data-id=\"777b42dd\" data-element_type=\"section\" data-e-type=\"section\">\n\t\t\t\t\t\t<div class=\"elementor-container elementor-column-gap-default\">\n\t\t\t\t\t<div class=\"elementor-column elementor-col-100 elementor-top-column elementor-element elementor-element-6591dc40\" data-id=\"6591dc40\" data-element_type=\"column\" data-e-type=\"column\">\n\t\t\t<div class=\"elementor-widget-wrap elementor-element-populated\">\n\t\t\t\t\t\t<section class=\"elementor-section elementor-inner-section elementor-element elementor-element-9fe6712 elementor-section-boxed elementor-section-height-default elementor-section-height-default\" data-id=\"9fe6712\" data-element_type=\"section\" data-e-type=\"section\">\n\t\t\t\t\t\t<div class=\"elementor-container elementor-column-gap-default\">\n\t\t\t\t\t<div class=\"elementor-column elementor-col-100 elementor-inner-column elementor-element elementor-element-03cfe57\" data-id=\"03cfe57\" data-element_type=\"column\" data-e-type=\"column\">\n\t\t\t<div class=\"elementor-widget-wrap\">\n\t\t\t\t\t\t\t<\/div>\n\t\t<\/div>\n\t\t\t\t\t<\/div>\n\t\t<\/section>\n\t\t\t\t<div class=\"elementor-element elementor-element-ba0eda5 elementor-widget elementor-widget-text-editor\" data-id=\"ba0eda5\" data-element_type=\"widget\" data-e-type=\"widget\" data-widget_type=\"text-editor.default\">\n\t\t\t\t<div class=\"elementor-widget-container\">\n\t\t\t\t\t\t\t\t\t<h6 style=\"text-align: center; background: white;\" align=\"center\"><strong><span style=\"font-size: 12.0pt; line-height: 107%; font-family: 'Open Sans'; color: black; font-weight: normal;\">\u041f\u0440\u0438\u0435\u043c \u0437\u0430\u044f\u0432\u043e\u043a<\/span><\/strong><\/h6><p style=\"text-align: center; background: white; box-sizing: border-box; margin-block: 0px 0.9rem;\" align=\"center\"><b style=\"box-sizing: border-box;\"><span style=\"font-family: 'Open Sans'; color: black;\">LABORATORIJAS ADMINISTRATORU\/I<\/span><\/b><\/p>\t\t\t\t\t\t\t\t<\/div>\n\t\t\t\t<\/div>\n\t\t\t\t<div class=\"elementor-element elementor-element-1bdb86bc elementor-widget elementor-widget-text-editor\" data-id=\"1bdb86bc\" data-element_type=\"widget\" data-e-type=\"widget\" data-widget_type=\"text-editor.default\">\n\t\t\t\t<div class=\"elementor-widget-container\">\n\t\t\t\t\t\t\t\t\t<p>M\u0113s mekl\u0113jam organiz\u0113tu, prec\u012bzu un komunikablu kol\u0113\u0123i, kur\u0161(-a) pievienosies m\u016bsu komandai un pal\u012bdz\u0113s nodro\u0161in\u0101t laboratorijas biroja ikdienas darbu. Ja Tev pat\u012bk k\u0101rt\u012bba, darbs ar dokumentiem un komunik\u0101cija ar cilv\u0113kiem, \u0161\u012b var b\u016bt lieliska iesp\u0113ja Tev.<\/p><p><strong>Darba pien\u0101kumi<\/strong><\/p><ul><li>Organiz\u0113t laboratorijas biroja ikdienas administrat\u012bvo darbu.<\/li><li>Re\u0123istr\u0113t un apstr\u0101d\u0101t laboratorij\u0101 sa\u0146emtos objektus un datus inform\u0101cijas sist\u0113m\u0101.<\/li><li>Sagatavot dokumentus, atskaites, p\u0101rskatus un nodro\u0161in\u0101t dokumentu apriti.<\/li><li>Komunic\u0113t ar klientiem, sniedzot inform\u0101ciju par laboratorijas pakalpojumiem un paraugu pie\u0146em\u0161anu.<\/li><li>Sadarboties ar laboratorijas speci\u0101listiem un cit\u0101m uz\u0146\u0113muma strukt\u016brvien\u012bb\u0101m.<\/li><li>Veikt datu ievadi un inform\u0101cijas apstr\u0101di laboratorijas sist\u0113m\u0101s.<\/li><li>Nodro\u0161in\u0101t biroja administrat\u012bvo atbalstu un sekot l\u012bdzi biroja materi\u0101lu pieejam\u012bbai.<\/li><li>Atbalst\u012bt laboratorijas vad\u012bbu administrat\u012bvos jaut\u0101jumos.<\/li><\/ul><p>\u00a0<\/p><p><strong>Pras\u012bbas kandid\u0101tiem<\/strong><\/p><ul><li>Vid\u0113j\u0101 vai augst\u0101k\u0101 izgl\u012bt\u012bba (v\u0113lams administr\u0101cijas, biroja darba vai l\u012bdz\u012bg\u0101 jom\u0101).<\/li><li>Pieredze administrat\u012bv\u0101 darb\u0101 vai klientu apkalpo\u0161an\u0101 tiks uzskat\u012bta par priek\u0161roc\u012bbu.<\/li><li>Labas latvie\u0161u valodas zin\u0101\u0161anas, v\u0113lamas ang\u013cu valodas zin\u0101\u0161anas (darbs ar starptautiskiem standartiem, dal\u012bba starptautisk\u0101s izst\u0101d\u0113s un organiz\u0101cij\u0101s).<\/li><li>Labas datorprasmes (MS Office, darbs ar datu sist\u0113m\u0101m).<\/li><li>Augsta precizit\u0101te, atbild\u012bbas saj\u016bta un sp\u0113ja organiz\u0113t savu darbu.<\/li><li>Labas komunik\u0101cijas prasmes un pozit\u012bva attieksme pret klientiem.<\/li><li>Sp\u0113ja str\u0101d\u0101t dinamisk\u0101 vid\u0113 un ar lielu inform\u0101cijas apjomu.<\/li><\/ul><p>\u00a0<\/p><p><strong>\u041c\u044b \u043f\u0440\u0435\u0434\u043b\u0430\u0433\u0430\u0435\u043c<\/strong><\/p><ul><li>Stabilu darbu profesion\u0101l\u0101 un att\u012bst\u012bb\u0101 v\u0113rst\u0101 uz\u0146\u0113mum\u0101.<\/li><li>Draudz\u012bgu un atbalsto\u0161u kolekt\u012bvu.<\/li><li>Apm\u0101c\u012bbas un iesp\u0113ju apg\u016bt laboratorijas darba procesus.<\/li><li>Profesion\u0101l\u0101s izaugsmes iesp\u0113jas.<\/li><li>M\u016bsdien\u012bgu un sak\u0101rtotu darba vidi.<\/li><li>\u0417\u0430\u0440\u043f\u043b\u0430\u0442\u0430 \u043e\u0442 \u20ac1000 (\u0434\u043e \u0432\u044b\u0447\u0435\u0442\u0430 \u043d\u0430\u043b\u043e\u0433\u043e\u0432).<\/li><\/ul><p>\u00a0<\/p><p>\u041e\u0442\u043f\u0440\u0430\u0432\u044c\u0442\u0435 \u043f\u0438\u0441\u044c\u043c\u043e \u0441 \u0437\u0430\u044f\u0432\u043b\u0435\u043d\u0438\u0435\u043c \u0438 \u0440\u0435\u0437\u044e\u043c\u0435 \u043f\u043e \u0430\u0434\u0440\u0435\u0441\u0443\u00a0<a href=\"mailto:info@stc.lv\">info@stc.lv<\/a>\u00a0tel.\u00a064130013<\/p>\t\t\t\t\t\t\t\t<\/div>\n\t\t\t\t<\/div>\n\t\t\t\t\t<\/div>\n\t\t<\/div>\n\t\t\t\t\t<\/div>\n\t\t<\/section>\n\t\t\t\t<section class=\"elementor-section elementor-top-section elementor-element elementor-element-757e3af elementor-section-boxed elementor-section-height-default elementor-section-height-default\" data-id=\"757e3af\" data-element_type=\"section\" data-e-type=\"section\">\n\t\t\t\t\t\t\t<div class=\"elementor-background-overlay\"><\/div>\n\t\t\t\t\t\t\t<div class=\"elementor-container elementor-column-gap-default\">\n\t\t\t\t\t<div class=\"elementor-column elementor-col-50 elementor-top-column elementor-element elementor-element-8b25547\" data-id=\"8b25547\" data-element_type=\"column\" data-e-type=\"column\">\n\t\t\t<div class=\"elementor-widget-wrap elementor-element-populated\">\n\t\t\t\t\t\t<div class=\"elementor-element elementor-element-2dec69a elementor-widget elementor-widget-heading\" data-id=\"2dec69a\" data-element_type=\"widget\" data-e-type=\"widget\" data-widget_type=\"heading.default\">\n\t\t\t\t<div class=\"elementor-widget-container\">\n\t\t\t\t\t<h2 class=\"elementor-heading-title elementor-size-default\">\u041f\u0440\u0438\u043c\u0435\u043d\u0438\u0442\u044c \u0441\u0435\u0439\u0447\u0430\u0441<\/h2>\t\t\t\t<\/div>\n\t\t\t\t<\/div>\n\t\t\t\t<div class=\"elementor-element elementor-element-39da533 elementor-widget-divider--view-line elementor-widget elementor-widget-divider\" data-id=\"39da533\" data-element_type=\"widget\" data-e-type=\"widget\" data-widget_type=\"divider.default\">\n\t\t\t\t<div class=\"elementor-widget-container\">\n\t\t\t\t\t\t\t<div class=\"elementor-divider\">\n\t\t\t<span class=\"elementor-divider-separator\">\n\t\t\t\t\t\t<\/span>\n\t\t<\/div>\n\t\t\t\t\t\t<\/div>\n\t\t\t\t<\/div>\n\t\t\t\t\t<\/div>\n\t\t<\/div>\n\t\t\t\t<div class=\"elementor-column elementor-col-50 elementor-top-column elementor-element elementor-element-336c5c4\" data-id=\"336c5c4\" data-element_type=\"column\" data-e-type=\"column\">\n\t\t\t<div class=\"elementor-widget-wrap elementor-element-populated\">\n\t\t\t\t\t\t<div class=\"elementor-element elementor-element-97f8d93 elementor-align-right elementor-tablet-align-left elementor-widget elementor-widget-button\" data-id=\"97f8d93\" data-element_type=\"widget\" data-e-type=\"widget\" data-widget_type=\"button.default\">\n\t\t\t\t<div class=\"elementor-widget-container\">\n\t\t\t\t\t\t\t\t\t<div class=\"elementor-button-wrapper\">\n\t\t\t\t\t<a class=\"elementor-button elementor-button-link elementor-size-sm\" href=\"#elementor-action%3Aaction%3Dpopup%3Aopen%26settings%3DeyJpZCI6IjEwNjc2IiwidG9nZ2xlIjpmYWxzZX0%3D\">\n\t\t\t\t\t\t<span class=\"elementor-button-content-wrapper\">\n\t\t\t\t\t\t\t\t\t<span class=\"elementor-button-text\">\u041f\u043e\u0434\u0430\u0442\u044c \u0437\u0430\u044f\u0432\u043a\u0443 \u043d\u0430 \u0432\u0430\u043a\u0430\u043d\u0441\u0438\u044e<\/span>\n\t\t\t\t\t<\/span>\n\t\t\t\t\t<\/a>\n\t\t\t\t<\/div>\n\t\t\t\t\t\t\t\t<\/div>\n\t\t\t\t<\/div>\n\t\t\t\t\t<\/div>\n\t\t<\/div>\n\t\t\t\t\t<\/div>\n\t\t<\/section>\n\t\t<div class=\"elementor-element elementor-element-c6024d9 e-flex e-con-boxed e-con e-parent\" data-id=\"c6024d9\" data-element_type=\"container\" data-e-type=\"container\">\n\t\t\t\t\t<div class=\"e-con-inner\">\n\t\t\t\t\t<\/div>\n\t\t\t\t<\/div>\n\t\t\t\t<\/div>","protected":false},"excerpt":{"rendered":"<p>LABORATORIJAS ADMINISTRATORS(-E) Aicin\u0101m pieteikties LABORATORIJAS ADMINISTRATORU\/I M\u0113s mekl\u0113jam organiz\u0113tu, prec\u012bzu un komunikablu kol\u0113\u0123i, kur\u0161(-a) pievienosies m\u016bsu komandai un pal\u012bdz\u0113s nodro\u0161in\u0101t laboratorijas biroja ikdienas darbu. Ja Tev pat\u012bk k\u0101rt\u012bba, darbs ar dokumentiem un komunik\u0101cija ar cilv\u0113kiem, \u0161\u012b var b\u016bt lieliska iesp\u0113ja Tev. Darba pien\u0101kumi Organiz\u0113t laboratorijas biroja ikdienas administrat\u012bvo darbu. Re\u0123istr\u0113t un apstr\u0101d\u0101t laboratorij\u0101 sa\u0146emtos objektus [&hellip;]<\/p>\n","protected":false},"author":5,"featured_media":0,"parent":674,"menu_order":0,"comment_status":"closed","ping_status":"closed","template":"","meta":{"footnotes":""},"class_list":["post-14675","page","type-page","status-publish","hentry"],"yoast_head":"<!-- This site is optimized with the Yoast SEO plugin v27.4 - https:\/\/yoast.com\/product\/yoast-seo-wordpress\/ -->\n<title>LABORATORIJAS ADMINISTRATORS(-E) - STC<\/title>\n<meta name=\"robots\" content=\"index, follow, max-snippet:-1, max-image-preview:large, max-video-preview:-1\" \/>\n<link rel=\"canonical\" href=\"https:\/\/stc.lv\/ru\/\u0432\u0430\u043a\u0430\u043d\u0441\u0438\u0438-3\/laboratorijas-administrators\/\" \/>\n<meta property=\"og:locale\" content=\"ru_RU\" \/>\n<meta property=\"og:type\" content=\"article\" \/>\n<meta property=\"og:title\" content=\"LABORATORIJAS ADMINISTRATORS(-E) - STC\" \/>\n<meta property=\"og:description\" content=\"LABORATORIJAS ADMINISTRATORS(-E) Aicin\u0101m pieteikties LABORATORIJAS ADMINISTRATORU\/I M\u0113s mekl\u0113jam organiz\u0113tu, prec\u012bzu un komunikablu kol\u0113\u0123i, kur\u0161(-a) pievienosies m\u016bsu komandai un pal\u012bdz\u0113s nodro\u0161in\u0101t laboratorijas biroja ikdienas darbu. Ja Tev pat\u012bk k\u0101rt\u012bba, darbs ar dokumentiem un komunik\u0101cija ar cilv\u0113kiem, \u0161\u012b var b\u016bt lieliska iesp\u0113ja Tev. Darba pien\u0101kumi Organiz\u0113t laboratorijas biroja ikdienas administrat\u012bvo darbu. Re\u0123istr\u0113t un apstr\u0101d\u0101t laboratorij\u0101 sa\u0146emtos objektus [&hellip;]\" \/>\n<meta property=\"og:url\" content=\"https:\/\/stc.lv\/ru\/\u0432\u0430\u043a\u0430\u043d\u0441\u0438\u0438-3\/laboratorijas-administrators\/\" \/>\n<meta property=\"og:site_name\" content=\"STC\" \/>\n<meta property=\"article:publisher\" content=\"https:\/\/www.facebook.com\/profile.php?id=61560801215590\" \/>\n<meta property=\"article:modified_time\" content=\"2026-04-13T06:45:35+00:00\" \/>\n<meta name=\"twitter:card\" content=\"summary_large_image\" \/>\n<meta name=\"twitter:label1\" content=\"\u041f\u0440\u0438\u043c\u0435\u0440\u043d\u043e\u0435 \u0432\u0440\u0435\u043c\u044f \u0434\u043b\u044f \u0447\u0442\u0435\u043d\u0438\u044f\" \/>\n\t<meta name=\"twitter:data1\" content=\"2 \u043c\u0438\u043d\u0443\u0442\u044b\" \/>\n<script type=\"application\/ld+json\" class=\"yoast-schema-graph\">{\"@context\":\"https:\\\/\\\/schema.org\",\"@graph\":[{\"@type\":\"WebPage\",\"@id\":\"https:\\\/\\\/stc.lv\\\/vakances\\\/laboratorijas-administrators\\\/\",\"url\":\"https:\\\/\\\/stc.lv\\\/vakances\\\/laboratorijas-administrators\\\/\",\"name\":\"LABORATORIJAS ADMINISTRATORS(-E) - STC\",\"isPartOf\":{\"@id\":\"https:\\\/\\\/stc.lv\\\/#website\"},\"datePublished\":\"2026-04-13T06:41:37+00:00\",\"dateModified\":\"2026-04-13T06:45:35+00:00\",\"breadcrumb\":{\"@id\":\"https:\\\/\\\/stc.lv\\\/vakances\\\/laboratorijas-administrators\\\/#breadcrumb\"},\"inLanguage\":\"ru-RU\",\"potentialAction\":[{\"@type\":\"ReadAction\",\"target\":[\"https:\\\/\\\/stc.lv\\\/vakances\\\/laboratorijas-administrators\\\/\"]}]},{\"@type\":\"BreadcrumbList\",\"@id\":\"https:\\\/\\\/stc.lv\\\/vakances\\\/laboratorijas-administrators\\\/#breadcrumb\",\"itemListElement\":[{\"@type\":\"ListItem\",\"position\":1,\"name\":\"Home\",\"item\":\"https:\\\/\\\/stc.lv\\\/\"},{\"@type\":\"ListItem\",\"position\":2,\"name\":\"Vakances\",\"item\":\"https:\\\/\\\/stc.lv\\\/vakances\\\/\"},{\"@type\":\"ListItem\",\"position\":3,\"name\":\"LABORATORIJAS ADMINISTRATORS(-E)\"}]},{\"@type\":\"WebSite\",\"@id\":\"https:\\\/\\\/stc.lv\\\/#website\",\"url\":\"https:\\\/\\\/stc.lv\\\/\",\"name\":\"STC\",\"description\":\"Biolo\u0123isk\u0101 sertifik\u0101cija\",\"publisher\":{\"@id\":\"https:\\\/\\\/stc.lv\\\/#organization\"},\"alternateName\":\"Sertifik\u0101cijas un test\u0113\u0161anas centrs\",\"potentialAction\":[{\"@type\":\"SearchAction\",\"target\":{\"@type\":\"EntryPoint\",\"urlTemplate\":\"https:\\\/\\\/stc.lv\\\/?s={search_term_string}\"},\"query-input\":{\"@type\":\"PropertyValueSpecification\",\"valueRequired\":true,\"valueName\":\"search_term_string\"}}],\"inLanguage\":\"ru-RU\"},{\"@type\":\"Organization\",\"@id\":\"https:\\\/\\\/stc.lv\\\/#organization\",\"name\":\"SIA \u201cSertifik\u0101cijas un test\u0113\u0161anas centrs\u201d\",\"alternateName\":\"STC\",\"url\":\"https:\\\/\\\/stc.lv\\\/\",\"logo\":{\"@type\":\"ImageObject\",\"inLanguage\":\"ru-RU\",\"@id\":\"https:\\\/\\\/stc.lv\\\/#\\\/schema\\\/logo\\\/image\\\/\",\"url\":\"https:\\\/\\\/stc.lv\\\/wp-content\\\/uploads\\\/2020\\\/02\\\/STC-113-1.png\",\"contentUrl\":\"https:\\\/\\\/stc.lv\\\/wp-content\\\/uploads\\\/2020\\\/02\\\/STC-113-1.png\",\"width\":1950,\"height\":794,\"caption\":\"SIA \u201cSertifik\u0101cijas un test\u0113\u0161anas centrs\u201d\"},\"image\":{\"@id\":\"https:\\\/\\\/stc.lv\\\/#\\\/schema\\\/logo\\\/image\\\/\"},\"sameAs\":[\"https:\\\/\\\/www.facebook.com\\\/profile.php?id=61560801215590\",\"https:\\\/\\\/www.instagram.com\\\/sertifikacija_stc\\\/\"]}]}<\/script>\n<!-- \/ Yoast SEO plugin. -->","yoast_head_json":{"title":"LABORATORIJAS ADMINISTRATORS(-E) - STC","robots":{"index":"index","follow":"follow","max-snippet":"max-snippet:-1","max-image-preview":"max-image-preview:large","max-video-preview":"max-video-preview:-1"},"canonical":"https:\/\/stc.lv\/ru\/\u0432\u0430\u043a\u0430\u043d\u0441\u0438\u0438-3\/laboratorijas-administrators\/","og_locale":"ru_RU","og_type":"article","og_title":"LABORATORIJAS ADMINISTRATORS(-E) - STC","og_description":"LABORATORIJAS ADMINISTRATORS(-E) Aicin\u0101m pieteikties LABORATORIJAS ADMINISTRATORU\/I M\u0113s mekl\u0113jam organiz\u0113tu, prec\u012bzu un komunikablu kol\u0113\u0123i, kur\u0161(-a) pievienosies m\u016bsu komandai un pal\u012bdz\u0113s nodro\u0161in\u0101t laboratorijas biroja ikdienas darbu. Ja Tev pat\u012bk k\u0101rt\u012bba, darbs ar dokumentiem un komunik\u0101cija ar cilv\u0113kiem, \u0161\u012b var b\u016bt lieliska iesp\u0113ja Tev. Darba pien\u0101kumi Organiz\u0113t laboratorijas biroja ikdienas administrat\u012bvo darbu. Re\u0123istr\u0113t un apstr\u0101d\u0101t laboratorij\u0101 sa\u0146emtos objektus [&hellip;]","og_url":"https:\/\/stc.lv\/ru\/\u0432\u0430\u043a\u0430\u043d\u0441\u0438\u0438-3\/laboratorijas-administrators\/","og_site_name":"STC","article_publisher":"https:\/\/www.facebook.com\/profile.php?id=61560801215590","article_modified_time":"2026-04-13T06:45:35+00:00","twitter_card":"summary_large_image","twitter_misc":{"\u041f\u0440\u0438\u043c\u0435\u0440\u043d\u043e\u0435 \u0432\u0440\u0435\u043c\u044f \u0434\u043b\u044f \u0447\u0442\u0435\u043d\u0438\u044f":"2 \u043c\u0438\u043d\u0443\u0442\u044b"},"schema":{"@context":"https:\/\/schema.org","@graph":[{"@type":"WebPage","@id":"https:\/\/stc.lv\/vakances\/laboratorijas-administrators\/","url":"https:\/\/stc.lv\/vakances\/laboratorijas-administrators\/","name":"LABORATORIJAS ADMINISTRATORS(-E) - STC","isPartOf":{"@id":"https:\/\/stc.lv\/#website"},"datePublished":"2026-04-13T06:41:37+00:00","dateModified":"2026-04-13T06:45:35+00:00","breadcrumb":{"@id":"https:\/\/stc.lv\/vakances\/laboratorijas-administrators\/#breadcrumb"},"inLanguage":"ru-RU","potentialAction":[{"@type":"ReadAction","target":["https:\/\/stc.lv\/vakances\/laboratorijas-administrators\/"]}]},{"@type":"BreadcrumbList","@id":"https:\/\/stc.lv\/vakances\/laboratorijas-administrators\/#breadcrumb","itemListElement":[{"@type":"ListItem","position":1,"name":"Home","item":"https:\/\/stc.lv\/"},{"@type":"ListItem","position":2,"name":"Vakances","item":"https:\/\/stc.lv\/vakances\/"},{"@type":"ListItem","position":3,"name":"LABORATORIJAS ADMINISTRATORS(-E)"}]},{"@type":"WebSite","@id":"https:\/\/stc.lv\/#website","url":"https:\/\/stc.lv\/","name":"STC","description":"\u041e\u0440\u0433\u0430\u043d\u0438\u0447\u0435\u0441\u043a\u0430\u044f \u0441\u0435\u0440\u0442\u0438\u0444\u0438\u043a\u0430\u0446\u0438\u044f","publisher":{"@id":"https:\/\/stc.lv\/#organization"},"alternateName":"Sertifik\u0101cijas un test\u0113\u0161anas centrs","potentialAction":[{"@type":"SearchAction","target":{"@type":"EntryPoint","urlTemplate":"https:\/\/stc.lv\/?s={search_term_string}"},"query-input":{"@type":"PropertyValueSpecification","valueRequired":true,"valueName":"search_term_string"}}],"inLanguage":"ru-RU"},{"@type":"Organization","@id":"https:\/\/stc.lv\/#organization","name":"SIA \"\u0426\u0435\u043d\u0442\u0440 \u0441\u0435\u0440\u0442\u0438\u0444\u0438\u043a\u0430\u0446\u0438\u0438 \u0438 \u0442\u0435\u0441\u0442\u0438\u0440\u043e\u0432\u0430\u043d\u0438\u044f\"","alternateName":"STC","url":"https:\/\/stc.lv\/","logo":{"@type":"ImageObject","inLanguage":"ru-RU","@id":"https:\/\/stc.lv\/#\/schema\/logo\/image\/","url":"https:\/\/stc.lv\/wp-content\/uploads\/2020\/02\/STC-113-1.png","contentUrl":"https:\/\/stc.lv\/wp-content\/uploads\/2020\/02\/STC-113-1.png","width":1950,"height":794,"caption":"SIA \u201cSertifik\u0101cijas un test\u0113\u0161anas centrs\u201d"},"image":{"@id":"https:\/\/stc.lv\/#\/schema\/logo\/image\/"},"sameAs":["https:\/\/www.facebook.com\/profile.php?id=61560801215590","https:\/\/www.instagram.com\/sertifikacija_stc\/"]}]}},"rttpg_featured_image_url":null,"rttpg_author":{"display_name":"Larisa Kaimi\u0146a","author_link":"https:\/\/stc.lv\/ru\/author\/macibucentrs\/"},"rttpg_comment":0,"rttpg_category":null,"rttpg_excerpt":"LABORATORIJAS ADMINISTRATORS(-E) Aicin\u0101m pieteikties LABORATORIJAS ADMINISTRATORU\/I M\u0113s mekl\u0113jam organiz\u0113tu, prec\u012bzu un komunikablu kol\u0113\u0123i, kur\u0161(-a) pievienosies m\u016bsu komandai un pal\u012bdz\u0113s nodro\u0161in\u0101t laboratorijas biroja ikdienas darbu. Ja Tev pat\u012bk k\u0101rt\u012bba, darbs ar dokumentiem un komunik\u0101cija ar cilv\u0113kiem, \u0161\u012b var b\u016bt lieliska iesp\u0113ja Tev. Darba pien\u0101kumi Organiz\u0113t laboratorijas biroja ikdienas administrat\u012bvo darbu. Re\u0123istr\u0113t un apstr\u0101d\u0101t laboratorij\u0101 sa\u0146emtos objektus&hellip;","_links":{"self":[{"href":"https:\/\/stc.lv\/ru\/wp-json\/wp\/v2\/pages\/14675","targetHints":{"allow":["GET"]}}],"collection":[{"href":"https:\/\/stc.lv\/ru\/wp-json\/wp\/v2\/pages"}],"about":[{"href":"https:\/\/stc.lv\/ru\/wp-json\/wp\/v2\/types\/page"}],"author":[{"embeddable":true,"href":"https:\/\/stc.lv\/ru\/wp-json\/wp\/v2\/users\/5"}],"replies":[{"embeddable":true,"href":"https:\/\/stc.lv\/ru\/wp-json\/wp\/v2\/comments?post=14675"}],"version-history":[{"count":4,"href":"https:\/\/stc.lv\/ru\/wp-json\/wp\/v2\/pages\/14675\/revisions"}],"predecessor-version":[{"id":14679,"href":"https:\/\/stc.lv\/ru\/wp-json\/wp\/v2\/pages\/14675\/revisions\/14679"}],"up":[{"embeddable":true,"href":"https:\/\/stc.lv\/ru\/wp-json\/wp\/v2\/pages\/674"}],"wp:attachment":[{"href":"https:\/\/stc.lv\/ru\/wp-json\/wp\/v2\/media?parent=14675"}],"curies":[{"name":"wp","href":"https:\/\/api.w.org\/{rel}","templated":true}]}}