{"id":14705,"date":"2026-04-14T05:47:09","date_gmt":"2026-04-14T05:47:09","guid":{"rendered":"https:\/\/stc.lv\/?page_id=14705"},"modified":"2026-04-14T05:50:05","modified_gmt":"2026-04-14T05:50:05","slug":"sesi-soli-lidz-ce-markejumam","status":"publish","type":"page","link":"https:\/\/stc.lv\/ru\/sesi-soli-lidz-ce-markejumam\/","title":{"rendered":"\u0428\u0435\u0441\u0442\u044c \u0448\u0430\u0433\u043e\u0432 \u043a \u043c\u0430\u0440\u043a\u0438\u0440\u043e\u0432\u043a\u0435 CE"},"content":{"rendered":"<div data-elementor-type=\"wp-page\" data-elementor-id=\"14705\" class=\"elementor elementor-14705\" data-elementor-post-type=\"page\">\n\t\t\t\t\t\t<section class=\"elementor-section elementor-top-section elementor-element elementor-element-25e75fe9 elementor-section-height-min-height elementor-section-boxed elementor-section-height-default elementor-section-items-middle\" data-id=\"25e75fe9\" data-element_type=\"section\" data-e-type=\"section\" data-settings=\"{&quot;background_background&quot;:&quot;classic&quot;}\">\n\t\t\t\t\t\t\t<div class=\"elementor-background-overlay\"><\/div>\n\t\t\t\t\t\t\t<div class=\"elementor-container elementor-column-gap-default\">\n\t\t\t\t\t<div class=\"elementor-column elementor-col-100 elementor-top-column elementor-element elementor-element-7077fdc3\" data-id=\"7077fdc3\" data-element_type=\"column\" data-e-type=\"column\">\n\t\t\t<div class=\"elementor-widget-wrap elementor-element-populated\">\n\t\t\t\t\t\t<section class=\"elementor-section elementor-inner-section elementor-element elementor-element-5f030cdc elementor-section-boxed elementor-section-height-default elementor-section-height-default\" data-id=\"5f030cdc\" data-element_type=\"section\" data-e-type=\"section\">\n\t\t\t\t\t\t<div class=\"elementor-container elementor-column-gap-default\">\n\t\t\t\t\t<div class=\"elementor-column elementor-col-100 elementor-inner-column elementor-element elementor-element-63d7b85b\" data-id=\"63d7b85b\" data-element_type=\"column\" data-e-type=\"column\">\n\t\t\t<div class=\"elementor-widget-wrap elementor-element-populated\">\n\t\t\t\t\t\t<div class=\"elementor-element elementor-element-11925e07 elementor-widget elementor-widget-heading\" data-id=\"11925e07\" data-element_type=\"widget\" data-e-type=\"widget\" data-widget_type=\"heading.default\">\n\t\t\t\t<div class=\"elementor-widget-container\">\n\t\t\t\t\t<h1 class=\"elementor-heading-title elementor-size-default\">Se\u0161i so\u013ci l\u012bdz ce mar\u0137\u0113jumam<\/h1>\t\t\t\t<\/div>\n\t\t\t\t<\/div>\n\t\t\t\t<div class=\"elementor-element elementor-element-5b795ffd elementor-widget-divider--view-line elementor-widget elementor-widget-divider\" data-id=\"5b795ffd\" data-element_type=\"widget\" data-e-type=\"widget\" data-widget_type=\"divider.default\">\n\t\t\t\t<div class=\"elementor-widget-container\">\n\t\t\t\t\t\t\t<div class=\"elementor-divider\">\n\t\t\t<span class=\"elementor-divider-separator\">\n\t\t\t\t\t\t<\/span>\n\t\t<\/div>\n\t\t\t\t\t\t<\/div>\n\t\t\t\t<\/div>\n\t\t\t\t\t<\/div>\n\t\t<\/div>\n\t\t\t\t\t<\/div>\n\t\t<\/section>\n\t\t\t\t\t<\/div>\n\t\t<\/div>\n\t\t\t\t\t<\/div>\n\t\t<\/section>\n\t\t\t\t<section class=\"elementor-section elementor-top-section elementor-element elementor-element-241a3473 elementor-section-boxed elementor-section-height-default elementor-section-height-default\" data-id=\"241a3473\" data-element_type=\"section\" data-e-type=\"section\">\n\t\t\t\t\t\t<div class=\"elementor-container elementor-column-gap-default\">\n\t\t\t\t\t<div class=\"elementor-column elementor-col-100 elementor-top-column elementor-element elementor-element-766f917c\" data-id=\"766f917c\" data-element_type=\"column\" data-e-type=\"column\">\n\t\t\t<div class=\"elementor-widget-wrap elementor-element-populated\">\n\t\t\t\t\t\t<div class=\"elementor-element elementor-element-756b58a8 elementor-widget elementor-widget-text-editor\" data-id=\"756b58a8\" data-element_type=\"widget\" data-e-type=\"widget\" data-widget_type=\"text-editor.default\">\n\t\t\t\t<div class=\"elementor-widget-container\">\n\t\t\t\t\t\t\t\t\t<p>Individu\u0101li izstr\u0101d\u0101tas m\u0101c\u012bbu programmas\/semin\u0101ri \u2013 <span style=\"color: #000000;\">\u0428\u0435\u0441\u0442\u044c \u0448\u0430\u0433\u043e\u0432 \u043a \u043c\u0430\u0440\u043a\u0438\u0440\u043e\u0432\u043a\u0435 CE\u00a0<\/span><\/p>\t\t\t\t\t\t\t\t<\/div>\n\t\t\t\t<\/div>\n\t\t\t\t\t<\/div>\n\t\t<\/div>\n\t\t\t\t\t<\/div>\n\t\t<\/section>\n\t\t\t\t<section class=\"elementor-section elementor-top-section elementor-element elementor-element-73e7d9d7 elementor-section-boxed elementor-section-height-default elementor-section-height-default\" data-id=\"73e7d9d7\" data-element_type=\"section\" data-e-type=\"section\">\n\t\t\t\t\t\t\t<div class=\"elementor-background-overlay\"><\/div>\n\t\t\t\t\t\t\t<div class=\"elementor-container elementor-column-gap-default\">\n\t\t\t\t\t<div class=\"elementor-column elementor-col-50 elementor-top-column elementor-element elementor-element-46b0a84e\" data-id=\"46b0a84e\" data-element_type=\"column\" data-e-type=\"column\">\n\t\t\t<div class=\"elementor-widget-wrap elementor-element-populated\">\n\t\t\t\t\t\t<div class=\"elementor-element elementor-element-6705bb1e elementor-widget elementor-widget-heading\" data-id=\"6705bb1e\" data-element_type=\"widget\" data-e-type=\"widget\" data-widget_type=\"heading.default\">\n\t\t\t\t<div class=\"elementor-widget-container\">\n\t\t\t\t\t<h2 class=\"elementor-heading-title elementor-size-default\">\u0421\u0432\u044f\u0436\u0438\u0442\u0435\u0441\u044c \u0441 \u043d\u0430\u043c\u0438!<\/h2>\t\t\t\t<\/div>\n\t\t\t\t<\/div>\n\t\t\t\t<div class=\"elementor-element elementor-element-35ea0f24 elementor-widget-divider--view-line elementor-widget elementor-widget-divider\" data-id=\"35ea0f24\" data-element_type=\"widget\" data-e-type=\"widget\" data-widget_type=\"divider.default\">\n\t\t\t\t<div class=\"elementor-widget-container\">\n\t\t\t\t\t\t\t<div class=\"elementor-divider\">\n\t\t\t<span class=\"elementor-divider-separator\">\n\t\t\t\t\t\t<\/span>\n\t\t<\/div>\n\t\t\t\t\t\t<\/div>\n\t\t\t\t<\/div>\n\t\t\t\t\t<\/div>\n\t\t<\/div>\n\t\t\t\t<div class=\"elementor-column elementor-col-50 elementor-top-column elementor-element elementor-element-1cc8831a\" data-id=\"1cc8831a\" data-element_type=\"column\" data-e-type=\"column\">\n\t\t\t<div class=\"elementor-widget-wrap elementor-element-populated\">\n\t\t\t\t\t\t<div class=\"elementor-element elementor-element-64c72fdc elementor-align-right elementor-tablet-align-left elementor-widget elementor-widget-button\" data-id=\"64c72fdc\" data-element_type=\"widget\" data-e-type=\"widget\" data-widget_type=\"button.default\">\n\t\t\t\t<div class=\"elementor-widget-container\">\n\t\t\t\t\t\t\t\t\t<div class=\"elementor-button-wrapper\">\n\t\t\t\t\t<a class=\"elementor-button elementor-button-link elementor-size-sm\" href=\"#elementor-action%3Aaction%3Dpopup%3Aopen%26settings%3DeyJpZCI6IjEwNjgyIiwidG9nZ2xlIjpmYWxzZX0%3D\">\n\t\t\t\t\t\t<span class=\"elementor-button-content-wrapper\">\n\t\t\t\t\t\t\t\t\t<span class=\"elementor-button-text\">\u041e\u0442\u043f\u0440\u0430\u0432\u0438\u0442\u044c \u0441\u043e\u043e\u0431\u0449\u0435\u043d\u0438\u0435<\/span>\n\t\t\t\t\t<\/span>\n\t\t\t\t\t<\/a>\n\t\t\t\t<\/div>\n\t\t\t\t\t\t\t\t<\/div>\n\t\t\t\t<\/div>\n\t\t\t\t\t<\/div>\n\t\t<\/div>\n\t\t\t\t\t<\/div>\n\t\t<\/section>\n\t\t\t\t<section class=\"elementor-section elementor-top-section elementor-element elementor-element-6d3604e elementor-section-boxed elementor-section-height-default elementor-section-height-default\" data-id=\"6d3604e\" data-element_type=\"section\" data-e-type=\"section\">\n\t\t\t\t\t\t<div class=\"elementor-container elementor-column-gap-default\">\n\t\t\t\t\t<div class=\"elementor-column elementor-col-100 elementor-top-column elementor-element elementor-element-36be9d3\" data-id=\"36be9d3\" data-element_type=\"column\" data-e-type=\"column\">\n\t\t\t<div class=\"elementor-widget-wrap elementor-element-populated\">\n\t\t\t\t\t\t<section class=\"elementor-section elementor-inner-section elementor-element elementor-element-b147c10 elementor-section-boxed elementor-section-height-default elementor-section-height-default\" data-id=\"b147c10\" data-element_type=\"section\" data-e-type=\"section\">\n\t\t\t\t\t\t<div class=\"elementor-container elementor-column-gap-default\">\n\t\t\t\t\t<div class=\"elementor-column elementor-col-50 elementor-inner-column elementor-element elementor-element-6770dfe\" data-id=\"6770dfe\" data-element_type=\"column\" data-e-type=\"column\">\n\t\t\t<div class=\"elementor-widget-wrap elementor-element-populated\">\n\t\t\t\t\t\t<div class=\"elementor-element elementor-element-010d9ba elementor-widget elementor-widget-heading\" data-id=\"010d9ba\" data-element_type=\"widget\" data-e-type=\"widget\" data-widget_type=\"heading.default\">\n\t\t\t\t<div class=\"elementor-widget-container\">\n\t\t\t\t\t<h2 class=\"elementor-heading-title elementor-size-default\">\u041a\u043e\u043d\u0442\u0430\u043a\u0442\u044b<\/h2>\t\t\t\t<\/div>\n\t\t\t\t<\/div>\n\t\t\t\t<div class=\"elementor-element elementor-element-20dabc8 elementor-widget-divider--view-line elementor-widget elementor-widget-divider\" data-id=\"20dabc8\" data-element_type=\"widget\" data-e-type=\"widget\" data-widget_type=\"divider.default\">\n\t\t\t\t<div class=\"elementor-widget-container\">\n\t\t\t\t\t\t\t<div class=\"elementor-divider\">\n\t\t\t<span class=\"elementor-divider-separator\">\n\t\t\t\t\t\t<\/span>\n\t\t<\/div>\n\t\t\t\t\t\t<\/div>\n\t\t\t\t<\/div>\n\t\t\t\t\t<\/div>\n\t\t<\/div>\n\t\t\t\t<div class=\"elementor-column elementor-col-50 elementor-inner-column elementor-element elementor-element-c40835c\" data-id=\"c40835c\" data-element_type=\"column\" data-e-type=\"column\">\n\t\t\t<div class=\"elementor-widget-wrap elementor-element-populated\">\n\t\t\t\t\t\t<div class=\"elementor-element elementor-element-54d35a6 elementor-widget elementor-widget-text-editor\" data-id=\"54d35a6\" data-element_type=\"widget\" data-e-type=\"widget\" data-widget_type=\"text-editor.default\">\n\t\t\t\t<div class=\"elementor-widget-container\">\n\t\t\t\t\t\t\t\t\t<p><strong>\u0410\u0439\u043d\u0430\u0440\u0441 \u0418\u0435\u0441\u0430\u0432\u0441<\/strong>\u00a0<\/p><p>ANN MB eksperts, STC lab. in\u017eenieris\u00a0<\/p><p>ainars.iesavs@stc.lv<\/p><p>22720818<\/p>\t\t\t\t\t\t\t\t<\/div>\n\t\t\t\t<\/div>\n\t\t\t\t\t<\/div>\n\t\t<\/div>\n\t\t\t\t\t<\/div>\n\t\t<\/section>\n\t\t\t\t<section class=\"elementor-section elementor-inner-section elementor-element elementor-element-1e1c3db elementor-section-boxed elementor-section-height-default elementor-section-height-default\" data-id=\"1e1c3db\" data-element_type=\"section\" data-e-type=\"section\">\n\t\t\t\t\t\t<div class=\"elementor-container elementor-column-gap-default\">\n\t\t\t\t\t<div class=\"elementor-column elementor-col-100 elementor-inner-column elementor-element elementor-element-c9340bc\" data-id=\"c9340bc\" data-element_type=\"column\" data-e-type=\"column\" data-settings=\"{&quot;background_background&quot;:&quot;classic&quot;}\">\n\t\t\t<div class=\"elementor-widget-wrap elementor-element-populated\">\n\t\t\t\t\t\t<div class=\"elementor-element elementor-element-f859f31 elementor-widget elementor-widget-heading\" data-id=\"f859f31\" data-element_type=\"widget\" data-e-type=\"widget\" data-widget_type=\"heading.default\">\n\t\t\t\t<div class=\"elementor-widget-container\">\n\t\t\t\t\t<h3 class=\"elementor-heading-title elementor-size-default\">\u0446\u0435\u043d\u0442\u0440 \u043d\u0435\u043f\u0440\u0435\u0440\u044b\u0432\u043d\u043e\u0433\u043e \u043f\u0440\u043e\u0444\u0435\u0441\u0441\u0438\u043e\u043d\u0430\u043b\u044c\u043d\u043e\u0433\u043e \u043e\u0431\u0440\u0430\u0437\u043e\u0432\u0430\u043d\u0438\u044f stc<\/h3>\t\t\t\t<\/div>\n\t\t\t\t<\/div>\n\t\t\t\t<div class=\"elementor-element elementor-element-3573100 elementor-widget-divider--view-line elementor-widget elementor-widget-divider\" data-id=\"3573100\" data-element_type=\"widget\" data-e-type=\"widget\" data-widget_type=\"divider.default\">\n\t\t\t\t<div class=\"elementor-widget-container\">\n\t\t\t\t\t\t\t<div class=\"elementor-divider\">\n\t\t\t<span class=\"elementor-divider-separator\">\n\t\t\t\t\t\t<\/span>\n\t\t<\/div>\n\t\t\t\t\t\t<\/div>\n\t\t\t\t<\/div>\n\t\t\t\t<div class=\"elementor-element elementor-element-a368e7c elementor-widget elementor-widget-heading\" data-id=\"a368e7c\" data-element_type=\"widget\" data-e-type=\"widget\" data-widget_type=\"heading.default\">\n\t\t\t\t<div class=\"elementor-widget-container\">\n\t\t\t\t\t<h6 class=\"elementor-heading-title elementor-size-default\"><a href=\"tel:+37128810789\">+371 28810789<\/a><\/h6>\t\t\t\t<\/div>\n\t\t\t\t<\/div>\n\t\t\t\t<div class=\"elementor-element elementor-element-549c030 elementor-widget elementor-widget-heading\" data-id=\"549c030\" data-element_type=\"widget\" data-e-type=\"widget\" data-widget_type=\"heading.default\">\n\t\t\t\t<div class=\"elementor-widget-container\">\n\t\t\t\t\t<h6 class=\"elementor-heading-title elementor-size-default\"><a href=\"mailto:direktors@stc.lv\">macibucentrs@stc.lv<\/a><\/h6>\t\t\t\t<\/div>\n\t\t\t\t<\/div>\n\t\t\t\t\t<\/div>\n\t\t<\/div>\n\t\t\t\t\t<\/div>\n\t\t<\/section>\n\t\t\t\t\t<\/div>\n\t\t<\/div>\n\t\t\t\t\t<\/div>\n\t\t<\/section>\n\t\t\t\t<\/div>","protected":false},"excerpt":{"rendered":"<p>Se\u0161i so\u013ci l\u012bdz ce mar\u0137\u0113jumam Individu\u0101li izstr\u0101d\u0101tas m\u0101c\u012bbu programmas\/semin\u0101ri \u2013 Se\u0161i so\u013ci l\u012bdz CE mar\u0137\u0113jumam\u00a0 Sazinies ar mums! Nos\u016bt\u012bt zi\u0146u Kontakti Ain\u0101rs Iesavs\u00a0 ANN MB eksperts, STC lab. in\u017eenieris\u00a0 ainars.iesavs@stc.lv 22720818 stc profesion\u0101l\u0101s t\u0101l\u0101kizgl\u012bt\u012bbas centrs +371 28810789 macibucentrs@stc.lv<\/p>","protected":false},"author":5,"featured_media":0,"parent":0,"menu_order":0,"comment_status":"closed","ping_status":"closed","template":"","meta":{"footnotes":""},"class_list":["post-14705","page","type-page","status-publish","hentry"],"yoast_head":"<!-- This site is optimized with the Yoast SEO plugin v27.4 - https:\/\/yoast.com\/product\/yoast-seo-wordpress\/ -->\n<title>Se\u0161i so\u013ci l\u012bdz CE mar\u0137\u0113jumam - STC<\/title>\n<meta name=\"robots\" content=\"index, follow, max-snippet:-1, max-image-preview:large, max-video-preview:-1\" \/>\n<link rel=\"canonical\" href=\"https:\/\/stc.lv\/ru\/sesi-soli-lidz-ce-markejumam\/\" \/>\n<meta property=\"og:locale\" content=\"ru_RU\" \/>\n<meta property=\"og:type\" content=\"article\" \/>\n<meta property=\"og:title\" content=\"Se\u0161i so\u013ci l\u012bdz CE mar\u0137\u0113jumam - STC\" \/>\n<meta property=\"og:description\" content=\"Se\u0161i so\u013ci l\u012bdz ce mar\u0137\u0113jumam Individu\u0101li izstr\u0101d\u0101tas m\u0101c\u012bbu programmas\/semin\u0101ri \u2013 Se\u0161i so\u013ci l\u012bdz CE mar\u0137\u0113jumam\u00a0 Sazinies ar mums! Nos\u016bt\u012bt zi\u0146u Kontakti Ain\u0101rs Iesavs\u00a0 ANN MB eksperts, STC lab. in\u017eenieris\u00a0 ainars.iesavs@stc.lv 22720818 stc profesion\u0101l\u0101s t\u0101l\u0101kizgl\u012bt\u012bbas centrs +371 28810789 macibucentrs@stc.lv\" \/>\n<meta property=\"og:url\" content=\"https:\/\/stc.lv\/ru\/sesi-soli-lidz-ce-markejumam\/\" \/>\n<meta property=\"og:site_name\" content=\"STC\" \/>\n<meta property=\"article:publisher\" content=\"https:\/\/www.facebook.com\/profile.php?id=61560801215590\" \/>\n<meta property=\"article:modified_time\" content=\"2026-04-14T05:50:05+00:00\" \/>\n<meta name=\"twitter:card\" content=\"summary_large_image\" \/>\n<meta name=\"twitter:label1\" content=\"\u041f\u0440\u0438\u043c\u0435\u0440\u043d\u043e\u0435 \u0432\u0440\u0435\u043c\u044f \u0434\u043b\u044f \u0447\u0442\u0435\u043d\u0438\u044f\" \/>\n\t<meta name=\"twitter:data1\" content=\"1 \u043c\u0438\u043d\u0443\u0442\u0430\" \/>\n<script type=\"application\/ld+json\" class=\"yoast-schema-graph\">{\"@context\":\"https:\\\/\\\/schema.org\",\"@graph\":[{\"@type\":\"WebPage\",\"@id\":\"https:\\\/\\\/stc.lv\\\/sesi-soli-lidz-ce-markejumam\\\/\",\"url\":\"https:\\\/\\\/stc.lv\\\/sesi-soli-lidz-ce-markejumam\\\/\",\"name\":\"Se\u0161i so\u013ci l\u012bdz CE mar\u0137\u0113jumam - STC\",\"isPartOf\":{\"@id\":\"https:\\\/\\\/stc.lv\\\/#website\"},\"datePublished\":\"2026-04-14T05:47:09+00:00\",\"dateModified\":\"2026-04-14T05:50:05+00:00\",\"breadcrumb\":{\"@id\":\"https:\\\/\\\/stc.lv\\\/sesi-soli-lidz-ce-markejumam\\\/#breadcrumb\"},\"inLanguage\":\"ru-RU\",\"potentialAction\":[{\"@type\":\"ReadAction\",\"target\":[\"https:\\\/\\\/stc.lv\\\/sesi-soli-lidz-ce-markejumam\\\/\"]}]},{\"@type\":\"BreadcrumbList\",\"@id\":\"https:\\\/\\\/stc.lv\\\/sesi-soli-lidz-ce-markejumam\\\/#breadcrumb\",\"itemListElement\":[{\"@type\":\"ListItem\",\"position\":1,\"name\":\"Home\",\"item\":\"https:\\\/\\\/stc.lv\\\/\"},{\"@type\":\"ListItem\",\"position\":2,\"name\":\"Se\u0161i so\u013ci l\u012bdz CE mar\u0137\u0113jumam\"}]},{\"@type\":\"WebSite\",\"@id\":\"https:\\\/\\\/stc.lv\\\/#website\",\"url\":\"https:\\\/\\\/stc.lv\\\/\",\"name\":\"STC\",\"description\":\"Biolo\u0123isk\u0101 sertifik\u0101cija\",\"publisher\":{\"@id\":\"https:\\\/\\\/stc.lv\\\/#organization\"},\"alternateName\":\"Sertifik\u0101cijas un test\u0113\u0161anas centrs\",\"potentialAction\":[{\"@type\":\"SearchAction\",\"target\":{\"@type\":\"EntryPoint\",\"urlTemplate\":\"https:\\\/\\\/stc.lv\\\/?s={search_term_string}\"},\"query-input\":{\"@type\":\"PropertyValueSpecification\",\"valueRequired\":true,\"valueName\":\"search_term_string\"}}],\"inLanguage\":\"ru-RU\"},{\"@type\":\"Organization\",\"@id\":\"https:\\\/\\\/stc.lv\\\/#organization\",\"name\":\"SIA \u201cSertifik\u0101cijas un test\u0113\u0161anas centrs\u201d\",\"alternateName\":\"STC\",\"url\":\"https:\\\/\\\/stc.lv\\\/\",\"logo\":{\"@type\":\"ImageObject\",\"inLanguage\":\"ru-RU\",\"@id\":\"https:\\\/\\\/stc.lv\\\/#\\\/schema\\\/logo\\\/image\\\/\",\"url\":\"https:\\\/\\\/stc.lv\\\/wp-content\\\/uploads\\\/2020\\\/02\\\/STC-113-1.png\",\"contentUrl\":\"https:\\\/\\\/stc.lv\\\/wp-content\\\/uploads\\\/2020\\\/02\\\/STC-113-1.png\",\"width\":1950,\"height\":794,\"caption\":\"SIA \u201cSertifik\u0101cijas un test\u0113\u0161anas centrs\u201d\"},\"image\":{\"@id\":\"https:\\\/\\\/stc.lv\\\/#\\\/schema\\\/logo\\\/image\\\/\"},\"sameAs\":[\"https:\\\/\\\/www.facebook.com\\\/profile.php?id=61560801215590\",\"https:\\\/\\\/www.instagram.com\\\/sertifikacija_stc\\\/\"]}]}<\/script>\n<!-- \/ Yoast SEO plugin. -->","yoast_head_json":{"title":"Se\u0161i so\u013ci l\u012bdz CE mar\u0137\u0113jumam - STC","robots":{"index":"index","follow":"follow","max-snippet":"max-snippet:-1","max-image-preview":"max-image-preview:large","max-video-preview":"max-video-preview:-1"},"canonical":"https:\/\/stc.lv\/ru\/sesi-soli-lidz-ce-markejumam\/","og_locale":"ru_RU","og_type":"article","og_title":"Se\u0161i so\u013ci l\u012bdz CE mar\u0137\u0113jumam - STC","og_description":"Se\u0161i so\u013ci l\u012bdz ce mar\u0137\u0113jumam Individu\u0101li izstr\u0101d\u0101tas m\u0101c\u012bbu programmas\/semin\u0101ri \u2013 Se\u0161i so\u013ci l\u012bdz CE mar\u0137\u0113jumam\u00a0 Sazinies ar mums! Nos\u016bt\u012bt zi\u0146u Kontakti Ain\u0101rs Iesavs\u00a0 ANN MB eksperts, STC lab. in\u017eenieris\u00a0 ainars.iesavs@stc.lv 22720818 stc profesion\u0101l\u0101s t\u0101l\u0101kizgl\u012bt\u012bbas centrs +371 28810789 macibucentrs@stc.lv","og_url":"https:\/\/stc.lv\/ru\/sesi-soli-lidz-ce-markejumam\/","og_site_name":"STC","article_publisher":"https:\/\/www.facebook.com\/profile.php?id=61560801215590","article_modified_time":"2026-04-14T05:50:05+00:00","twitter_card":"summary_large_image","twitter_misc":{"\u041f\u0440\u0438\u043c\u0435\u0440\u043d\u043e\u0435 \u0432\u0440\u0435\u043c\u044f \u0434\u043b\u044f \u0447\u0442\u0435\u043d\u0438\u044f":"1 \u043c\u0438\u043d\u0443\u0442\u0430"},"schema":{"@context":"https:\/\/schema.org","@graph":[{"@type":"WebPage","@id":"https:\/\/stc.lv\/sesi-soli-lidz-ce-markejumam\/","url":"https:\/\/stc.lv\/sesi-soli-lidz-ce-markejumam\/","name":"Se\u0161i so\u013ci l\u012bdz CE mar\u0137\u0113jumam - STC","isPartOf":{"@id":"https:\/\/stc.lv\/#website"},"datePublished":"2026-04-14T05:47:09+00:00","dateModified":"2026-04-14T05:50:05+00:00","breadcrumb":{"@id":"https:\/\/stc.lv\/sesi-soli-lidz-ce-markejumam\/#breadcrumb"},"inLanguage":"ru-RU","potentialAction":[{"@type":"ReadAction","target":["https:\/\/stc.lv\/sesi-soli-lidz-ce-markejumam\/"]}]},{"@type":"BreadcrumbList","@id":"https:\/\/stc.lv\/sesi-soli-lidz-ce-markejumam\/#breadcrumb","itemListElement":[{"@type":"ListItem","position":1,"name":"Home","item":"https:\/\/stc.lv\/"},{"@type":"ListItem","position":2,"name":"Se\u0161i so\u013ci l\u012bdz CE mar\u0137\u0113jumam"}]},{"@type":"WebSite","@id":"https:\/\/stc.lv\/#website","url":"https:\/\/stc.lv\/","name":"STC","description":"\u041e\u0440\u0433\u0430\u043d\u0438\u0447\u0435\u0441\u043a\u0430\u044f \u0441\u0435\u0440\u0442\u0438\u0444\u0438\u043a\u0430\u0446\u0438\u044f","publisher":{"@id":"https:\/\/stc.lv\/#organization"},"alternateName":"Sertifik\u0101cijas un test\u0113\u0161anas centrs","potentialAction":[{"@type":"SearchAction","target":{"@type":"EntryPoint","urlTemplate":"https:\/\/stc.lv\/?s={search_term_string}"},"query-input":{"@type":"PropertyValueSpecification","valueRequired":true,"valueName":"search_term_string"}}],"inLanguage":"ru-RU"},{"@type":"Organization","@id":"https:\/\/stc.lv\/#organization","name":"SIA \"\u0426\u0435\u043d\u0442\u0440 \u0441\u0435\u0440\u0442\u0438\u0444\u0438\u043a\u0430\u0446\u0438\u0438 \u0438 \u0442\u0435\u0441\u0442\u0438\u0440\u043e\u0432\u0430\u043d\u0438\u044f\"","alternateName":"STC","url":"https:\/\/stc.lv\/","logo":{"@type":"ImageObject","inLanguage":"ru-RU","@id":"https:\/\/stc.lv\/#\/schema\/logo\/image\/","url":"https:\/\/stc.lv\/wp-content\/uploads\/2020\/02\/STC-113-1.png","contentUrl":"https:\/\/stc.lv\/wp-content\/uploads\/2020\/02\/STC-113-1.png","width":1950,"height":794,"caption":"SIA \u201cSertifik\u0101cijas un test\u0113\u0161anas centrs\u201d"},"image":{"@id":"https:\/\/stc.lv\/#\/schema\/logo\/image\/"},"sameAs":["https:\/\/www.facebook.com\/profile.php?id=61560801215590","https:\/\/www.instagram.com\/sertifikacija_stc\/"]}]}},"rttpg_featured_image_url":null,"rttpg_author":{"display_name":"Larisa Kaimi\u0146a","author_link":"https:\/\/stc.lv\/ru\/author\/macibucentrs\/"},"rttpg_comment":0,"rttpg_category":null,"rttpg_excerpt":"Se\u0161i so\u013ci l\u012bdz ce mar\u0137\u0113jumam Individu\u0101li izstr\u0101d\u0101tas m\u0101c\u012bbu programmas\/semin\u0101ri \u2013 Se\u0161i so\u013ci l\u012bdz CE mar\u0137\u0113jumam\u00a0 Sazinies ar mums! Nos\u016bt\u012bt zi\u0146u Kontakti Ain\u0101rs Iesavs\u00a0 ANN MB eksperts, STC lab. in\u017eenieris\u00a0 ainars.iesavs@stc.lv 22720818 stc profesion\u0101l\u0101s t\u0101l\u0101kizgl\u012bt\u012bbas centrs +371 28810789 macibucentrs@stc.lv","_links":{"self":[{"href":"https:\/\/stc.lv\/ru\/wp-json\/wp\/v2\/pages\/14705","targetHints":{"allow":["GET"]}}],"collection":[{"href":"https:\/\/stc.lv\/ru\/wp-json\/wp\/v2\/pages"}],"about":[{"href":"https:\/\/stc.lv\/ru\/wp-json\/wp\/v2\/types\/page"}],"author":[{"embeddable":true,"href":"https:\/\/stc.lv\/ru\/wp-json\/wp\/v2\/users\/5"}],"replies":[{"embeddable":true,"href":"https:\/\/stc.lv\/ru\/wp-json\/wp\/v2\/comments?post=14705"}],"version-history":[{"count":4,"href":"https:\/\/stc.lv\/ru\/wp-json\/wp\/v2\/pages\/14705\/revisions"}],"predecessor-version":[{"id":14712,"href":"https:\/\/stc.lv\/ru\/wp-json\/wp\/v2\/pages\/14705\/revisions\/14712"}],"wp:attachment":[{"href":"https:\/\/stc.lv\/ru\/wp-json\/wp\/v2\/media?parent=14705"}],"curies":[{"name":"wp","href":"https:\/\/api.w.org\/{rel}","templated":true}]}}