{"id":173,"date":"2019-06-26T08:45:39","date_gmt":"2019-06-26T08:45:39","guid":{"rendered":"https:\/\/stc.lv\/?page_id=2"},"modified":"2019-06-26T08:45:39","modified_gmt":"2019-06-26T08:45:39","slug":"\u0441\u0442\u0440\u0430\u043d\u0438\u0446\u0430-\u043e\u0431\u0440\u0430\u0437\u0446\u043e\u0432","status":"publish","type":"page","link":"https:\/\/stc.lv\/ru\/\u0441\u0442\u0440\u0430\u043d\u0438\u0446\u0430-\u043e\u0431\u0440\u0430\u0437\u0446\u043e\u0432\/","title":{"rendered":"\u041e\u0431\u0440\u0430\u0437\u0435\u0446 \u0441\u0442\u0440\u0430\u043d\u0438\u0446\u044b"},"content":{"rendered":"<p>\u042d\u0442\u043e \u043f\u0440\u0438\u043c\u0435\u0440 \u0441\u0442\u0440\u0430\u043d\u0438\u0446\u044b. \u041e\u043d\u0430 \u043e\u0442\u043b\u0438\u0447\u0430\u0435\u0442\u0441\u044f \u043e\u0442 \u0437\u0430\u043f\u0438\u0441\u0438 \u0432 \u0431\u043b\u043e\u0433\u0435 \u0442\u0435\u043c, \u0447\u0442\u043e \u0431\u0443\u0434\u0435\u0442 \u043d\u0430\u0445\u043e\u0434\u0438\u0442\u044c\u0441\u044f \u0432 \u043e\u0434\u043d\u043e\u043c \u043c\u0435\u0441\u0442\u0435 \u0438 \u043e\u0442\u043e\u0431\u0440\u0430\u0436\u0430\u0442\u044c\u0441\u044f \u0432 \u043d\u0430\u0432\u0438\u0433\u0430\u0446\u0438\u0438 \u0441\u0430\u0439\u0442\u0430 (\u0432 \u0431\u043e\u043b\u044c\u0448\u0438\u043d\u0441\u0442\u0432\u0435 \u0442\u0435\u043c). \u0411\u043e\u043b\u044c\u0448\u0438\u043d\u0441\u0442\u0432\u043e \u043b\u044e\u0434\u0435\u0439 \u043d\u0430\u0447\u0438\u043d\u0430\u044e\u0442 \u0441\u043e \u0441\u0442\u0440\u0430\u043d\u0438\u0446\u044b \"\u041e \u0441\u0435\u0431\u0435\", \u043a\u043e\u0442\u043e\u0440\u0430\u044f \u0437\u043d\u0430\u043a\u043e\u043c\u0438\u0442 \u0441 \u043d\u0438\u043c\u0438 \u043f\u043e\u0442\u0435\u043d\u0446\u0438\u0430\u043b\u044c\u043d\u044b\u0445 \u043f\u043e\u0441\u0435\u0442\u0438\u0442\u0435\u043b\u0435\u0439 \u0441\u0430\u0439\u0442\u0430. \u041d\u0430 \u043d\u0435\u0439 \u043c\u043e\u0436\u0435\u0442 \u0431\u044b\u0442\u044c \u043d\u0430\u043f\u0438\u0441\u0430\u043d\u043e \u043f\u0440\u0438\u043c\u0435\u0440\u043d\u043e \u0441\u043b\u0435\u0434\u0443\u044e\u0449\u0435\u0435:<\/p>\n\n\n\n<blockquote class=\"wp-block-quote is-layout-flow wp-block-quote-is-layout-flow\"><p>\u041f\u0440\u0438\u0432\u0435\u0442! \u0414\u043d\u0435\u043c \u044f \u043f\u043e\u0441\u044b\u043b\u044c\u043d\u044b\u0439 \u043d\u0430 \u0432\u0435\u043b\u043e\u0441\u0438\u043f\u0435\u0434\u0435, \u043d\u043e\u0447\u044c\u044e - \u043d\u0430\u0447\u0438\u043d\u0430\u044e\u0449\u0438\u0439 \u0430\u043a\u0442\u0435\u0440, \u0438 \u044d\u0442\u043e \u043c\u043e\u0439 \u0441\u0430\u0439\u0442. \u042f \u0436\u0438\u0432\u0443 \u0432 \u041b\u043e\u0441-\u0410\u043d\u0434\u0436\u0435\u043b\u0435\u0441\u0435, \u0443 \u043c\u0435\u043d\u044f \u0435\u0441\u0442\u044c \u0437\u0430\u043c\u0435\u0447\u0430\u0442\u0435\u043b\u044c\u043d\u0430\u044f \u0441\u043e\u0431\u0430\u043a\u0430 \u043f\u043e \u0438\u043c\u0435\u043d\u0438 \u0414\u0436\u0435\u043a, \u0438 \u044f \u043b\u044e\u0431\u043b\u044e \u043f\u0438\u043d\u044c\u044f-\u043a\u043e\u043b\u0430\u0434\u0443. (\u0418 \u043f\u043e\u043f\u0430\u0434\u0430\u0442\u044c \u043f\u043e\u0434 \u0434\u043e\u0436\u0434\u044c).<\/p><\/blockquote>\n\n\n\n<p>...\u0438\u043b\u0438 \u0447\u0442\u043e-\u0442\u043e \u0432\u0440\u043e\u0434\u0435 \u044d\u0442\u043e\u0433\u043e:<\/p>\n\n\n\n<blockquote class=\"wp-block-quote is-layout-flow wp-block-quote-is-layout-flow\"><p>\u041a\u043e\u043c\u043f\u0430\u043d\u0438\u044f XYZ Doohickey Company \u0431\u044b\u043b\u0430 \u043e\u0441\u043d\u043e\u0432\u0430\u043d\u0430 \u0432 1971 \u0433\u043e\u0434\u0443 \u0438 \u0441 \u0442\u0435\u0445 \u043f\u043e\u0440 \u043f\u043e\u0441\u0442\u0430\u0432\u043b\u044f\u0435\u0442 \u043d\u0430\u0441\u0435\u043b\u0435\u043d\u0438\u044e \u043a\u0430\u0447\u0435\u0441\u0442\u0432\u0435\u043d\u043d\u044b\u0435 \u0434\u0443\u0445\u0438\u043a\u0438. \u0420\u0430\u0441\u043f\u043e\u043b\u043e\u0436\u0435\u043d\u043d\u0430\u044f \u0432 \u0413\u043e\u0442\u044d\u043c-\u0441\u0438\u0442\u0438, \u043a\u043e\u043c\u043f\u0430\u043d\u0438\u044f XYZ \u043d\u0430\u0441\u0447\u0438\u0442\u044b\u0432\u0430\u0435\u0442 \u0431\u043e\u043b\u0435\u0435 2 000 \u0441\u043e\u0442\u0440\u0443\u0434\u043d\u0438\u043a\u043e\u0432 \u0438 \u0434\u0435\u043b\u0430\u0435\u0442 \u0432\u0441\u0435\u0432\u043e\u0437\u043c\u043e\u0436\u043d\u044b\u0435 \u0443\u0434\u0438\u0432\u0438\u0442\u0435\u043b\u044c\u043d\u044b\u0435 \u0432\u0435\u0449\u0438 \u0434\u043b\u044f \u0436\u0438\u0442\u0435\u043b\u0435\u0439 \u0413\u043e\u0442\u044d\u043c\u0430.<\/p><\/blockquote>\n\n\n\n<p>\u041a\u0430\u043a \u043d\u043e\u0432\u044b\u0439 \u043f\u043e\u043b\u044c\u0437\u043e\u0432\u0430\u0442\u0435\u043b\u044c WordPress, \u0432\u044b \u0434\u043e\u043b\u0436\u043d\u044b \u043f\u0435\u0440\u0435\u0439\u0442\u0438 \u0432 \u0440\u0430\u0437\u0434\u0435\u043b <a href=\"https:\/\/stc.lv\/wp-admin\/\">\u0432\u0430\u0448\u0430 \u043f\u0440\u0438\u0431\u043e\u0440\u043d\u0430\u044f \u043f\u0430\u043d\u0435\u043b\u044c<\/a> \u0447\u0442\u043e\u0431\u044b \u0443\u0434\u0430\u043b\u0438\u0442\u044c \u044d\u0442\u0443 \u0441\u0442\u0440\u0430\u043d\u0438\u0446\u0443 \u0438 \u0441\u043e\u0437\u0434\u0430\u0442\u044c \u043d\u043e\u0432\u044b\u0435 \u0441\u0442\u0440\u0430\u043d\u0438\u0446\u044b \u0434\u043b\u044f \u0432\u0430\u0448\u0435\u0433\u043e \u043a\u043e\u043d\u0442\u0435\u043d\u0442\u0430. \u0412\u0435\u0441\u0435\u043b\u0438\u0442\u0435\u0441\u044c!<\/p>","protected":false},"excerpt":{"rendered":"<p>This is an example page. It&#8217;s different from a blog post because it will stay in one place and will show up in your site navigation (in most themes). Most people start with an About page that introduces them to potential site visitors. It might say something like this: Hi there! I&#8217;m a bike messenger [&hellip;]<\/p>\n","protected":false},"author":1,"featured_media":0,"parent":0,"menu_order":0,"comment_status":"closed","ping_status":"open","template":"elementor_full_width","meta":{"footnotes":""},"class_list":["post-173","page","type-page","status-publish","hentry"],"yoast_head":"<!-- This site is optimized with the Yoast SEO plugin v27.4 - https:\/\/yoast.com\/product\/yoast-seo-wordpress\/ -->\n<title>Sample Page - STC<\/title>\n<meta name=\"robots\" content=\"index, follow, max-snippet:-1, max-image-preview:large, max-video-preview:-1\" \/>\n<link rel=\"canonical\" href=\"https:\/\/stc.lv\/ru\/\u0441\u0442\u0440\u0430\u043d\u0438\u0446\u0430-\u043e\u0431\u0440\u0430\u0437\u0446\u043e\u0432\/\" \/>\n<meta property=\"og:locale\" content=\"ru_RU\" \/>\n<meta property=\"og:type\" content=\"article\" \/>\n<meta property=\"og:title\" content=\"Sample Page - STC\" \/>\n<meta property=\"og:description\" content=\"This is an example page. It&#8217;s different from a blog post because it will stay in one place and will show up in your site navigation (in most themes). Most people start with an About page that introduces them to potential site visitors. It might say something like this: Hi there! I&#8217;m a bike messenger [&hellip;]\" \/>\n<meta property=\"og:url\" content=\"https:\/\/stc.lv\/ru\/\u0441\u0442\u0440\u0430\u043d\u0438\u0446\u0430-\u043e\u0431\u0440\u0430\u0437\u0446\u043e\u0432\/\" \/>\n<meta property=\"og:site_name\" content=\"STC\" \/>\n<meta property=\"article:publisher\" content=\"https:\/\/www.facebook.com\/profile.php?id=61560801215590\" \/>\n<meta name=\"twitter:card\" content=\"summary_large_image\" \/>\n<meta name=\"twitter:label1\" content=\"\u041f\u0440\u0438\u043c\u0435\u0440\u043d\u043e\u0435 \u0432\u0440\u0435\u043c\u044f \u0434\u043b\u044f \u0447\u0442\u0435\u043d\u0438\u044f\" \/>\n\t<meta name=\"twitter:data1\" content=\"1 \u043c\u0438\u043d\u0443\u0442\u0430\" \/>\n<script type=\"application\/ld+json\" class=\"yoast-schema-graph\">{\"@context\":\"https:\\\/\\\/schema.org\",\"@graph\":[{\"@type\":\"WebPage\",\"@id\":\"https:\\\/\\\/stc.lv\\\/sample-page\\\/\",\"url\":\"https:\\\/\\\/stc.lv\\\/sample-page\\\/\",\"name\":\"Sample Page - STC\",\"isPartOf\":{\"@id\":\"https:\\\/\\\/stc.lv\\\/#website\"},\"datePublished\":\"2019-06-26T08:45:39+00:00\",\"breadcrumb\":{\"@id\":\"https:\\\/\\\/stc.lv\\\/sample-page\\\/#breadcrumb\"},\"inLanguage\":\"ru-RU\",\"potentialAction\":[{\"@type\":\"ReadAction\",\"target\":[\"https:\\\/\\\/stc.lv\\\/sample-page\\\/\"]}]},{\"@type\":\"BreadcrumbList\",\"@id\":\"https:\\\/\\\/stc.lv\\\/sample-page\\\/#breadcrumb\",\"itemListElement\":[{\"@type\":\"ListItem\",\"position\":1,\"name\":\"Home\",\"item\":\"https:\\\/\\\/stc.lv\\\/\"},{\"@type\":\"ListItem\",\"position\":2,\"name\":\"Sample Page\"}]},{\"@type\":\"WebSite\",\"@id\":\"https:\\\/\\\/stc.lv\\\/#website\",\"url\":\"https:\\\/\\\/stc.lv\\\/\",\"name\":\"STC\",\"description\":\"Biolo\u0123isk\u0101 sertifik\u0101cija\",\"publisher\":{\"@id\":\"https:\\\/\\\/stc.lv\\\/#organization\"},\"alternateName\":\"Sertifik\u0101cijas un test\u0113\u0161anas centrs\",\"potentialAction\":[{\"@type\":\"SearchAction\",\"target\":{\"@type\":\"EntryPoint\",\"urlTemplate\":\"https:\\\/\\\/stc.lv\\\/?s={search_term_string}\"},\"query-input\":{\"@type\":\"PropertyValueSpecification\",\"valueRequired\":true,\"valueName\":\"search_term_string\"}}],\"inLanguage\":\"ru-RU\"},{\"@type\":\"Organization\",\"@id\":\"https:\\\/\\\/stc.lv\\\/#organization\",\"name\":\"SIA \u201cSertifik\u0101cijas un test\u0113\u0161anas centrs\u201d\",\"alternateName\":\"STC\",\"url\":\"https:\\\/\\\/stc.lv\\\/\",\"logo\":{\"@type\":\"ImageObject\",\"inLanguage\":\"ru-RU\",\"@id\":\"https:\\\/\\\/stc.lv\\\/#\\\/schema\\\/logo\\\/image\\\/\",\"url\":\"https:\\\/\\\/stc.lv\\\/wp-content\\\/uploads\\\/2020\\\/02\\\/STC-113-1.png\",\"contentUrl\":\"https:\\\/\\\/stc.lv\\\/wp-content\\\/uploads\\\/2020\\\/02\\\/STC-113-1.png\",\"width\":1950,\"height\":794,\"caption\":\"SIA \u201cSertifik\u0101cijas un test\u0113\u0161anas centrs\u201d\"},\"image\":{\"@id\":\"https:\\\/\\\/stc.lv\\\/#\\\/schema\\\/logo\\\/image\\\/\"},\"sameAs\":[\"https:\\\/\\\/www.facebook.com\\\/profile.php?id=61560801215590\",\"https:\\\/\\\/www.instagram.com\\\/sertifikacija_stc\\\/\"]}]}<\/script>\n<!-- \/ Yoast SEO plugin. -->","yoast_head_json":{"title":"\u041e\u0431\u0440\u0430\u0437\u0435\u0446 \u0441\u0442\u0440\u0430\u043d\u0438\u0446\u044b - STC","robots":{"index":"index","follow":"follow","max-snippet":"max-snippet:-1","max-image-preview":"max-image-preview:large","max-video-preview":"max-video-preview:-1"},"canonical":"https:\/\/stc.lv\/ru\/\u0441\u0442\u0440\u0430\u043d\u0438\u0446\u0430-\u043e\u0431\u0440\u0430\u0437\u0446\u043e\u0432\/","og_locale":"ru_RU","og_type":"article","og_title":"Sample Page - STC","og_description":"This is an example page. It&#8217;s different from a blog post because it will stay in one place and will show up in your site navigation (in most themes). Most people start with an About page that introduces them to potential site visitors. It might say something like this: Hi there! I&#8217;m a bike messenger [&hellip;]","og_url":"https:\/\/stc.lv\/ru\/\u0441\u0442\u0440\u0430\u043d\u0438\u0446\u0430-\u043e\u0431\u0440\u0430\u0437\u0446\u043e\u0432\/","og_site_name":"STC","article_publisher":"https:\/\/www.facebook.com\/profile.php?id=61560801215590","twitter_card":"summary_large_image","twitter_misc":{"\u041f\u0440\u0438\u043c\u0435\u0440\u043d\u043e\u0435 \u0432\u0440\u0435\u043c\u044f \u0434\u043b\u044f \u0447\u0442\u0435\u043d\u0438\u044f":"1 \u043c\u0438\u043d\u0443\u0442\u0430"},"schema":{"@context":"https:\/\/schema.org","@graph":[{"@type":"WebPage","@id":"https:\/\/stc.lv\/sample-page\/","url":"https:\/\/stc.lv\/sample-page\/","name":"\u041e\u0431\u0440\u0430\u0437\u0435\u0446 \u0441\u0442\u0440\u0430\u043d\u0438\u0446\u044b - STC","isPartOf":{"@id":"https:\/\/stc.lv\/#website"},"datePublished":"2019-06-26T08:45:39+00:00","breadcrumb":{"@id":"https:\/\/stc.lv\/sample-page\/#breadcrumb"},"inLanguage":"ru-RU","potentialAction":[{"@type":"ReadAction","target":["https:\/\/stc.lv\/sample-page\/"]}]},{"@type":"BreadcrumbList","@id":"https:\/\/stc.lv\/sample-page\/#breadcrumb","itemListElement":[{"@type":"ListItem","position":1,"name":"Home","item":"https:\/\/stc.lv\/"},{"@type":"ListItem","position":2,"name":"Sample Page"}]},{"@type":"WebSite","@id":"https:\/\/stc.lv\/#website","url":"https:\/\/stc.lv\/","name":"STC","description":"\u041e\u0440\u0433\u0430\u043d\u0438\u0447\u0435\u0441\u043a\u0430\u044f \u0441\u0435\u0440\u0442\u0438\u0444\u0438\u043a\u0430\u0446\u0438\u044f","publisher":{"@id":"https:\/\/stc.lv\/#organization"},"alternateName":"Sertifik\u0101cijas un test\u0113\u0161anas centrs","potentialAction":[{"@type":"SearchAction","target":{"@type":"EntryPoint","urlTemplate":"https:\/\/stc.lv\/?s={search_term_string}"},"query-input":{"@type":"PropertyValueSpecification","valueRequired":true,"valueName":"search_term_string"}}],"inLanguage":"ru-RU"},{"@type":"Organization","@id":"https:\/\/stc.lv\/#organization","name":"SIA \"\u0426\u0435\u043d\u0442\u0440 \u0441\u0435\u0440\u0442\u0438\u0444\u0438\u043a\u0430\u0446\u0438\u0438 \u0438 \u0442\u0435\u0441\u0442\u0438\u0440\u043e\u0432\u0430\u043d\u0438\u044f\"","alternateName":"STC","url":"https:\/\/stc.lv\/","logo":{"@type":"ImageObject","inLanguage":"ru-RU","@id":"https:\/\/stc.lv\/#\/schema\/logo\/image\/","url":"https:\/\/stc.lv\/wp-content\/uploads\/2020\/02\/STC-113-1.png","contentUrl":"https:\/\/stc.lv\/wp-content\/uploads\/2020\/02\/STC-113-1.png","width":1950,"height":794,"caption":"SIA \u201cSertifik\u0101cijas un test\u0113\u0161anas centrs\u201d"},"image":{"@id":"https:\/\/stc.lv\/#\/schema\/logo\/image\/"},"sameAs":["https:\/\/www.facebook.com\/profile.php?id=61560801215590","https:\/\/www.instagram.com\/sertifikacija_stc\/"]}]}},"rttpg_featured_image_url":null,"rttpg_author":{"display_name":"admin","author_link":"https:\/\/stc.lv\/ru\/author\/info_555hqm4r\/"},"rttpg_comment":0,"rttpg_category":null,"rttpg_excerpt":"This is an example page. It&#8217;s different from a blog post because it will stay in one place and will show up in your site navigation (in most themes). Most people start with an About page that introduces them to potential site visitors. It might say something like this: Hi there! I&#8217;m a bike messenger&hellip;","_links":{"self":[{"href":"https:\/\/stc.lv\/ru\/wp-json\/wp\/v2\/pages\/173","targetHints":{"allow":["GET"]}}],"collection":[{"href":"https:\/\/stc.lv\/ru\/wp-json\/wp\/v2\/pages"}],"about":[{"href":"https:\/\/stc.lv\/ru\/wp-json\/wp\/v2\/types\/page"}],"author":[{"embeddable":true,"href":"https:\/\/stc.lv\/ru\/wp-json\/wp\/v2\/users\/1"}],"replies":[{"embeddable":true,"href":"https:\/\/stc.lv\/ru\/wp-json\/wp\/v2\/comments?post=173"}],"version-history":[{"count":0,"href":"https:\/\/stc.lv\/ru\/wp-json\/wp\/v2\/pages\/173\/revisions"}],"wp:attachment":[{"href":"https:\/\/stc.lv\/ru\/wp-json\/wp\/v2\/media?parent=173"}],"curies":[{"name":"wp","href":"https:\/\/api.w.org\/{rel}","templated":true}]}}