{"id":2619,"date":"2021-08-20T15:08:01","date_gmt":"2021-08-20T13:08:01","guid":{"rendered":"https:\/\/stc.lv\/?page_id=2619"},"modified":"2025-01-15T06:44:53","modified_gmt":"2025-01-15T06:44:53","slug":"\u043e\u0444\u0438\u0441\u043d\u044b\u0435-\u043f\u043e\u043c\u0435\u0449\u0435\u043d\u0438\u044f1","status":"publish","type":"page","link":"https:\/\/stc.lv\/ru\/\u043e\u0444\u0438\u0441\u043d\u044b\u0435-\u043f\u043e\u043c\u0435\u0449\u0435\u043d\u0438\u044f1\/","title":{"rendered":"\u041e\u0444\u0438\u0441\u043d\u044b\u0435 \u043f\u043e\u043c\u0435\u0449\u0435\u043d\u0438\u044f1"},"content":{"rendered":"<div data-elementor-type=\"wp-page\" data-elementor-id=\"2619\" class=\"elementor elementor-2619\" data-elementor-post-type=\"page\">\n\t\t\t\t\t\t<section class=\"elementor-section elementor-top-section elementor-element elementor-element-072017e elementor-section-height-min-height elementor-section-boxed elementor-section-height-default elementor-section-items-middle\" data-id=\"072017e\" data-element_type=\"section\" data-e-type=\"section\" data-settings=\"{&quot;background_background&quot;:&quot;classic&quot;}\">\n\t\t\t\t\t\t\t<div class=\"elementor-background-overlay\"><\/div>\n\t\t\t\t\t\t\t<div class=\"elementor-container elementor-column-gap-default\">\n\t\t\t\t\t<div class=\"elementor-column elementor-col-100 elementor-top-column elementor-element elementor-element-3a8013a\" data-id=\"3a8013a\" data-element_type=\"column\" data-e-type=\"column\">\n\t\t\t<div class=\"elementor-widget-wrap elementor-element-populated\">\n\t\t\t\t\t\t<section class=\"elementor-section elementor-inner-section elementor-element elementor-element-61a482b elementor-section-boxed elementor-section-height-default elementor-section-height-default\" data-id=\"61a482b\" data-element_type=\"section\" data-e-type=\"section\">\n\t\t\t\t\t\t<div class=\"elementor-container elementor-column-gap-default\">\n\t\t\t\t\t<div class=\"elementor-column elementor-col-100 elementor-inner-column elementor-element elementor-element-a2ddfbf\" data-id=\"a2ddfbf\" data-element_type=\"column\" data-e-type=\"column\">\n\t\t\t<div class=\"elementor-widget-wrap elementor-element-populated\">\n\t\t\t\t\t\t<div class=\"elementor-element elementor-element-4aab4f1 elementor-widget elementor-widget-heading\" data-id=\"4aab4f1\" data-element_type=\"widget\" data-e-type=\"widget\" data-widget_type=\"heading.default\">\n\t\t\t\t<div class=\"elementor-widget-container\">\n\t\t\t\t\t<h1 class=\"elementor-heading-title elementor-size-default\">\u043e\u0444\u0438\u0441\u043d\u044b\u0435 \u043f\u043e\u043c\u0435\u0449\u0435\u043d\u0438\u044f<\/h1>\t\t\t\t<\/div>\n\t\t\t\t<\/div>\n\t\t\t\t<div class=\"elementor-element elementor-element-1b230be elementor-widget-divider--view-line elementor-widget elementor-widget-divider\" data-id=\"1b230be\" data-element_type=\"widget\" data-e-type=\"widget\" data-widget_type=\"divider.default\">\n\t\t\t\t<div class=\"elementor-widget-container\">\n\t\t\t\t\t\t\t<div class=\"elementor-divider\">\n\t\t\t<span class=\"elementor-divider-separator\">\n\t\t\t\t\t\t<\/span>\n\t\t<\/div>\n\t\t\t\t\t\t<\/div>\n\t\t\t\t<\/div>\n\t\t\t\t\t<\/div>\n\t\t<\/div>\n\t\t\t\t\t<\/div>\n\t\t<\/section>\n\t\t\t\t\t<\/div>\n\t\t<\/div>\n\t\t\t\t\t<\/div>\n\t\t<\/section>\n\t\t\t\t<section class=\"elementor-section elementor-top-section elementor-element elementor-element-bc0f51b elementor-section-boxed elementor-section-height-default elementor-section-height-default\" data-id=\"bc0f51b\" data-element_type=\"section\" data-e-type=\"section\">\n\t\t\t\t\t\t<div class=\"elementor-container elementor-column-gap-default\">\n\t\t\t\t\t<div class=\"elementor-column elementor-col-100 elementor-top-column elementor-element elementor-element-8ed7429\" data-id=\"8ed7429\" data-element_type=\"column\" data-e-type=\"column\">\n\t\t\t<div class=\"elementor-widget-wrap elementor-element-populated\">\n\t\t\t\t\t\t<section class=\"elementor-section elementor-inner-section elementor-element elementor-element-cb3421f elementor-section-boxed elementor-section-height-default elementor-section-height-default\" data-id=\"cb3421f\" data-element_type=\"section\" data-e-type=\"section\" data-settings=\"{&quot;background_background&quot;:&quot;classic&quot;}\">\n\t\t\t\t\t\t<div class=\"elementor-container elementor-column-gap-default\">\n\t\t\t\t\t<div class=\"elementor-column elementor-col-100 elementor-inner-column elementor-element elementor-element-4b00ea1\" data-id=\"4b00ea1\" data-element_type=\"column\" data-e-type=\"column\" data-settings=\"{&quot;background_background&quot;:&quot;classic&quot;}\">\n\t\t\t<div class=\"elementor-widget-wrap elementor-element-populated\">\n\t\t\t\t\t\t<div class=\"elementor-element elementor-element-15d26f2 elementor-widget elementor-widget-heading\" data-id=\"15d26f2\" data-element_type=\"widget\" data-e-type=\"widget\" data-widget_type=\"heading.default\">\n\t\t\t\t<div class=\"elementor-widget-container\">\n\t\t\t\t\t<h2 class=\"elementor-heading-title elementor-size-default\">\u041f\u043e\u043c\u0435\u0449\u0435\u043d\u0438\u044f \u043d\u0430 \u0443\u043b\u0438\u0446\u0435 \u0414\u0430\u0440\u0437\u0430, 12<\/h2>\t\t\t\t<\/div>\n\t\t\t\t<\/div>\n\t\t\t\t<div class=\"elementor-element elementor-element-9402e7f elementor-widget elementor-widget-text-editor\" data-id=\"9402e7f\" data-element_type=\"widget\" data-e-type=\"widget\" data-widget_type=\"text-editor.default\">\n\t\t\t\t<div class=\"elementor-widget-container\">\n\t\t\t\t\t\t\t\t\t<p>\u0426\u0435\u043d\u0430 - EUR 70 \u20ac\/\u043c\u0435\u0441\u044f\u0446. - EUR 140 \u20ac\/\u043c\u0435\u0441\u044f\u0446 + \u041d\u0414\u0421.<\/p><p>\u041f\u043b\u043e\u0449\u0430\u0434\u044c: 15 \u043c\u00b2 - 30 \u043c\u00b2\u00a0<\/p><p>\u042d\u043b\u0435\u043a\u0442\u0440\u043e\u044d\u043d\u0435\u0440\u0433\u0438\u044f \u0438 \u043e\u0442\u043e\u043f\u043b\u0435\u043d\u0438\u0435 \u043f\u043e \u043f\u043e\u043a\u0430\u0437\u0430\u043d\u0438\u044f\u043c \u0441\u0447\u0435\u0442\u0447\u0438\u043a\u043e\u0432.<\/p><p>\u0426\u0435\u0441\u0438\u0441 \u0438 \u041f\u0440\u0438\u0435\u043a\u0443\u043b\u0438 \u0441\u043e\u0435\u0434\u0438\u043d\u044f\u0435\u0442 \u0432\u044b\u0441\u043e\u043a\u043e\u043a\u0430\u0447\u0435\u0441\u0442\u0432\u0435\u043d\u043d\u0430\u044f \u0438 \u043e\u0441\u0432\u0435\u0449\u0435\u043d\u043d\u0430\u044f \u0432\u0435\u043b\u043e\u0441\u0438\u043f\u0435\u0434\u043d\u0430\u044f \u0434\u043e\u0440\u043e\u0436\u043a\u0430. \u0420\u0430\u0437\u043c\u0435\u0449\u0435\u043d\u0438\u0435 \u0432 \u0445\u043e\u0441\u0442\u0435\u043b\u0435 \"Prieku\u013ci\" \u043d\u0430 4-\u043c \u044d\u0442\u0430\u0436\u0435.<\/p><p>\u041e\u0442\u043b\u0438\u0447\u043d\u044b\u0439 \u043a\u0435\u0439\u0442\u0435\u0440\u0438\u043d\u0433 \u0432 \u0437\u0430\u043a\u0443\u0441\u043e\u0447\u043d\u043e\u0439 \"\u0421\u0442\u043e\u043f\" \u0432 \u0446\u043e\u043a\u043e\u043b\u044c\u043d\u043e\u043c \u044d\u0442\u0430\u0436\u0435. \u041c\u043e\u0436\u043d\u043e \u0437\u0430\u043a\u0430\u0437\u0430\u0442\u044c \u043a\u043e\u0444\u0435-\u0431\u0440\u0435\u0439\u043a\u0438, \u0431\u0430\u043d\u043a\u0435\u0442\u044b, \u0431\u0438\u0437\u043d\u0435\u0441-\u043b\u0430\u043d\u0447\u0438.\u00a0<\/p><p>\u0424\u043e\u0442\u043e\u0433\u0440\u0430\u0444\u0438\u0438 \u043d\u043e\u043c\u0435\u0440\u043e\u0432 \u0438 \u043e\u043f\u0438\u0441\u0430\u043d\u0438\u0435 \u0440\u0435\u043a\u043b\u0430\u043c\u044b \u0441\u043c. <strong><a href=\"https:\/\/www.ss.lv\/msg\/lv\/real-estate\/offices\/cesis-and-reg\/priekulu-pag\/U3oAG09kRFk=.html?1654689144\" target=\"_blank\" rel=\"noopener\">\u0417\u0414\u0415\u0421\u042c<\/a><\/strong><\/p>\t\t\t\t\t\t\t\t<\/div>\n\t\t\t\t<\/div>\n\t\t\t\t\t<\/div>\n\t\t<\/div>\n\t\t\t\t\t<\/div>\n\t\t<\/section>\n\t\t\t\t\t<\/div>\n\t\t<\/div>\n\t\t\t\t\t<\/div>\n\t\t<\/section>\n\t\t\t\t<section class=\"elementor-section elementor-top-section elementor-element elementor-element-fadc1ca elementor-section-boxed elementor-section-height-default elementor-section-height-default\" data-id=\"fadc1ca\" data-element_type=\"section\" data-e-type=\"section\">\n\t\t\t\t\t\t\t<div class=\"elementor-background-overlay\"><\/div>\n\t\t\t\t\t\t\t<div class=\"elementor-container elementor-column-gap-default\">\n\t\t\t\t\t<div class=\"elementor-column elementor-col-50 elementor-top-column elementor-element elementor-element-1043c2c\" data-id=\"1043c2c\" data-element_type=\"column\" data-e-type=\"column\">\n\t\t\t<div class=\"elementor-widget-wrap elementor-element-populated\">\n\t\t\t\t\t\t<div class=\"elementor-element elementor-element-1ae197e elementor-widget elementor-widget-heading\" data-id=\"1ae197e\" data-element_type=\"widget\" data-e-type=\"widget\" data-widget_type=\"heading.default\">\n\t\t\t\t<div class=\"elementor-widget-container\">\n\t\t\t\t\t<h2 class=\"elementor-heading-title elementor-size-default\">\u041d\u0443\u0436\u043d\u044b \u043e\u0444\u0438\u0441\u043d\u044b\u0435 \u043f\u043e\u043c\u0435\u0449\u0435\u043d\u0438\u044f?<\/h2>\t\t\t\t<\/div>\n\t\t\t\t<\/div>\n\t\t\t\t<div class=\"elementor-element elementor-element-54ac38b elementor-widget-divider--view-line elementor-widget elementor-widget-divider\" data-id=\"54ac38b\" data-element_type=\"widget\" data-e-type=\"widget\" data-widget_type=\"divider.default\">\n\t\t\t\t<div class=\"elementor-widget-container\">\n\t\t\t\t\t\t\t<div class=\"elementor-divider\">\n\t\t\t<span class=\"elementor-divider-separator\">\n\t\t\t\t\t\t<\/span>\n\t\t<\/div>\n\t\t\t\t\t\t<\/div>\n\t\t\t\t<\/div>\n\t\t\t\t\t<\/div>\n\t\t<\/div>\n\t\t\t\t<div class=\"elementor-column elementor-col-50 elementor-top-column elementor-element elementor-element-15bec0b\" data-id=\"15bec0b\" data-element_type=\"column\" data-e-type=\"column\">\n\t\t\t<div class=\"elementor-widget-wrap elementor-element-populated\">\n\t\t\t\t\t\t<div class=\"elementor-element elementor-element-fc60017 elementor-align-right elementor-tablet-align-left elementor-widget elementor-widget-button\" data-id=\"fc60017\" data-element_type=\"widget\" data-e-type=\"widget\" data-widget_type=\"button.default\">\n\t\t\t\t<div class=\"elementor-widget-container\">\n\t\t\t\t\t\t\t\t\t<div class=\"elementor-button-wrapper\">\n\t\t\t\t\t<a class=\"elementor-button elementor-button-link elementor-size-sm\" href=\"#elementor-action%3Aaction%3Dpopup%3Aopen%26settings%3DeyJpZCI6IjEwNjY0IiwidG9nZ2xlIjpmYWxzZX0%3D\">\n\t\t\t\t\t\t<span class=\"elementor-button-content-wrapper\">\n\t\t\t\t\t\t\t\t\t<span class=\"elementor-button-text\">\u0421\u0432\u044f\u0436\u0438\u0442\u0435\u0441\u044c \u0441 \u043d\u0430\u043c\u0438!<\/span>\n\t\t\t\t\t<\/span>\n\t\t\t\t\t<\/a>\n\t\t\t\t<\/div>\n\t\t\t\t\t\t\t\t<\/div>\n\t\t\t\t<\/div>\n\t\t\t\t\t<\/div>\n\t\t<\/div>\n\t\t\t\t\t<\/div>\n\t\t<\/section>\n\t\t\t\t<\/div>","protected":false},"excerpt":{"rendered":"<p>biroja telpas Telpas D\u0101rza iel\u0101 12 Cena &#8211; EUR 70 \u20ac\/m\u0113n. &#8211; EUR 140 \u20ac\/m\u0113n. + PVN. Plat\u012bba: 15 m\u00b2 &#8211; 30 m\u00b2\u00a0 Elektr\u012bba un apkure p\u0113c skait\u012bt\u0101ju r\u0101d\u012bjumiem. C\u0113sis un Prieku\u013cus savieno kvalitat\u012bvs un apgaismots veloceli\u0146\u0161. Naktsm\u012btnes hostel\u012b \u201ePrieku\u013ci\u201d 4.st\u0101v\u0101. Lieliska \u0113din\u0101\u0161ana pusdienotav\u0101 \u201ePietura\u201d pagrabst\u0101v\u0101. Iesp\u0113jams pas\u016bt\u012bt galdu kl\u0101\u0161anu kafijas pauz\u0113m, banketiem, biznesa pusdien\u0101m.\u00a0 [&hellip;]<\/p>\n","protected":false},"author":1,"featured_media":0,"parent":0,"menu_order":0,"comment_status":"closed","ping_status":"closed","template":"","meta":{"footnotes":""},"class_list":["post-2619","page","type-page","status-publish","hentry"],"yoast_head":"<!-- This site is optimized with the Yoast SEO plugin v27.4 - https:\/\/yoast.com\/product\/yoast-seo-wordpress\/ -->\n<title>Biroja telpas1 - STC<\/title>\n<meta name=\"robots\" content=\"index, follow, max-snippet:-1, max-image-preview:large, max-video-preview:-1\" \/>\n<link rel=\"canonical\" href=\"https:\/\/stc.lv\/ru\/\u043e\u0444\u0438\u0441\u043d\u044b\u0435-\u043f\u043e\u043c\u0435\u0449\u0435\u043d\u0438\u044f1\/\" \/>\n<meta property=\"og:locale\" content=\"ru_RU\" \/>\n<meta property=\"og:type\" content=\"article\" \/>\n<meta property=\"og:title\" content=\"Biroja telpas1 - STC\" \/>\n<meta property=\"og:description\" content=\"biroja telpas Telpas D\u0101rza iel\u0101 12 Cena &#8211; EUR 70 \u20ac\/m\u0113n. &#8211; EUR 140 \u20ac\/m\u0113n. + PVN. Plat\u012bba: 15 m\u00b2 &#8211; 30 m\u00b2\u00a0 Elektr\u012bba un apkure p\u0113c skait\u012bt\u0101ju r\u0101d\u012bjumiem. C\u0113sis un Prieku\u013cus savieno kvalitat\u012bvs un apgaismots veloceli\u0146\u0161. Naktsm\u012btnes hostel\u012b \u201ePrieku\u013ci\u201d 4.st\u0101v\u0101. Lieliska \u0113din\u0101\u0161ana pusdienotav\u0101 \u201ePietura\u201d pagrabst\u0101v\u0101. Iesp\u0113jams pas\u016bt\u012bt galdu kl\u0101\u0161anu kafijas pauz\u0113m, banketiem, biznesa pusdien\u0101m.\u00a0 [&hellip;]\" \/>\n<meta property=\"og:url\" content=\"https:\/\/stc.lv\/ru\/\u043e\u0444\u0438\u0441\u043d\u044b\u0435-\u043f\u043e\u043c\u0435\u0449\u0435\u043d\u0438\u044f1\/\" \/>\n<meta property=\"og:site_name\" content=\"STC\" \/>\n<meta property=\"article:publisher\" content=\"https:\/\/www.facebook.com\/profile.php?id=61560801215590\" \/>\n<meta property=\"article:modified_time\" content=\"2025-01-15T06:44:53+00:00\" \/>\n<meta name=\"twitter:card\" content=\"summary_large_image\" \/>\n<meta name=\"twitter:label1\" content=\"\u041f\u0440\u0438\u043c\u0435\u0440\u043d\u043e\u0435 \u0432\u0440\u0435\u043c\u044f \u0434\u043b\u044f \u0447\u0442\u0435\u043d\u0438\u044f\" \/>\n\t<meta name=\"twitter:data1\" content=\"1 \u043c\u0438\u043d\u0443\u0442\u0430\" \/>\n<script type=\"application\/ld+json\" class=\"yoast-schema-graph\">{\"@context\":\"https:\\\/\\\/schema.org\",\"@graph\":[{\"@type\":\"WebPage\",\"@id\":\"https:\\\/\\\/stc.lv\\\/biroja-telpas1\\\/\",\"url\":\"https:\\\/\\\/stc.lv\\\/biroja-telpas1\\\/\",\"name\":\"Biroja telpas1 - STC\",\"isPartOf\":{\"@id\":\"https:\\\/\\\/stc.lv\\\/#website\"},\"datePublished\":\"2021-08-20T13:08:01+00:00\",\"dateModified\":\"2025-01-15T06:44:53+00:00\",\"breadcrumb\":{\"@id\":\"https:\\\/\\\/stc.lv\\\/biroja-telpas1\\\/#breadcrumb\"},\"inLanguage\":\"ru-RU\",\"potentialAction\":[{\"@type\":\"ReadAction\",\"target\":[\"https:\\\/\\\/stc.lv\\\/biroja-telpas1\\\/\"]}]},{\"@type\":\"BreadcrumbList\",\"@id\":\"https:\\\/\\\/stc.lv\\\/biroja-telpas1\\\/#breadcrumb\",\"itemListElement\":[{\"@type\":\"ListItem\",\"position\":1,\"name\":\"Home\",\"item\":\"https:\\\/\\\/stc.lv\\\/\"},{\"@type\":\"ListItem\",\"position\":2,\"name\":\"Biroja telpas1\"}]},{\"@type\":\"WebSite\",\"@id\":\"https:\\\/\\\/stc.lv\\\/#website\",\"url\":\"https:\\\/\\\/stc.lv\\\/\",\"name\":\"STC\",\"description\":\"Biolo\u0123isk\u0101 sertifik\u0101cija\",\"publisher\":{\"@id\":\"https:\\\/\\\/stc.lv\\\/#organization\"},\"alternateName\":\"Sertifik\u0101cijas un test\u0113\u0161anas centrs\",\"potentialAction\":[{\"@type\":\"SearchAction\",\"target\":{\"@type\":\"EntryPoint\",\"urlTemplate\":\"https:\\\/\\\/stc.lv\\\/?s={search_term_string}\"},\"query-input\":{\"@type\":\"PropertyValueSpecification\",\"valueRequired\":true,\"valueName\":\"search_term_string\"}}],\"inLanguage\":\"ru-RU\"},{\"@type\":\"Organization\",\"@id\":\"https:\\\/\\\/stc.lv\\\/#organization\",\"name\":\"SIA \u201cSertifik\u0101cijas un test\u0113\u0161anas centrs\u201d\",\"alternateName\":\"STC\",\"url\":\"https:\\\/\\\/stc.lv\\\/\",\"logo\":{\"@type\":\"ImageObject\",\"inLanguage\":\"ru-RU\",\"@id\":\"https:\\\/\\\/stc.lv\\\/#\\\/schema\\\/logo\\\/image\\\/\",\"url\":\"https:\\\/\\\/stc.lv\\\/wp-content\\\/uploads\\\/2020\\\/02\\\/STC-113-1.png\",\"contentUrl\":\"https:\\\/\\\/stc.lv\\\/wp-content\\\/uploads\\\/2020\\\/02\\\/STC-113-1.png\",\"width\":1950,\"height\":794,\"caption\":\"SIA \u201cSertifik\u0101cijas un test\u0113\u0161anas centrs\u201d\"},\"image\":{\"@id\":\"https:\\\/\\\/stc.lv\\\/#\\\/schema\\\/logo\\\/image\\\/\"},\"sameAs\":[\"https:\\\/\\\/www.facebook.com\\\/profile.php?id=61560801215590\",\"https:\\\/\\\/www.instagram.com\\\/sertifikacija_stc\\\/\"]}]}<\/script>\n<!-- \/ Yoast SEO plugin. -->","yoast_head_json":{"title":"\u041e\u0444\u0438\u0441\u043d\u044b\u0435 \u043f\u043e\u043c\u0435\u0449\u0435\u043d\u0438\u044f1 - STC","robots":{"index":"index","follow":"follow","max-snippet":"max-snippet:-1","max-image-preview":"max-image-preview:large","max-video-preview":"max-video-preview:-1"},"canonical":"https:\/\/stc.lv\/ru\/\u043e\u0444\u0438\u0441\u043d\u044b\u0435-\u043f\u043e\u043c\u0435\u0449\u0435\u043d\u0438\u044f1\/","og_locale":"ru_RU","og_type":"article","og_title":"Biroja telpas1 - STC","og_description":"biroja telpas Telpas D\u0101rza iel\u0101 12 Cena &#8211; EUR 70 \u20ac\/m\u0113n. &#8211; EUR 140 \u20ac\/m\u0113n. + PVN. Plat\u012bba: 15 m\u00b2 &#8211; 30 m\u00b2\u00a0 Elektr\u012bba un apkure p\u0113c skait\u012bt\u0101ju r\u0101d\u012bjumiem. C\u0113sis un Prieku\u013cus savieno kvalitat\u012bvs un apgaismots veloceli\u0146\u0161. Naktsm\u012btnes hostel\u012b \u201ePrieku\u013ci\u201d 4.st\u0101v\u0101. Lieliska \u0113din\u0101\u0161ana pusdienotav\u0101 \u201ePietura\u201d pagrabst\u0101v\u0101. Iesp\u0113jams pas\u016bt\u012bt galdu kl\u0101\u0161anu kafijas pauz\u0113m, banketiem, biznesa pusdien\u0101m.\u00a0 [&hellip;]","og_url":"https:\/\/stc.lv\/ru\/\u043e\u0444\u0438\u0441\u043d\u044b\u0435-\u043f\u043e\u043c\u0435\u0449\u0435\u043d\u0438\u044f1\/","og_site_name":"STC","article_publisher":"https:\/\/www.facebook.com\/profile.php?id=61560801215590","article_modified_time":"2025-01-15T06:44:53+00:00","twitter_card":"summary_large_image","twitter_misc":{"\u041f\u0440\u0438\u043c\u0435\u0440\u043d\u043e\u0435 \u0432\u0440\u0435\u043c\u044f \u0434\u043b\u044f \u0447\u0442\u0435\u043d\u0438\u044f":"1 \u043c\u0438\u043d\u0443\u0442\u0430"},"schema":{"@context":"https:\/\/schema.org","@graph":[{"@type":"WebPage","@id":"https:\/\/stc.lv\/biroja-telpas1\/","url":"https:\/\/stc.lv\/biroja-telpas1\/","name":"\u041e\u0444\u0438\u0441\u043d\u044b\u0435 \u043f\u043e\u043c\u0435\u0449\u0435\u043d\u0438\u044f1 - STC","isPartOf":{"@id":"https:\/\/stc.lv\/#website"},"datePublished":"2021-08-20T13:08:01+00:00","dateModified":"2025-01-15T06:44:53+00:00","breadcrumb":{"@id":"https:\/\/stc.lv\/biroja-telpas1\/#breadcrumb"},"inLanguage":"ru-RU","potentialAction":[{"@type":"ReadAction","target":["https:\/\/stc.lv\/biroja-telpas1\/"]}]},{"@type":"BreadcrumbList","@id":"https:\/\/stc.lv\/biroja-telpas1\/#breadcrumb","itemListElement":[{"@type":"ListItem","position":1,"name":"Home","item":"https:\/\/stc.lv\/"},{"@type":"ListItem","position":2,"name":"Biroja telpas1"}]},{"@type":"WebSite","@id":"https:\/\/stc.lv\/#website","url":"https:\/\/stc.lv\/","name":"STC","description":"\u041e\u0440\u0433\u0430\u043d\u0438\u0447\u0435\u0441\u043a\u0430\u044f \u0441\u0435\u0440\u0442\u0438\u0444\u0438\u043a\u0430\u0446\u0438\u044f","publisher":{"@id":"https:\/\/stc.lv\/#organization"},"alternateName":"Sertifik\u0101cijas un test\u0113\u0161anas centrs","potentialAction":[{"@type":"SearchAction","target":{"@type":"EntryPoint","urlTemplate":"https:\/\/stc.lv\/?s={search_term_string}"},"query-input":{"@type":"PropertyValueSpecification","valueRequired":true,"valueName":"search_term_string"}}],"inLanguage":"ru-RU"},{"@type":"Organization","@id":"https:\/\/stc.lv\/#organization","name":"SIA \"\u0426\u0435\u043d\u0442\u0440 \u0441\u0435\u0440\u0442\u0438\u0444\u0438\u043a\u0430\u0446\u0438\u0438 \u0438 \u0442\u0435\u0441\u0442\u0438\u0440\u043e\u0432\u0430\u043d\u0438\u044f\"","alternateName":"STC","url":"https:\/\/stc.lv\/","logo":{"@type":"ImageObject","inLanguage":"ru-RU","@id":"https:\/\/stc.lv\/#\/schema\/logo\/image\/","url":"https:\/\/stc.lv\/wp-content\/uploads\/2020\/02\/STC-113-1.png","contentUrl":"https:\/\/stc.lv\/wp-content\/uploads\/2020\/02\/STC-113-1.png","width":1950,"height":794,"caption":"SIA \u201cSertifik\u0101cijas un test\u0113\u0161anas centrs\u201d"},"image":{"@id":"https:\/\/stc.lv\/#\/schema\/logo\/image\/"},"sameAs":["https:\/\/www.facebook.com\/profile.php?id=61560801215590","https:\/\/www.instagram.com\/sertifikacija_stc\/"]}]}},"rttpg_featured_image_url":null,"rttpg_author":{"display_name":"admin","author_link":"https:\/\/stc.lv\/ru\/author\/info_555hqm4r\/"},"rttpg_comment":0,"rttpg_category":null,"rttpg_excerpt":"biroja telpas Telpas D\u0101rza iel\u0101 12 Cena &#8211; EUR 70 \u20ac\/m\u0113n. &#8211; EUR 140 \u20ac\/m\u0113n. + PVN. Plat\u012bba: 15 m\u00b2 &#8211; 30 m\u00b2\u00a0 Elektr\u012bba un apkure p\u0113c skait\u012bt\u0101ju r\u0101d\u012bjumiem. C\u0113sis un Prieku\u013cus savieno kvalitat\u012bvs un apgaismots veloceli\u0146\u0161. Naktsm\u012btnes hostel\u012b \u201ePrieku\u013ci\u201d 4.st\u0101v\u0101. Lieliska \u0113din\u0101\u0161ana pusdienotav\u0101 \u201ePietura\u201d pagrabst\u0101v\u0101. Iesp\u0113jams pas\u016bt\u012bt galdu kl\u0101\u0161anu kafijas pauz\u0113m, banketiem, biznesa pusdien\u0101m.\u00a0&hellip;","_links":{"self":[{"href":"https:\/\/stc.lv\/ru\/wp-json\/wp\/v2\/pages\/2619","targetHints":{"allow":["GET"]}}],"collection":[{"href":"https:\/\/stc.lv\/ru\/wp-json\/wp\/v2\/pages"}],"about":[{"href":"https:\/\/stc.lv\/ru\/wp-json\/wp\/v2\/types\/page"}],"author":[{"embeddable":true,"href":"https:\/\/stc.lv\/ru\/wp-json\/wp\/v2\/users\/1"}],"replies":[{"embeddable":true,"href":"https:\/\/stc.lv\/ru\/wp-json\/wp\/v2\/comments?post=2619"}],"version-history":[{"count":6,"href":"https:\/\/stc.lv\/ru\/wp-json\/wp\/v2\/pages\/2619\/revisions"}],"predecessor-version":[{"id":11509,"href":"https:\/\/stc.lv\/ru\/wp-json\/wp\/v2\/pages\/2619\/revisions\/11509"}],"wp:attachment":[{"href":"https:\/\/stc.lv\/ru\/wp-json\/wp\/v2\/media?parent=2619"}],"curies":[{"name":"wp","href":"https:\/\/api.w.org\/{rel}","templated":true}]}}