{"id":6445,"date":"2022-12-14T14:32:14","date_gmt":"2022-12-14T12:32:14","guid":{"rendered":"https:\/\/stc.lv\/?page_id=6445"},"modified":"2024-12-05T18:52:45","modified_gmt":"2024-12-05T18:52:45","slug":"\u043f\u043e\u043c\u043e\u0449\u043d\u0438\u043a-\u043c\u0435\u043d\u0435\u0434\u0436\u0435\u0440\u0430-\u043f\u043e-\u043a\u0430\u0447\u0435\u0441\u0442\u0432\u0443","status":"publish","type":"page","link":"https:\/\/stc.lv\/ru\/\u0432\u0430\u043a\u0430\u043d\u0441\u0438\u0438-3\/\u043f\u043e\u043c\u043e\u0449\u043d\u0438\u043a-\u043c\u0435\u043d\u0435\u0434\u0436\u0435\u0440\u0430-\u043f\u043e-\u043a\u0430\u0447\u0435\u0441\u0442\u0432\u0443\/","title":{"rendered":"\u041f\u043e\u043c\u043e\u0449\u043d\u0438\u043a \u043c\u0435\u043d\u0435\u0434\u0436\u0435\u0440\u0430 \u043f\u043e \u043a\u0430\u0447\u0435\u0441\u0442\u0432\u0443"},"content":{"rendered":"<div data-elementor-type=\"wp-page\" data-elementor-id=\"6445\" class=\"elementor elementor-6445\" data-elementor-post-type=\"page\">\n\t\t\t\t\t\t<section class=\"elementor-section elementor-top-section elementor-element elementor-element-b87c17e elementor-section-height-min-height elementor-section-boxed elementor-section-height-default elementor-section-items-middle\" data-id=\"b87c17e\" data-element_type=\"section\" data-e-type=\"section\" data-settings=\"{&quot;background_background&quot;:&quot;classic&quot;}\">\n\t\t\t\t\t\t\t<div class=\"elementor-background-overlay\"><\/div>\n\t\t\t\t\t\t\t<div class=\"elementor-container elementor-column-gap-default\">\n\t\t\t\t\t<div class=\"elementor-column elementor-col-100 elementor-top-column elementor-element elementor-element-f51deeb\" data-id=\"f51deeb\" data-element_type=\"column\" data-e-type=\"column\">\n\t\t\t<div class=\"elementor-widget-wrap elementor-element-populated\">\n\t\t\t\t\t\t<section class=\"elementor-section elementor-inner-section elementor-element elementor-element-d60d133 elementor-section-boxed elementor-section-height-default elementor-section-height-default\" data-id=\"d60d133\" data-element_type=\"section\" data-e-type=\"section\">\n\t\t\t\t\t\t<div class=\"elementor-container elementor-column-gap-default\">\n\t\t\t\t\t<div class=\"elementor-column elementor-col-100 elementor-inner-column elementor-element elementor-element-fa7757b\" data-id=\"fa7757b\" data-element_type=\"column\" data-e-type=\"column\">\n\t\t\t<div class=\"elementor-widget-wrap elementor-element-populated\">\n\t\t\t\t\t\t<div class=\"elementor-element elementor-element-5269aef elementor-widget elementor-widget-heading\" data-id=\"5269aef\" data-element_type=\"widget\" data-e-type=\"widget\" data-widget_type=\"heading.default\">\n\t\t\t\t<div class=\"elementor-widget-container\">\n\t\t\t\t\t<h1 class=\"elementor-heading-title elementor-size-default\">\u041f\u041e\u041c\u041e\u0429\u041d\u0418\u041a \u041c\u0415\u041d\u0415\u0414\u0416\u0415\u0420\u0410 \u041f\u041e \u041a\u0410\u0427\u0415\u0421\u0422\u0412\u0423<\/h1>\t\t\t\t<\/div>\n\t\t\t\t<\/div>\n\t\t\t\t<div class=\"elementor-element elementor-element-b36b8a3 elementor-widget-divider--view-line elementor-widget elementor-widget-divider\" data-id=\"b36b8a3\" data-element_type=\"widget\" data-e-type=\"widget\" data-widget_type=\"divider.default\">\n\t\t\t\t<div class=\"elementor-widget-container\">\n\t\t\t\t\t\t\t<div class=\"elementor-divider\">\n\t\t\t<span class=\"elementor-divider-separator\">\n\t\t\t\t\t\t<\/span>\n\t\t<\/div>\n\t\t\t\t\t\t<\/div>\n\t\t\t\t<\/div>\n\t\t\t\t\t<\/div>\n\t\t<\/div>\n\t\t\t\t\t<\/div>\n\t\t<\/section>\n\t\t\t\t\t<\/div>\n\t\t<\/div>\n\t\t\t\t\t<\/div>\n\t\t<\/section>\n\t\t\t\t<section class=\"elementor-section elementor-top-section elementor-element elementor-element-777b42dd elementor-section-boxed elementor-section-height-default elementor-section-height-default\" data-id=\"777b42dd\" data-element_type=\"section\" data-e-type=\"section\">\n\t\t\t\t\t\t<div class=\"elementor-container elementor-column-gap-default\">\n\t\t\t\t\t<div class=\"elementor-column elementor-col-100 elementor-top-column elementor-element elementor-element-6591dc40\" data-id=\"6591dc40\" data-element_type=\"column\" data-e-type=\"column\">\n\t\t\t<div class=\"elementor-widget-wrap elementor-element-populated\">\n\t\t\t\t\t\t<section class=\"elementor-section elementor-inner-section elementor-element elementor-element-9fe6712 elementor-section-boxed elementor-section-height-default elementor-section-height-default\" data-id=\"9fe6712\" data-element_type=\"section\" data-e-type=\"section\">\n\t\t\t\t\t\t<div class=\"elementor-container elementor-column-gap-default\">\n\t\t\t\t\t<div class=\"elementor-column elementor-col-100 elementor-inner-column elementor-element elementor-element-03cfe57\" data-id=\"03cfe57\" data-element_type=\"column\" data-e-type=\"column\">\n\t\t\t<div class=\"elementor-widget-wrap elementor-element-populated\">\n\t\t\t\t\t\t<div class=\"elementor-element elementor-element-ba0eda5 elementor-widget elementor-widget-text-editor\" data-id=\"ba0eda5\" data-element_type=\"widget\" data-e-type=\"widget\" data-widget_type=\"text-editor.default\">\n\t\t\t\t<div class=\"elementor-widget-container\">\n\t\t\t\t\t\t\t\t\t<h6><strong>\u041f\u0440\u0438\u0435\u043c \u0437\u0430\u044f\u0432\u043e\u043a<\/strong><\/h6><h3><strong>\u041f\u041e\u041c\u041e\u0429\u041d\u0418\u041a \u041c\u0415\u041d\u0415\u0414\u0416\u0415\u0420\u0410 \u041f\u041e \u041a\u0410\u0427\u0415\u0421\u0422\u0412\u0423<\/strong><\/h3>\t\t\t\t\t\t\t\t<\/div>\n\t\t\t\t<\/div>\n\t\t\t\t\t<\/div>\n\t\t<\/div>\n\t\t\t\t\t<\/div>\n\t\t<\/section>\n\t\t\t\t<div class=\"elementor-element elementor-element-1bdb86bc elementor-widget elementor-widget-text-editor\" data-id=\"1bdb86bc\" data-element_type=\"widget\" data-e-type=\"widget\" data-widget_type=\"text-editor.default\">\n\t\t\t\t<div class=\"elementor-widget-container\">\n\t\t\t\t\t\t\t\t\t<p><strong>\u041e\u0431\u044f\u0437\u0430\u043d\u043d\u043e\u0441\u0442\u0438<\/strong>:<\/p><ul><li>\u0443\u0447\u0430\u0441\u0442\u0432\u043e\u0432\u0430\u0442\u044c \u0432 \u043f\u043e\u0434\u0434\u0435\u0440\u0436\u0430\u043d\u0438\u0438 \u0441\u0438\u0441\u0442\u0435\u043c\u044b \u043a\u0430\u0447\u0435\u0441\u0442\u0432\u0430 \u0432 \u043a\u043e\u043c\u043f\u0430\u043d\u0438\u0438<\/li><li>\u043f\u043e\u0434\u0434\u0435\u0440\u0436\u043a\u0430 \u044d\u043a\u0441\u043f\u0435\u0440\u0442\u043e\u0432 \u0432 \u0440\u0435\u0448\u0435\u043d\u0438\u0438 \u0440\u0430\u0437\u043b\u0438\u0447\u043d\u044b\u0445 \u0437\u0430\u0434\u0430\u0447<\/li><li>\u0443\u0447\u0430\u0441\u0442\u0432\u043e\u0432\u0430\u0442\u044c \u0432 \u0430\u0443\u0434\u0438\u0442\u0430\u0445 \u043f\u043e \u043e\u0446\u0435\u043d\u043a\u0435 \u0441\u0438\u0441\u0442\u0435\u043c\u044b \u043a\u0430\u0447\u0435\u0441\u0442\u0432\u0430<\/li><li>\u0432\u043d\u043e\u0441\u0438\u0442\u044c \u0432\u043a\u043b\u0430\u0434 \u0432 \u043f\u043e\u0434\u0433\u043e\u0442\u043e\u0432\u043a\u0443 \u0440\u0435\u0437\u0443\u043b\u044c\u0442\u0430\u0442\u043e\u0432 \u0438 \u043e\u0442\u0447\u0435\u0442\u043e\u0432<\/li><\/ul><p><strong>\u0422\u0440\u0435\u0431\u043e\u0432\u0430\u043d\u0438\u044f<\/strong>:<\/p><ul><li>\u0421\u043e\u043e\u0442\u0432\u0435\u0442\u0441\u0442\u0432\u0443\u044e\u0449\u0435\u0435 \u043e\u0431\u0440\u0430\u0437\u043e\u0432\u0430\u043d\u0438\u0435 \u0432 \u043e\u0431\u043b\u0430\u0441\u0442\u0438 \u0443\u043f\u0440\u0430\u0432\u043b\u0435\u043d\u0438\u044f \u043a\u0430\u0447\u0435\u0441\u0442\u0432\u043e\u043c \u0438\u043b\u0438 \u0432 \u0434\u0440\u0443\u0433\u043e\u0439 \u0441\u0444\u0435\u0440\u0435 \u0443\u043f\u0440\u0430\u0432\u043b\u0435\u043d\u0438\u044f<\/li><li>\u041d\u0435 \u043c\u0435\u043d\u0435\u0435 \u043e\u0434\u043d\u043e\u0433\u043e \u0433\u043e\u0434\u0430 \u043f\u0440\u0430\u043a\u0442\u0438\u0447\u0435\u0441\u043a\u043e\u0433\u043e \u043e\u043f\u044b\u0442\u0430 \u0432 \u043e\u0431\u043b\u0430\u0441\u0442\u0438 \u0443\u043f\u0440\u0430\u0432\u043b\u0435\u043d\u0438\u044f \u043a\u0430\u0447\u0435\u0441\u0442\u0432\u043e\u043c<\/li><li>\u0425\u043e\u0440\u043e\u0448\u0435\u0435 \u0437\u043d\u0430\u043d\u0438\u0435 \u043d\u0430\u0446\u0438\u043e\u043d\u0430\u043b\u044c\u043d\u043e\u0433\u043e \u044f\u0437\u044b\u043a\u0430<\/li><li>\u0417\u043d\u0430\u043d\u0438\u0435 \u0430\u043d\u0433\u043b\u0438\u0439\u0441\u043a\u043e\u0433\u043e \u044f\u0437\u044b\u043a\u0430 \u043f\u0440\u0435\u0434\u043f\u043e\u0447\u0442\u0438\u0442\u0435\u043b\u044c\u043d\u043e<p><em>(\u0440\u0430\u0431\u043e\u0442\u0430 \u0441 \u043a\u043b\u0438\u0435\u043d\u0442\u0430\u043c\u0438 \u0438\u0437 \u0442\u0440\u0435\u0442\u044c\u0438\u0445 \u0441\u0442\u0440\u0430\u043d, \u043c\u0435\u0436\u0434\u0443\u043d\u0430\u0440\u043e\u0434\u043d\u044b\u0435 \u0441\u0442\u0430\u043d\u0434\u0430\u0440\u0442\u044b, \u0443\u0447\u0430\u0441\u0442\u0438\u0435 \u0432 \u043c\u0435\u0436\u0434\u0443\u043d\u0430\u0440\u043e\u0434\u043d\u044b\u0445 \u0432\u044b\u0441\u0442\u0430\u0432\u043a\u0430\u0445 \u0438 \u043e\u0440\u0433\u0430\u043d\u0438\u0437\u0430\u0446\u0438\u044f\u0445)<\/em><\/p><\/li><li><p><span style=\"font-size: 16px;\">\u0417\u043d\u0430\u043d\u0438\u0435 \u043f\u0440\u0438\u043b\u043e\u0436\u0435\u043d\u0438\u0439 MS Office<\/span><\/p><\/li><\/ul><p><strong>\u041c\u044b \u043f\u0440\u0435\u0434\u043b\u0430\u0433\u0430\u0435\u043c<\/strong>:<\/p><ul><li>\u041f\u0440\u043e\u0434\u043e\u043b\u0436\u0438\u0442\u044c \u0441\u0432\u043e\u044e \u043f\u0440\u043e\u0444\u0435\u0441\u0441\u0438\u043e\u043d\u0430\u043b\u044c\u043d\u0443\u044e \u043a\u0430\u0440\u044c\u0435\u0440\u0443 \u0432 \u043e\u0431\u043b\u0430\u0441\u0442\u0438 \u0443\u043f\u0440\u0430\u0432\u043b\u0435\u043d\u0438\u044f \u043a\u0430\u0447\u0435\u0441\u0442\u0432\u043e\u043c<\/li><li>\u0412\u043e\u0437\u043c\u043e\u0436\u043d\u043e\u0441\u0442\u0438 \u0434\u043b\u044f \u043e\u0431\u0443\u0447\u0435\u043d\u0438\u044f \u0438 \u043f\u0440\u043e\u0444\u0435\u0441\u0441\u0438\u043e\u043d\u0430\u043b\u044c\u043d\u043e\u0433\u043e \u0440\u0430\u0437\u0432\u0438\u0442\u0438\u044f<\/li><li>\u0417\u0430\u0440\u0430\u0431\u043e\u0442\u043d\u0430\u044f \u043f\u043b\u0430\u0442\u0430 \u0443\u0432\u0435\u043b\u0438\u0447\u0438\u0432\u0430\u0435\u0442\u0441\u044f \u0441 950 \u0435\u0432\u0440\u043e \u0434\u043e \u0432\u044b\u0447\u0435\u0442\u0430 \u043d\u0430\u043b\u043e\u0433\u043e\u0432<\/li><\/ul><p>\u041e\u0442\u043f\u0440\u0430\u0432\u044c\u0442\u0435 \u043f\u0438\u0441\u044c\u043c\u043e \u0441 \u0437\u0430\u044f\u0432\u043b\u0435\u043d\u0438\u0435\u043c \u0438 \u0440\u0435\u0437\u044e\u043c\u0435 \u043f\u043e \u0430\u0434\u0440\u0435\u0441\u0443 <a href=\"mailto:info@stc.lv\">info@stc.lv<\/a>;<\/p><p>\u0422\u0435\u043b\u0435\u0444\u043e\u043d \u0434\u043b\u044f \u0441\u043f\u0440\u0430\u0432\u043e\u043a - 64130013<\/p>\t\t\t\t\t\t\t\t<\/div>\n\t\t\t\t<\/div>\n\t\t\t\t\t<\/div>\n\t\t<\/div>\n\t\t\t\t\t<\/div>\n\t\t<\/section>\n\t\t\t\t<section class=\"elementor-section elementor-top-section elementor-element elementor-element-757e3af elementor-section-boxed elementor-section-height-default elementor-section-height-default\" data-id=\"757e3af\" data-element_type=\"section\" data-e-type=\"section\">\n\t\t\t\t\t\t\t<div class=\"elementor-background-overlay\"><\/div>\n\t\t\t\t\t\t\t<div class=\"elementor-container elementor-column-gap-default\">\n\t\t\t\t\t<div class=\"elementor-column elementor-col-50 elementor-top-column elementor-element elementor-element-8b25547\" data-id=\"8b25547\" data-element_type=\"column\" data-e-type=\"column\">\n\t\t\t<div class=\"elementor-widget-wrap elementor-element-populated\">\n\t\t\t\t\t\t<div class=\"elementor-element elementor-element-2dec69a elementor-widget elementor-widget-heading\" data-id=\"2dec69a\" data-element_type=\"widget\" data-e-type=\"widget\" data-widget_type=\"heading.default\">\n\t\t\t\t<div class=\"elementor-widget-container\">\n\t\t\t\t\t<h2 class=\"elementor-heading-title elementor-size-default\">\u041f\u0440\u0438\u043c\u0435\u043d\u0438\u0442\u044c \u0441\u0435\u0439\u0447\u0430\u0441<\/h2>\t\t\t\t<\/div>\n\t\t\t\t<\/div>\n\t\t\t\t<div class=\"elementor-element elementor-element-39da533 elementor-widget-divider--view-line elementor-widget elementor-widget-divider\" data-id=\"39da533\" data-element_type=\"widget\" data-e-type=\"widget\" data-widget_type=\"divider.default\">\n\t\t\t\t<div class=\"elementor-widget-container\">\n\t\t\t\t\t\t\t<div class=\"elementor-divider\">\n\t\t\t<span class=\"elementor-divider-separator\">\n\t\t\t\t\t\t<\/span>\n\t\t<\/div>\n\t\t\t\t\t\t<\/div>\n\t\t\t\t<\/div>\n\t\t\t\t\t<\/div>\n\t\t<\/div>\n\t\t\t\t<div class=\"elementor-column elementor-col-50 elementor-top-column elementor-element elementor-element-336c5c4\" data-id=\"336c5c4\" data-element_type=\"column\" data-e-type=\"column\">\n\t\t\t<div class=\"elementor-widget-wrap elementor-element-populated\">\n\t\t\t\t\t\t<div class=\"elementor-element elementor-element-97f8d93 elementor-align-right elementor-tablet-align-left elementor-widget elementor-widget-button\" data-id=\"97f8d93\" data-element_type=\"widget\" data-e-type=\"widget\" data-widget_type=\"button.default\">\n\t\t\t\t<div class=\"elementor-widget-container\">\n\t\t\t\t\t\t\t\t\t<div class=\"elementor-button-wrapper\">\n\t\t\t\t\t<a class=\"elementor-button elementor-button-link elementor-size-sm\" href=\"#elementor-action%3Aaction%3Dpopup%3Aopen%26settings%3DeyJpZCI6IjEwNjc2IiwidG9nZ2xlIjpmYWxzZX0%3D\">\n\t\t\t\t\t\t<span class=\"elementor-button-content-wrapper\">\n\t\t\t\t\t\t\t\t\t<span class=\"elementor-button-text\">\u041f\u043e\u0434\u0430\u0442\u044c \u0437\u0430\u044f\u0432\u043a\u0443 \u043d\u0430 \u0432\u0430\u043a\u0430\u043d\u0441\u0438\u044e<\/span>\n\t\t\t\t\t<\/span>\n\t\t\t\t\t<\/a>\n\t\t\t\t<\/div>\n\t\t\t\t\t\t\t\t<\/div>\n\t\t\t\t<\/div>\n\t\t\t\t\t<\/div>\n\t\t<\/div>\n\t\t\t\t\t<\/div>\n\t\t<\/section>\n\t\t\t\t<\/div>","protected":false},"excerpt":{"rendered":"<p>KVALIT\u0100TES VAD\u012aT\u0100JA ASISTENTS Aicin\u0101m pieteikties KVALIT\u0100TES VAD\u012aT\u0100JA ASISTENTU Pien\u0101kumi: piedal\u012bties kvalit\u0101tes sist\u0113mas uztur\u0113\u0161an\u0101 uz\u0146\u0113mum\u0101 sniegt atbalstu ekspertiem da\u017e\u0101dos uzdevumos l\u012bdzdarboties kvalit\u0101tes sist\u0113mu nov\u0113rt\u0113\u0161anas auditos piedal\u012bties rezult\u0101tu un atskai\u0161u sagatavo\u0161an\u0101 Pras\u012bbas: Atbilsto\u0161a izgl\u012bt\u012bba kvalit\u0101tes vad\u012bbas vai cit\u0101 vad\u012bbas jom\u0101 Vismaz viena gada praktisk\u0101 pieredze kvalit\u0101tes vad\u012bbas jom\u0101 Labas valsts valodas zin\u0101\u0161anas V\u0113lamas ang\u013cu valodas zin\u0101\u0161anas (darbs [&hellip;]<\/p>\n","protected":false},"author":1,"featured_media":0,"parent":674,"menu_order":0,"comment_status":"closed","ping_status":"closed","template":"","meta":{"footnotes":""},"class_list":["post-6445","page","type-page","status-publish","hentry"],"yoast_head":"<!-- This site is optimized with the Yoast SEO plugin v27.4 - https:\/\/yoast.com\/product\/yoast-seo-wordpress\/ -->\n<title>Kvalit\u0101tes vad\u012bt\u0101ja asistents - STC<\/title>\n<meta name=\"robots\" content=\"index, follow, max-snippet:-1, max-image-preview:large, max-video-preview:-1\" \/>\n<link rel=\"canonical\" href=\"https:\/\/stc.lv\/ru\/\u0432\u0430\u043a\u0430\u043d\u0441\u0438\u0438-3\/\u043f\u043e\u043c\u043e\u0449\u043d\u0438\u043a-\u043c\u0435\u043d\u0435\u0434\u0436\u0435\u0440\u0430-\u043f\u043e-\u043a\u0430\u0447\u0435\u0441\u0442\u0432\u0443\/\" \/>\n<meta property=\"og:locale\" content=\"ru_RU\" \/>\n<meta property=\"og:type\" content=\"article\" \/>\n<meta property=\"og:title\" content=\"Kvalit\u0101tes vad\u012bt\u0101ja asistents - STC\" \/>\n<meta property=\"og:description\" content=\"KVALIT\u0100TES VAD\u012aT\u0100JA ASISTENTS Aicin\u0101m pieteikties KVALIT\u0100TES VAD\u012aT\u0100JA ASISTENTU Pien\u0101kumi: piedal\u012bties kvalit\u0101tes sist\u0113mas uztur\u0113\u0161an\u0101 uz\u0146\u0113mum\u0101 sniegt atbalstu ekspertiem da\u017e\u0101dos uzdevumos l\u012bdzdarboties kvalit\u0101tes sist\u0113mu nov\u0113rt\u0113\u0161anas auditos piedal\u012bties rezult\u0101tu un atskai\u0161u sagatavo\u0161an\u0101 Pras\u012bbas: Atbilsto\u0161a izgl\u012bt\u012bba kvalit\u0101tes vad\u012bbas vai cit\u0101 vad\u012bbas jom\u0101 Vismaz viena gada praktisk\u0101 pieredze kvalit\u0101tes vad\u012bbas jom\u0101 Labas valsts valodas zin\u0101\u0161anas V\u0113lamas ang\u013cu valodas zin\u0101\u0161anas (darbs [&hellip;]\" \/>\n<meta property=\"og:url\" content=\"https:\/\/stc.lv\/ru\/\u0432\u0430\u043a\u0430\u043d\u0441\u0438\u0438-3\/\u043f\u043e\u043c\u043e\u0449\u043d\u0438\u043a-\u043c\u0435\u043d\u0435\u0434\u0436\u0435\u0440\u0430-\u043f\u043e-\u043a\u0430\u0447\u0435\u0441\u0442\u0432\u0443\/\" \/>\n<meta property=\"og:site_name\" content=\"STC\" \/>\n<meta property=\"article:publisher\" content=\"https:\/\/www.facebook.com\/profile.php?id=61560801215590\" \/>\n<meta property=\"article:modified_time\" content=\"2024-12-05T18:52:45+00:00\" \/>\n<meta name=\"twitter:card\" content=\"summary_large_image\" \/>\n<meta name=\"twitter:label1\" content=\"\u041f\u0440\u0438\u043c\u0435\u0440\u043d\u043e\u0435 \u0432\u0440\u0435\u043c\u044f \u0434\u043b\u044f \u0447\u0442\u0435\u043d\u0438\u044f\" \/>\n\t<meta name=\"twitter:data1\" content=\"1 \u043c\u0438\u043d\u0443\u0442\u0430\" \/>\n<script type=\"application\/ld+json\" class=\"yoast-schema-graph\">{\"@context\":\"https:\\\/\\\/schema.org\",\"@graph\":[{\"@type\":\"WebPage\",\"@id\":\"https:\\\/\\\/stc.lv\\\/vakances\\\/kvalitates-vaditaja-asistents\\\/\",\"url\":\"https:\\\/\\\/stc.lv\\\/vakances\\\/kvalitates-vaditaja-asistents\\\/\",\"name\":\"Kvalit\u0101tes vad\u012bt\u0101ja asistents - STC\",\"isPartOf\":{\"@id\":\"https:\\\/\\\/stc.lv\\\/#website\"},\"datePublished\":\"2022-12-14T12:32:14+00:00\",\"dateModified\":\"2024-12-05T18:52:45+00:00\",\"breadcrumb\":{\"@id\":\"https:\\\/\\\/stc.lv\\\/vakances\\\/kvalitates-vaditaja-asistents\\\/#breadcrumb\"},\"inLanguage\":\"ru-RU\",\"potentialAction\":[{\"@type\":\"ReadAction\",\"target\":[\"https:\\\/\\\/stc.lv\\\/vakances\\\/kvalitates-vaditaja-asistents\\\/\"]}]},{\"@type\":\"BreadcrumbList\",\"@id\":\"https:\\\/\\\/stc.lv\\\/vakances\\\/kvalitates-vaditaja-asistents\\\/#breadcrumb\",\"itemListElement\":[{\"@type\":\"ListItem\",\"position\":1,\"name\":\"Home\",\"item\":\"https:\\\/\\\/stc.lv\\\/\"},{\"@type\":\"ListItem\",\"position\":2,\"name\":\"Vakances\",\"item\":\"https:\\\/\\\/stc.lv\\\/vakances\\\/\"},{\"@type\":\"ListItem\",\"position\":3,\"name\":\"Kvalit\u0101tes vad\u012bt\u0101ja asistents\"}]},{\"@type\":\"WebSite\",\"@id\":\"https:\\\/\\\/stc.lv\\\/#website\",\"url\":\"https:\\\/\\\/stc.lv\\\/\",\"name\":\"STC\",\"description\":\"Biolo\u0123isk\u0101 sertifik\u0101cija\",\"publisher\":{\"@id\":\"https:\\\/\\\/stc.lv\\\/#organization\"},\"alternateName\":\"Sertifik\u0101cijas un test\u0113\u0161anas centrs\",\"potentialAction\":[{\"@type\":\"SearchAction\",\"target\":{\"@type\":\"EntryPoint\",\"urlTemplate\":\"https:\\\/\\\/stc.lv\\\/?s={search_term_string}\"},\"query-input\":{\"@type\":\"PropertyValueSpecification\",\"valueRequired\":true,\"valueName\":\"search_term_string\"}}],\"inLanguage\":\"ru-RU\"},{\"@type\":\"Organization\",\"@id\":\"https:\\\/\\\/stc.lv\\\/#organization\",\"name\":\"SIA \u201cSertifik\u0101cijas un test\u0113\u0161anas centrs\u201d\",\"alternateName\":\"STC\",\"url\":\"https:\\\/\\\/stc.lv\\\/\",\"logo\":{\"@type\":\"ImageObject\",\"inLanguage\":\"ru-RU\",\"@id\":\"https:\\\/\\\/stc.lv\\\/#\\\/schema\\\/logo\\\/image\\\/\",\"url\":\"https:\\\/\\\/stc.lv\\\/wp-content\\\/uploads\\\/2020\\\/02\\\/STC-113-1.png\",\"contentUrl\":\"https:\\\/\\\/stc.lv\\\/wp-content\\\/uploads\\\/2020\\\/02\\\/STC-113-1.png\",\"width\":1950,\"height\":794,\"caption\":\"SIA \u201cSertifik\u0101cijas un test\u0113\u0161anas centrs\u201d\"},\"image\":{\"@id\":\"https:\\\/\\\/stc.lv\\\/#\\\/schema\\\/logo\\\/image\\\/\"},\"sameAs\":[\"https:\\\/\\\/www.facebook.com\\\/profile.php?id=61560801215590\",\"https:\\\/\\\/www.instagram.com\\\/sertifikacija_stc\\\/\"]}]}<\/script>\n<!-- \/ Yoast SEO plugin. -->","yoast_head_json":{"title":"\u041f\u043e\u043c\u043e\u0449\u043d\u0438\u043a \u043c\u0435\u043d\u0435\u0434\u0436\u0435\u0440\u0430 \u043f\u043e \u043a\u0430\u0447\u0435\u0441\u0442\u0432\u0443 - STC","robots":{"index":"index","follow":"follow","max-snippet":"max-snippet:-1","max-image-preview":"max-image-preview:large","max-video-preview":"max-video-preview:-1"},"canonical":"https:\/\/stc.lv\/ru\/\u0432\u0430\u043a\u0430\u043d\u0441\u0438\u0438-3\/\u043f\u043e\u043c\u043e\u0449\u043d\u0438\u043a-\u043c\u0435\u043d\u0435\u0434\u0436\u0435\u0440\u0430-\u043f\u043e-\u043a\u0430\u0447\u0435\u0441\u0442\u0432\u0443\/","og_locale":"ru_RU","og_type":"article","og_title":"Kvalit\u0101tes vad\u012bt\u0101ja asistents - STC","og_description":"KVALIT\u0100TES VAD\u012aT\u0100JA ASISTENTS Aicin\u0101m pieteikties KVALIT\u0100TES VAD\u012aT\u0100JA ASISTENTU Pien\u0101kumi: piedal\u012bties kvalit\u0101tes sist\u0113mas uztur\u0113\u0161an\u0101 uz\u0146\u0113mum\u0101 sniegt atbalstu ekspertiem da\u017e\u0101dos uzdevumos l\u012bdzdarboties kvalit\u0101tes sist\u0113mu nov\u0113rt\u0113\u0161anas auditos piedal\u012bties rezult\u0101tu un atskai\u0161u sagatavo\u0161an\u0101 Pras\u012bbas: Atbilsto\u0161a izgl\u012bt\u012bba kvalit\u0101tes vad\u012bbas vai cit\u0101 vad\u012bbas jom\u0101 Vismaz viena gada praktisk\u0101 pieredze kvalit\u0101tes vad\u012bbas jom\u0101 Labas valsts valodas zin\u0101\u0161anas V\u0113lamas ang\u013cu valodas zin\u0101\u0161anas (darbs [&hellip;]","og_url":"https:\/\/stc.lv\/ru\/\u0432\u0430\u043a\u0430\u043d\u0441\u0438\u0438-3\/\u043f\u043e\u043c\u043e\u0449\u043d\u0438\u043a-\u043c\u0435\u043d\u0435\u0434\u0436\u0435\u0440\u0430-\u043f\u043e-\u043a\u0430\u0447\u0435\u0441\u0442\u0432\u0443\/","og_site_name":"STC","article_publisher":"https:\/\/www.facebook.com\/profile.php?id=61560801215590","article_modified_time":"2024-12-05T18:52:45+00:00","twitter_card":"summary_large_image","twitter_misc":{"\u041f\u0440\u0438\u043c\u0435\u0440\u043d\u043e\u0435 \u0432\u0440\u0435\u043c\u044f \u0434\u043b\u044f \u0447\u0442\u0435\u043d\u0438\u044f":"1 \u043c\u0438\u043d\u0443\u0442\u0430"},"schema":{"@context":"https:\/\/schema.org","@graph":[{"@type":"WebPage","@id":"https:\/\/stc.lv\/vakances\/kvalitates-vaditaja-asistents\/","url":"https:\/\/stc.lv\/vakances\/kvalitates-vaditaja-asistents\/","name":"\u041f\u043e\u043c\u043e\u0449\u043d\u0438\u043a \u043c\u0435\u043d\u0435\u0434\u0436\u0435\u0440\u0430 \u043f\u043e \u043a\u0430\u0447\u0435\u0441\u0442\u0432\u0443 - STC","isPartOf":{"@id":"https:\/\/stc.lv\/#website"},"datePublished":"2022-12-14T12:32:14+00:00","dateModified":"2024-12-05T18:52:45+00:00","breadcrumb":{"@id":"https:\/\/stc.lv\/vakances\/kvalitates-vaditaja-asistents\/#breadcrumb"},"inLanguage":"ru-RU","potentialAction":[{"@type":"ReadAction","target":["https:\/\/stc.lv\/vakances\/kvalitates-vaditaja-asistents\/"]}]},{"@type":"BreadcrumbList","@id":"https:\/\/stc.lv\/vakances\/kvalitates-vaditaja-asistents\/#breadcrumb","itemListElement":[{"@type":"ListItem","position":1,"name":"Home","item":"https:\/\/stc.lv\/"},{"@type":"ListItem","position":2,"name":"Vakances","item":"https:\/\/stc.lv\/vakances\/"},{"@type":"ListItem","position":3,"name":"Kvalit\u0101tes vad\u012bt\u0101ja asistents"}]},{"@type":"WebSite","@id":"https:\/\/stc.lv\/#website","url":"https:\/\/stc.lv\/","name":"STC","description":"\u041e\u0440\u0433\u0430\u043d\u0438\u0447\u0435\u0441\u043a\u0430\u044f \u0441\u0435\u0440\u0442\u0438\u0444\u0438\u043a\u0430\u0446\u0438\u044f","publisher":{"@id":"https:\/\/stc.lv\/#organization"},"alternateName":"Sertifik\u0101cijas un test\u0113\u0161anas centrs","potentialAction":[{"@type":"SearchAction","target":{"@type":"EntryPoint","urlTemplate":"https:\/\/stc.lv\/?s={search_term_string}"},"query-input":{"@type":"PropertyValueSpecification","valueRequired":true,"valueName":"search_term_string"}}],"inLanguage":"ru-RU"},{"@type":"Organization","@id":"https:\/\/stc.lv\/#organization","name":"SIA \"\u0426\u0435\u043d\u0442\u0440 \u0441\u0435\u0440\u0442\u0438\u0444\u0438\u043a\u0430\u0446\u0438\u0438 \u0438 \u0442\u0435\u0441\u0442\u0438\u0440\u043e\u0432\u0430\u043d\u0438\u044f\"","alternateName":"STC","url":"https:\/\/stc.lv\/","logo":{"@type":"ImageObject","inLanguage":"ru-RU","@id":"https:\/\/stc.lv\/#\/schema\/logo\/image\/","url":"https:\/\/stc.lv\/wp-content\/uploads\/2020\/02\/STC-113-1.png","contentUrl":"https:\/\/stc.lv\/wp-content\/uploads\/2020\/02\/STC-113-1.png","width":1950,"height":794,"caption":"SIA \u201cSertifik\u0101cijas un test\u0113\u0161anas centrs\u201d"},"image":{"@id":"https:\/\/stc.lv\/#\/schema\/logo\/image\/"},"sameAs":["https:\/\/www.facebook.com\/profile.php?id=61560801215590","https:\/\/www.instagram.com\/sertifikacija_stc\/"]}]}},"rttpg_featured_image_url":null,"rttpg_author":{"display_name":"admin","author_link":"https:\/\/stc.lv\/ru\/author\/info_555hqm4r\/"},"rttpg_comment":0,"rttpg_category":null,"rttpg_excerpt":"KVALIT\u0100TES VAD\u012aT\u0100JA ASISTENTS Aicin\u0101m pieteikties KVALIT\u0100TES VAD\u012aT\u0100JA ASISTENTU Pien\u0101kumi: piedal\u012bties kvalit\u0101tes sist\u0113mas uztur\u0113\u0161an\u0101 uz\u0146\u0113mum\u0101 sniegt atbalstu ekspertiem da\u017e\u0101dos uzdevumos l\u012bdzdarboties kvalit\u0101tes sist\u0113mu nov\u0113rt\u0113\u0161anas auditos piedal\u012bties rezult\u0101tu un atskai\u0161u sagatavo\u0161an\u0101 Pras\u012bbas: Atbilsto\u0161a izgl\u012bt\u012bba kvalit\u0101tes vad\u012bbas vai cit\u0101 vad\u012bbas jom\u0101 Vismaz viena gada praktisk\u0101 pieredze kvalit\u0101tes vad\u012bbas jom\u0101 Labas valsts valodas zin\u0101\u0161anas V\u0113lamas ang\u013cu valodas zin\u0101\u0161anas (darbs&hellip;","_links":{"self":[{"href":"https:\/\/stc.lv\/ru\/wp-json\/wp\/v2\/pages\/6445","targetHints":{"allow":["GET"]}}],"collection":[{"href":"https:\/\/stc.lv\/ru\/wp-json\/wp\/v2\/pages"}],"about":[{"href":"https:\/\/stc.lv\/ru\/wp-json\/wp\/v2\/types\/page"}],"author":[{"embeddable":true,"href":"https:\/\/stc.lv\/ru\/wp-json\/wp\/v2\/users\/1"}],"replies":[{"embeddable":true,"href":"https:\/\/stc.lv\/ru\/wp-json\/wp\/v2\/comments?post=6445"}],"version-history":[{"count":3,"href":"https:\/\/stc.lv\/ru\/wp-json\/wp\/v2\/pages\/6445\/revisions"}],"predecessor-version":[{"id":11151,"href":"https:\/\/stc.lv\/ru\/wp-json\/wp\/v2\/pages\/6445\/revisions\/11151"}],"up":[{"embeddable":true,"href":"https:\/\/stc.lv\/ru\/wp-json\/wp\/v2\/pages\/674"}],"wp:attachment":[{"href":"https:\/\/stc.lv\/ru\/wp-json\/wp\/v2\/media?parent=6445"}],"curies":[{"name":"wp","href":"https:\/\/api.w.org\/{rel}","templated":true}]}}